{"id":3998,"date":"2021-05-10T16:41:43","date_gmt":"2021-05-10T09:41:43","guid":{"rendered":"https:\/\/ladigi.vn\/thiet-ke-website\/?post_type=product&#038;p=3998"},"modified":"2025-01-10T21:49:22","modified_gmt":"2025-01-10T14:49:22","slug":"thiet-ke-website-shop-thoi-trang-mau-so-4","status":"publish","type":"product","link":"https:\/\/ladigi.vn\/thiet-ke-website\/mau-web\/thiet-ke-website-shop-thoi-trang-mau-so-4\/","title":{"rendered":"Shop Th\u1eddi Trang M\u1eabu S\u1ed1 4"},"content":{"rendered":"<h1>\n D\u1ecbch v\u1ee5 Thi\u1ebft k\u1ebf website Shop Th\u1eddi Trang M\u1eabu S\u1ed1 4<br \/>\n<\/h1>\n<p>\n Ch\u00e0o m\u1eebng b\u1ea1n \u0111\u1ebfn v\u1edbi d\u1ecbch v\u1ee5 thi\u1ebft k\u1ebf website Shop Th\u1eddi Trang M\u1eabu S\u1ed1 4! Ch\u00fang t\u00f4i t\u1ef1 h\u00e0o gi\u1edbi thi\u1ec7u \u0111\u1ebfn b\u1ea1n m\u1ed9t gi\u1ea3i ph\u00e1p tuy\u1ec7t v\u1eddi gi\u00fap n\u00e2ng cao tr\u1ea3i nghi\u1ec7m mua s\u1eafm tr\u1ef1c tuy\u1ebfn c\u1ee7a kh\u00e1ch h\u00e0ng.\n<\/p>\n<h3>\n Giao di\u1ec7n \u0110\u1eb9p v\u00e0 Chuy\u00ean Nghi\u1ec7p<br \/>\n<\/h3>\n<p>\n Website \u0111\u01b0\u1ee3c thi\u1ebft k\u1ebf v\u1edbi giao di\u1ec7n b\u1eaft m\u1eaft, chuy\u00ean nghi\u1ec7p v\u00e0 th\u00e2n thi\u1ec7n v\u1edbi ng\u01b0\u1eddi s\u1eed d\u1ee5ng. M\u1ed7i chi ti\u1ebft \u0111\u1ec1u \u0111\u01b0\u1ee3c ch\u0103m ch\u00fat t\u1ec9 m\u1ec9, \u0111\u1ea3m b\u1ea3o thu h\u00fat s\u1ef1 ch\u00fa \u00fd c\u1ee7a kh\u00e1ch h\u00e0ng ngay t\u1eeb l\u1ea7n truy c\u1eadp \u0111\u1ea7u ti\u00ean. B\u1eb1ng c\u00e1ch s\u1eed d\u1ee5ng m\u00e0u s\u1eafc h\u00e0i h\u00f2a v\u00e0 h\u00ecnh \u1ea3nh s\u1eafc n\u00e9t, ch\u00fang t\u00f4i cam k\u1ebft mang l\u1ea1i tr\u1ea3i nghi\u1ec7m th\u1ecb gi\u00e1c tuy\u1ec7t v\u1eddi nh\u1ea5t.\n<\/p>\n<h3>\n T\u01b0\u01a1ng Th\u00edch Tr\u00ean M\u1ecdi Thi\u1ebft B\u1ecb<br \/>\n<\/h3>\n<p>\n D\u1ecbch v\u1ee5 thi\u1ebft k\u1ebf c\u1ee7a ch\u00fang t\u00f4i \u0111\u1ea3m b\u1ea3o website ho\u1ea1t \u0111\u1ed9ng ho\u00e0n h\u1ea3o tr\u00ean m\u1ecdi thi\u1ebft b\u1ecb, t\u1eeb m\u00e1y t\u00ednh \u0111\u1ec3 b\u00e0n \u0111\u1ebfn \u0111i\u1ec7n tho\u1ea1i di \u0111\u1ed9ng. Kh\u00f4ng c\u00f2n lo l\u1eafng v\u1ec1 vi\u1ec7c kh\u00e1ch h\u00e0ng s\u1ebd kh\u00f4ng th\u1ec3 truy c\u1eadp v\u00e0o c\u1eeda h\u00e0ng c\u1ee7a b\u1ea1n khi s\u1eed d\u1ee5ng thi\u1ebft b\u1ecb nh\u1ecf, v\u1edbi thi\u1ebft k\u1ebf responsive, kh\u00e1ch h\u00e0ng s\u1ebd lu\u00f4n c\u00f3 tr\u1ea3i nghi\u1ec7m m\u01b0\u1ee3t m\u00e0 nh\u1ea5t.\n<\/p>\n<h3>\n M\u00e3 Ngu\u1ed3n WordPress v\u1edbi Theme Flatsome v\u00e0 UX Builder<br \/>\n<\/h3>\n<p>\n Ch\u00fang t\u00f4i s\u1eed d\u1ee5ng m\u00e3 ngu\u1ed3n WordPress c\u00f9ng v\u1edbi theme Flatsome v\u00e0 c\u00f4ng c\u1ee5 UX Builder, \u0111i\u1ec1u n\u00e0y gi\u00fap b\u1ea1n d\u1ec5 d\u00e0ng t\u00f9y bi\u1ebfn giao di\u1ec7n c\u0169ng nh\u01b0 ch\u1ee9c n\u0103ng c\u1ee7a website theo nhu c\u1ea7u ri\u00eang c\u1ee7a b\u1ea1n. B\u1ea1n c\u00f3 th\u1ec3 t\u1ef1 do \u0111i\u1ec1u ch\u1ec9nh v\u00e0 thay \u0111\u1ed5i c\u00e1c y\u1ebfu t\u1ed1 tr\u00ean trang, gi\u00fap cho c\u1eeda h\u00e0ng c\u1ee7a b\u1ea1n tr\u1edf n\u00ean \u0111\u1ed9c \u0111\u00e1o v\u00e0 kh\u00e1c bi\u1ec7t.\n<\/p>\n<h3>\n T\u1ed1c \u0110\u1ed9 T\u1ea3i Trang Nhanh<br \/>\n<\/h3>\n<p>\n Ch\u00fang t\u00f4i hi\u1ec3u r\u1eb1ng t\u1ed1c \u0111\u1ed9 t\u1ea3i trang l\u00e0 y\u1ebfu t\u1ed1 then ch\u1ed1t trong vi\u1ec7c gi\u1eef ch\u00e2n kh\u00e1ch h\u00e0ng. Website Shop Th\u1eddi Trang M\u1eabu S\u1ed1 4 \u0111\u01b0\u1ee3c t\u1ed1i \u01b0u h\u00f3a \u0111\u1ec3 \u0111\u1ea3m b\u1ea3o t\u1ed1c \u0111\u1ed9 t\u1ea3i trang nhanh nh\u1ea5t c\u00f3 th\u1ec3, gi\u00fap kh\u00e1ch h\u00e0ng kh\u00f4ng ph\u1ea3i ch\u1edd \u0111\u1ee3i l\u00e2u v\u00e0 s\u1eb5n s\u00e0ng tr\u1ea3i nghi\u1ec7m vi\u1ec7c mua s\u1eafm ngay l\u1eadp t\u1ee9c.\n<\/p>\n<hr\/>\n<p>\n N\u1ebfu b\u1ea1n \u0111ang t\u00ecm ki\u1ebfm m\u1ed9t \u0111\u01a1n v\u1ecb thi\u1ebft k\u1ebf website chuy\u00ean nghi\u1ec7p, \u0111\u00e1ng tin c\u1eady v\u00e0 s\u00e1ng t\u1ea1o, h\u00e3y li\u00ean h\u1ec7 v\u1edbi<br \/>\n <strong><br \/>\n  LADIGI (LADIGI Agency)<br \/>\n <\/strong><br \/>\n . Ch\u00fang t\u00f4i s\u1ebd \u0111\u1ed3ng h\u00e0nh c\u00f9ng b\u1ea1n \u0111\u1ec3 t\u1ea1o ra nh\u1eefng gi\u1ea3i ph\u00e1p t\u1ed1t nh\u1ea5t cho doanh nghi\u1ec7p c\u1ee7a b\u1ea1n. T\u00ecm hi\u1ec3u th\u00eam v\u1ec1 ch\u00fang t\u00f4i qua link d\u01b0\u1edbi \u0111\u00e2y:<br \/>\n <a href=\"https:\/\/ladigi.vn\/thiet-ke-website\/\"><br \/>\n  D\u1ecbch v\u1ee5 ph\u00e1t tri\u1ec3n website doanh nghi\u1ec7p<br \/>\n <\/a><\/p>\n","protected":false},"excerpt":{"rendered":"<p>D\u1ecbch v\u1ee5 Thi\u1ebft k\u1ebf website Shop Th\u1eddi Trang M\u1eabu S\u1ed1 4 mang \u0111\u1ebfn giao di\u1ec7n \u0111\u1eb9p, chuy\u00ean nghi\u1ec7p v\u00e0 d\u1ec5 s\u1eed d\u1ee5ng. Website t\u01b0\u01a1ng th\u00edch tr\u00ean m\u1ecdi thi\u1ebft b\u1ecb, s\u1eed d\u1ee5ng m\u00e3 ngu\u1ed3n Wordpress v\u1edbi Theme Flatsome v\u00e0 UX Builder, cho ph\u00e9p t\u00f9y bi\u1ebfn linh ho\u1ea1t. T\u1ed1c \u0111\u1ed9 t\u1ea3i trang nhanh ch\u00f3ng, n\u00e2ng cao tr\u1ea3i nghi\u1ec7m ng\u01b0\u1eddi d\u00f9ng.<\/p>\n","protected":false},"featured_media":4001,"comment_status":"open","ping_status":"closed","template":"","meta":[],"product_cat":[16,34],"product_tag":[23],"class_list":{"0":"post-3998","1":"product","2":"type-product","3":"status-publish","4":"has-post-thumbnail","6":"product_cat-tat-ca","7":"product_cat-thoi-trang","8":"product_tag-ban-hang","10":"first","11":"instock","12":"shipping-taxable","13":"purchasable","14":"product-type-simple"},"_links":{"self":[{"href":"https:\/\/ladigi.vn\/thiet-ke-website\/wp-json\/wp\/v2\/product\/3998","targetHints":{"allow":["GET"]}}],"collection":[{"href":"https:\/\/ladigi.vn\/thiet-ke-website\/wp-json\/wp\/v2\/product"}],"about":[{"href":"https:\/\/ladigi.vn\/thiet-ke-website\/wp-json\/wp\/v2\/types\/product"}],"replies":[{"embeddable":true,"href":"https:\/\/ladigi.vn\/thiet-ke-website\/wp-json\/wp\/v2\/comments?post=3998"}],"wp:featuredmedia":[{"embeddable":true,"href":"https:\/\/ladigi.vn\/thiet-ke-website\/wp-json\/wp\/v2\/media\/4001"}],"wp:attachment":[{"href":"https:\/\/ladigi.vn\/thiet-ke-website\/wp-json\/wp\/v2\/media?parent=3998"}],"wp:term":[{"taxonomy":"product_cat","embeddable":true,"href":"https:\/\/ladigi.vn\/thiet-ke-website\/wp-json\/wp\/v2\/product_cat?post=3998"},{"taxonomy":"product_tag","embeddable":true,"href":"https:\/\/ladigi.vn\/thiet-ke-website\/wp-json\/wp\/v2\/product_tag?post=3998"}],"curies":[{"name":"wp","href":"https:\/\/api.w.org\/{rel}","templated":true}]}}