{"id":4002,"date":"2021-05-10T16:43:55","date_gmt":"2021-05-10T09:43:55","guid":{"rendered":"https:\/\/ladigi.vn\/thiet-ke-website\/?post_type=product&#038;p=4002"},"modified":"2025-01-10T21:51:09","modified_gmt":"2025-01-10T14:51:09","slug":"thiet-ke-website-ban-vi-da-thoi-trang-dep-tuyet-vo","status":"publish","type":"product","link":"https:\/\/ladigi.vn\/thiet-ke-website\/mau-web\/thiet-ke-website-ban-vi-da-thoi-trang-dep-tuyet-vo\/","title":{"rendered":"V\u00ed Da Th\u1eddi Trang"},"content":{"rendered":"<h1>\n D\u1ecbch V\u1ee5 Thi\u1ebft K\u1ebf Website V\u00ed Da Th\u1eddi Trang<br \/>\n<\/h1>\n<p>\n Ch\u00e0o m\u1eebng b\u1ea1n \u0111\u1ebfn v\u1edbi d\u1ecbch v\u1ee5 thi\u1ebft k\u1ebf website v\u00ed da th\u1eddi trang c\u1ee7a ch\u00fang t\u00f4i! V\u1edbi m\u1ee5c ti\u00eau mang \u0111\u1ebfn cho b\u1ea1n m\u1ed9t trang web kh\u00f4ng ch\u1ec9 \u0111\u1eb9p m\u1eaft m\u00e0 c\u00f2n chuy\u00ean nghi\u1ec7p v\u00e0 d\u1ec5 s\u1eed d\u1ee5ng, ch\u00fang t\u00f4i cam k\u1ebft s\u1ebd \u0111em l\u1ea1i cho b\u1ea1n tr\u1ea3i nghi\u1ec7m tuy\u1ec7t v\u1eddi nh\u1ea5t.\n<\/p>\n<h2>\n Giao Di\u1ec7n \u0110\u1eb9p M\u1eaft<br \/>\n<\/h2>\n<p>\n Giao di\u1ec7n website c\u1ee7a ch\u00fang t\u00f4i \u0111\u01b0\u1ee3c thi\u1ebft k\u1ebf tinh t\u1ebf, hi\u1ec7n \u0111\u1ea1i v\u00e0 d\u1ec5 d\u00e0ng s\u1eed d\u1ee5ng. Kh\u00e1ch h\u00e0ng c\u1ee7a b\u1ea1n s\u1ebd \u0111\u01b0\u1ee3c tr\u1ea3i nghi\u1ec7m m\u1ed9t trang web d\u1ec5 nh\u00ecn, d\u1ec5 n\u1eafm b\u1eaft th\u00f4ng tin, t\u1eeb \u0111\u00f3 t\u0103ng c\u01a1 h\u1ed9i chuy\u1ec3n \u0111\u1ed5i v\u00e0 doanh thu cho c\u1eeda h\u00e0ng c\u1ee7a b\u1ea1n.\n<\/p>\n<h2>\n T\u01b0\u01a1ng Th\u00edch Tr\u00ean M\u1ecdi Thi\u1ebft B\u1ecb<br \/>\n<\/h2>\n<p>\n Ch\u00fang t\u00f4i hi\u1ec3u r\u1eb1ng ng\u00e0y nay, ng\u01b0\u1eddi d\u00f9ng truy c\u1eadp internet tr\u00ean nhi\u1ec1u thi\u1ebft b\u1ecb kh\u00e1c nhau. Ch\u00ednh v\u00ec v\u1eady, website c\u1ee7a b\u1ea1n s\u1ebd \u0111\u01b0\u1ee3c t\u1ed1i \u01b0u h\u00f3a \u0111\u1ec3 t\u01b0\u01a1ng th\u00edch ho\u00e0n h\u1ea3o tr\u00ean m\u1ecdi thi\u1ebft b\u1ecb, t\u1eeb m\u00e1y t\u00ednh \u0111\u1ec3 b\u00e0n, laptop \u0111\u1ebfn \u0111i\u1ec7n tho\u1ea1i di \u0111\u1ed9ng v\u00e0 m\u00e1y t\u00ednh b\u1ea3ng.\n<\/p>\n<h2>\n M\u00e3 Ngu\u1ed3n WordPress D\u1ec5 T\u00f9y Bi\u1ebfn<br \/>\n<\/h2>\n<p>\n V\u1edbi m\u00e3 ngu\u1ed3n WordPress k\u1ebft h\u1ee3p c\u00f9ng Theme Flatsome v\u00e0 UX Builder, b\u1ea1n s\u1ebd d\u1ec5 d\u00e0ng t\u00f9y ch\u1ec9nh m\u1ecdi chi ti\u1ebft trong website c\u1ee7a m\u00ecnh m\u00e0 kh\u00f4ng c\u1ea7n b\u1ea5t k\u1ef3 k\u1ef9 n\u0103ng l\u1eadp tr\u00ecnh n\u00e0o. \u0110i\u1ec1u n\u00e0y cho ph\u00e9p b\u1ea1n d\u1ec5 d\u00e0ng thay \u0111\u1ed5i h\u00ecnh \u1ea3nh, th\u00f4ng tin s\u1ea3n ph\u1ea9m, c\u0169ng nh\u01b0 b\u1ed1 c\u1ee5c trang m\u1ed9t c\u00e1ch nhanh ch\u00f3ng v\u00e0 ti\u1ec7n l\u1ee3i.\n<\/p>\n<h2>\n T\u1ed1c \u0110\u1ed9 T\u1ea3i Trang Nhanh<br \/>\n<\/h2>\n<p>\n T\u1ed1c \u0111\u1ed9 t\u1ea3i trang l\u00e0 m\u1ed9t trong nh\u1eefng y\u1ebfu t\u1ed1 quan tr\u1ecdng quy\u1ebft \u0111\u1ecbnh tr\u1ea3i nghi\u1ec7m ng\u01b0\u1eddi d\u00f9ng. Website c\u1ee7a ch\u00fang t\u00f4i \u0111\u01b0\u1ee3c t\u1ed1i \u01b0u h\u00f3a \u0111\u1ec3 c\u00f3 t\u1ed1c \u0111\u1ed9 t\u1ea3i nhanh, gi\u00fap ng\u01b0\u1eddi d\u00f9ng kh\u00f4ng ph\u1ea3i ch\u1edd \u0111\u1ee3i l\u00e2u, t\u1eeb \u0111\u00f3 gi\u1eef ch\u00e2n kh\u00e1ch h\u00e0ng v\u00e0 t\u0103ng t\u1ec9 l\u1ec7 chuy\u1ec3n \u0111\u1ed5i.\n<\/p>\n<hr\/>\n<h3>\n Gi\u1edbi Thi\u1ec7u \u0110\u01a1n V\u1ecb Thi\u1ebft K\u1ebf Website LADIGI<br \/>\n<\/h3>\n<p>\n Ch\u00fang t\u00f4i t\u1ef1 h\u00e0o l\u00e0 \u0111\u01a1n v\u1ecb thi\u1ebft k\u1ebf website chuy\u00ean nghi\u1ec7p LADIGI (LADIGI Agency). V\u1edbi kinh nghi\u1ec7m v\u00e0 \u0111\u1ed9i ng\u0169 chuy\u00ean gia s\u00e1ng t\u1ea1o, ch\u00fang t\u00f4i ch\u1eafc ch\u1eafn s\u1ebd mang \u0111\u1ebfn cho b\u1ea1n nh\u1eefng gi\u1ea3i ph\u00e1p thi\u1ebft k\u1ebf website ho\u00e0n h\u1ea3o nh\u1ea5t.\n<\/p>\n<p>\n N\u1ebfu b\u1ea1n \u0111ang t\u00ecm ki\u1ebfm m\u1ed9t d\u1ecbch v\u1ee5<br \/>\n <a href=\"https:\/\/ladigi.vn\/thiet-ke-website\/\"><br \/>\n  Thi\u1ebft k\u1ebf website tr\u1ecdn g\u00f3i<br \/>\n <\/a><br \/>\n , h\u00e3y li\u00ean h\u1ec7 v\u1edbi ch\u00fang t\u00f4i ngay h\u00f4m nay \u0111\u1ec3 \u0111\u01b0\u1ee3c t\u01b0 v\u1ea5n v\u00e0 g\u1eb7p g\u1ee1 \u0111\u1ed9i ng\u0169 thi\u1ebft k\u1ebf ch\u1ea5t l\u01b0\u1ee3ng c\u1ee7a ch\u00fang t\u00f4i!<\/p>\n","protected":false},"excerpt":{"rendered":"<p>D\u1ecbch v\u1ee5 Thi\u1ebft k\u1ebf website V\u00ed Da Th\u1eddi Trang mang \u0111\u1ebfn giao di\u1ec7n \u0111\u1eb9p, chuy\u00ean nghi\u1ec7p v\u00e0 d\u1ec5 s\u1eed d\u1ee5ng. Trang web t\u01b0\u01a1ng th\u00edch ho\u00e0n h\u1ea3o tr\u00ean m\u1ecdi thi\u1ebft b\u1ecb, s\u1eed d\u1ee5ng m\u00e3 ngu\u1ed3n Wordpress v\u1edbi Theme Flatsome v\u00e0 UX Builder, cho ph\u00e9p t\u00f9y bi\u1ebfn linh ho\u1ea1t. T\u1ed1c \u0111\u1ed9 t\u1ea3i trang nhanh, n\u00e2ng cao tr\u1ea3i nghi\u1ec7m ng\u01b0\u1eddi d\u00f9ng.<\/p>\n","protected":false},"featured_media":4005,"comment_status":"open","ping_status":"closed","template":"","meta":[],"product_cat":[16,34],"product_tag":[23],"class_list":{"0":"post-4002","1":"product","2":"type-product","3":"status-publish","4":"has-post-thumbnail","6":"product_cat-tat-ca","7":"product_cat-thoi-trang","8":"product_tag-ban-hang","10":"first","11":"instock","12":"shipping-taxable","13":"purchasable","14":"product-type-simple"},"_links":{"self":[{"href":"https:\/\/ladigi.vn\/thiet-ke-website\/wp-json\/wp\/v2\/product\/4002","targetHints":{"allow":["GET"]}}],"collection":[{"href":"https:\/\/ladigi.vn\/thiet-ke-website\/wp-json\/wp\/v2\/product"}],"about":[{"href":"https:\/\/ladigi.vn\/thiet-ke-website\/wp-json\/wp\/v2\/types\/product"}],"replies":[{"embeddable":true,"href":"https:\/\/ladigi.vn\/thiet-ke-website\/wp-json\/wp\/v2\/comments?post=4002"}],"wp:featuredmedia":[{"embeddable":true,"href":"https:\/\/ladigi.vn\/thiet-ke-website\/wp-json\/wp\/v2\/media\/4005"}],"wp:attachment":[{"href":"https:\/\/ladigi.vn\/thiet-ke-website\/wp-json\/wp\/v2\/media?parent=4002"}],"wp:term":[{"taxonomy":"product_cat","embeddable":true,"href":"https:\/\/ladigi.vn\/thiet-ke-website\/wp-json\/wp\/v2\/product_cat?post=4002"},{"taxonomy":"product_tag","embeddable":true,"href":"https:\/\/ladigi.vn\/thiet-ke-website\/wp-json\/wp\/v2\/product_tag?post=4002"}],"curies":[{"name":"wp","href":"https:\/\/api.w.org\/{rel}","templated":true}]}}