{"id":4007,"date":"2021-05-10T16:45:44","date_gmt":"2021-05-10T09:45:44","guid":{"rendered":"https:\/\/ladigi.vn\/thiet-ke-website\/?post_type=product&#038;p=4007"},"modified":"2025-01-10T21:52:58","modified_gmt":"2025-01-10T14:52:58","slug":"thiet-ke-website-ban-giay-va-tui-xach-nu-dep-ega-women-shoes","status":"publish","type":"product","link":"https:\/\/ladigi.vn\/thiet-ke-website\/mau-web\/thiet-ke-website-ban-giay-va-tui-xach-nu-dep-ega-women-shoes\/","title":{"rendered":"Gi\u00e0y V\u00e0 T\u00fai X\u00e1ch N\u1eef"},"content":{"rendered":"<h2>\n D\u1ecbch v\u1ee5 Thi\u1ebft k\u1ebf website Gi\u00e0y v\u00e0 T\u00fai X\u00e1ch N\u1eef<br \/>\n<\/h2>\n<p>\n Trong th\u1eddi \u0111\u1ea1i s\u1ed1 h\u00f3a ng\u00e0y nay, m\u1ed9t website \u0111\u1eb9p v\u00e0 chuy\u00ean nghi\u1ec7p kh\u00f4ng ch\u1ec9 gi\u00fap t\u0103ng c\u01b0\u1eddng h\u00ecnh \u1ea3nh th\u01b0\u01a1ng hi\u1ec7u m\u00e0 c\u00f2n mang l\u1ea1i tr\u1ea3i nghi\u1ec7m t\u1ed1t nh\u1ea5t cho kh\u00e1ch h\u00e0ng. D\u1ecbch v\u1ee5 thi\u1ebft k\u1ebf website gi\u00e0y v\u00e0 t\u00fai x\u00e1ch n\u1eef c\u1ee7a ch\u00fang t\u00f4i cam k\u1ebft mang \u0111\u1ebfn cho b\u1ea1n m\u1ed9t giao di\u1ec7n thu h\u00fat, hi\u1ec7n \u0111\u1ea1i v\u00e0 d\u1ec5 s\u1eed d\u1ee5ng.\n<\/p>\n<h3>\n Giao di\u1ec7n \u0111\u1eb9p v\u00e0 chuy\u00ean nghi\u1ec7p<br \/>\n<\/h3>\n<p>\n Website c\u1ee7a b\u1ea1n s\u1ebd \u0111\u01b0\u1ee3c thi\u1ebft k\u1ebf v\u1edbi giao di\u1ec7n b\u1eaft m\u1eaft v\u00e0 chuy\u00ean nghi\u1ec7p, gi\u00fap thu h\u00fat kh\u00e1ch h\u00e0ng ngay t\u1eeb c\u00e1i nh\u00ecn \u0111\u1ea7u ti\u00ean. Ch\u00fang t\u00f4i hi\u1ec3u r\u1eb1ng ti\u1ec1m n\u0103ng c\u1ee7a s\u1ea3n ph\u1ea9m th\u1eddi trang n\u1eb1m \u1edf vi\u1ec7c tr\u00ecnh b\u00e0y, v\u00ec v\u1eady ch\u00fang t\u00f4i ch\u00fa tr\u1ecdng v\u00e0o thi\u1ebft k\u1ebf t\u1eebng chi ti\u1ebft nh\u1ecf nh\u1ea5t.\n<\/p>\n<h3>\n T\u01b0\u01a1ng th\u00edch tr\u00ean m\u1ecdi thi\u1ebft b\u1ecb<br \/>\n<\/h3>\n<p>\n Ng\u00e0y nay, kh\u00e1ch h\u00e0ng c\u00f3 xu h\u01b0\u1edbng truy c\u1eadp website t\u1eeb nhi\u1ec1u thi\u1ebft b\u1ecb kh\u00e1c nhau nh\u01b0 m\u00e1y t\u00ednh, tablet hay smartphone. V\u00ec v\u1eady, website c\u1ee7a ch\u00fang t\u00f4i \u0111\u01b0\u1ee3c t\u1ed1i \u01b0u h\u00f3a \u0111\u1ec3 t\u01b0\u01a1ng th\u00edch ho\u00e0n h\u1ea3o tr\u00ean m\u1ecdi thi\u1ebft b\u1ecb, \u0111\u1ea3m b\u1ea3o tr\u1ea3i nghi\u1ec7m ng\u01b0\u1eddi d\u00f9ng t\u1ed1t nh\u1ea5t \u1edf b\u1ea5t c\u1ee9 \u0111\u00e2u.\n<\/p>\n<h3>\n M\u00e3 ngu\u1ed3n WordPress v\u1edbi Theme Flatsome v\u00e0 UX Builder<br \/>\n<\/h3>\n<p>\n Ch\u00fang t\u00f4i s\u1eed d\u1ee5ng m\u00e3 ngu\u1ed3n WordPress v\u1edbi theme Flatsome v\u00e0 UX Builder, gi\u00fap b\u1ea1n d\u1ec5 d\u00e0ng t\u00f9y bi\u1ebfn giao di\u1ec7n theo \u00fd mu\u1ed1n. Vi\u1ec7c thay \u0111\u1ed5i m\u00e0u s\u1eafc, b\u1ed1 c\u1ee5c hay th\u00eam c\u00e1c y\u1ebfu t\u1ed1 m\u1edbi tr\u1edf n\u00ean \u0111\u01a1n gi\u1ea3n, mang l\u1ea1i cho b\u1ea1n s\u1ef1 linh ho\u1ea1t t\u1ed1i \u0111a trong vi\u1ec7c qu\u1ea3n l\u00fd website.\n<\/p>\n<h3>\n T\u1ed1c \u0111\u1ed9 t\u1ea3i trang nhanh<br \/>\n<\/h3>\n<p>\n M\u1ed9t trong nh\u1eefng y\u1ebfu t\u1ed1 quan tr\u1ecdng \u1ea3nh h\u01b0\u1edfng \u0111\u1ebfn tr\u1ea3i nghi\u1ec7m ng\u01b0\u1eddi d\u00f9ng l\u00e0 t\u1ed1c \u0111\u1ed9 t\u1ea3i trang. Ch\u00fang t\u00f4i \u0111\u1ea3m b\u1ea3o r\u1eb1ng website c\u1ee7a b\u1ea1n s\u1ebd c\u00f3 t\u1ed1c \u0111\u1ed9 t\u1ea3i trang nhanh ch\u00f3ng, gi\u00fap kh\u00e1ch h\u00e0ng d\u1ec5 d\u00e0ng t\u00ecm ki\u1ebfm v\u00e0 mua s\u1eafm s\u1ea3n ph\u1ea9m m\u00e0 kh\u00f4ng ph\u1ea3i ch\u1edd \u0111\u1ee3i l\u00e2u.\n<\/p>\n<h3>\n Gi\u1edbi thi\u1ec7u LADIGI Agency<br \/>\n<\/h3>\n<p>\n N\u1ebfu b\u1ea1n \u0111ang t\u00ecm ki\u1ebfm m\u1ed9t \u0111\u1ed1i t\u00e1c tin c\u1eady \u0111\u1ec3 thi\u1ebft k\u1ebf website cho th\u01b0\u01a1ng hi\u1ec7u gi\u00e0y v\u00e0 t\u00fai x\u00e1ch n\u1eef c\u1ee7a m\u00ecnh, LADIGI Agency l\u00e0 s\u1ef1 l\u1ef1a ch\u1ecdn ho\u00e0n h\u1ea3o. Ch\u00fang t\u00f4i cam k\u1ebft mang \u0111\u1ebfn d\u1ecbch v\u1ee5 thi\u1ebft k\u1ebf website gi\u00e1 r\u1ebb nh\u01b0ng ch\u1ea5t l\u01b0\u1ee3ng, \u0111\u1ea3m b\u1ea3o \u0111\u00e1p \u1ee9ng nhu c\u1ea7u c\u1ee7a b\u1ea1n.\n<\/p>\n<p>\n Kh\u00e1m ph\u00e1 th\u00eam v\u1ec1 d\u1ecbch v\u1ee5 c\u1ee7a ch\u00fang t\u00f4i t\u1ea1i<br \/>\n <a href=\"https:\/\/ladigi.vn\/thiet-ke-website\/\"><br \/>\n  D\u1ecbch v\u1ee5 thi\u1ebft k\u1ebf website gi\u00e1 r\u1ebb<br \/>\n <\/a><br \/>\n .<\/p>\n","protected":false},"excerpt":{"rendered":"<p>D\u1ecbch v\u1ee5 thi\u1ebft k\u1ebf website gi\u00e0y v\u00e0 t\u00fai x\u00e1ch n\u1eef c\u1ee7a ch\u00fang t\u00f4i mang \u0111\u1ebfn giao di\u1ec7n \u0111\u1eb9p, chuy\u00ean nghi\u1ec7p v\u00e0 d\u1ec5 s\u1eed d\u1ee5ng. Website t\u01b0\u01a1ng th\u00edch tr\u00ean m\u1ecdi thi\u1ebft b\u1ecb, s\u1eed d\u1ee5ng m\u00e3 ngu\u1ed3n Wordpress v\u1edbi Theme Flatsome v\u00e0 UX Builder d\u1ec5 t\u00f9y bi\u1ebfn. T\u1ed1c \u0111\u1ed9 t\u1ea3i trang nhanh ch\u00f3ng, \u0111\u1ea3m b\u1ea3o tr\u1ea3i nghi\u1ec7m m\u01b0\u1ee3t m\u00e0.<\/p>\n","protected":false},"featured_media":4008,"comment_status":"open","ping_status":"closed","template":"","meta":[],"product_cat":[16,34],"product_tag":[23],"class_list":{"0":"post-4007","1":"product","2":"type-product","3":"status-publish","4":"has-post-thumbnail","6":"product_cat-tat-ca","7":"product_cat-thoi-trang","8":"product_tag-ban-hang","10":"first","11":"instock","12":"shipping-taxable","13":"purchasable","14":"product-type-simple"},"_links":{"self":[{"href":"https:\/\/ladigi.vn\/thiet-ke-website\/wp-json\/wp\/v2\/product\/4007","targetHints":{"allow":["GET"]}}],"collection":[{"href":"https:\/\/ladigi.vn\/thiet-ke-website\/wp-json\/wp\/v2\/product"}],"about":[{"href":"https:\/\/ladigi.vn\/thiet-ke-website\/wp-json\/wp\/v2\/types\/product"}],"replies":[{"embeddable":true,"href":"https:\/\/ladigi.vn\/thiet-ke-website\/wp-json\/wp\/v2\/comments?post=4007"}],"wp:featuredmedia":[{"embeddable":true,"href":"https:\/\/ladigi.vn\/thiet-ke-website\/wp-json\/wp\/v2\/media\/4008"}],"wp:attachment":[{"href":"https:\/\/ladigi.vn\/thiet-ke-website\/wp-json\/wp\/v2\/media?parent=4007"}],"wp:term":[{"taxonomy":"product_cat","embeddable":true,"href":"https:\/\/ladigi.vn\/thiet-ke-website\/wp-json\/wp\/v2\/product_cat?post=4007"},{"taxonomy":"product_tag","embeddable":true,"href":"https:\/\/ladigi.vn\/thiet-ke-website\/wp-json\/wp\/v2\/product_tag?post=4007"}],"curies":[{"name":"wp","href":"https:\/\/api.w.org\/{rel}","templated":true}]}}