{"id":4009,"date":"2021-05-10T16:48:54","date_gmt":"2021-05-10T09:48:54","guid":{"rendered":"https:\/\/ladigi.vn\/thiet-ke-website\/?post_type=product&#038;p=4009"},"modified":"2025-01-10T21:53:52","modified_gmt":"2025-01-10T14:53:52","slug":"thiet-ke-web-ban-phu-kien-xe-hoi-mau-so-2","status":"publish","type":"product","link":"https:\/\/ladigi.vn\/thiet-ke-website\/mau-web\/thiet-ke-web-ban-phu-kien-xe-hoi-mau-so-2\/","title":{"rendered":"Ph\u1ee5 Ki\u1ec7n Xe H\u01a1i M\u1eabu S\u1ed1 2"},"content":{"rendered":"<h1>\n D\u1ecbch v\u1ee5 Thi\u1ebft k\u1ebf website Ph\u1ee5 Ki\u1ec7n Xe H\u01a1i M\u1eabu S\u1ed1 2<br \/>\n<\/h1>\n<p>\n Ch\u00e0o m\u1eebng b\u1ea1n \u0111\u1ebfn v\u1edbi d\u1ecbch v\u1ee5 thi\u1ebft k\u1ebf website ph\u1ee5 ki\u1ec7n xe h\u01a1i m\u1eabu s\u1ed1 2 c\u1ee7a ch\u00fang t\u00f4i! V\u1edbi m\u1ee5c ti\u00eau mang \u0111\u1ebfn cho kh\u00e1ch h\u00e0ng nh\u1eefng tr\u1ea3i nghi\u1ec7m tr\u1ef1c tuy\u1ebfn t\u1ed1t nh\u1ea5t, trang web c\u1ee7a ch\u00fang t\u00f4i s\u1edf h\u1eefu nh\u1eefng \u0111\u1eb7c \u0111i\u1ec3m n\u1ed5i b\u1eadt sau:\n<\/p>\n<h2>\n Giao di\u1ec7n \u0111\u1eb9p, chuy\u00ean nghi\u1ec7p v\u00e0 d\u1ec5 s\u1eed d\u1ee5ng<br \/>\n<\/h2>\n<p>\n Website c\u1ee7a ch\u00fang t\u00f4i \u0111\u01b0\u1ee3c thi\u1ebft k\u1ebf v\u1edbi giao di\u1ec7n hi\u1ec7n \u0111\u1ea1i, b\u1eaft m\u1eaft, t\u1ea1o \u1ea5n t\u01b0\u1ee3ng ngay t\u1eeb l\u1ea7n \u0111\u1ea7u truy c\u1eadp. V\u1edbi s\u1ef1 t\u1ed1i \u01b0u v\u1ec1 tr\u1ea3i nghi\u1ec7m ng\u01b0\u1eddi d\u00f9ng, vi\u1ec7c t\u00ecm ki\u1ebfm s\u1ea3n ph\u1ea9m v\u00e0 th\u00f4ng tin tr\u00ean website tr\u1edf n\u00ean d\u1ec5 d\u00e0ng h\u01a1n bao gi\u1edd h\u1ebft.\n<\/p>\n<h2>\n T\u01b0\u01a1ng th\u00edch tr\u00ean m\u1ecdi thi\u1ebft b\u1ecb<br \/>\n<\/h2>\n<p>\n Kh\u00f4ng ch\u1ec9 \u0111\u1eb9p m\u1eaft, website c\u00f2n t\u01b0\u01a1ng th\u00edch ho\u00e0n h\u1ea3o v\u1edbi m\u1ecdi thi\u1ebft b\u1ecb nh\u01b0 \u0111i\u1ec7n tho\u1ea1i di \u0111\u1ed9ng, tablet v\u00e0 m\u00e1y t\u00ednh \u0111\u1ec3 b\u00e0n. \u0110i\u1ec1u n\u00e0y gi\u00fap cho kh\u00e1ch h\u00e0ng c\u00f3 th\u1ec3 truy c\u1eadp website c\u1ee7a b\u1ea1n m\u1ecdi l\u00fac, m\u1ecdi n\u01a1i.\n<\/p>\n<h2>\n M\u00e3 ngu\u1ed3n WordPress v\u1edbi Theme Flatsome v\u00e0 UX Builder<br \/>\n<\/h2>\n<p>\n Website \u0111\u01b0\u1ee3c x\u00e2y d\u1ef1ng tr\u00ean n\u1ec1n t\u1ea3ng WordPress v\u1edbi Theme Flatsome, \u0111i k\u00e8m v\u1edbi UX Builder, cho ph\u00e9p b\u1ea1n t\u00f9y bi\u1ebfn giao di\u1ec7n m\u1ed9t c\u00e1ch d\u1ec5 d\u00e0ng. B\u1ea1n c\u00f3 th\u1ec3 thay \u0111\u1ed5i n\u1ed9i dung, h\u00ecnh \u1ea3nh v\u00e0 b\u1ed1 c\u1ee5c theo \u00fd t\u01b0\u1edfng ri\u00eang c\u1ee7a m\u00ecnh m\u00e0 kh\u00f4ng c\u1ea7n c\u00f3 ki\u1ebfn th\u1ee9c l\u1eadp tr\u00ecnh s\u00e2u.\n<\/p>\n<h2>\n T\u1ed1c \u0111\u1ed9 t\u1ea3i trang nhanh<br \/>\n<\/h2>\n<p>\n Ch\u00fang t\u00f4i hi\u1ec3u r\u1eb1ng t\u1ed1c \u0111\u1ed9 t\u1ea3i trang l\u00e0 y\u1ebfu t\u1ed1 quan tr\u1ecdng trong vi\u1ec7c gi\u1eef ch\u00e2n kh\u00e1ch h\u00e0ng. Website c\u1ee7a ch\u00fang t\u00f4i \u0111\u01b0\u1ee3c t\u1ed1i \u01b0u h\u00f3a \u0111\u1ec3 c\u00f3 t\u1ed1c \u0111\u1ed9 t\u1ea3i trang nhanh ch\u00f3ng, gi\u00fap n\u00e2ng cao tr\u1ea3i nghi\u1ec7m ng\u01b0\u1eddi d\u00f9ng v\u00e0 gi\u1ea3m t\u1ef7 l\u1ec7 tho\u00e1t.\n<\/p>\n<hr\/>\n<p>\n N\u1ebfu b\u1ea1n \u0111ang t\u00ecm ki\u1ebfm m\u1ed9t \u0111\u01a1n v\u1ecb thi\u1ebft k\u1ebf website chuy\u00ean nghi\u1ec7p v\u00e0 uy t\u00edn, h\u00e3y li\u00ean h\u1ec7 v\u1edbi<br \/>\n <strong><br \/>\n  LADIGI (LADIGI Agency)<br \/>\n <\/strong><br \/>\n . V\u1edbi \u0111\u1ed9i ng\u0169 chuy\u00ean gia gi\u00e0u kinh nghi\u1ec7m v\u00e0 d\u1ecbch v\u1ee5 t\u1eadn t\u00e2m, ch\u00fang t\u00f4i s\u1eb5n s\u00e0ng \u0111\u1ed3ng h\u00e0nh c\u00f9ng b\u1ea1n trong vi\u1ec7c ph\u00e1t tri\u1ec3n website ph\u00f9 h\u1ee3p v\u1edbi nhu c\u1ea7u kinh doanh c\u1ee7a b\u1ea1n.\n<\/p>\n<p>\n T\u00ecm hi\u1ec3u th\u00eam v\u1ec1 d\u1ecbch v\u1ee5 c\u1ee7a ch\u00fang t\u00f4i t\u1ea1i \u0111\u00e2y:<br \/>\n <a href=\"https:\/\/ladigi.vn\/thiet-ke-website\/\"><br \/>\n  D\u1ecbch v\u1ee5 ph\u00e1t tri\u1ec3n website doanh nghi\u1ec7p LADIGI<br \/>\n <\/a><\/p>\n","protected":false},"excerpt":{"rendered":"<p>D\u1ecbch v\u1ee5 Thi\u1ebft k\u1ebf website Ph\u1ee5 Ki\u1ec7n Xe H\u01a1i M\u1eabu S\u1ed1 2 mang \u0111\u1ebfn giao di\u1ec7n \u0111\u1eb9p, chuy\u00ean nghi\u1ec7p v\u00e0 d\u1ec5 s\u1eed d\u1ee5ng. Website t\u01b0\u01a1ng th\u00edch tr\u00ean m\u1ecdi thi\u1ebft b\u1ecb, s\u1eed d\u1ee5ng m\u00e3 ngu\u1ed3n Wordpress v\u1edbi Theme Flatsome v\u00e0 UX Builder d\u1ec5 t\u00f9y bi\u1ebfn. T\u1ed1c \u0111\u1ed9 t\u1ea3i trang nhanh, \u0111\u1ea3m b\u1ea3o tr\u1ea3i nghi\u1ec7m ng\u01b0\u1eddi d\u00f9ng tuy\u1ec7t v\u1eddi.<\/p>\n","protected":false},"featured_media":4011,"comment_status":"open","ping_status":"closed","template":"","meta":[],"product_cat":[16,37,33],"product_tag":[],"class_list":{"0":"post-4009","1":"product","2":"type-product","3":"status-publish","4":"has-post-thumbnail","6":"product_cat-tat-ca","7":"product_cat-dien-may","8":"product_cat-o-to","10":"first","11":"instock","12":"shipping-taxable","13":"purchasable","14":"product-type-simple"},"_links":{"self":[{"href":"https:\/\/ladigi.vn\/thiet-ke-website\/wp-json\/wp\/v2\/product\/4009","targetHints":{"allow":["GET"]}}],"collection":[{"href":"https:\/\/ladigi.vn\/thiet-ke-website\/wp-json\/wp\/v2\/product"}],"about":[{"href":"https:\/\/ladigi.vn\/thiet-ke-website\/wp-json\/wp\/v2\/types\/product"}],"replies":[{"embeddable":true,"href":"https:\/\/ladigi.vn\/thiet-ke-website\/wp-json\/wp\/v2\/comments?post=4009"}],"wp:featuredmedia":[{"embeddable":true,"href":"https:\/\/ladigi.vn\/thiet-ke-website\/wp-json\/wp\/v2\/media\/4011"}],"wp:attachment":[{"href":"https:\/\/ladigi.vn\/thiet-ke-website\/wp-json\/wp\/v2\/media?parent=4009"}],"wp:term":[{"taxonomy":"product_cat","embeddable":true,"href":"https:\/\/ladigi.vn\/thiet-ke-website\/wp-json\/wp\/v2\/product_cat?post=4009"},{"taxonomy":"product_tag","embeddable":true,"href":"https:\/\/ladigi.vn\/thiet-ke-website\/wp-json\/wp\/v2\/product_tag?post=4009"}],"curies":[{"name":"wp","href":"https:\/\/api.w.org\/{rel}","templated":true}]}}