{"id":4016,"date":"2021-05-10T16:52:34","date_gmt":"2021-05-10T09:52:34","guid":{"rendered":"https:\/\/ladigi.vn\/thiet-ke-website\/?post_type=product&#038;p=4016"},"modified":"2025-01-10T21:56:33","modified_gmt":"2025-01-10T14:56:33","slug":"thiet-ke-web-ban-bien-mica-vat-tu-quang-cao","status":"publish","type":"product","link":"https:\/\/ladigi.vn\/thiet-ke-website\/mau-web\/thiet-ke-web-ban-bien-mica-vat-tu-quang-cao\/","title":{"rendered":"Bi\u1ec3n Mica, V\u1eadt T\u01b0 Qu\u1ea3ng C\u00e1o"},"content":{"rendered":"<h1>\n D\u1ecbch v\u1ee5 Thi\u1ebft k\u1ebf website Bi\u1ec3n Mica, V\u1eadt T\u01b0 Qu\u1ea3ng C\u00e1o<br \/>\n<\/h1>\n<p>\n Khi b\u1ea1n \u0111ang t\u00ecm ki\u1ebfm m\u1ed9t gi\u1ea3i ph\u00e1p ho\u00e0n h\u1ea3o cho vi\u1ec7c qu\u1ea3ng b\u00e1 th\u01b0\u01a1ng hi\u1ec7u v\u00e0 s\u1ea3n ph\u1ea9m c\u1ee7a m\u00ecnh, d\u1ecbch v\u1ee5 thi\u1ebft k\u1ebf website Bi\u1ec3n Mica, V\u1eadt T\u01b0 Qu\u1ea3ng C\u00e1o ch\u00ednh l\u00e0 l\u1ef1a ch\u1ecdn tuy\u1ec7t v\u1eddi. Ch\u00fang t\u00f4i cung c\u1ea5p giao di\u1ec7n web \u0111\u01b0\u1ee3c thi\u1ebft k\u1ebf \u0111\u1eb9p, chuy\u00ean nghi\u1ec7p v\u00e0 d\u1ec5 s\u1eed d\u1ee5ng, gi\u00fap b\u1ea1n g\u00e2y \u1ea5n t\u01b0\u1ee3ng ngay t\u1eeb c\u00e1i nh\u00ecn \u0111\u1ea7u ti\u00ean.\n<\/p>\n<h2>\n T\u00ednh n\u0103ng n\u1ed5i b\u1eadt c\u1ee7a website:<br \/>\n<\/h2>\n<ul>\n<li>\n  <strong><br \/>\n   Giao di\u1ec7n \u0111\u1eb9p v\u00e0 chuy\u00ean nghi\u1ec7p<br \/>\n  <\/strong><br \/>\n  : Ch\u00fang t\u00f4i thi\u1ebft k\u1ebf website v\u1edbi phong c\u00e1ch hi\u1ec7n \u0111\u1ea1i, \u0111\u00e1p \u1ee9ng c\u00e1c ti\u00eau chu\u1ea9n th\u1ea9m m\u1ef9 cao gi\u00fap th\u01b0\u01a1ng hi\u1ec7u c\u1ee7a b\u1ea1n n\u1ed5i b\u1eadt tr\u00ean th\u1ecb tr\u01b0\u1eddng.\n <\/li>\n<li>\n  <strong><br \/>\n   D\u1ec5 s\u1eed d\u1ee5ng<br \/>\n  <\/strong><br \/>\n  : Giao di\u1ec7n th\u00e2n thi\u1ec7n v\u1edbi ng\u01b0\u1eddi d\u00f9ng, gi\u00fap kh\u00e1ch h\u00e0ng d\u1ec5 d\u00e0ng t\u00ecm ki\u1ebfm th\u00f4ng tin v\u00e0 tr\u1ea3i nghi\u1ec7m d\u1ecbch v\u1ee5 c\u1ee7a b\u1ea1n m\u1ed9t c\u00e1ch tho\u1ea3i m\u00e1i nh\u1ea5t.\n <\/li>\n<li>\n  <strong><br \/>\n   T\u01b0\u01a1ng th\u00edch tr\u00ean m\u1ecdi thi\u1ebft b\u1ecb<br \/>\n  <\/strong><br \/>\n  : V\u1edbi thi\u1ebft k\u1ebf responsive, website c\u1ee7a b\u1ea1n s\u1ebd hi\u1ec3n th\u1ecb ho\u00e0n h\u1ea3o tr\u00ean t\u1ea5t c\u1ea3 c\u00e1c thi\u1ebft b\u1ecb nh\u01b0 m\u00e1y t\u00ednh, tablet v\u00e0 \u0111i\u1ec7n tho\u1ea1i di \u0111\u1ed9ng.\n <\/li>\n<li>\n  <strong><br \/>\n   M\u00e3 ngu\u1ed3n WordPress v\u1edbi Theme Flatsome v\u00e0 UX Builder<br \/>\n  <\/strong><br \/>\n  : Ch\u00fang t\u00f4i s\u1eed d\u1ee5ng m\u00e3 ngu\u1ed3n WordPress n\u1ed5i ti\u1ebfng v\u1edbi theme Flatsome gi\u00fap b\u1ea1n d\u1ec5 d\u00e0ng t\u00f9y bi\u1ebfn website theo phong c\u00e1ch v\u00e0 nhu c\u1ea7u ri\u00eang c\u1ee7a m\u00ecnh.\n <\/li>\n<li>\n  <strong><br \/>\n   T\u1ed1c \u0111\u1ed9 t\u1ea3i trang nhanh<br \/>\n  <\/strong><br \/>\n  : Ch\u00fang t\u00f4i cam k\u1ebft t\u1ed1i \u01b0u h\u00f3a t\u1ed1c \u0111\u1ed9 t\u1ea3i trang, gi\u00fap kh\u00e1ch h\u00e0ng c\u00f3 tr\u1ea3i nghi\u1ec7m m\u01b0\u1ee3t m\u00e0 v\u00e0 nhanh ch\u00f3ng khi truy c\u1eadp.\n <\/li>\n<\/ul>\n<p>\n N\u1ebfu b\u1ea1n \u0111ang t\u00ecm ki\u1ebfm m\u1ed9t \u0111\u01a1n v\u1ecb thi\u1ebft k\u1ebf website chuy\u00ean nghi\u1ec7p, h\u00e3y \u0111\u1ebfn v\u1edbi<br \/>\n <a href=\"https:\/\/ladigi.vn\/thiet-ke-website\/\"><br \/>\n  LADIGI Agency<br \/>\n <\/a><br \/>\n . V\u1edbi kinh nghi\u1ec7m v\u00e0 s\u1ef1 s\u00e1ng t\u1ea1o, ch\u00fang t\u00f4i s\u1eb5n s\u00e0ng mang \u0111\u1ebfn cho b\u1ea1n m\u1ed9t website \u1ea5n t\u01b0\u1ee3ng v\u00e0 hi\u1ec7u qu\u1ea3 nh\u1ea5t!<\/p>\n","protected":false},"excerpt":{"rendered":"<p>D\u1ecbch v\u1ee5 Thi\u1ebft k\u1ebf website Bi\u1ec3n Mica, V\u1eadt T\u01b0 Qu\u1ea3ng C\u00e1o cung c\u1ea5p giao di\u1ec7n \u0111\u1eb9p, chuy\u00ean nghi\u1ec7p v\u00e0 d\u1ec5 s\u1eed d\u1ee5ng. Website t\u01b0\u01a1ng th\u00edch tr\u00ean m\u1ecdi thi\u1ebft b\u1ecb, s\u1eed d\u1ee5ng m\u00e3 ngu\u1ed3n Wordpress v\u1edbi Theme Flatsome v\u00e0 UX Builder thu\u1eadn ti\u1ec7n cho vi\u1ec7c t\u00f9y bi\u1ebfn. T\u1ed1c \u0111\u1ed9 t\u1ea3i trang nhanh ch\u00f3ng, n\u00e2ng cao tr\u1ea3i nghi\u1ec7m ng\u01b0\u1eddi d\u00f9ng.<\/p>\n","protected":false},"featured_media":4018,"comment_status":"open","ping_status":"closed","template":"","meta":[],"product_cat":[16,41],"product_tag":[24],"class_list":{"0":"post-4016","1":"product","2":"type-product","3":"status-publish","4":"has-post-thumbnail","6":"product_cat-tat-ca","7":"product_cat-marketing","8":"product_tag-cong-ty","10":"first","11":"instock","12":"shipping-taxable","13":"purchasable","14":"product-type-simple"},"_links":{"self":[{"href":"https:\/\/ladigi.vn\/thiet-ke-website\/wp-json\/wp\/v2\/product\/4016","targetHints":{"allow":["GET"]}}],"collection":[{"href":"https:\/\/ladigi.vn\/thiet-ke-website\/wp-json\/wp\/v2\/product"}],"about":[{"href":"https:\/\/ladigi.vn\/thiet-ke-website\/wp-json\/wp\/v2\/types\/product"}],"replies":[{"embeddable":true,"href":"https:\/\/ladigi.vn\/thiet-ke-website\/wp-json\/wp\/v2\/comments?post=4016"}],"wp:featuredmedia":[{"embeddable":true,"href":"https:\/\/ladigi.vn\/thiet-ke-website\/wp-json\/wp\/v2\/media\/4018"}],"wp:attachment":[{"href":"https:\/\/ladigi.vn\/thiet-ke-website\/wp-json\/wp\/v2\/media?parent=4016"}],"wp:term":[{"taxonomy":"product_cat","embeddable":true,"href":"https:\/\/ladigi.vn\/thiet-ke-website\/wp-json\/wp\/v2\/product_cat?post=4016"},{"taxonomy":"product_tag","embeddable":true,"href":"https:\/\/ladigi.vn\/thiet-ke-website\/wp-json\/wp\/v2\/product_tag?post=4016"}],"curies":[{"name":"wp","href":"https:\/\/api.w.org\/{rel}","templated":true}]}}