{"id":4019,"date":"2021-05-10T16:53:47","date_gmt":"2021-05-10T09:53:47","guid":{"rendered":"https:\/\/ladigi.vn\/thiet-ke-website\/?post_type=product&#038;p=4019"},"modified":"2025-01-10T21:57:27","modified_gmt":"2025-01-10T14:57:27","slug":"thiet-ke-website-gioi-thieu-phong-kham-nha-khoa-nha-sy-mau-so-5","status":"publish","type":"product","link":"https:\/\/ladigi.vn\/thiet-ke-website\/mau-web\/thiet-ke-website-gioi-thieu-phong-kham-nha-khoa-nha-sy-mau-so-5\/","title":{"rendered":"Ph\u00f2ng Kh\u00e1m Nha Khoa, Nha S\u1ef9 M\u1eabu S\u1ed1 5"},"content":{"rendered":"<h1>\n D\u1ecbch v\u1ee5 Thi\u1ebft k\u1ebf website Ph\u00f2ng Kh\u00e1m Nha Khoa, Nha S\u1ef9 M\u1eabu S\u1ed1 5<br \/>\n<\/h1>\n<p>\n Ch\u00e0o m\u1eebng b\u1ea1n \u0111\u1ebfn v\u1edbi d\u1ecbch v\u1ee5 thi\u1ebft k\u1ebf website d\u00e0nh ri\u00eang cho Ph\u00f2ng Kh\u00e1m Nha Khoa! Ch\u00fang t\u00f4i t\u1ef1 h\u00e0o gi\u1edbi thi\u1ec7u gi\u1ea3i ph\u00e1p thi\u1ebft k\u1ebf website Nha S\u1ef9 M\u1eabu S\u1ed1 5 v\u1edbi nhi\u1ec1u \u01b0u \u0111i\u1ec3m v\u01b0\u1ee3t tr\u1ed9i.\n<\/p>\n<h2>\n Thi\u1ebft k\u1ebf giao di\u1ec7n \u0111\u1eb9p, chuy\u00ean nghi\u1ec7p v\u00e0 d\u1ec5 s\u1eed d\u1ee5ng<br \/>\n<\/h2>\n<p>\n Website c\u1ee7a b\u1ea1n s\u1ebd \u0111\u01b0\u1ee3c thi\u1ebft k\u1ebf v\u1edbi giao di\u1ec7n \u0111\u1eb9p m\u1eaft, chuy\u00ean nghi\u1ec7p, ph\u00f9 h\u1ee3p v\u1edbi phong c\u00e1ch v\u00e0 h\u00ecnh \u1ea3nh c\u1ee7a ph\u00f2ng kh\u00e1m. Ch\u00fang t\u00f4i cam k\u1ebft mang \u0111\u1ebfn tr\u1ea3i nghi\u1ec7m ng\u01b0\u1eddi d\u00f9ng t\u1ed1t nh\u1ea5t, gi\u00fap kh\u00e1ch h\u00e0ng d\u1ec5 d\u00e0ng t\u00ecm ki\u1ebfm th\u00f4ng tin v\u00e0 d\u1ecbch v\u1ee5.\n<\/p>\n<h2>\n T\u01b0\u01a1ng th\u00edch tr\u00ean m\u1ecdi thi\u1ebft b\u1ecb<br \/>\n<\/h2>\n<p>\n V\u1edbi xu h\u01b0\u1edbng ng\u01b0\u1eddi d\u00f9ng ng\u00e0y c\u00e0ng \u0111a d\u1ea1ng, website c\u1ee7a b\u1ea1n s\u1ebd \u0111\u01b0\u1ee3c t\u1ed1i \u01b0u h\u00f3a \u0111\u1ec3 t\u01b0\u01a1ng th\u00edch tr\u00ean t\u1ea5t c\u1ea3 c\u00e1c thi\u1ebft b\u1ecb, t\u1eeb m\u00e1y t\u00ednh \u0111\u1ec3 b\u00e0n cho \u0111\u1ebfn smartphone v\u00e0 tablet. \u0110i\u1ec1u n\u00e0y gi\u00fap \u0111\u1ea3m b\u1ea3o r\u1eb1ng kh\u00e1ch h\u00e0ng c\u00f3 th\u1ec3 truy c\u1eadp v\u00e0 tr\u1ea3i nghi\u1ec7m d\u1ecbch v\u1ee5 c\u1ee7a b\u1ea1n m\u1ecdi l\u00fac, m\u1ecdi n\u01a1i.\n<\/p>\n<h2>\n M\u00e3 ngu\u1ed3n WordPress v\u1edbi Theme Flatsome v\u00e0 UX Builder<br \/>\n<\/h2>\n<p>\n Ch\u00fang t\u00f4i s\u1eed d\u1ee5ng m\u00e3 ngu\u1ed3n WordPress m\u1ea1nh m\u1ebd k\u1ebft h\u1ee3p v\u1edbi theme Flatsome, mang \u0111\u1ebfn s\u1ef1 linh ho\u1ea1t trong vi\u1ec7c t\u00f9y bi\u1ebfn giao di\u1ec7n v\u00e0 n\u1ed9i dung. V\u1edbi UX Builder, b\u1ea1n c\u00f3 th\u1ec3 d\u1ec5 d\u00e0ng ch\u1ec9nh s\u1eeda v\u00e0 c\u1eadp nh\u1eadt website theo nhu c\u1ea7u m\u00e0 kh\u00f4ng c\u1ea7n ph\u1ea3i c\u00f3 k\u1ef9 n\u0103ng l\u1eadp tr\u00ecnh.\n<\/p>\n<h2>\n T\u1ed1c \u0111\u1ed9 t\u1ea3i trang nhanh<br \/>\n<\/h2>\n<p>\n Kh\u00f4ng g\u00ec l\u00e0m m\u1ea5t thi\u1ec7n c\u1ea3m c\u1ee7a kh\u00e1ch h\u00e0ng h\u01a1n m\u1ed9t website t\u1ea3i ch\u1eadm. Ch\u00fang t\u00f4i cam k\u1ebft t\u1ed1i \u01b0u h\u00f3a t\u1ed1c \u0111\u1ed9 t\u1ea3i trang, gi\u00fap kh\u00e1ch h\u00e0ng c\u1ee7a b\u1ea1n nhanh ch\u00f3ng ti\u1ebfp c\u1eadn th\u00f4ng tin v\u00e0 d\u1ecbch v\u1ee5 m\u00e0 kh\u00f4ng ph\u1ea3i ch\u1edd \u0111\u1ee3i.\n<\/p>\n<hr\/>\n<p>\n N\u1ebfu b\u1ea1n \u0111ang t\u00ecm ki\u1ebfm m\u1ed9t \u0111\u01a1n v\u1ecb thi\u1ebft k\u1ebf website uy t\u00edn v\u00e0 chuy\u00ean nghi\u1ec7p, h\u00e3y \u0111\u1ebfn v\u1edbi<br \/>\n <strong><br \/>\n  LADIGI Agency<br \/>\n <\/strong><br \/>\n . Ch\u00fang t\u00f4i c\u00f3 kinh nghi\u1ec7m s\u00e2u r\u1ed9ng trong l\u0129nh v\u1ef1c thi\u1ebft k\u1ebf website chu\u1ea9n SEO, nh\u1eb1m gi\u00fap b\u1ea1n thu h\u00fat nhi\u1ec1u kh\u00e1ch h\u00e0ng h\u01a1n th\u00f4ng qua vi\u1ec7c t\u1ed1i \u01b0u h\u00f3a website c\u1ee7a m\u00ecnh.\n<\/p>\n<p>\n Kh\u00e1m ph\u00e1 th\u00eam v\u1ec1 d\u1ecbch v\u1ee5 c\u1ee7a ch\u00fang t\u00f4i t\u1ea1i \u0111\u00e2y:<br \/>\n <a href=\"https:\/\/ladigi.vn\/thiet-ke-website\/\"><br \/>\n  Thi\u1ebft k\u1ebf website chu\u1ea9n SEO LADIGI<br \/>\n <\/a><\/p>\n","protected":false},"excerpt":{"rendered":"<p>D\u1ecbch v\u1ee5 thi\u1ebft k\u1ebf website ph\u00f2ng kh\u00e1m nha khoa Nha S\u1ef9 M\u1eabu S\u1ed1 5 cung c\u1ea5p giao di\u1ec7n \u0111\u1eb9p, chuy\u00ean nghi\u1ec7p v\u00e0 d\u1ec5 s\u1eed d\u1ee5ng. Website t\u01b0\u01a1ng th\u00edch tr\u00ean m\u1ecdi thi\u1ebft b\u1ecb, s\u1eed d\u1ee5ng m\u00e3 ngu\u1ed3n WordPress v\u1edbi Theme Flatsome v\u00e0 UX Builder d\u1ec5 t\u00f9y bi\u1ebfn, \u0111\u1ea3m b\u1ea3o t\u1ed1c \u0111\u1ed9 t\u1ea3i trang nhanh.<\/p>\n","protected":false},"featured_media":4021,"comment_status":"open","ping_status":"closed","template":"","meta":[],"product_cat":[16,26],"product_tag":[24],"class_list":{"0":"post-4019","1":"product","2":"type-product","3":"status-publish","4":"has-post-thumbnail","6":"product_cat-tat-ca","7":"product_cat-phong-kham","8":"product_tag-cong-ty","10":"first","11":"instock","12":"shipping-taxable","13":"purchasable","14":"product-type-simple"},"_links":{"self":[{"href":"https:\/\/ladigi.vn\/thiet-ke-website\/wp-json\/wp\/v2\/product\/4019","targetHints":{"allow":["GET"]}}],"collection":[{"href":"https:\/\/ladigi.vn\/thiet-ke-website\/wp-json\/wp\/v2\/product"}],"about":[{"href":"https:\/\/ladigi.vn\/thiet-ke-website\/wp-json\/wp\/v2\/types\/product"}],"replies":[{"embeddable":true,"href":"https:\/\/ladigi.vn\/thiet-ke-website\/wp-json\/wp\/v2\/comments?post=4019"}],"wp:featuredmedia":[{"embeddable":true,"href":"https:\/\/ladigi.vn\/thiet-ke-website\/wp-json\/wp\/v2\/media\/4021"}],"wp:attachment":[{"href":"https:\/\/ladigi.vn\/thiet-ke-website\/wp-json\/wp\/v2\/media?parent=4019"}],"wp:term":[{"taxonomy":"product_cat","embeddable":true,"href":"https:\/\/ladigi.vn\/thiet-ke-website\/wp-json\/wp\/v2\/product_cat?post=4019"},{"taxonomy":"product_tag","embeddable":true,"href":"https:\/\/ladigi.vn\/thiet-ke-website\/wp-json\/wp\/v2\/product_tag?post=4019"}],"curies":[{"name":"wp","href":"https:\/\/api.w.org\/{rel}","templated":true}]}}