{"id":4022,"date":"2021-05-10T16:57:32","date_gmt":"2021-05-10T09:57:32","guid":{"rendered":"https:\/\/ladigi.vn\/thiet-ke-website\/?post_type=product&#038;p=4022"},"modified":"2025-01-10T21:59:17","modified_gmt":"2025-01-10T14:59:17","slug":"thiet-ke-web-ban-xe-dap-dien-xe-may-dien-umbria-ebike","status":"publish","type":"product","link":"https:\/\/ladigi.vn\/thiet-ke-website\/mau-web\/thiet-ke-web-ban-xe-dap-dien-xe-may-dien-umbria-ebike\/","title":{"rendered":"Xe \u0110\u1ea1p \u0110i\u1ec7n, Xe M\u00e1y \u0110i\u1ec7n Umbria Ebike"},"content":{"rendered":"<h1>\n D\u1ecbch v\u1ee5 Thi\u1ebft k\u1ebf website Xe \u0110\u1ea1p \u0110i\u1ec7n, Xe M\u00e1y \u0110i\u1ec7n Umbria Ebike<br \/>\n<\/h1>\n<p>\n Ch\u00e0o m\u1eebng \u0111\u1ebfn v\u1edbi d\u1ecbch v\u1ee5 thi\u1ebft k\u1ebf website chuy\u00ean nghi\u1ec7p cho Xe \u0110\u1ea1p \u0110i\u1ec7n v\u00e0 Xe M\u00e1y \u0110i\u1ec7n Umbria Ebike! Ch\u00fang t\u00f4i t\u1ef1 h\u00e0o cung c\u1ea5p m\u1ed9t giao di\u1ec7n web \u0111\u01b0\u1ee3c thi\u1ebft k\u1ebf \u0111\u1eb9p m\u1eaft, chuy\u00ean nghi\u1ec7p v\u00e0 c\u1ef1c k\u1ef3 d\u1ec5 s\u1eed d\u1ee5ng, gi\u00fap mang l\u1ea1i tr\u1ea3i nghi\u1ec7m ng\u01b0\u1eddi d\u00f9ng tuy\u1ec7t v\u1eddi cho kh\u00e1ch h\u00e0ng c\u1ee7a b\u1ea1n.\n<\/p>\n<h2>\n Giao di\u1ec7n web \u0111\u1eb9p v\u00e0 d\u1ec5 s\u1eed d\u1ee5ng<br \/>\n<\/h2>\n<p>\n Giao di\u1ec7n trang web c\u1ee7a ch\u00fang t\u00f4i kh\u00f4ng ch\u1ec9 thu h\u00fat m\u00e0 c\u00f2n \u0111\u01b0\u1ee3c t\u1ed1i \u01b0u h\u00f3a cho tr\u1ea3i nghi\u1ec7m ng\u01b0\u1eddi d\u00f9ng. V\u1edbi thi\u1ebft k\u1ebf th\u00e2n thi\u1ec7n, kh\u00e1ch h\u00e0ng c\u00f3 th\u1ec3 d\u1ec5 d\u00e0ng t\u00ecm ki\u1ebfm th\u00f4ng tin, s\u1ea3n ph\u1ea9m v\u00e0 d\u1ecbch v\u1ee5 m\u00e0 h\u1ecd c\u1ea7n.\n<\/p>\n<h2>\n T\u01b0\u01a1ng th\u00edch tr\u00ean m\u1ecdi thi\u1ebft b\u1ecb<br \/>\n<\/h2>\n<p>\n Website \u0111\u01b0\u1ee3c ph\u00e1t tri\u1ec3n v\u1edbi kh\u1ea3 n\u0103ng t\u01b0\u01a1ng th\u00edch ho\u00e0n h\u1ea3o tr\u00ean m\u1ecdi thi\u1ebft b\u1ecb, t\u1eeb m\u00e1y t\u00ednh \u0111\u1ec3 b\u00e0n, laptop cho \u0111\u1ebfn c\u00e1c thi\u1ebft b\u1ecb di \u0111\u1ed9ng nh\u01b0 \u0111i\u1ec7n tho\u1ea1i th\u00f4ng minh v\u00e0 m\u00e1y t\u00ednh b\u1ea3ng. \u0110i\u1ec1u n\u00e0y gi\u00fap b\u1ea1n ti\u1ebfp c\u1eadn \u0111\u01b0\u1ee3c nhi\u1ec1u kh\u00e1ch h\u00e0ng h\u01a1n, b\u1ea5t k\u1ec3 h\u1ecd \u0111ang s\u1eed d\u1ee5ng thi\u1ebft b\u1ecb n\u00e0o.\n<\/p>\n<h2>\n M\u00e3 ngu\u1ed3n WordPress v\u1edbi Theme Flatsome v\u00e0 UX Builder<br \/>\n<\/h2>\n<p>\n Ch\u00fang t\u00f4i s\u1eed d\u1ee5ng m\u00e3 ngu\u1ed3n WordPress, v\u1edbi Theme Flatsome v\u00e0 UX Builder, gi\u00fap b\u1ea1n d\u1ec5 d\u00e0ng t\u00f9y bi\u1ebfn v\u00e0 qu\u1ea3n l\u00fd n\u1ed9i dung tr\u00ean website. B\u1ea1n c\u00f3 th\u1ec3 t\u1ef1 m\u00ecnh ch\u1ec9nh s\u1eeda, c\u1eadp nh\u1eadt c\u00e1c th\u00f4ng tin m\u00e0 kh\u00f4ng c\u1ea7n b\u1ea5t k\u1ef3 ki\u1ebfn th\u1ee9c l\u1eadp tr\u00ecnh n\u00e0o.\n<\/p>\n<h2>\n T\u1ed1c \u0111\u1ed9 t\u1ea3i trang nhanh<br \/>\n<\/h2>\n<p>\n Ch\u00fang t\u00f4i \u0111\u1ea3m b\u1ea3o r\u1eb1ng website c\u1ee7a b\u1ea1n s\u1ebd c\u00f3 t\u1ed1c \u0111\u1ed9 t\u1ea3i trang nhanh, gi\u00fap n\u00e2ng cao tr\u1ea3i nghi\u1ec7m ng\u01b0\u1eddi d\u00f9ng v\u00e0 gi\u1ea3m t\u1ef7 l\u1ec7 tho\u00e1t trang. T\u1ed1c \u0111\u1ed9 l\u00e0 m\u1ed9t y\u1ebfu t\u1ed1 quan tr\u1ecdng trong SEO v\u00e0 l\u00e0 ch\u00eca kh\u00f3a \u0111\u1ec3 gi\u1eef ch\u00e2n kh\u00e1ch h\u00e0ng.\n<\/p>\n<hr\/>\n<p>\n N\u1ebfu b\u1ea1n \u0111ang t\u00ecm ki\u1ebfm m\u1ed9t \u0111\u1ed1i t\u00e1c \u0111\u00e1ng tin c\u1eady \u0111\u1ec3 thi\u1ebft k\u1ebf website, h\u00e3y l\u1ef1a ch\u1ecdn LADIGI Agency. Ch\u00fang t\u00f4i cam k\u1ebft mang \u0111\u1ebfn cho b\u1ea1n nh\u1eefng gi\u1ea3i ph\u00e1p web t\u1ed1i \u01b0u nh\u1ea5t. \u0110\u1ec3 bi\u1ebft th\u00eam th\u00f4ng tin, h\u00e3y tham kh\u1ea3o<br \/>\n <a href=\"https:\/\/ladigi.vn\/thiet-ke-website\/\"><br \/>\n  D\u1ecbch v\u1ee5 thi\u1ebft k\u1ebf website<br \/>\n <\/a><br \/>\n .<\/p>\n","protected":false},"excerpt":{"rendered":"<p>D\u1ecbch v\u1ee5 thi\u1ebft k\u1ebf website Umbria Ebike mang \u0111\u1ebfn giao di\u1ec7n \u0111\u1eb9p m\u1eaft, chuy\u00ean nghi\u1ec7p v\u00e0 d\u1ec5 s\u1eed d\u1ee5ng. Website t\u01b0\u01a1ng th\u00edch m\u1ecdi thi\u1ebft b\u1ecb, s\u1eed d\u1ee5ng m\u00e3 ngu\u1ed3n Wordpress v\u1edbi Theme Flatsome v\u00e0 UX Builder d\u1ec5 t\u00f9y bi\u1ebfn, \u0111\u1ea3m b\u1ea3o t\u1ed1c \u0111\u1ed9 t\u1ea3i trang nhanh ch\u00f3ng, n\u00e2ng cao tr\u1ea3i nghi\u1ec7m ng\u01b0\u1eddi d\u00f9ng.<\/p>\n","protected":false},"featured_media":4024,"comment_status":"open","ping_status":"closed","template":"","meta":[],"product_cat":[16,48,58],"product_tag":[23],"class_list":{"0":"post-4022","1":"product","2":"type-product","3":"status-publish","4":"has-post-thumbnail","6":"product_cat-tat-ca","7":"product_cat-the-thao","8":"product_cat-xe-dap","9":"product_tag-ban-hang","11":"first","12":"instock","13":"shipping-taxable","14":"purchasable","15":"product-type-simple"},"_links":{"self":[{"href":"https:\/\/ladigi.vn\/thiet-ke-website\/wp-json\/wp\/v2\/product\/4022","targetHints":{"allow":["GET"]}}],"collection":[{"href":"https:\/\/ladigi.vn\/thiet-ke-website\/wp-json\/wp\/v2\/product"}],"about":[{"href":"https:\/\/ladigi.vn\/thiet-ke-website\/wp-json\/wp\/v2\/types\/product"}],"replies":[{"embeddable":true,"href":"https:\/\/ladigi.vn\/thiet-ke-website\/wp-json\/wp\/v2\/comments?post=4022"}],"wp:featuredmedia":[{"embeddable":true,"href":"https:\/\/ladigi.vn\/thiet-ke-website\/wp-json\/wp\/v2\/media\/4024"}],"wp:attachment":[{"href":"https:\/\/ladigi.vn\/thiet-ke-website\/wp-json\/wp\/v2\/media?parent=4022"}],"wp:term":[{"taxonomy":"product_cat","embeddable":true,"href":"https:\/\/ladigi.vn\/thiet-ke-website\/wp-json\/wp\/v2\/product_cat?post=4022"},{"taxonomy":"product_tag","embeddable":true,"href":"https:\/\/ladigi.vn\/thiet-ke-website\/wp-json\/wp\/v2\/product_tag?post=4022"}],"curies":[{"name":"wp","href":"https:\/\/api.w.org\/{rel}","templated":true}]}}