{"id":4051,"date":"2021-05-10T17:16:15","date_gmt":"2021-05-10T10:16:15","guid":{"rendered":"https:\/\/ladigi.vn\/thiet-ke-website\/?post_type=product&#038;p=4051"},"modified":"2025-01-10T22:11:57","modified_gmt":"2025-01-10T15:11:57","slug":"thiet-ke-website-my-pham-dep-tuyet-voi-my-pham-quin","status":"publish","type":"product","link":"https:\/\/ladigi.vn\/thiet-ke-website\/mau-web\/thiet-ke-website-my-pham-dep-tuyet-voi-my-pham-quin\/","title":{"rendered":"M\u1ef9 ph\u1ea9m Quin"},"content":{"rendered":"<h1>\n D\u1ecbch v\u1ee5 Thi\u1ebft k\u1ebf website M\u1ef9 ph\u1ea9m Quin<br \/>\n<\/h1>\n<p>\n Ch\u00e0o m\u1eebng b\u1ea1n \u0111\u1ebfn v\u1edbi d\u1ecbch v\u1ee5 thi\u1ebft k\u1ebf website m\u1ef9 ph\u1ea9m Quin! Ch\u00fang t\u00f4i t\u1ef1 h\u00e0o mang \u0111\u1ebfn cho kh\u00e1ch h\u00e0ng m\u1ed9t giao di\u1ec7n web \u0111\u1eb9p m\u1eaft, chuy\u00ean nghi\u1ec7p v\u00e0 d\u1ec5 s\u1eed d\u1ee5ng. V\u1edbi m\u1ee5c ti\u00eau t\u1ea1o ra tr\u1ea3i nghi\u1ec7m t\u1ed1t nh\u1ea5t cho ng\u01b0\u1eddi d\u00f9ng, website c\u1ee7a ch\u00fang t\u00f4i \u0111\u01b0\u1ee3c thi\u1ebft k\u1ebf t\u1ed1i \u01b0u h\u00f3a t\u1eeb m\u1ecdi kh\u00eda c\u1ea1nh.\n<\/p>\n<h2>\n Giao di\u1ec7n \u0110\u1eb9p v\u00e0 Chuy\u00ean Nghi\u1ec7p<br \/>\n<\/h2>\n<p>\n Website c\u1ee7a m\u1ef9 ph\u1ea9m Quin s\u1edf h\u1eefu m\u1ed9t giao di\u1ec7n thu h\u00fat, \u0111\u01b0\u1ee3c thi\u1ebft k\u1ebf tinh t\u1ebf v\u1edbi phong c\u00e1ch hi\u1ec7n \u0111\u1ea1i, ph\u00f9 h\u1ee3p v\u1edbi xu h\u01b0\u1edbng ti\u00eau d\u00f9ng hi\u1ec7n nay. M\u1ecdi y\u1ebfu t\u1ed1 tr\u00ean trang \u0111\u1ec1u \u0111\u01b0\u1ee3c s\u1eafp x\u1ebfp h\u1ee3p l\u00fd, gi\u00fap kh\u00e1ch h\u00e0ng d\u1ec5 d\u00e0ng t\u00ecm ki\u1ebfm th\u00f4ng tin v\u00e0 s\u1ea3n ph\u1ea9m m\u00e0 m\u00ecnh c\u1ea7n.\n<\/p>\n<h2>\n T\u01b0\u01a1ng Th\u00edch Tr\u00ean M\u1ecdi Thi\u1ebft B\u1ecb<br \/>\n<\/h2>\n<p>\n Ch\u00fang t\u00f4i cam k\u1ebft r\u1eb1ng trang web c\u1ee7a m\u1ef9 ph\u1ea9m Quin s\u1ebd ho\u1ea1t \u0111\u1ed9ng t\u1ed1t tr\u00ean t\u1ea5t c\u1ea3 c\u00e1c thi\u1ebft b\u1ecb, t\u1eeb m\u00e1y t\u00ednh \u0111\u1ec3 b\u00e0n \u0111\u1ebfn \u0111i\u1ec7n tho\u1ea1i di \u0111\u1ed9ng. Thi\u1ebft k\u1ebf Responsive \u0111\u1ea3m b\u1ea3o ng\u01b0\u1eddi d\u00f9ng c\u00f3 th\u1ec3 truy c\u1eadp v\u00e0 s\u1eed d\u1ee5ng website m\u1ed9t c\u00e1ch d\u1ec5 d\u00e0ng, kh\u00f4ng ph\u1ee5 thu\u1ed9c v\u00e0o lo\u1ea1i thi\u1ebft b\u1ecb h\u1ecd \u0111ang s\u1eed d\u1ee5ng.\n<\/p>\n<h2>\n M\u00e3 Ngu\u1ed3n WordPress D\u1ec5 T\u00f9y Bi\u1ebfn<br \/>\n<\/h2>\n<p>\n Website \u0111\u01b0\u1ee3c x\u00e2y d\u1ef1ng tr\u00ean n\u1ec1n t\u1ea3ng WordPress v\u1edbi theme Flatsome, k\u1ebft h\u1ee3p v\u1edbi UX Builder gi\u00fap cho vi\u1ec7c t\u00f9y ch\u1ec9nh tr\u1edf n\u00ean \u0111\u01a1n gi\u1ea3n v\u00e0 linh ho\u1ea1t. B\u1ea1n c\u00f3 th\u1ec3 d\u1ec5 d\u00e0ng thay \u0111\u1ed5i n\u1ed9i dung, h\u00ecnh \u1ea3nh, v\u00e0 s\u1eafp x\u1ebfp giao di\u1ec7n theo \u00fd mu\u1ed1n m\u00e0 kh\u00f4ng c\u1ea7n ph\u1ea3i c\u00f3 ki\u1ebfn th\u1ee9c l\u1eadp tr\u00ecnh ph\u1ee9c t\u1ea1p.\n<\/p>\n<h2>\n T\u1ed1c \u0110\u1ed9 T\u1ea3i Trang Nhanh<br \/>\n<\/h2>\n<p>\n Ch\u00fang t\u00f4i hi\u1ec3u r\u1eb1ng t\u1ed1c \u0111\u1ed9 t\u1ea3i trang l\u00e0 m\u1ed9t y\u1ebfu t\u1ed1 quan tr\u1ecdng \u1ea3nh h\u01b0\u1edfng \u0111\u1ebfn tr\u1ea3i nghi\u1ec7m ng\u01b0\u1eddi d\u00f9ng. Website m\u1ef9 ph\u1ea9m Quin \u0111\u01b0\u1ee3c t\u1ed1i \u01b0u h\u00f3a \u0111\u1ec3 \u0111\u1ea3m b\u1ea3o t\u1ed1c \u0111\u1ed9 t\u1ea3i nhanh, gi\u00fap ng\u01b0\u1eddi d\u00f9ng c\u00f3 th\u1ec3 truy c\u1eadp th\u00f4ng tin m\u1ed9t c\u00e1ch nhanh ch\u00f3ng, t\u1eeb \u0111\u00f3 th\u00fac \u0111\u1ea9y t\u1ef7 l\u1ec7 chuy\u1ec3n \u0111\u1ed5i cao h\u01a1n.\n<\/p>\n<hr\/>\n<p>\n \u0110\u1eebng ch\u1ea7n ch\u1eeb n\u1eefa, h\u00e3y \u0111\u1ebfn v\u1edbi LADIGI \u0111\u1ec3 \u0111\u01b0\u1ee3c tr\u1ea3i nghi\u1ec7m d\u1ecbch v\u1ee5 thi\u1ebft k\u1ebf website ch\u1ea5t l\u01b0\u1ee3ng v\u1edbi m\u1ee9c gi\u00e1 h\u1ee3p l\u00fd. Ch\u00fang t\u00f4i t\u1ef1 tin mang \u0111\u1ebfn cho b\u1ea1n m\u1ed9t s\u1ea3n ph\u1ea9m ho\u00e0n h\u1ea3o nh\u1ea5t.\n<\/p>\n<p>\n <a href=\"https:\/\/ladigi.vn\/thiet-ke-website\/\"><br \/>\n  <strong><br \/>\n   C\u00f4ng ty thi\u1ebft k\u1ebf web gi\u00e1 r\u1ebb<br \/>\n  <\/strong><br \/>\n <\/a><\/p>\n","protected":false},"excerpt":{"rendered":"<p>D\u1ecbch v\u1ee5 Thi\u1ebft k\u1ebf website M\u1ef9 ph\u1ea9m Quin mang \u0111\u1ebfn giao di\u1ec7n \u0111\u1eb9p, chuy\u00ean nghi\u1ec7p, d\u1ec5 s\u1eed d\u1ee5ng, t\u01b0\u01a1ng th\u00edch m\u1ecdi thi\u1ebft b\u1ecb. S\u1eed d\u1ee5ng m\u00e3 ngu\u1ed3n Wordpress v\u1edbi Theme Flatsome v\u00e0 UX Builder, ng\u01b0\u1eddi d\u00f9ng d\u1ec5 d\u00e0ng t\u00f9y bi\u1ebfn. \u0110\u1eb7c bi\u1ec7t, t\u1ed1c \u0111\u1ed9 t\u1ea3i trang nhanh, gi\u00fap n\u00e2ng cao tr\u1ea3i nghi\u1ec7m kh\u00e1ch h\u00e0ng.<\/p>\n","protected":false},"featured_media":4054,"comment_status":"open","ping_status":"closed","template":"","meta":[],"product_cat":[16,44,35],"product_tag":[23],"class_list":{"0":"post-4051","1":"product","2":"type-product","3":"status-publish","4":"has-post-thumbnail","6":"product_cat-tat-ca","7":"product_cat-lam-dep","8":"product_cat-my-pham","9":"product_tag-ban-hang","11":"first","12":"instock","13":"shipping-taxable","14":"purchasable","15":"product-type-simple"},"_links":{"self":[{"href":"https:\/\/ladigi.vn\/thiet-ke-website\/wp-json\/wp\/v2\/product\/4051","targetHints":{"allow":["GET"]}}],"collection":[{"href":"https:\/\/ladigi.vn\/thiet-ke-website\/wp-json\/wp\/v2\/product"}],"about":[{"href":"https:\/\/ladigi.vn\/thiet-ke-website\/wp-json\/wp\/v2\/types\/product"}],"replies":[{"embeddable":true,"href":"https:\/\/ladigi.vn\/thiet-ke-website\/wp-json\/wp\/v2\/comments?post=4051"}],"wp:featuredmedia":[{"embeddable":true,"href":"https:\/\/ladigi.vn\/thiet-ke-website\/wp-json\/wp\/v2\/media\/4054"}],"wp:attachment":[{"href":"https:\/\/ladigi.vn\/thiet-ke-website\/wp-json\/wp\/v2\/media?parent=4051"}],"wp:term":[{"taxonomy":"product_cat","embeddable":true,"href":"https:\/\/ladigi.vn\/thiet-ke-website\/wp-json\/wp\/v2\/product_cat?post=4051"},{"taxonomy":"product_tag","embeddable":true,"href":"https:\/\/ladigi.vn\/thiet-ke-website\/wp-json\/wp\/v2\/product_tag?post=4051"}],"curies":[{"name":"wp","href":"https:\/\/api.w.org\/{rel}","templated":true}]}}