{"id":4055,"date":"2021-05-10T17:18:48","date_gmt":"2021-05-10T10:18:48","guid":{"rendered":"https:\/\/ladigi.vn\/thiet-ke-website\/?post_type=product&#038;p=4055"},"modified":"2025-01-10T22:13:46","modified_gmt":"2025-01-10T15:13:46","slug":"thiet-ke-web-ban-tui-xach-thoi-trang-nam-nu-tuyet-dep","status":"publish","type":"product","link":"https:\/\/ladigi.vn\/thiet-ke-website\/mau-web\/thiet-ke-web-ban-tui-xach-thoi-trang-nam-nu-tuyet-dep\/","title":{"rendered":"T\u00fai X\u00e1ch Th\u1eddi Trang Nam N\u1eef"},"content":{"rendered":"<h1>\n D\u1ecbch v\u1ee5 Thi\u1ebft k\u1ebf website T\u00fai X\u00e1ch Th\u1eddi Trang Nam N\u1eef<br \/>\n<\/h1>\n<p>\n Trong th\u1eddi \u0111\u1ea1i s\u1ed1 h\u00f3a ng\u00e0y nay, vi\u1ec7c s\u1edf h\u1eefu m\u1ed9t website \u0111\u1eb9p v\u00e0 ch\u1ea5t l\u01b0\u1ee3ng l\u00e0 \u0111i\u1ec1u c\u1ef1c k\u1ef3 c\u1ea7n thi\u1ebft cho c\u00e1c th\u01b0\u01a1ng hi\u1ec7u t\u00fai x\u00e1ch th\u1eddi trang nam n\u1eef. Ch\u00fang t\u00f4i t\u1ef1 h\u00e0o cung c\u1ea5p d\u1ecbch v\u1ee5<br \/>\n <strong><br \/>\n  thi\u1ebft k\u1ebf website t\u00fai x\u00e1ch th\u1eddi trang<br \/>\n <\/strong><br \/>\n v\u1edbi nh\u1eefng \u01b0u \u0111i\u1ec3m n\u1ed5i b\u1eadt:\n<\/p>\n<h2>\n Giao di\u1ec7n \u0111\u1eb9p, chuy\u00ean nghi\u1ec7p v\u00e0 d\u1ec5 s\u1eed d\u1ee5ng<br \/>\n<\/h2>\n<p>\n Website c\u1ee7a b\u1ea1n s\u1ebd \u0111\u01b0\u1ee3c thi\u1ebft k\u1ebf v\u1edbi giao di\u1ec7n sang tr\u1ecdng v\u00e0 hi\u1ec7n \u0111\u1ea1i, mang l\u1ea1i \u1ea5n t\u01b0\u1ee3ng m\u1ea1nh m\u1ebd cho ng\u01b0\u1eddi d\u00f9ng. Thi\u1ebft k\u1ebf tr\u1ef1c quan v\u00e0 d\u1ec5 s\u1eed d\u1ee5ng s\u1ebd gi\u00fap kh\u00e1ch h\u00e0ng d\u1ec5 d\u00e0ng t\u00ecm ki\u1ebfm s\u1ea3n ph\u1ea9m v\u00e0 th\u00f4ng tin m\u1ed9t c\u00e1ch nhanh ch\u00f3ng.\n<\/p>\n<h2>\n T\u01b0\u01a1ng th\u00edch tr\u00ean m\u1ecdi thi\u1ebft b\u1ecb<br \/>\n<\/h2>\n<p>\n Ch\u00fang t\u00f4i \u0111\u1ea3m b\u1ea3o r\u1eb1ng website \u0111\u01b0\u1ee3c thi\u1ebft k\u1ebf c\u00f3 kh\u1ea3 n\u0103ng t\u01b0\u01a1ng th\u00edch ho\u00e0n h\u1ea3o tr\u00ean m\u1ecdi thi\u1ebft b\u1ecb, t\u1eeb m\u00e1y t\u00ednh \u0111\u1ec3 b\u00e0n, laptop, cho \u0111\u1ebfn smartphone v\u00e0 m\u00e1y t\u00ednh b\u1ea3ng. \u0110i\u1ec1u n\u00e0y kh\u00f4ng ch\u1ec9 gi\u00fap gia t\u0103ng tr\u1ea3i nghi\u1ec7m ng\u01b0\u1eddi d\u00f9ng m\u00e0 c\u00f2n c\u1ea3i thi\u1ec7n kh\u1ea3 n\u0103ng ti\u1ebfp c\u1eadn c\u1ee7a th\u01b0\u01a1ng hi\u1ec7u b\u1ea1n tr\u00ean to\u00e0n c\u1ea7u.\n<\/p>\n<h2>\n M\u00e3 ngu\u1ed3n WordPress v\u1edbi Theme Flatsome v\u00e0 UX Builder d\u1ec5 t\u00f9y bi\u1ebfn<br \/>\n<\/h2>\n<p>\n H\u1ec7 th\u1ed1ng m\u00e3 ngu\u1ed3n m\u00e0 ch\u00fang t\u00f4i s\u1eed d\u1ee5ng l\u00e0 WordPress, v\u1edbi theme Flatsome &#8211; m\u1ed9t trong nh\u1eefng theme th\u01b0\u01a1ng m\u1ea1i \u0111i\u1ec7n t\u1eed h\u00e0ng \u0111\u1ea7u hi\u1ec7n nay. K\u00e8m theo \u0111\u00f3 l\u00e0 UX Builder gi\u00fap b\u1ea1n d\u1ec5 d\u00e0ng t\u00f9y bi\u1ebfn giao di\u1ec7n website sao cho ph\u00f9 h\u1ee3p v\u1edbi phong c\u00e1ch c\u1ee7a th\u01b0\u01a1ng hi\u1ec7u b\u1ea1n m\u00e0 kh\u00f4ng c\u1ea7n c\u00f3 nhi\u1ec1u ki\u1ebfn th\u1ee9c v\u1ec1 l\u1eadp tr\u00ecnh.\n<\/p>\n<h2>\n T\u1ed1c \u0111\u1ed9 t\u1ea3i trang nhanh<br \/>\n<\/h2>\n<p>\n Ch\u00fang t\u00f4i cam k\u1ebft t\u1ed1i \u01b0u h\u00f3a t\u1ed1c \u0111\u1ed9 t\u1ea3i trang nhanh nh\u1ea5t c\u00f3 th\u1ec3, gi\u00fap kh\u00e1ch h\u00e0ng c\u1ee7a b\u1ea1n kh\u00f4ng ph\u1ea3i ch\u1edd \u0111\u1ee3i m\u00e0 ngay l\u1eadp t\u1ee9c c\u00f3 th\u1ec3 truy c\u1eadp v\u00e0o nh\u1eefng s\u1ea3n ph\u1ea9m \u01b0ng \u00fd. M\u1ed9t trang web t\u1ea3i nhanh g\u00f3p ph\u1ea7n quan tr\u1ecdng v\u00e0o vi\u1ec7c gi\u1eef ch\u00e2n kh\u00e1ch h\u00e0ng v\u00e0 c\u1ea3i thi\u1ec7n th\u1ee9 h\u1ea1ng tr\u00ean c\u00e1c c\u00f4ng c\u1ee5 t\u00ecm ki\u1ebfm.\n<\/p>\n<hr\/>\n<p>\n \u0110\u1ec3 bi\u1ebft th\u00eam th\u00f4ng tin v\u1ec1 d\u1ecbch v\u1ee5 thi\u1ebft k\u1ebf website, h\u00e3y tham kh\u1ea3o<br \/>\n <a href=\"https:\/\/ladigi.vn\/thiet-ke-website\/\"><br \/>\n  G\u00f3i thi\u1ebft k\u1ebf website chu\u1ea9n SEO<br \/>\n <\/a><br \/>\n .\n<\/p>\n<p>\n Ch\u00fang t\u00f4i &#8211;<br \/>\n <strong><br \/>\n  LADIGI Agency<br \/>\n <\/strong><br \/>\n &#8211; \u0111\u01a1n v\u1ecb thi\u1ebft k\u1ebf website chuy\u00ean nghi\u1ec7p, s\u1eb5n s\u00e0ng \u0111\u1ed3ng h\u00e0nh c\u00f9ng b\u1ea1n trong vi\u1ec7c x\u00e2y d\u1ef1ng v\u00e0 ph\u00e1t tri\u1ec3n th\u01b0\u01a1ng hi\u1ec7u t\u00fai x\u00e1ch th\u1eddi trang n\u1ed5i b\u1eadt tr\u00ean th\u1ecb tr\u01b0\u1eddng.<\/p>\n","protected":false},"excerpt":{"rendered":"<p>D\u1ecbch v\u1ee5 Thi\u1ebft k\u1ebf website T\u00fai X\u00e1ch Th\u1eddi Trang Nam N\u1eef cung c\u1ea5p giao di\u1ec7n \u0111\u1eb9p, chuy\u00ean nghi\u1ec7p v\u00e0 d\u1ec5 s\u1eed d\u1ee5ng. T\u01b0\u01a1ng th\u00edch tr\u00ean m\u1ecdi thi\u1ebft b\u1ecb, website s\u1eed d\u1ee5ng m\u00e3 ngu\u1ed3n Wordpress v\u1edbi Theme Flatsome v\u00e0 UX Builder, gi\u00fap t\u00f9y bi\u1ebfn linh ho\u1ea1t. \u0110\u1eb7c bi\u1ec7t, t\u1ed1c \u0111\u1ed9 t\u1ea3i trang nhanh ch\u00f3ng.<\/p>\n","protected":false},"featured_media":4059,"comment_status":"open","ping_status":"closed","template":"","meta":[],"product_cat":[16,54,34],"product_tag":[23],"class_list":{"0":"post-4055","1":"product","2":"type-product","3":"status-publish","4":"has-post-thumbnail","6":"product_cat-tat-ca","7":"product_cat-giay-dep","8":"product_cat-thoi-trang","9":"product_tag-ban-hang","11":"first","12":"instock","13":"shipping-taxable","14":"purchasable","15":"product-type-simple"},"_links":{"self":[{"href":"https:\/\/ladigi.vn\/thiet-ke-website\/wp-json\/wp\/v2\/product\/4055","targetHints":{"allow":["GET"]}}],"collection":[{"href":"https:\/\/ladigi.vn\/thiet-ke-website\/wp-json\/wp\/v2\/product"}],"about":[{"href":"https:\/\/ladigi.vn\/thiet-ke-website\/wp-json\/wp\/v2\/types\/product"}],"replies":[{"embeddable":true,"href":"https:\/\/ladigi.vn\/thiet-ke-website\/wp-json\/wp\/v2\/comments?post=4055"}],"wp:featuredmedia":[{"embeddable":true,"href":"https:\/\/ladigi.vn\/thiet-ke-website\/wp-json\/wp\/v2\/media\/4059"}],"wp:attachment":[{"href":"https:\/\/ladigi.vn\/thiet-ke-website\/wp-json\/wp\/v2\/media?parent=4055"}],"wp:term":[{"taxonomy":"product_cat","embeddable":true,"href":"https:\/\/ladigi.vn\/thiet-ke-website\/wp-json\/wp\/v2\/product_cat?post=4055"},{"taxonomy":"product_tag","embeddable":true,"href":"https:\/\/ladigi.vn\/thiet-ke-website\/wp-json\/wp\/v2\/product_tag?post=4055"}],"curies":[{"name":"wp","href":"https:\/\/api.w.org\/{rel}","templated":true}]}}