{"id":4061,"date":"2021-05-10T17:21:04","date_gmt":"2021-05-10T10:21:04","guid":{"rendered":"https:\/\/ladigi.vn\/thiet-ke-website\/?post_type=product&#038;p=4061"},"modified":"2025-01-10T22:16:26","modified_gmt":"2025-01-10T15:16:26","slug":"thiet-ke-website-ban-dien-thoai-di-dong-may-tinh-laptop","status":"publish","type":"product","link":"https:\/\/ladigi.vn\/thiet-ke-website\/mau-web\/thiet-ke-website-ban-dien-thoai-di-dong-may-tinh-laptop\/","title":{"rendered":"\u0110i\u1ec7n Tho\u1ea1i Di \u0110\u1ed9ng, M\u00e1y T\u00ednh, Laptop"},"content":{"rendered":"<h1>\n D\u1ecbch v\u1ee5 Thi\u1ebft k\u1ebf website \u0110i\u1ec7n Tho\u1ea1i Di \u0110\u1ed9ng, M\u00e1y T\u00ednh, Laptop<br \/>\n<\/h1>\n<p>\n Ch\u00fang t\u00f4i t\u1ef1 h\u00e0o mang \u0111\u1ebfn d\u1ecbch v\u1ee5 thi\u1ebft k\u1ebf website chuy\u00ean nghi\u1ec7p cho c\u00e1c doanh nghi\u1ec7p kinh doanh \u0111i\u1ec7n tho\u1ea1i di \u0111\u1ed9ng, m\u00e1y t\u00ednh v\u00e0 laptop. V\u1edbi giao di\u1ec7n web \u0111\u01b0\u1ee3c thi\u1ebft k\u1ebf \u0111\u1eb9p m\u1eaft v\u00e0 hi\u1ec7n \u0111\u1ea1i, kh\u00e1ch h\u00e0ng s\u1ebd c\u00f3 tr\u1ea3i nghi\u1ec7m tuy\u1ec7t v\u1eddi khi truy c\u1eadp v\u00e0o trang web c\u1ee7a b\u1ea1n.\n<\/p>\n<h2>\n T\u00ednh n\u0103ng n\u1ed5i b\u1eadt c\u1ee7a d\u1ecbch v\u1ee5 thi\u1ebft k\u1ebf website:<br \/>\n<\/h2>\n<ul>\n<li>\n<p>\n   <strong><br \/>\n    Giao di\u1ec7n \u0111\u1eb9p v\u00e0 chuy\u00ean nghi\u1ec7p:<br \/>\n   <\/strong><br \/>\n   Ch\u00fang t\u00f4i ch\u00fa tr\u1ecdng v\u00e0o t\u1eebng chi ti\u1ebft trong thi\u1ebft k\u1ebf giao di\u1ec7n, gi\u00fap website c\u1ee7a b\u1ea1n n\u1ed5i b\u1eadt v\u00e0 thu h\u00fat kh\u00e1ch h\u00e0ng ngay t\u1eeb c\u00e1i nh\u00ecn \u0111\u1ea7u ti\u00ean.\n  <\/p>\n<\/li>\n<li>\n<p>\n   <strong><br \/>\n    D\u1ec5 s\u1eed d\u1ee5ng:<br \/>\n   <\/strong><br \/>\n   Giao di\u1ec7n ng\u01b0\u1eddi d\u00f9ng th\u00e2n thi\u1ec7n, gi\u00fap m\u1ecdi ng\u01b0\u1eddi d\u1ec5 d\u00e0ng t\u00ecm ki\u1ebfm th\u00f4ng tin v\u00e0 s\u1ea3n ph\u1ea9m m\u00e0 kh\u00f4ng g\u1eb7p kh\u00f3 kh\u0103n n\u00e0o.\n  <\/p>\n<\/li>\n<li>\n<p>\n   <strong><br \/>\n    T\u01b0\u01a1ng th\u00edch tr\u00ean m\u1ecdi thi\u1ebft b\u1ecb:<br \/>\n   <\/strong><br \/>\n   V\u1edbi xu h\u01b0\u1edbng ng\u01b0\u1eddi d\u00f9ng truy c\u1eadp v\u00e0o internet qua nhi\u1ec1u thi\u1ebft b\u1ecb kh\u00e1c nhau, website c\u1ee7a b\u1ea1n s\u1ebd \u0111\u01b0\u1ee3c t\u1ed1i \u01b0u h\u00f3a \u0111\u1ec3 hi\u1ec3n th\u1ecb t\u1ed1t nh\u1ea5t tr\u00ean c\u1ea3 m\u00e1y t\u00ednh, m\u00e1y t\u00ednh b\u1ea3ng v\u00e0 \u0111i\u1ec7n tho\u1ea1i di \u0111\u1ed9ng.\n  <\/p>\n<\/li>\n<li>\n<p>\n   <strong><br \/>\n    M\u00e3 ngu\u1ed3n WordPress:<br \/>\n   <\/strong><br \/>\n   Ch\u00fang t\u00f4i s\u1eed d\u1ee5ng m\u00e3 ngu\u1ed3n WordPress v\u1edbi Theme Flatsome v\u00e0 UX Builder linh ho\u1ea1t, gi\u00fap b\u1ea1n d\u1ec5 d\u00e0ng t\u00f9y ch\u1ec9nh v\u00e0 qu\u1ea3n l\u00fd n\u1ed9i dung m\u1ed9t c\u00e1ch hi\u1ec7u qu\u1ea3.\n  <\/p>\n<\/li>\n<li>\n<p>\n   <strong><br \/>\n    T\u1ed1c \u0111\u1ed9 t\u1ea3i trang nhanh:<br \/>\n   <\/strong><br \/>\n   T\u1ed1c \u0111\u1ed9 t\u1ea3i trang nhanh l\u00e0 y\u1ebfu t\u1ed1 quan tr\u1ecdng \u0111\u1ec3 gi\u1eef ch\u00e2n kh\u00e1ch h\u00e0ng. Ch\u00fang t\u00f4i \u0111\u1ea3m b\u1ea3o website c\u1ee7a b\u1ea1n s\u1ebd \u0111\u01b0\u1ee3c t\u1ed1i \u01b0u t\u1ed1t nh\u1ea5t \u0111\u1ec3 \u0111\u1ea3m b\u1ea3o t\u1ed1c \u0111\u1ed9 t\u1ea3i sempre lu\u00f4n \u1edf m\u1ee9c t\u1ed1i \u01b0u.\n  <\/p>\n<\/li>\n<\/ul>\n<p>\n H\u00e3y \u0111\u1ec3 LADIGI Agency gi\u00fap b\u1ea1n x\u00e2y d\u1ef1ng m\u1ed9t website ch\u1ea5t l\u01b0\u1ee3ng, thu h\u00fat kh\u00e1ch h\u00e0ng v\u00e0 n\u00e2ng cao gi\u00e1 tr\u1ecb th\u01b0\u01a1ng hi\u1ec7u c\u1ee7a b\u1ea1n. \u0110\u1ec3 bi\u1ebft th\u00eam chi ti\u1ebft v\u1ec1 c\u00e1c d\u1ecbch v\u1ee5 thi\u1ebft k\u1ebf website, h\u00e3y truy c\u1eadp v\u00e0o \u0111\u00e2y:<br \/>\n <a href=\"https:\/\/ladigi.vn\/thiet-ke-website\/\"><br \/>\n  D\u1ecbch v\u1ee5 ph\u00e1t tri\u1ec3n website doanh nghi\u1ec7p<br \/>\n <\/a><br \/>\n .<\/p>\n","protected":false},"excerpt":{"rendered":"<p>D\u1ecbch v\u1ee5 thi\u1ebft k\u1ebf website cho \u0111i\u1ec7n tho\u1ea1i di \u0111\u1ed9ng, m\u00e1y t\u00ednh, laptop mang \u0111\u1ebfn giao di\u1ec7n \u0111\u1eb9p, chuy\u00ean nghi\u1ec7p v\u00e0 d\u1ec5 s\u1eed d\u1ee5ng. Website t\u01b0\u01a1ng th\u00edch v\u1edbi m\u1ecdi thi\u1ebft b\u1ecb, s\u1eed d\u1ee5ng m\u00e3 ngu\u1ed3n Wordpress v\u1edbi Theme Flatsome v\u00e0 UX Builder d\u1ec5 t\u00f9y bi\u1ebfn. T\u1ed1c \u0111\u1ed9 t\u1ea3i trang nhanh ch\u00f3ng, t\u1ed1i \u01b0u tr\u1ea3i nghi\u1ec7m ng\u01b0\u1eddi d\u00f9ng.<\/p>\n","protected":false},"featured_media":4064,"comment_status":"open","ping_status":"closed","template":"","meta":[],"product_cat":[16,37,62],"product_tag":[23],"class_list":{"0":"post-4061","1":"product","2":"type-product","3":"status-publish","4":"has-post-thumbnail","6":"product_cat-tat-ca","7":"product_cat-dien-may","8":"product_cat-thiet-bi-dien-tu","9":"product_tag-ban-hang","11":"first","12":"instock","13":"shipping-taxable","14":"purchasable","15":"product-type-simple"},"_links":{"self":[{"href":"https:\/\/ladigi.vn\/thiet-ke-website\/wp-json\/wp\/v2\/product\/4061","targetHints":{"allow":["GET"]}}],"collection":[{"href":"https:\/\/ladigi.vn\/thiet-ke-website\/wp-json\/wp\/v2\/product"}],"about":[{"href":"https:\/\/ladigi.vn\/thiet-ke-website\/wp-json\/wp\/v2\/types\/product"}],"replies":[{"embeddable":true,"href":"https:\/\/ladigi.vn\/thiet-ke-website\/wp-json\/wp\/v2\/comments?post=4061"}],"wp:featuredmedia":[{"embeddable":true,"href":"https:\/\/ladigi.vn\/thiet-ke-website\/wp-json\/wp\/v2\/media\/4064"}],"wp:attachment":[{"href":"https:\/\/ladigi.vn\/thiet-ke-website\/wp-json\/wp\/v2\/media?parent=4061"}],"wp:term":[{"taxonomy":"product_cat","embeddable":true,"href":"https:\/\/ladigi.vn\/thiet-ke-website\/wp-json\/wp\/v2\/product_cat?post=4061"},{"taxonomy":"product_tag","embeddable":true,"href":"https:\/\/ladigi.vn\/thiet-ke-website\/wp-json\/wp\/v2\/product_tag?post=4061"}],"curies":[{"name":"wp","href":"https:\/\/api.w.org\/{rel}","templated":true}]}}