{"id":4067,"date":"2021-05-10T17:23:31","date_gmt":"2021-05-10T10:23:31","guid":{"rendered":"https:\/\/ladigi.vn\/thiet-ke-website\/?post_type=product&#038;p=4067"},"modified":"2025-01-10T22:19:13","modified_gmt":"2025-01-10T15:19:13","slug":"thiet-ke-website-noi-that-mau-so-12","status":"publish","type":"product","link":"https:\/\/ladigi.vn\/thiet-ke-website\/mau-web\/thiet-ke-website-noi-that-mau-so-12\/","title":{"rendered":"N\u1ed9i Th\u1ea5t M\u1eabu S\u1ed1 12"},"content":{"rendered":"<h1>\n D\u1ecbch v\u1ee5 Thi\u1ebft k\u1ebf website N\u1ed9i Th\u1ea5t M\u1eabu S\u1ed1 12<br \/>\n<\/h1>\n<p>\n Ch\u00e0o m\u1eebng b\u1ea1n \u0111\u1ebfn v\u1edbi d\u1ecbch v\u1ee5<br \/>\n <strong><br \/>\n  Thi\u1ebft k\u1ebf website N\u1ed9i Th\u1ea5t M\u1eabu S\u1ed1 12<br \/>\n <\/strong><br \/>\n ! Ch\u00fang t\u00f4i t\u1ef1 h\u00e0o mang \u0111\u1ebfn cho b\u1ea1n m\u1ed9t gi\u1ea3i ph\u00e1p thi\u1ebft k\u1ebf website chuy\u00ean nghi\u1ec7p, v\u1edbi nhi\u1ec1u t\u00ednh n\u0103ng n\u1ed5i b\u1eadt gi\u00fap t\u1ed1i \u01b0u h\u00f3a tr\u1ea3i nghi\u1ec7m ng\u01b0\u1eddi d\u00f9ng.\n<\/p>\n<h2>\n Giao di\u1ec7n \u0111\u1eb9p v\u00e0 chuy\u00ean nghi\u1ec7p<br \/>\n<\/h2>\n<p>\n Website \u0111\u01b0\u1ee3c thi\u1ebft k\u1ebf v\u1edbi giao di\u1ec7n b\u1eaft m\u1eaft, hi\u1ec7n \u0111\u1ea1i v\u00e0 sang tr\u1ecdng, ph\u00f9 h\u1ee3p v\u1edbi xu h\u01b0\u1edbng n\u1ed9i th\u1ea5t hi\u1ec7n \u0111\u1ea1i ng\u00e0y nay. Ng\u01b0\u1eddi d\u00f9ng s\u1ebd c\u1ea3m th\u1ea5y d\u1ec5 d\u00e0ng khi truy c\u1eadp v\u00e0o trang, qua \u0111\u00f3 t\u1ea1o \u1ea5n t\u01b0\u1ee3ng t\u1ed1t ngay t\u1eeb l\u1ea7n \u0111\u1ea7u ti\u00ean.\n<\/p>\n<h2>\n T\u01b0\u01a1ng th\u00edch tr\u00ean m\u1ecdi thi\u1ebft b\u1ecb<br \/>\n<\/h2>\n<p>\n M\u1ed9t trong nh\u1eefng y\u1ebfu t\u1ed1 quan tr\u1ecdng trong thi\u1ebft k\u1ebf website ch\u00ednh l\u00e0 kh\u1ea3 n\u0103ng t\u01b0\u01a1ng th\u00edch tr\u00ean m\u1ecdi thi\u1ebft b\u1ecb. Website c\u1ee7a ch\u00fang t\u00f4i \u0111\u01b0\u1ee3c t\u1ed1i \u01b0u h\u00f3a \u0111\u1ec3 ho\u1ea1t \u0111\u1ed9ng m\u01b0\u1ee3t m\u00e0 tr\u00ean m\u00e1y t\u00ednh \u0111\u1ec3 b\u00e0n, laptop, tablet v\u00e0 c\u1ea3 smartphone, \u0111\u1ea3m b\u1ea3o b\u1ea1n c\u00f3 th\u1ec3 ti\u1ebfp c\u1eadn kh\u00e1ch h\u00e0ng t\u1eeb nhi\u1ec1u ngu\u1ed3n kh\u00e1c nhau.\n<\/p>\n<h2>\n C\u00f4ng ngh\u1ec7 hi\u1ec7n \u0111\u1ea1i<br \/>\n<\/h2>\n<p>\n \u0110\u01b0\u1ee3c x\u00e2y d\u1ef1ng tr\u00ean n\u1ec1n t\u1ea3ng m\u00e3 ngu\u1ed3n m\u1edf WordPress, c\u00f9ng v\u1edbi Theme Flatsome v\u00e0 UX Builder, website c\u1ee7a b\u1ea1n s\u1ebd d\u1ec5 d\u00e0ng t\u00f9y bi\u1ebfn theo mong mu\u1ed1n. B\u1ea1n c\u00f3 th\u1ec3 tho\u1ea3i m\u00e1i th\u00eam b\u1edbt ch\u1ee9c n\u0103ng, \u0111i\u1ec1u ch\u1ec9nh giao di\u1ec7n m\u00e0 kh\u00f4ng c\u1ea7n nhi\u1ec1u ki\u1ebfn th\u1ee9c v\u1ec1 l\u1eadp tr\u00ecnh.\n<\/p>\n<h2>\n T\u1ed1c \u0111\u1ed9 t\u1ea3i trang nhanh<br \/>\n<\/h2>\n<p>\n Ch\u00fang t\u00f4i hi\u1ec3u r\u1eb1ng t\u1ed1c \u0111\u1ed9 t\u1ea3i trang \u1ea3nh h\u01b0\u1edfng l\u1edbn \u0111\u1ebfn tr\u1ea3i nghi\u1ec7m ng\u01b0\u1eddi d\u00f9ng. V\u1edbi c\u00f4ng ngh\u1ec7 t\u1ed1i \u01b0u nh\u1ea5t, website c\u1ee7a b\u1ea1n s\u1ebd c\u00f3 t\u1ed1c \u0111\u1ed9 t\u1ea3i trang nhanh ch\u00f3ng, gi\u00fap gi\u1eef ch\u00e2n kh\u00e1ch h\u00e0ng v\u00e0 t\u0103ng t\u1ef7 l\u1ec7 chuy\u1ec3n \u0111\u1ed5i.\n<\/p>\n<hr\/>\n<p>\n \u0110\u1ec3 s\u1edf h\u1eefu m\u1ed9t website n\u1ed9i th\u1ea5t chuy\u00ean nghi\u1ec7p v\u00e0 \u1ea5n t\u01b0\u1ee3ng, h\u00e3y li\u00ean h\u1ec7 v\u1edbi ch\u00fang t\u00f4i \u2013<br \/>\n <strong><br \/>\n  LADIGI Agency<br \/>\n <\/strong><br \/>\n . \u0110\u1ed9i ng\u0169 thi\u1ebft k\u1ebf c\u1ee7a ch\u00fang t\u00f4i lu\u00f4n s\u1eb5n s\u00e0ng h\u1ed7 tr\u1ee3 b\u1ea1n t\u1eeb \u00fd t\u01b0\u1edfng \u0111\u1ebfn hi\u1ec7n th\u1ef1c h\u00f3a.\n<\/p>\n<p>\n \u0110\u1ec3 bi\u1ebft th\u00eam chi ti\u1ebft, vui l\u00f2ng tham kh\u1ea3o<br \/>\n <a href=\"https:\/\/ladigi.vn\/thiet-ke-website\/\"><br \/>\n  Thi\u1ebft k\u1ebf giao di\u1ec7n website LADIGI<br \/>\n <\/a><br \/>\n .<\/p>\n","protected":false},"excerpt":{"rendered":"<p>D\u1ecbch v\u1ee5 Thi\u1ebft k\u1ebf website N\u1ed9i Th\u1ea5t M\u1eabu S\u1ed1 12 mang \u0111\u1ebfn giao di\u1ec7n \u0111\u1eb9p, chuy\u00ean nghi\u1ec7p v\u00e0 d\u1ec5 s\u1eed d\u1ee5ng. Website ho\u00e0n to\u00e0n t\u01b0\u01a1ng th\u00edch tr\u00ean m\u1ecdi thi\u1ebft b\u1ecb, s\u1eed d\u1ee5ng m\u00e3 ngu\u1ed3n WordPress v\u1edbi Theme Flatsome v\u00e0 UX Builder linh ho\u1ea1t, \u0111\u1ea3m b\u1ea3o t\u1ed1c \u0111\u1ed9 t\u1ea3i trang nhanh ch\u00f3ng.<\/p>\n","protected":false},"featured_media":4070,"comment_status":"open","ping_status":"closed","template":"","meta":[],"product_cat":[16,30],"product_tag":[24],"class_list":{"0":"post-4067","1":"product","2":"type-product","3":"status-publish","4":"has-post-thumbnail","6":"product_cat-tat-ca","7":"product_cat-noi-that","8":"product_tag-cong-ty","10":"first","11":"instock","12":"shipping-taxable","13":"purchasable","14":"product-type-simple"},"_links":{"self":[{"href":"https:\/\/ladigi.vn\/thiet-ke-website\/wp-json\/wp\/v2\/product\/4067","targetHints":{"allow":["GET"]}}],"collection":[{"href":"https:\/\/ladigi.vn\/thiet-ke-website\/wp-json\/wp\/v2\/product"}],"about":[{"href":"https:\/\/ladigi.vn\/thiet-ke-website\/wp-json\/wp\/v2\/types\/product"}],"replies":[{"embeddable":true,"href":"https:\/\/ladigi.vn\/thiet-ke-website\/wp-json\/wp\/v2\/comments?post=4067"}],"wp:featuredmedia":[{"embeddable":true,"href":"https:\/\/ladigi.vn\/thiet-ke-website\/wp-json\/wp\/v2\/media\/4070"}],"wp:attachment":[{"href":"https:\/\/ladigi.vn\/thiet-ke-website\/wp-json\/wp\/v2\/media?parent=4067"}],"wp:term":[{"taxonomy":"product_cat","embeddable":true,"href":"https:\/\/ladigi.vn\/thiet-ke-website\/wp-json\/wp\/v2\/product_cat?post=4067"},{"taxonomy":"product_tag","embeddable":true,"href":"https:\/\/ladigi.vn\/thiet-ke-website\/wp-json\/wp\/v2\/product_tag?post=4067"}],"curies":[{"name":"wp","href":"https:\/\/api.w.org\/{rel}","templated":true}]}}