{"id":4069,"date":"2021-05-10T17:24:31","date_gmt":"2021-05-10T10:24:31","guid":{"rendered":"https:\/\/ladigi.vn\/thiet-ke-website\/?post_type=product&#038;p=4069"},"modified":"2025-01-10T22:20:07","modified_gmt":"2025-01-10T15:20:07","slug":"thiet-ke-web-ban-laptop-va-phu-kien-giong-surface-store","status":"publish","type":"product","link":"https:\/\/ladigi.vn\/thiet-ke-website\/mau-web\/thiet-ke-web-ban-laptop-va-phu-kien-giong-surface-store\/","title":{"rendered":"Laptop V\u00e0 Ph\u1ee5 Ki\u1ec7n Gi\u1ed1ng Surface Store"},"content":{"rendered":"<h1>\n D\u1ecbch v\u1ee5 Thi\u1ebft k\u1ebf website Laptop V\u00e0 Ph\u1ee5 Ki\u1ec7n Gi\u1ed1ng Surface Store<br \/>\n<\/h1>\n<p>\n B\u1ea1n \u0111ang t\u00ecm ki\u1ebfm m\u1ed9t gi\u1ea3i ph\u00e1p thi\u1ebft k\u1ebf website chuy\u00ean nghi\u1ec7p cho c\u1eeda h\u00e0ng laptop v\u00e0 ph\u1ee5 ki\u1ec7n c\u1ee7a m\u00ecnh? D\u1ecbch v\u1ee5 thi\u1ebft k\u1ebf website Laptop v\u00e0 Ph\u1ee5 Ki\u1ec7n Gi\u1ed1ng Surface Store s\u1ebd mang \u0111\u1ebfn cho b\u1ea1n tr\u1ea3i nghi\u1ec7m tuy\u1ec7t v\u1eddi v\u1edbi nh\u1eefng t\u00ednh n\u0103ng n\u1ed5i b\u1eadt nh\u01b0:\n<\/p>\n<ul>\n<li>\n<p>\n   <strong><br \/>\n    Giao di\u1ec7n web \u0111\u1eb9p v\u00e0 chuy\u00ean nghi\u1ec7p<br \/>\n   <\/strong><br \/>\n   : Ch\u00fang t\u00f4i t\u1ea1o ra nh\u1eefng giao di\u1ec7n thu h\u00fat, mang t\u00ednh th\u1ea9m m\u1ef9 cao, gi\u00fap c\u1eeda h\u00e0ng c\u1ee7a b\u1ea1n n\u1ed5i b\u1eadt trong m\u1eaft kh\u00e1ch h\u00e0ng. Giao di\u1ec7n d\u1ec5 s\u1eed d\u1ee5ng, d\u1ec5 d\u00e0ng \u0111i\u1ec1u h\u01b0\u1edbng \u0111\u1ec3 kh\u00e1ch h\u00e0ng c\u00f3 th\u1ec3 t\u00ecm ki\u1ebfm s\u1ea3n ph\u1ea9m nhanh ch\u00f3ng v\u00e0 hi\u1ec7u qu\u1ea3.\n  <\/p>\n<\/li>\n<li>\n<p>\n   <strong><br \/>\n    T\u01b0\u01a1ng th\u00edch tr\u00ean m\u1ecdi thi\u1ebft b\u1ecb<br \/>\n   <\/strong><br \/>\n   : Website c\u1ee7a b\u1ea1n s\u1ebd hi\u1ec3n th\u1ecb ho\u00e0n h\u1ea3o tr\u00ean m\u1ecdi thi\u1ebft b\u1ecb, t\u1eeb m\u00e1y t\u00ednh \u0111\u1ec3 b\u00e0n, laptop \u0111\u1ebfn \u0111i\u1ec7n tho\u1ea1i di \u0111\u1ed9ng v\u00e0 m\u00e1y t\u00ednh b\u1ea3ng. \u0110i\u1ec1u n\u00e0y \u0111\u1ea3m b\u1ea3o r\u1eb1ng kh\u00e1ch h\u00e0ng s\u1ebd c\u00f3 tr\u1ea3i nghi\u1ec7m t\u1ed1t nh\u1ea5t, b\u1ea5t k\u1ec3 h\u1ecd truy c\u1eadp t\u1eeb thi\u1ebft b\u1ecb n\u00e0o.\n  <\/p>\n<\/li>\n<li>\n<p>\n   <strong><br \/>\n    M\u00e3 ngu\u1ed3n WordPress v\u1edbi Theme Flatsome v\u00e0 UX Builder<br \/>\n   <\/strong><br \/>\n   : Ch\u00fang t\u00f4i s\u1eed d\u1ee5ng m\u00e3 ngu\u1ed3n m\u1edf WordPress k\u1ebft h\u1ee3p v\u1edbi Theme Flatsome v\u00e0 UX Builder, mang \u0111\u1ebfn kh\u1ea3 n\u0103ng t\u00f9y bi\u1ebfn linh ho\u1ea1t. B\u1ea1n c\u00f3 th\u1ec3 d\u1ec5 d\u00e0ng thay \u0111\u1ed5i giao di\u1ec7n v\u00e0 c\u1eadp nh\u1eadt n\u1ed9i dung m\u00e0 kh\u00f4ng c\u1ea7n c\u00f3 ki\u1ebfn th\u1ee9c l\u1eadp tr\u00ecnh s\u00e2u.\n  <\/p>\n<\/li>\n<li>\n<p>\n   <strong><br \/>\n    T\u1ed1c \u0111\u1ed9 t\u1ea3i trang nhanh<br \/>\n   <\/strong><br \/>\n   : Ch\u00fang t\u00f4i t\u1ed1i \u01b0u h\u00f3a website \u0111\u1ec3 \u0111\u1ea3m b\u1ea3o t\u1ed1c \u0111\u1ed9 t\u1ea3i trang nhanh ch\u00f3ng, gi\u00fap n\u00e2ng cao tr\u1ea3i nghi\u1ec7m c\u1ee7a ng\u01b0\u1eddi d\u00f9ng v\u00e0 c\u1ea3i thi\u1ec7n th\u1ee9 h\u1ea1ng t\u00ecm ki\u1ebfm tr\u00ean Google.\n  <\/p>\n<\/li>\n<\/ul>\n<h3>\n Gi\u1edbi thi\u1ec7u \u0111\u01a1n v\u1ecb thi\u1ebft k\u1ebf website LADIGI<br \/>\n<\/h3>\n<p>\n Ch\u00fang t\u00f4i, LADIGI Agency, t\u1ef1 h\u00e0o l\u00e0 \u0111\u01a1n v\u1ecb chuy\u00ean cung c\u1ea5p d\u1ecbch v\u1ee5 thi\u1ebft k\u1ebf website chuy\u00ean nghi\u1ec7p, ph\u00f9 h\u1ee3p v\u1edbi nhu c\u1ea7u c\u1ee7a t\u1eebng kh\u00e1ch h\u00e0ng. H\u00e3y \u0111\u1ec3 ch\u00fang t\u00f4i gi\u00fap b\u1ea1n x\u00e2y d\u1ef1ng m\u1ed9t website \u1ea5n t\u01b0\u1ee3ng v\u00e0 thu h\u00fat kh\u00e1ch h\u00e0ng.\n<\/p>\n<p>\n <a href=\"https:\/\/ladigi.vn\/thiet-ke-website\/\"><br \/>\n  Xem th\u00eam v\u1ec1 d\u1ecbch v\u1ee5 X\u00e2y d\u1ef1ng website to\u00e0n di\u1ec7n<br \/>\n <\/a><\/p>\n","protected":false},"excerpt":{"rendered":"<p>D\u1ecbch v\u1ee5 thi\u1ebft k\u1ebf website Laptop V\u00e0 Ph\u1ee5 Ki\u1ec7n Gi\u1ed1ng Surface Store mang \u0111\u1ebfn giao di\u1ec7n \u0111\u1eb9p, chuy\u00ean nghi\u1ec7p v\u00e0 d\u1ec5 s\u1eed d\u1ee5ng, t\u01b0\u01a1ng th\u00edch tr\u00ean m\u1ecdi thi\u1ebft b\u1ecb. S\u1eed d\u1ee5ng m\u00e3 ngu\u1ed3n Wordpress v\u1edbi Theme Flatsome v\u00e0 UX Builder, cho ph\u00e9p t\u00f9y bi\u1ebfn linh ho\u1ea1t. T\u1ed1c \u0111\u1ed9 t\u1ea3i trang nhanh ch\u00f3ng, n\u00e2ng cao tr\u1ea3i nghi\u1ec7m ng\u01b0\u1eddi d\u00f9ng.<\/p>\n","protected":false},"featured_media":4072,"comment_status":"open","ping_status":"closed","template":"","meta":[],"product_cat":[16,37,62],"product_tag":[23],"class_list":{"0":"post-4069","1":"product","2":"type-product","3":"status-publish","4":"has-post-thumbnail","6":"product_cat-tat-ca","7":"product_cat-dien-may","8":"product_cat-thiet-bi-dien-tu","9":"product_tag-ban-hang","11":"first","12":"instock","13":"shipping-taxable","14":"purchasable","15":"product-type-simple"},"_links":{"self":[{"href":"https:\/\/ladigi.vn\/thiet-ke-website\/wp-json\/wp\/v2\/product\/4069","targetHints":{"allow":["GET"]}}],"collection":[{"href":"https:\/\/ladigi.vn\/thiet-ke-website\/wp-json\/wp\/v2\/product"}],"about":[{"href":"https:\/\/ladigi.vn\/thiet-ke-website\/wp-json\/wp\/v2\/types\/product"}],"replies":[{"embeddable":true,"href":"https:\/\/ladigi.vn\/thiet-ke-website\/wp-json\/wp\/v2\/comments?post=4069"}],"wp:featuredmedia":[{"embeddable":true,"href":"https:\/\/ladigi.vn\/thiet-ke-website\/wp-json\/wp\/v2\/media\/4072"}],"wp:attachment":[{"href":"https:\/\/ladigi.vn\/thiet-ke-website\/wp-json\/wp\/v2\/media?parent=4069"}],"wp:term":[{"taxonomy":"product_cat","embeddable":true,"href":"https:\/\/ladigi.vn\/thiet-ke-website\/wp-json\/wp\/v2\/product_cat?post=4069"},{"taxonomy":"product_tag","embeddable":true,"href":"https:\/\/ladigi.vn\/thiet-ke-website\/wp-json\/wp\/v2\/product_tag?post=4069"}],"curies":[{"name":"wp","href":"https:\/\/api.w.org\/{rel}","templated":true}]}}