{"id":4075,"date":"2021-05-10T17:27:03","date_gmt":"2021-05-10T10:27:03","guid":{"rendered":"https:\/\/ladigi.vn\/thiet-ke-website\/?post_type=product&#038;p=4075"},"modified":"2025-01-10T22:22:50","modified_gmt":"2025-01-10T15:22:50","slug":"thiet-ke-web-tour-du-lich-mau-so-5","status":"publish","type":"product","link":"https:\/\/ladigi.vn\/thiet-ke-website\/mau-web\/thiet-ke-web-tour-du-lich-mau-so-5\/","title":{"rendered":"Tour Du L\u1ecbch M\u1eabu S\u1ed1 5"},"content":{"rendered":"<h1>\n D\u1ecbch v\u1ee5 Thi\u1ebft k\u1ebf website Tour Du L\u1ecbch M\u1eabu S\u1ed1 5<br \/>\n<\/h1>\n<p>\n Ch\u00e0o m\u1eebng b\u1ea1n \u0111\u1ebfn v\u1edbi d\u1ecbch v\u1ee5 thi\u1ebft k\u1ebf website Tour Du L\u1ecbch M\u1eabu S\u1ed1 5 c\u1ee7a ch\u00fang t\u00f4i! V\u1edbi s\u1ee9 m\u1ec7nh mang \u0111\u1ebfn tr\u1ea3i nghi\u1ec7m t\u1ed1i \u01b0u cho ng\u01b0\u1eddi d\u00f9ng, ch\u00fang t\u00f4i t\u1ef1 h\u00e0o gi\u1edbi thi\u1ec7u m\u1ed9t giao di\u1ec7n website \u0111\u01b0\u1ee3c thi\u1ebft k\u1ebf \u0111\u1eb9p, chuy\u00ean nghi\u1ec7p v\u00e0 d\u1ec5 s\u1eed d\u1ee5ng.\n<\/p>\n<h2>\n Giao di\u1ec7n \u0111\u1eb9p v\u00e0 d\u1ec5 s\u1eed d\u1ee5ng<br \/>\n<\/h2>\n<p>\n Giao di\u1ec7n c\u1ee7a website \u0111\u01b0\u1ee3c thi\u1ebft k\u1ebf v\u1edbi s\u1ef1 ch\u00fa tr\u1ecdng \u0111\u1ebfn t\u00ednh th\u1ea9m m\u1ef9 v\u00e0 tr\u1ea3i nghi\u1ec7m ng\u01b0\u1eddi d\u00f9ng, gi\u00fap kh\u00e1ch h\u00e0ng d\u1ec5 d\u00e0ng t\u00ecm ki\u1ebfm th\u00f4ng tin c\u0169ng nh\u01b0 th\u1ef1c hi\u1ec7n c\u00e1c thao t\u00e1c tr\u00ean trang. Ch\u00fang t\u00f4i \u0111\u00e3 s\u1eed d\u1ee5ng nh\u1eefng m\u00e0u s\u1eafc h\u00e0i h\u00f2a, b\u1ed1 c\u1ee5c h\u1ee3p l\u00fd, \u0111\u1ea3m b\u1ea3o r\u1eb1ng t\u1eebng chi ti\u1ebft \u0111\u1ec1u g\u00f3p ph\u1ea7n t\u1ea1o n\u00ean s\u1ef1 thu h\u00fat cho kh\u00e1ch h\u00e0ng.\n<\/p>\n<h2>\n T\u01b0\u01a1ng th\u00edch tr\u00ean m\u1ecdi thi\u1ebft b\u1ecb<br \/>\n<\/h2>\n<p>\n Website Tour Du L\u1ecbch M\u1eabu S\u1ed1 5 t\u01b0\u01a1ng th\u00edch ho\u00e0n h\u1ea3o tr\u00ean m\u1ecdi thi\u1ebft b\u1ecb, t\u1eeb m\u00e1y t\u00ednh \u0111\u1ec3 b\u00e0n cho \u0111\u1ebfn \u0111i\u1ec7n tho\u1ea1i di \u0111\u1ed9ng. \u0110\u1ea3m b\u1ea3o r\u1eb1ng ng\u01b0\u1eddi d\u00f9ng c\u00f3 th\u1ec3 truy c\u1eadp v\u00e0o trang b\u1ea5t k\u1ef3 l\u00fac n\u00e0o v\u00e0 \u1edf \u0111\u00e2u, gi\u00fap t\u0103ng c\u01b0\u1eddng tr\u1ea3i nghi\u1ec7m ng\u01b0\u1eddi d\u00f9ng v\u00e0 kh\u1ea3 n\u0103ng ti\u1ebfp c\u1eadn.\n<\/p>\n<h2>\n M\u00e3 ngu\u1ed3n WordPress v\u1edbi Theme Flatsome v\u00e0 UX Builder<br \/>\n<\/h2>\n<p>\n Ch\u00fang t\u00f4i \u0111\u00e3 s\u1eed d\u1ee5ng m\u00e3 ngu\u1ed3n WordPress v\u1edbi theme Flatsome v\u00e0 UX Builder, mang l\u1ea1i cho b\u1ea1n kh\u1ea3 n\u0103ng t\u00f9y bi\u1ebfn linh ho\u1ea1t v\u00e0 d\u1ec5 d\u00e0ng. B\u1ea1n c\u00f3 th\u1ec3 t\u1ef1 do \u0111i\u1ec1u ch\u1ec9nh c\u00e1c y\u1ebfu t\u1ed1 tr\u00ean trang m\u00e0 kh\u00f4ng c\u1ea7n s\u00e2u v\u1ec1 k\u1ef9 thu\u1eadt, gi\u00fap ti\u1ebft ki\u1ec7m th\u1eddi gian v\u00e0 chi ph\u00ed trong qu\u00e1 tr\u00ecnh qu\u1ea3n l\u00fd website.\n<\/p>\n<h2>\n T\u1ed1c \u0111\u1ed9 t\u1ea3i trang nhanh<br \/>\n<\/h2>\n<p>\n M\u1ed9t y\u1ebfu t\u1ed1 quan tr\u1ecdng kh\u00e1c m\u00e0 ch\u00fang t\u00f4i ch\u00fa tr\u1ecdng \u0111\u00f3 l\u00e0 t\u1ed1c \u0111\u1ed9 t\u1ea3i trang. Website \u0111\u01b0\u1ee3c t\u1ed1i \u01b0u h\u00f3a k\u1ef9 l\u01b0\u1ee1ng \u0111\u1ec3 \u0111\u1ea3m b\u1ea3o t\u1ed1c \u0111\u1ed9 t\u1ea3i trang nhanh nh\u1ea5t c\u00f3 th\u1ec3, gi\u00fap t\u0103ng c\u01b0\u1eddng s\u1ef1 h\u00e0i l\u00f2ng c\u1ee7a kh\u00e1ch h\u00e0ng v\u00e0 c\u1ea3i thi\u1ec7n th\u1ee9 h\u1ea1ng tr\u00ean c\u00e1c c\u00f4ng c\u1ee5 t\u00ecm ki\u1ebfm.\n<\/p>\n<hr\/>\n<p>\n N\u1ebfu b\u1ea1n \u0111ang t\u00ecm ki\u1ebfm m\u1ed9t \u0111\u01a1n v\u1ecb thi\u1ebft k\u1ebf website chuy\u00ean nghi\u1ec7p v\u00e0 uy t\u00edn, h\u00e3y \u0111\u1ebfn v\u1edbi LADIGI Agency. Ch\u00fang t\u00f4i cam k\u1ebft mang \u0111\u1ebfn cho b\u1ea1n nh\u1eefng gi\u1ea3i ph\u00e1p thi\u1ebft k\u1ebf website ho\u00e0n h\u1ea3o nh\u1ea5t!\n<\/p>\n<p>\n <a href=\"https:\/\/ladigi.vn\/thiet-ke-website\/\"><br \/>\n  <strong><br \/>\n   C\u00f4ng ty l\u1eadp tr\u00ecnh website LADIGI<br \/>\n  <\/strong><br \/>\n <\/a><\/p>\n","protected":false},"excerpt":{"rendered":"<p>D\u1ecbch v\u1ee5 Thi\u1ebft k\u1ebf website Tour Du L\u1ecbch M\u1eabu S\u1ed1 5 mang \u0111\u1ebfn giao di\u1ec7n \u0111\u1eb9p, chuy\u00ean nghi\u1ec7p v\u00e0 d\u1ec5 s\u1eed d\u1ee5ng, t\u01b0\u01a1ng th\u00edch m\u1ecdi thi\u1ebft b\u1ecb. S\u1eed d\u1ee5ng m\u00e3 ngu\u1ed3n Wordpress v\u1edbi Theme Flatsome v\u00e0 UX Builder, gi\u00fap t\u00f9y bi\u1ebfn d\u1ec5 d\u00e0ng. \u0110\u1eb7c bi\u1ec7t, t\u1ed1c \u0111\u1ed9 t\u1ea3i trang nhanh, n\u00e2ng cao tr\u1ea3i nghi\u1ec7m ng\u01b0\u1eddi d\u00f9ng.<\/p>\n","protected":false},"featured_media":4077,"comment_status":"open","ping_status":"closed","template":"","meta":[],"product_cat":[16,42,27],"product_tag":[24],"class_list":{"0":"post-4075","1":"product","2":"type-product","3":"status-publish","4":"has-post-thumbnail","6":"product_cat-tat-ca","7":"product_cat-dich-vu","8":"product_cat-du-lich","9":"product_tag-cong-ty","11":"first","12":"instock","13":"shipping-taxable","14":"purchasable","15":"product-type-simple"},"_links":{"self":[{"href":"https:\/\/ladigi.vn\/thiet-ke-website\/wp-json\/wp\/v2\/product\/4075","targetHints":{"allow":["GET"]}}],"collection":[{"href":"https:\/\/ladigi.vn\/thiet-ke-website\/wp-json\/wp\/v2\/product"}],"about":[{"href":"https:\/\/ladigi.vn\/thiet-ke-website\/wp-json\/wp\/v2\/types\/product"}],"replies":[{"embeddable":true,"href":"https:\/\/ladigi.vn\/thiet-ke-website\/wp-json\/wp\/v2\/comments?post=4075"}],"wp:featuredmedia":[{"embeddable":true,"href":"https:\/\/ladigi.vn\/thiet-ke-website\/wp-json\/wp\/v2\/media\/4077"}],"wp:attachment":[{"href":"https:\/\/ladigi.vn\/thiet-ke-website\/wp-json\/wp\/v2\/media?parent=4075"}],"wp:term":[{"taxonomy":"product_cat","embeddable":true,"href":"https:\/\/ladigi.vn\/thiet-ke-website\/wp-json\/wp\/v2\/product_cat?post=4075"},{"taxonomy":"product_tag","embeddable":true,"href":"https:\/\/ladigi.vn\/thiet-ke-website\/wp-json\/wp\/v2\/product_tag?post=4075"}],"curies":[{"name":"wp","href":"https:\/\/api.w.org\/{rel}","templated":true}]}}