{"id":4097,"date":"2021-05-10T20:05:46","date_gmt":"2021-05-10T13:05:46","guid":{"rendered":"https:\/\/ladigi.vn\/thiet-ke-website\/?post_type=product&#038;p=4097"},"modified":"2025-01-10T22:30:59","modified_gmt":"2025-01-10T15:30:59","slug":"thiet-ke-landing-page-gioi-thieu-bot-nhuom-toc-ogatic","status":"publish","type":"product","link":"https:\/\/ladigi.vn\/thiet-ke-website\/mau-web\/thiet-ke-landing-page-gioi-thieu-bot-nhuom-toc-ogatic\/","title":{"rendered":"B\u1ed9t Nhu\u1ed9m T\u00f3c Ogatic"},"content":{"rendered":"<h1>\n D\u1ecbch v\u1ee5 Thi\u1ebft k\u1ebf website B\u1ed9t Nhu\u1ed9m T\u00f3c Ogatic<br \/>\n<\/h1>\n<p>\n Ch\u00e0o m\u1eebng b\u1ea1n \u0111\u1ebfn v\u1edbi d\u1ecbch v\u1ee5 thi\u1ebft k\u1ebf website cho B\u1ed9t Nhu\u1ed9m T\u00f3c Ogatic! Ch\u00fang t\u00f4i t\u1ef1 h\u00e0o mang \u0111\u1ebfn cho b\u1ea1n m\u1ed9t giao di\u1ec7n web \u0111\u01b0\u1ee3c thi\u1ebft k\u1ebf \u0111\u1eb9p, chuy\u00ean nghi\u1ec7p v\u00e0 d\u1ec5 s\u1eed d\u1ee5ng. V\u1edbi m\u1ee5c ti\u00eau t\u1ed1i \u01b0u h\u00f3a tr\u1ea3i nghi\u1ec7m ng\u01b0\u1eddi d\u00f9ng, website c\u1ee7a b\u1ea1n s\u1ebd kh\u00f4ng ch\u1ec9 thu h\u00fat \u0111\u01b0\u1ee3c s\u1ef1 ch\u00fa \u00fd m\u00e0 c\u00f2n gi\u00fap kh\u00e1ch h\u00e0ng d\u1ec5 d\u00e0ng t\u00ecm ki\u1ebfm th\u00f4ng tin v\u00e0 s\u1ea3n ph\u1ea9m m\u00e0 h\u1ecd c\u1ea7n.\n<\/p>\n<h2>\n T\u00ednh n\u0103ng n\u1ed5i b\u1eadt<br \/>\n<\/h2>\n<ul>\n<li>\n<p>\n   <strong><br \/>\n    Thi\u1ebft k\u1ebf \u0111\u1eb9p v\u00e0 chuy\u00ean nghi\u1ec7p<br \/>\n   <\/strong><br \/>\n   : Giao di\u1ec7n web c\u1ee7a ch\u00fang t\u00f4i \u0111\u01b0\u1ee3c thi\u1ebft k\u1ebf tinh t\u1ebf v\u00e0 hi\u1ec7n \u0111\u1ea1i, gi\u00fap th\u01b0\u01a1ng hi\u1ec7u B\u1ed9t Nhu\u1ed9m T\u00f3c Ogatic n\u1ed5i b\u1eadt h\u01a1n trong th\u1ecb tr\u01b0\u1eddng c\u1ea1nh tranh.\n  <\/p>\n<\/li>\n<li>\n<p>\n   <strong><br \/>\n    T\u01b0\u01a1ng th\u00edch tr\u00ean m\u1ecdi thi\u1ebft b\u1ecb<br \/>\n   <\/strong><br \/>\n   : D\u00f9 kh\u00e1ch h\u00e0ng truy c\u1eadp qua m\u00e1y t\u00ednh, tablet hay smartphone, website c\u1ee7a b\u1ea1n s\u1ebd lu\u00f4n hi\u1ec3n th\u1ecb m\u1ed9t c\u00e1ch ho\u00e0n h\u1ea3o v\u00e0 d\u1ec5 d\u00e0ng \u0111i\u1ec1u h\u01b0\u1edbng.\n  <\/p>\n<\/li>\n<li>\n<p>\n   <strong><br \/>\n    M\u00e3 ngu\u1ed3n WordPress v\u1edbi Theme Flatsome v\u00e0 UX Builder<br \/>\n   <\/strong><br \/>\n   : Ch\u00fang t\u00f4i s\u1eed d\u1ee5ng n\u1ec1n t\u1ea3ng WordPress c\u00f9ng v\u1edbi Theme Flatsome v\u00e0 c\u00f4ng c\u1ee5 UX Builder, gi\u00fap b\u1ea1n d\u1ec5 d\u00e0ng t\u00f9y bi\u1ebfn v\u00e0 qu\u1ea3n l\u00fd n\u1ed9i dung m\u00e0 kh\u00f4ng c\u1ea7n c\u00f3 k\u1ef9 n\u0103ng l\u1eadp tr\u00ecnh ph\u1ee9c t\u1ea1p.\n  <\/p>\n<\/li>\n<li>\n<p>\n   <strong><br \/>\n    T\u1ed1c \u0111\u1ed9 t\u1ea3i trang nhanh<br \/>\n   <\/strong><br \/>\n   : Ch\u00fang t\u00f4i cam k\u1ebft t\u1ed1i \u01b0u h\u00f3a t\u1ed1c \u0111\u1ed9 t\u1ea3i trang \u0111\u1ec3 mang l\u1ea1i tr\u1ea3i nghi\u1ec7m tuy\u1ec7t v\u1eddi cho ng\u01b0\u1eddi d\u00f9ng, gi\u1ea3m thi\u1ec3u th\u1eddi gian ch\u1edd \u0111\u1ee3i v\u00e0 n\u00e2ng cao s\u1ef1 h\u00e0i l\u00f2ng c\u1ee7a kh\u00e1ch h\u00e0ng.\n  <\/p>\n<\/li>\n<\/ul>\n<p>\n N\u1ebfu b\u1ea1n \u0111ang t\u00ecm ki\u1ebfm m\u1ed9t \u0111\u01a1n v\u1ecb thi\u1ebft k\u1ebf website uy t\u00edn, h\u00e3y li\u00ean h\u1ec7 v\u1edbi ch\u00fang t\u00f4i &#8211;<br \/>\n <a href=\"https:\/\/ladigi.vn\/thiet-ke-website\/\"><br \/>\n  \u0110\u01a1n v\u1ecb thi\u1ebft k\u1ebf website uy t\u00edn<br \/>\n <\/a><br \/>\n . Ch\u00fang t\u00f4i t\u1ea1i LADIGI (LADIGI Agency) s\u1eb5n s\u00e0ng h\u1ed7 tr\u1ee3 b\u1ea1n \u0111\u1ec3 mang l\u1ea1i gi\u1ea3i ph\u00e1p thi\u1ebft k\u1ebf website ho\u00e0n h\u1ea3o cho th\u01b0\u01a1ng hi\u1ec7u B\u1ed9t Nhu\u1ed9m T\u00f3c Ogatic!<\/p>\n","protected":false},"excerpt":{"rendered":"<p>D\u1ecbch v\u1ee5 Thi\u1ebft k\u1ebf website B\u1ed9t Nhu\u1ed9m T\u00f3c Ogatic mang \u0111\u1ebfn giao di\u1ec7n \u0111\u1eb9p, chuy\u00ean nghi\u1ec7p v\u00e0 d\u1ec5 s\u1eed d\u1ee5ng. Website t\u01b0\u01a1ng th\u00edch tr\u00ean m\u1ecdi thi\u1ebft b\u1ecb, s\u1eed d\u1ee5ng m\u00e3 ngu\u1ed3n Wordpress v\u1edbi Theme Flatsome v\u00e0 UX Builder d\u1ec5 t\u00f9y bi\u1ebfn. T\u1ed1c \u0111\u1ed9 t\u1ea3i trang nhanh, t\u1ea1o tr\u1ea3i nghi\u1ec7m ng\u01b0\u1eddi d\u00f9ng m\u01b0\u1ee3t m\u00e0.<\/p>\n","protected":false},"featured_media":4098,"comment_status":"open","ping_status":"closed","template":"","meta":[],"product_cat":[16,44,53],"product_tag":[24],"class_list":{"0":"post-4097","1":"product","2":"type-product","3":"status-publish","4":"has-post-thumbnail","6":"product_cat-tat-ca","7":"product_cat-lam-dep","8":"product_cat-suc-khoe","9":"product_tag-cong-ty","11":"first","12":"instock","13":"shipping-taxable","14":"purchasable","15":"product-type-simple"},"_links":{"self":[{"href":"https:\/\/ladigi.vn\/thiet-ke-website\/wp-json\/wp\/v2\/product\/4097","targetHints":{"allow":["GET"]}}],"collection":[{"href":"https:\/\/ladigi.vn\/thiet-ke-website\/wp-json\/wp\/v2\/product"}],"about":[{"href":"https:\/\/ladigi.vn\/thiet-ke-website\/wp-json\/wp\/v2\/types\/product"}],"replies":[{"embeddable":true,"href":"https:\/\/ladigi.vn\/thiet-ke-website\/wp-json\/wp\/v2\/comments?post=4097"}],"wp:featuredmedia":[{"embeddable":true,"href":"https:\/\/ladigi.vn\/thiet-ke-website\/wp-json\/wp\/v2\/media\/4098"}],"wp:attachment":[{"href":"https:\/\/ladigi.vn\/thiet-ke-website\/wp-json\/wp\/v2\/media?parent=4097"}],"wp:term":[{"taxonomy":"product_cat","embeddable":true,"href":"https:\/\/ladigi.vn\/thiet-ke-website\/wp-json\/wp\/v2\/product_cat?post=4097"},{"taxonomy":"product_tag","embeddable":true,"href":"https:\/\/ladigi.vn\/thiet-ke-website\/wp-json\/wp\/v2\/product_tag?post=4097"}],"curies":[{"name":"wp","href":"https:\/\/api.w.org\/{rel}","templated":true}]}}