{"id":4099,"date":"2021-05-10T20:07:53","date_gmt":"2021-05-10T13:07:53","guid":{"rendered":"https:\/\/ladigi.vn\/thiet-ke-website\/?post_type=product&#038;p=4099"},"modified":"2025-01-10T22:31:53","modified_gmt":"2025-01-10T15:31:53","slug":"thiet-ke-web-thuong-mai-dien-tu-dep-dxt-store","status":"publish","type":"product","link":"https:\/\/ladigi.vn\/thiet-ke-website\/mau-web\/thiet-ke-web-thuong-mai-dien-tu-dep-dxt-store\/","title":{"rendered":"Th\u01b0\u01a1ng M\u1ea1i \u0110i\u1ec7n T\u1eed M\u1eabu S\u1ed1 10"},"content":{"rendered":"<h1>\n D\u1ecbch v\u1ee5 Thi\u1ebft k\u1ebf website Th\u01b0\u01a1ng M\u1ea1i \u0110i\u1ec7n T\u1eed M\u1eabu S\u1ed1 10<br \/>\n<\/h1>\n<p>\n Ch\u00e0o m\u1eebng b\u1ea1n \u0111\u1ebfn v\u1edbi d\u1ecbch v\u1ee5 thi\u1ebft k\u1ebf website th\u01b0\u01a1ng m\u1ea1i \u0111i\u1ec7n t\u1eed m\u1eabu s\u1ed1 10 c\u1ee7a ch\u00fang t\u00f4i! N\u1ebfu b\u1ea1n \u0111ang t\u00ecm ki\u1ebfm m\u1ed9t gi\u1ea3i ph\u00e1p ho\u00e0n h\u1ea3o cho doanh nghi\u1ec7p tr\u1ef1c tuy\u1ebfn c\u1ee7a m\u00ecnh, th\u00ec \u0111\u00e2y ch\u00ednh l\u00e0 l\u1ef1a ch\u1ecdn l\u00fd t\u01b0\u1edfng cho b\u1ea1n.\n<\/p>\n<h2>\n Giao di\u1ec7n web \u0111\u1eb9p, chuy\u00ean nghi\u1ec7p, d\u1ec5 s\u1eed d\u1ee5ng<br \/>\n<\/h2>\n<p>\n Website c\u1ee7a ch\u00fang t\u00f4i \u0111\u01b0\u1ee3c thi\u1ebft k\u1ebf v\u1edbi giao di\u1ec7n c\u1ef1c k\u1ef3 \u0111\u1eb9p m\u1eaft v\u00e0 chuy\u00ean nghi\u1ec7p, gi\u00fap thu h\u00fat kh\u00e1ch h\u00e0ng ngay t\u1eeb c\u00e1i nh\u00ecn \u0111\u1ea7u ti\u00ean. V\u1edbi thi\u1ebft k\u1ebf th\u00e2n thi\u1ec7n, ng\u01b0\u1eddi d\u00f9ng s\u1ebd d\u1ec5 d\u00e0ng t\u00ecm ki\u1ebfm th\u00f4ng tin v\u00e0 th\u1ef1c hi\u1ec7n giao d\u1ecbch m\u00e0 kh\u00f4ng g\u1eb7p kh\u00f3 kh\u0103n.\n<\/p>\n<h2>\n T\u01b0\u01a1ng th\u00edch tr\u00ean m\u1ecdi thi\u1ebft b\u1ecb<br \/>\n<\/h2>\n<p>\n Nh\u1eadn th\u1ee9c \u0111\u01b0\u1ee3c s\u1ef1 \u0111a d\u1ea1ng c\u1ee7a c\u00e1c thi\u1ebft b\u1ecb truy c\u1eadp, website c\u1ee7a ch\u00fang t\u00f4i ho\u00e0n to\u00e0n t\u01b0\u01a1ng th\u00edch tr\u00ean c\u1ea3 m\u00e1y t\u00ednh, tablet v\u00e0 \u0111i\u1ec7n tho\u1ea1i di \u0111\u1ed9ng. \u0110i\u1ec1u n\u00e0y gi\u00fap kh\u00e1ch h\u00e0ng c\u00f3 th\u1ec3 mua s\u1eafm m\u1ecdi l\u00fac, m\u1ecdi n\u01a1i m\u00e0 kh\u00f4ng b\u1ecb gi\u1edbi h\u1ea1n.\n<\/p>\n<h2>\n M\u00e3 ngu\u1ed3n WordPress v\u1edbi Theme Flatsome v\u00e0 UX Builder d\u1ec5 t\u00f9y bi\u1ebfn<br \/>\n<\/h2>\n<p>\n Website \u0111\u01b0\u1ee3c ph\u00e1t tri\u1ec3n tr\u00ean n\u1ec1n t\u1ea3ng WordPress v\u1edbi Theme Flatsome n\u1ed5i ti\u1ebfng. H\u1ec7 th\u1ed1ng UX Builder cho ph\u00e9p b\u1ea1n d\u1ec5 d\u00e0ng t\u00f9y bi\u1ebfn giao di\u1ec7n m\u1ed9t c\u00e1ch linh ho\u1ea1t, gi\u00fap b\u1ea1n t\u1ea1o n\u00ean m\u1ed9t trang web ph\u00f9 h\u1ee3p nh\u1ea5t v\u1edbi phong c\u00e1ch th\u01b0\u01a1ng hi\u1ec7u c\u1ee7a m\u00ecnh.\n<\/p>\n<h2>\n T\u1ed1c \u0111\u1ed9 t\u1ea3i trang nhanh<br \/>\n<\/h2>\n<p>\n Ch\u00fang t\u00f4i hi\u1ec3u r\u1eb1ng t\u1ed1c \u0111\u1ed9 t\u1ea3i trang \u1ea3nh h\u01b0\u1edfng tr\u1ef1c ti\u1ebfp \u0111\u1ebfn tr\u1ea3i nghi\u1ec7m ng\u01b0\u1eddi d\u00f9ng c\u0169ng nh\u01b0 SEO. V\u1edbi nh\u1eefng t\u1ed1i \u01b0u h\u00f3a c\u1ea7n thi\u1ebft, website c\u1ee7a b\u1ea1n s\u1ebd c\u00f3 t\u1ed1c \u0111\u1ed9 t\u1ea3i trang nhanh ch\u00f3ng, gi\u00fap gi\u1eef ch\u00e2n kh\u00e1ch h\u00e0ng l\u00e2u h\u01a1n v\u00e0 c\u1ea3i thi\u1ec7n kh\u1ea3 n\u0103ng chuy\u1ec3n \u0111\u1ed5i.\n<\/p>\n<hr\/>\n<p>\n \u0110\u1ec3 \u0111\u01b0\u1ee3c t\u01b0 v\u1ea5n chi ti\u1ebft h\u01a1n v\u1ec1 d\u1ecbch v\u1ee5 thi\u1ebft k\u1ebf website, h\u00e3y li\u00ean h\u1ec7 v\u1edbi<br \/>\n <strong><br \/>\n  LADIGI Agency<br \/>\n <\/strong><br \/>\n . Ch\u00fang t\u00f4i cam k\u1ebft mang \u0111\u1ebfn cho b\u1ea1n gi\u1ea3i ph\u00e1p thi\u1ebft k\u1ebf website chu\u1ea9n SEO, t\u1ed1i \u01b0u h\u00f3a tr\u1ea3i nghi\u1ec7m ng\u01b0\u1eddi d\u00f9ng v\u00e0 n\u00e2ng cao hi\u1ec7u qu\u1ea3 kinh doanh.\n<\/p>\n<p>\n <a href=\"https:\/\/ladigi.vn\/thiet-ke-website\/\"><br \/>\n  Xem th\u00eam v\u1ec1 G\u00f3i thi\u1ebft k\u1ebf website chu\u1ea9n SEO<br \/>\n <\/a><\/p>\n","protected":false},"excerpt":{"rendered":"<p>D\u1ecbch v\u1ee5 Thi\u1ebft k\u1ebf website Th\u01b0\u01a1ng M\u1ea1i \u0110i\u1ec7n T\u1eed M\u1eabu S\u1ed1 10 mang \u0111\u1ebfn giao di\u1ec7n \u0111\u1eb9p, chuy\u00ean nghi\u1ec7p, d\u1ec5 s\u1eed d\u1ee5ng. Thi\u1ebft k\u1ebf t\u01b0\u01a1ng th\u00edch m\u1ecdi thi\u1ebft b\u1ecb, s\u1eed d\u1ee5ng m\u00e3 ngu\u1ed3n Wordpress v\u1edbi Theme Flatsome v\u00e0 UX Builder d\u1ec5 t\u00f9y bi\u1ebfn. Ngo\u00e0i ra, t\u1ed1c \u0111\u1ed9 t\u1ea3i trang nhanh ch\u00f3ng, n\u00e2ng cao tr\u1ea3i nghi\u1ec7m ng\u01b0\u1eddi d\u00f9ng.<\/p>\n","protected":false},"featured_media":4100,"comment_status":"open","ping_status":"closed","template":"","meta":[],"product_cat":[16,65],"product_tag":[23],"class_list":{"0":"post-4099","1":"product","2":"type-product","3":"status-publish","4":"has-post-thumbnail","6":"product_cat-tat-ca","7":"product_cat-tmdt","8":"product_tag-ban-hang","10":"first","11":"instock","12":"shipping-taxable","13":"purchasable","14":"product-type-simple"},"_links":{"self":[{"href":"https:\/\/ladigi.vn\/thiet-ke-website\/wp-json\/wp\/v2\/product\/4099","targetHints":{"allow":["GET"]}}],"collection":[{"href":"https:\/\/ladigi.vn\/thiet-ke-website\/wp-json\/wp\/v2\/product"}],"about":[{"href":"https:\/\/ladigi.vn\/thiet-ke-website\/wp-json\/wp\/v2\/types\/product"}],"replies":[{"embeddable":true,"href":"https:\/\/ladigi.vn\/thiet-ke-website\/wp-json\/wp\/v2\/comments?post=4099"}],"wp:featuredmedia":[{"embeddable":true,"href":"https:\/\/ladigi.vn\/thiet-ke-website\/wp-json\/wp\/v2\/media\/4100"}],"wp:attachment":[{"href":"https:\/\/ladigi.vn\/thiet-ke-website\/wp-json\/wp\/v2\/media?parent=4099"}],"wp:term":[{"taxonomy":"product_cat","embeddable":true,"href":"https:\/\/ladigi.vn\/thiet-ke-website\/wp-json\/wp\/v2\/product_cat?post=4099"},{"taxonomy":"product_tag","embeddable":true,"href":"https:\/\/ladigi.vn\/thiet-ke-website\/wp-json\/wp\/v2\/product_tag?post=4099"}],"curies":[{"name":"wp","href":"https:\/\/api.w.org\/{rel}","templated":true}]}}