{"id":4111,"date":"2021-05-10T20:23:27","date_gmt":"2021-05-10T13:23:27","guid":{"rendered":"https:\/\/ladigi.vn\/thiet-ke-website\/?post_type=product&#038;p=4111"},"modified":"2025-01-10T22:37:18","modified_gmt":"2025-01-10T15:37:18","slug":"thiet-ke-website-ban-giay-dep-thoi-trang-giong-juno","status":"publish","type":"product","link":"https:\/\/ladigi.vn\/thiet-ke-website\/mau-web\/thiet-ke-website-ban-giay-dep-thoi-trang-giong-juno\/","title":{"rendered":"Gi\u00e0y D\u00e9p Th\u1eddi Trang Gi\u1ed1ng Juno"},"content":{"rendered":"<h1>\n D\u1ecbch v\u1ee5 Thi\u1ebft k\u1ebf website Gi\u00e0y D\u00e9p Th\u1eddi Trang Gi\u1ed1ng Juno<br \/>\n<\/h1>\n<p>\n N\u1ebfu b\u1ea1n \u0111ang t\u00ecm ki\u1ebfm m\u1ed9t d\u1ecbch v\u1ee5 thi\u1ebft k\u1ebf website d\u00e0nh cho th\u01b0\u01a1ng hi\u1ec7u gi\u00e0y d\u00e9p th\u1eddi trang c\u1ee7a m\u00ecnh, ch\u00fang t\u00f4i xin gi\u1edbi thi\u1ec7u \u0111\u1ebfn b\u1ea1n gi\u1ea3i ph\u00e1p ho\u00e0n h\u1ea3o v\u1edbi giao di\u1ec7n \u0111\u1eb9p, chuy\u00ean nghi\u1ec7p c\u00f9ng t\u00ednh n\u0103ng th\u00e2n thi\u1ec7n v\u1edbi ng\u01b0\u1eddi d\u00f9ng.\n<\/p>\n<h2>\n Giao di\u1ec7n web \u0111\u1eb9p, chuy\u00ean nghi\u1ec7p<br \/>\n<\/h2>\n<p>\n Website c\u1ee7a b\u1ea1n s\u1ebd \u0111\u01b0\u1ee3c thi\u1ebft k\u1ebf v\u1edbi giao di\u1ec7n b\u1eaft m\u1eaft, hi\u1ec7n \u0111\u1ea1i, th\u1ec3 hi\u1ec7n \u0111\u01b0\u1ee3c tinh th\u1ea7n th\u01b0\u01a1ng hi\u1ec7u v\u00e0 s\u1ef1 sang tr\u1ecdng c\u1ee7a c\u00e1c s\u1ea3n ph\u1ea9m gi\u00e0y d\u00e9p. Ch\u00fang t\u00f4i t\u1eadp trung v\u00e0o vi\u1ec7c t\u1ea1o ra m\u1ed9t tr\u1ea3i nghi\u1ec7m ng\u01b0\u1eddi d\u00f9ng tuy\u1ec7t v\u1eddi, gi\u00fap kh\u00e1ch h\u00e0ng d\u1ec5 d\u00e0ng t\u00ecm ki\u1ebfm v\u00e0 l\u1ef1a ch\u1ecdn s\u1ea3n ph\u1ea9m.\n<\/p>\n<h2>\n T\u01b0\u01a1ng th\u00edch tr\u00ean m\u1ecdi thi\u1ebft b\u1ecb<br \/>\n<\/h2>\n<p>\n Trong th\u1eddi \u0111\u1ea1i c\u00f4ng ngh\u1ec7 hi\u1ec7n nay, vi\u1ec7c t\u01b0\u01a1ng th\u00edch tr\u00ean c\u00e1c thi\u1ebft b\u1ecb kh\u00e1c nhau l\u00e0 y\u1ebfu t\u1ed1 quan tr\u1ecdng. Website c\u1ee7a b\u1ea1n s\u1ebd \u0111\u01b0\u1ee3c t\u1ed1i \u01b0u h\u00f3a \u0111\u1ec3 hi\u1ec3n th\u1ecb ho\u00e0n h\u1ea3o tr\u00ean m\u1ecdi lo\u1ea1i thi\u1ebft b\u1ecb, t\u1eeb m\u00e1y t\u00ednh \u0111\u1ec3 b\u00e0n, laptop \u0111\u1ebfn \u0111i\u1ec7n tho\u1ea1i di \u0111\u1ed9ng, gi\u00fap kh\u00e1ch h\u00e0ng c\u00f3 th\u1ec3 truy c\u1eadp d\u1ec5 d\u00e0ng m\u1ecdi l\u00fac, m\u1ecdi n\u01a1i.\n<\/p>\n<h2>\n M\u00e3 ngu\u1ed3n WordPress v\u1edbi Theme Flatsome v\u00e0 UX Builder<br \/>\n<\/h2>\n<p>\n Ch\u00fang t\u00f4i s\u1eed d\u1ee5ng m\u00e3 ngu\u1ed3n WordPress m\u1ea1nh m\u1ebd k\u1ebft h\u1ee3p v\u1edbi Theme Flatsome c\u00f9ng UX Builder, gi\u00fap b\u1ea1n d\u1ec5 d\u00e0ng t\u00f9y bi\u1ebfn v\u00e0 c\u1eadp nh\u1eadt n\u1ed9i dung m\u00e0 kh\u00f4ng g\u1eb7p kh\u00f3 kh\u0103n. V\u1edbi giao di\u1ec7n qu\u1ea3n tr\u1ecb th\u00e2n thi\u1ec7n, b\u1ea1n c\u00f3 th\u1ec3 t\u1ef1 tay qu\u1ea3n l\u00fd website c\u1ee7a m\u00ecnh m\u00e0 kh\u00f4ng c\u1ea7n ph\u1ea3i c\u00f3 ki\u1ebfn th\u1ee9c l\u1eadp tr\u00ecnh ph\u1ee9c t\u1ea1p.\n<\/p>\n<h2>\n T\u1ed1c \u0111\u1ed9 t\u1ea3i trang nhanh<br \/>\n<\/h2>\n<p>\n T\u1ed1c \u0111\u1ed9 t\u1ea3i trang nhanh l\u00e0 m\u1ed9t trong nh\u1eefng \u01b0u \u0111i\u1ec3m n\u1ed5i tr\u1ed9i c\u1ee7a d\u1ecbch v\u1ee5 thi\u1ebft k\u1ebf website ch\u00fang t\u00f4i cung c\u1ea5p. V\u1edbi vi\u1ec7c t\u1ed1i \u01b0u h\u00f3a m\u00e3 ngu\u1ed3n v\u00e0 h\u00ecnh \u1ea3nh, website c\u1ee7a b\u1ea1n s\u1ebd c\u00f3 th\u1eddi gian t\u1ea3i nhanh ch\u00f3ng, gi\u00fap n\u00e2ng cao tr\u1ea3i nghi\u1ec7m ng\u01b0\u1eddi d\u00f9ng v\u00e0 c\u1ea3i thi\u1ec7n th\u1ee9 h\u1ea1ng SEO tr\u00ean c\u00e1c c\u00f4ng c\u1ee5 t\u00ecm ki\u1ebfm.\n<\/p>\n<h3>\n Gi\u1edbi thi\u1ec7u \u0111\u01a1n v\u1ecb thi\u1ebft k\u1ebf website LADIGI<br \/>\n<\/h3>\n<p>\n Ch\u00fang t\u00f4i, LADIGI Agency, t\u1ef1 h\u00e0o l\u00e0 \u0111\u01a1n v\u1ecb cung c\u1ea5p d\u1ecbch v\u1ee5 thi\u1ebft k\u1ebf website chuy\u00ean nghi\u1ec7p, v\u1edbi \u0111\u1ed9i ng\u0169 s\u00e1ng t\u1ea1o v\u00e0 gi\u00e0u kinh nghi\u1ec7m. H\u00e3y \u0111\u1ec3 ch\u00fang t\u00f4i gi\u00fap b\u1ea1n hi\u1ec7n th\u1ef1c h\u00f3a nh\u1eefng \u00fd t\u01b0\u1edfng tuy\u1ec7t v\u1eddi cho website gi\u00e0y d\u00e9p th\u1eddi trang c\u1ee7a b\u1ea1n.\n<\/p>\n<p>\n \u0110\u1ec3 bi\u1ebft th\u00eam chi ti\u1ebft v\u1ec1 d\u1ecbch v\u1ee5 thi\u1ebft k\u1ebf website, h\u00e3y tham kh\u1ea3o t\u1ea1i \u0111\u00e2y:<br \/>\n <a href=\"https:\/\/ladigi.vn\/thiet-ke-website\/\"><br \/>\n  D\u1ecbch v\u1ee5 thi\u1ebft k\u1ebf website<br \/>\n <\/a><\/p>\n","protected":false},"excerpt":{"rendered":"<p>D\u1ecbch v\u1ee5 thi\u1ebft k\u1ebf website gi\u00e0y d\u00e9p th\u1eddi trang gi\u1ed1ng Juno mang \u0111\u1ebfn giao di\u1ec7n \u0111\u1eb9p, chuy\u00ean nghi\u1ec7p v\u00e0 d\u1ec5 s\u1eed d\u1ee5ng. Website t\u01b0\u01a1ng th\u00edch tr\u00ean m\u1ecdi thi\u1ebft b\u1ecb v\u1edbi m\u00e3 ngu\u1ed3n Wordpress, s\u1eed d\u1ee5ng Theme Flatsome v\u00e0 UX Builder d\u1ec5 t\u00f9y bi\u1ebfn. T\u1ed1c \u0111\u1ed9 t\u1ea3i trang nhanh, n\u00e2ng cao tr\u1ea3i nghi\u1ec7m ng\u01b0\u1eddi d\u00f9ng.<\/p>\n","protected":false},"featured_media":4112,"comment_status":"open","ping_status":"closed","template":"","meta":[],"product_cat":[16,54,34],"product_tag":[23],"class_list":{"0":"post-4111","1":"product","2":"type-product","3":"status-publish","4":"has-post-thumbnail","6":"product_cat-tat-ca","7":"product_cat-giay-dep","8":"product_cat-thoi-trang","9":"product_tag-ban-hang","11":"first","12":"instock","13":"shipping-taxable","14":"purchasable","15":"product-type-simple"},"_links":{"self":[{"href":"https:\/\/ladigi.vn\/thiet-ke-website\/wp-json\/wp\/v2\/product\/4111","targetHints":{"allow":["GET"]}}],"collection":[{"href":"https:\/\/ladigi.vn\/thiet-ke-website\/wp-json\/wp\/v2\/product"}],"about":[{"href":"https:\/\/ladigi.vn\/thiet-ke-website\/wp-json\/wp\/v2\/types\/product"}],"replies":[{"embeddable":true,"href":"https:\/\/ladigi.vn\/thiet-ke-website\/wp-json\/wp\/v2\/comments?post=4111"}],"wp:featuredmedia":[{"embeddable":true,"href":"https:\/\/ladigi.vn\/thiet-ke-website\/wp-json\/wp\/v2\/media\/4112"}],"wp:attachment":[{"href":"https:\/\/ladigi.vn\/thiet-ke-website\/wp-json\/wp\/v2\/media?parent=4111"}],"wp:term":[{"taxonomy":"product_cat","embeddable":true,"href":"https:\/\/ladigi.vn\/thiet-ke-website\/wp-json\/wp\/v2\/product_cat?post=4111"},{"taxonomy":"product_tag","embeddable":true,"href":"https:\/\/ladigi.vn\/thiet-ke-website\/wp-json\/wp\/v2\/product_tag?post=4111"}],"curies":[{"name":"wp","href":"https:\/\/api.w.org\/{rel}","templated":true}]}}