{"id":4123,"date":"2021-05-10T20:43:39","date_gmt":"2021-05-10T13:43:39","guid":{"rendered":"https:\/\/ladigi.vn\/thiet-ke-website\/?post_type=product&#038;p=4123"},"modified":"2025-01-10T22:42:46","modified_gmt":"2025-01-10T15:42:46","slug":"thiet-ke-web-thoi-trang-tre-em-kids","status":"publish","type":"product","link":"https:\/\/ladigi.vn\/thiet-ke-website\/mau-web\/thiet-ke-web-thoi-trang-tre-em-kids\/","title":{"rendered":"Th\u1eddi Trang Tr\u1ebb Em Kids"},"content":{"rendered":"<h1>\n D\u1ecbch v\u1ee5 Thi\u1ebft k\u1ebf website Th\u1eddi Trang Tr\u1ebb Em Kids<br \/>\n<\/h1>\n<p>\n B\u1ea1n \u0111ang t\u00ecm ki\u1ebfm m\u1ed9t gi\u1ea3i ph\u00e1p \u0111\u1ec3 x\u00e2y d\u1ef1ng website cho th\u01b0\u01a1ng hi\u1ec7u th\u1eddi trang tr\u1ebb em c\u1ee7a m\u00ecnh? H\u00e3y \u0111\u1ec3 ch\u00fang t\u00f4i gi\u1edbi thi\u1ec7u cho b\u1ea1n d\u1ecbch v\u1ee5 thi\u1ebft k\u1ebf website chuy\u00ean nghi\u1ec7p, \u0111\u1eb9p m\u1eaft, v\u00e0 t\u1ed1i \u01b0u cho tr\u1ea3i nghi\u1ec7m ng\u01b0\u1eddi d\u00f9ng.\n<\/p>\n<h3>\n Giao di\u1ec7n web \u0111\u1eb9p v\u00e0 d\u1ec5 s\u1eed d\u1ee5ng<br \/>\n<\/h3>\n<p>\n Ch\u00fang t\u00f4i cam k\u1ebft mang \u0111\u1ebfn cho b\u1ea1n m\u1ed9t giao di\u1ec7n web \u0111\u01b0\u1ee3c thi\u1ebft k\u1ebf t\u1ec9 m\u1ec9, ph\u00f9 h\u1ee3p v\u1edbi phong c\u00e1ch th\u1eddi trang tr\u1ebb em. V\u1edbi nh\u1eefng m\u00e0u s\u1eafc t\u01b0\u01a1i s\u00e1ng, h\u00ecnh \u1ea3nh ch\u1ea5t l\u01b0\u1ee3ng cao, b\u1ea1n s\u1ebd thu h\u00fat \u0111\u01b0\u1ee3c s\u1ef1 ch\u00fa \u00fd c\u1ee7a kh\u00e1ch h\u00e0ng ngay t\u1eeb l\u1ea7n truy c\u1eadp \u0111\u1ea7u ti\u00ean. Giao di\u1ec7n \u0111\u01b0\u1ee3c t\u1ed1i \u01b0u h\u00f3a \u0111\u1ec3 d\u1ec5 d\u00e0ng s\u1eed d\u1ee5ng, gi\u00fap ng\u01b0\u1eddi d\u00f9ng d\u1ec5 d\u00e0ng t\u00ecm ki\u1ebfm v\u00e0 duy\u1ec7t s\u1ea3n ph\u1ea9m.\n<\/p>\n<h3>\n T\u01b0\u01a1ng th\u00edch tr\u00ean m\u1ecdi thi\u1ebft b\u1ecb<br \/>\n<\/h3>\n<p>\n Trong th\u1eddi \u0111\u1ea1i c\u00f4ng ngh\u1ec7 ph\u00e1t tri\u1ec3n nhanh ch\u00f3ng, vi\u1ec7c website t\u01b0\u01a1ng th\u00edch tr\u00ean m\u1ecdi thi\u1ebft b\u1ecb l\u00e0 y\u1ebfu t\u1ed1 then ch\u1ed1t. Website c\u1ee7a ch\u00fang t\u00f4i s\u1ebd t\u1ef1 \u0111\u1ed9ng \u0111i\u1ec1u ch\u1ec9nh giao di\u1ec7n \u0111\u1ec3 ph\u00f9 h\u1ee3p v\u1edbi k\u00edch th\u01b0\u1edbc m\u00e0n h\u00ecnh c\u1ee7a c\u00e1c thi\u1ebft b\u1ecb di \u0111\u1ed9ng, m\u00e1y t\u00ednh b\u1ea3ng, v\u00e0 m\u00e1y t\u00ednh \u0111\u1ec3 b\u00e0n, \u0111\u1ea3m b\u1ea3o tr\u1ea3i nghi\u1ec7m ng\u01b0\u1eddi d\u00f9ng m\u01b0\u1ee3t m\u00e0 v\u00e0 nh\u1ea5t qu\u00e1n.\n<\/p>\n<h3>\n M\u00e3 ngu\u1ed3n WordPress v\u1edbi Theme Flatsome v\u00e0 UX Builder<br \/>\n<\/h3>\n<p>\n Ch\u00fang t\u00f4i s\u1eed d\u1ee5ng m\u00e3 ngu\u1ed3n WordPress v\u1edbi theme Flatsome v\u00e0 UX Builder, gi\u00fap b\u1ea1n d\u1ec5 d\u00e0ng t\u00f9y bi\u1ebfn giao di\u1ec7n website theo \u00fd th\u00edch c\u1ee7a m\u00ecnh. Kh\u00f4ng c\u1ea7n ph\u1ea3i am hi\u1ec3u s\u00e2u v\u1ec1 l\u1eadp tr\u00ecnh, b\u1ea1n v\u1eabn c\u00f3 th\u1ec3 th\u1ef1c hi\u1ec7n nh\u1eefng \u0111i\u1ec1u ch\u1ec9nh c\u1ea7n thi\u1ebft ch\u1ec9 trong v\u00e0i thao t\u00e1c \u0111\u01a1n gi\u1ea3n.\n<\/p>\n<h3>\n T\u1ed1c \u0111\u1ed9 t\u1ea3i trang nhanh<br \/>\n<\/h3>\n<p>\n M\u1ed9t website t\u1ea3i nhanh kh\u00f4ng ch\u1ec9 gi\u00fap c\u1ea3i thi\u1ec7n tr\u1ea3i nghi\u1ec7m ng\u01b0\u1eddi d\u00f9ng m\u00e0 c\u00f2n g\u00f3p ph\u1ea7n quan tr\u1ecdng trong SEO. Ch\u00fang t\u00f4i t\u1ed1i \u01b0u h\u00f3a t\u1ed1c \u0111\u1ed9 t\u1ea3i trang \u0111\u1ec3 \u0111\u1ea3m b\u1ea3o kh\u00e1ch h\u00e0ng c\u00f3 th\u1ec3 truy c\u1eadp nhanh ch\u00f3ng v\u00e0 d\u1ec5 d\u00e0ng, gi\u00fap t\u0103ng c\u01a1 h\u1ed9i chuy\u1ec3n \u0111\u1ed5i cao h\u01a1n cho doanh nghi\u1ec7p c\u1ee7a b\u1ea1n.\n<\/p>\n<h3>\n Gi\u1edbi thi\u1ec7u v\u1ec1 LADIGI<br \/>\n<\/h3>\n<p>\n Ch\u00fang t\u00f4i, LADIGI Agency, chuy\u00ean cung c\u1ea5p d\u1ecbch v\u1ee5 thi\u1ebft k\u1ebf website ph\u00f9 h\u1ee3p v\u1edbi nhi\u1ec1u l\u0129nh v\u1ef1c kh\u00e1c nhau, trong \u0111\u00f3 c\u00f3 th\u1eddi trang tr\u1ebb em. V\u1edbi \u0111\u1ed9i ng\u0169 thi\u1ebft k\u1ebf d\u00e0y d\u1ea1n kinh nghi\u1ec7m v\u00e0 t\u00e2m huy\u1ebft, ch\u00fang t\u00f4i t\u1ef1 tin mang \u0111\u1ebfn cho b\u1ea1n nh\u1eefng gi\u1ea3i ph\u00e1p t\u1ed1i \u01b0u nh\u1ea5t. H\u00e3y \u0111\u1ec3 ch\u00fang t\u00f4i gi\u00fap th\u01b0\u01a1ng hi\u1ec7u c\u1ee7a b\u1ea1n t\u1ecfa s\u00e1ng tr\u00ean kh\u00f4ng gian m\u1ea1ng!\n<\/p>\n<p>\n \u0110\u1ec3 bi\u1ebft th\u00eam th\u00f4ng tin chi ti\u1ebft v\u1ec1 d\u1ecbch v\u1ee5, h\u00e3y truy c\u1eadp v\u00e0o<br \/>\n <a href=\"https:\/\/ladigi.vn\/thiet-ke-website\/\"><br \/>\n  D\u1ecbch v\u1ee5 ph\u00e1t tri\u1ec3n website doanh nghi\u1ec7p<br \/>\n <\/a><br \/>\n .<\/p>\n","protected":false},"excerpt":{"rendered":"<p>D\u1ecbch v\u1ee5 Thi\u1ebft k\u1ebf website Th\u1eddi Trang Tr\u1ebb Em Kids mang \u0111\u1ebfn giao di\u1ec7n \u0111\u1eb9p, chuy\u00ean nghi\u1ec7p v\u00e0 d\u1ec5 s\u1eed d\u1ee5ng, t\u01b0\u01a1ng th\u00edch m\u1ecdi thi\u1ebft b\u1ecb. S\u1eed d\u1ee5ng m\u00e3 ngu\u1ed3n Wordpress v\u1edbi Theme Flatsome v\u00e0 UX Builder, d\u1ec5 d\u00e0ng t\u00f9y bi\u1ebfn. T\u1ed1c \u0111\u1ed9 t\u1ea3i trang nhanh, \u0111\u1ea3m b\u1ea3o tr\u1ea3i nghi\u1ec7m tuy\u1ec7t v\u1eddi cho ng\u01b0\u1eddi d\u00f9ng.<\/p>\n","protected":false},"featured_media":4124,"comment_status":"open","ping_status":"closed","template":"","meta":[],"product_cat":[16,34],"product_tag":[],"class_list":{"0":"post-4123","1":"product","2":"type-product","3":"status-publish","4":"has-post-thumbnail","6":"product_cat-tat-ca","7":"product_cat-thoi-trang","9":"first","10":"instock","11":"shipping-taxable","12":"purchasable","13":"product-type-simple"},"_links":{"self":[{"href":"https:\/\/ladigi.vn\/thiet-ke-website\/wp-json\/wp\/v2\/product\/4123","targetHints":{"allow":["GET"]}}],"collection":[{"href":"https:\/\/ladigi.vn\/thiet-ke-website\/wp-json\/wp\/v2\/product"}],"about":[{"href":"https:\/\/ladigi.vn\/thiet-ke-website\/wp-json\/wp\/v2\/types\/product"}],"replies":[{"embeddable":true,"href":"https:\/\/ladigi.vn\/thiet-ke-website\/wp-json\/wp\/v2\/comments?post=4123"}],"wp:featuredmedia":[{"embeddable":true,"href":"https:\/\/ladigi.vn\/thiet-ke-website\/wp-json\/wp\/v2\/media\/4124"}],"wp:attachment":[{"href":"https:\/\/ladigi.vn\/thiet-ke-website\/wp-json\/wp\/v2\/media?parent=4123"}],"wp:term":[{"taxonomy":"product_cat","embeddable":true,"href":"https:\/\/ladigi.vn\/thiet-ke-website\/wp-json\/wp\/v2\/product_cat?post=4123"},{"taxonomy":"product_tag","embeddable":true,"href":"https:\/\/ladigi.vn\/thiet-ke-website\/wp-json\/wp\/v2\/product_tag?post=4123"}],"curies":[{"name":"wp","href":"https:\/\/api.w.org\/{rel}","templated":true}]}}