{"id":4132,"date":"2021-05-10T20:58:50","date_gmt":"2021-05-10T13:58:50","guid":{"rendered":"https:\/\/ladigi.vn\/thiet-ke-website\/?post_type=product&#038;p=4132"},"modified":"2025-01-10T22:46:23","modified_gmt":"2025-01-10T15:46:23","slug":"thiet-ke-website-my-pham-mau-so-10","status":"publish","type":"product","link":"https:\/\/ladigi.vn\/thiet-ke-website\/mau-web\/thiet-ke-website-my-pham-mau-so-10\/","title":{"rendered":"M\u1ef9 Ph\u1ea9m M\u1eabu S\u1ed1 10"},"content":{"rendered":"<h1>\n D\u1ecbch v\u1ee5 Thi\u1ebft k\u1ebf website M\u1ef9 Ph\u1ea9m M\u1eabu S\u1ed1 10<br \/>\n<\/h1>\n<p>\n Ch\u00e0o m\u1eebng b\u1ea1n \u0111\u1ebfn v\u1edbi d\u1ecbch v\u1ee5 thi\u1ebft k\u1ebf website M\u1ef9 Ph\u1ea9m M\u1eabu S\u1ed1 10 &#8211; n\u01a1i gi\u00fap b\u1ea1n t\u1ea1o d\u1ef1ng d\u1ea5u \u1ea5n ri\u00eang cho th\u01b0\u01a1ng hi\u1ec7u m\u1ef9 ph\u1ea9m c\u1ee7a m\u00ecnh qua m\u1ed9t giao di\u1ec7n web \u0111\u1eb9p, chuy\u00ean nghi\u1ec7p v\u00e0 d\u1ec5 s\u1eed d\u1ee5ng.\n<\/p>\n<h2>\n Giao di\u1ec7n Thi\u1ebft k\u1ebf \u0110\u1eb9p v\u00e0 Chuy\u00ean Nghi\u1ec7p<br \/>\n<\/h2>\n<p>\n Website c\u1ee7a b\u1ea1n s\u1ebd \u0111\u01b0\u1ee3c thi\u1ebft k\u1ebf v\u1edbi giao di\u1ec7n b\u1eaft m\u1eaft, hi\u1ec7n \u0111\u1ea1i v\u00e0 thu h\u00fat s\u1ef1 ch\u00fa \u00fd c\u1ee7a kh\u00e1ch h\u00e0ng ngay t\u1eeb c\u00e1i nh\u00ecn \u0111\u1ea7u ti\u00ean. V\u1edbi m\u00e0u s\u1eafc h\u00e0i h\u00f2a v\u00e0 b\u1ed1 c\u1ee5c h\u1ee3p l\u00fd, ch\u00fang t\u00f4i cam k\u1ebft t\u1ea1o ra m\u1ed9t n\u1ec1n t\u1ea3ng tr\u1ef1c tuy\u1ebfn chuy\u00ean nghi\u1ec7p, ph\u1ea3n \u00e1nh \u0111\u00fang phong c\u00e1ch v\u00e0 s\u1ee9 m\u1ec7nh c\u1ee7a th\u01b0\u01a1ng hi\u1ec7u m\u1ef9 ph\u1ea9m c\u1ee7a b\u1ea1n.\n<\/p>\n<h2>\n T\u01b0\u01a1ng Th\u00edch Tr\u00ean M\u1ecdi Thi\u1ebft B\u1ecb<br \/>\n<\/h2>\n<p>\n H\u1ec7 th\u1ed1ng website \u0111\u01b0\u1ee3c t\u1ed1i \u01b0u h\u00f3a cho m\u1ecdi thi\u1ebft b\u1ecb, t\u1eeb m\u00e1y t\u00ednh \u0111\u1ec3 b\u00e0n cho \u0111\u1ebfn \u0111i\u1ec7n tho\u1ea1i di \u0111\u1ed9ng. \u0110i\u1ec1u n\u00e0y \u0111\u1ea3m b\u1ea3o r\u1eb1ng kh\u00e1ch h\u00e0ng c\u1ee7a b\u1ea1n c\u00f3 th\u1ec3 truy c\u1eadp v\u00e0 tr\u1ea3i nghi\u1ec7m d\u1ecbch v\u1ee5 m\u1ed9t c\u00e1ch m\u01b0\u1ee3t m\u00e0 nh\u1ea5t, b\u1ea5t k\u1ec3 h\u1ecd s\u1eed d\u1ee5ng m\u00e1y t\u00ednh hay smartphone.\n<\/p>\n<h2>\n M\u00e3 Ngu\u1ed3n WordPress v\u1edbi Theme Flatsome v\u00e0 UX Builder<br \/>\n<\/h2>\n<p>\n Ch\u00fang t\u00f4i s\u1eed d\u1ee5ng m\u00e3 ngu\u1ed3n WordPress v\u1edbi Theme Flatsome c\u00f9ng c\u00f4ng c\u1ee5 UX Builder, cho ph\u00e9p b\u1ea1n d\u1ec5 d\u00e0ng t\u00f9y bi\u1ebfn v\u00e0 qu\u1ea3n l\u00fd n\u1ed9i dung website c\u1ee7a m\u00ecnh. B\u1ea1n s\u1ebd kh\u00f4ng c\u1ea7n ph\u1ea3i l\u00e0 m\u1ed9t chuy\u00ean gia k\u1ef9 thu\u1eadt \u0111\u1ec3 thao t\u00e1c, m\u00e0 ch\u1ec9 c\u1ea7n m\u1ed9t ch\u00fat am hi\u1ec3u c\u01a1 b\u1ea3n c\u0169ng \u0111\u1ee7 \u0111\u1ec3 l\u00e0m ch\u1ee7 \u0111\u01b0\u1ee3c website c\u1ee7a m\u00ecnh.\n<\/p>\n<h2>\n T\u1ed1c \u0110\u1ed9 T\u1ea3i Trang Nhanh<br \/>\n<\/h2>\n<p>\n Trong th\u1eddi \u0111\u1ea1i c\u00f4ng ngh\u1ec7 hi\u1ec7n nay, t\u1ed1c \u0111\u1ed9 t\u1ea3i trang l\u00e0 y\u1ebfu t\u1ed1 \u0111\u1eb7c bi\u1ec7t quan tr\u1ecdng. Website c\u1ee7a b\u1ea1n s\u1ebd \u0111\u01b0\u1ee3c t\u1ed1i \u01b0u h\u00f3a \u0111\u1ec3 c\u00f3 t\u1ed1c \u0111\u1ed9 t\u1ea3i trang nhanh, gi\u00fap c\u1ea3i thi\u1ec7n tr\u1ea3i nghi\u1ec7m ng\u01b0\u1eddi d\u00f9ng v\u00e0 \u0111\u1ed3ng th\u1eddi t\u0103ng kh\u1ea3 n\u0103ng chuy\u1ec3n \u0111\u1ed5i kh\u00e1ch h\u00e0ng.\n<\/p>\n<hr\/>\n<p>\n H\u00e3y \u0111\u1ec3 LADIGI gi\u00fap b\u1ea1n hi\u1ec7n th\u1ef1c h\u00f3a gi\u1ea5c m\u01a1 kinh doanh v\u1edbi m\u1ed9t website m\u1ef9 ph\u1ea9m chuy\u00ean nghi\u1ec7p v\u00e0 \u1ea5n t\u01b0\u1ee3ng. Ch\u00fang t\u00f4i t\u1ef1 h\u00e0o l\u00e0 \u0111\u01a1n v\u1ecb thi\u1ebft k\u1ebf website h\u00e0ng \u0111\u1ea7u, \u0111em \u0111\u1ebfn gi\u1ea3i ph\u00e1p t\u1ed1i \u01b0u nh\u1ea5t d\u00e0nh cho b\u1ea1n. \u0110\u1ec3 bi\u1ebft th\u00eam th\u00f4ng tin chi ti\u1ebft, vui l\u00f2ng tham kh\u1ea3o t\u1ea1i<br \/>\n <a href=\"https:\/\/ladigi.vn\/thiet-ke-website\/\"><br \/>\n  Thi\u1ebft k\u1ebf website b\u00e1n h\u00e0ng LADIGI<br \/>\n <\/a><br \/>\n .<\/p>\n","protected":false},"excerpt":{"rendered":"<p>D\u1ecbch v\u1ee5 Thi\u1ebft k\u1ebf website M\u1ef9 Ph\u1ea9m M\u1eabu S\u1ed1 10 cung c\u1ea5p giao di\u1ec7n \u0111\u1eb9p, chuy\u00ean nghi\u1ec7p v\u00e0 d\u1ec5 s\u1eed d\u1ee5ng, t\u01b0\u01a1ng th\u00edch m\u1ecdi thi\u1ebft b\u1ecb. S\u1eed d\u1ee5ng m\u00e3 ngu\u1ed3n Wordpress v\u1edbi Theme Flatsome v\u00e0 UX Builder, b\u1ea1n c\u00f3 th\u1ec3 d\u1ec5 d\u00e0ng t\u00f9y bi\u1ebfn. \u0110\u1eb7c bi\u1ec7t, t\u1ed1c \u0111\u1ed9 t\u1ea3i trang nhanh, t\u1ed1i \u01b0u tr\u1ea3i nghi\u1ec7m ng\u01b0\u1eddi d\u00f9ng.<\/p>\n","protected":false},"featured_media":4133,"comment_status":"open","ping_status":"closed","template":"","meta":[],"product_cat":[16,44,35],"product_tag":[23],"class_list":{"0":"post-4132","1":"product","2":"type-product","3":"status-publish","4":"has-post-thumbnail","6":"product_cat-tat-ca","7":"product_cat-lam-dep","8":"product_cat-my-pham","9":"product_tag-ban-hang","11":"first","12":"instock","13":"shipping-taxable","14":"purchasable","15":"product-type-simple"},"_links":{"self":[{"href":"https:\/\/ladigi.vn\/thiet-ke-website\/wp-json\/wp\/v2\/product\/4132","targetHints":{"allow":["GET"]}}],"collection":[{"href":"https:\/\/ladigi.vn\/thiet-ke-website\/wp-json\/wp\/v2\/product"}],"about":[{"href":"https:\/\/ladigi.vn\/thiet-ke-website\/wp-json\/wp\/v2\/types\/product"}],"replies":[{"embeddable":true,"href":"https:\/\/ladigi.vn\/thiet-ke-website\/wp-json\/wp\/v2\/comments?post=4132"}],"wp:featuredmedia":[{"embeddable":true,"href":"https:\/\/ladigi.vn\/thiet-ke-website\/wp-json\/wp\/v2\/media\/4133"}],"wp:attachment":[{"href":"https:\/\/ladigi.vn\/thiet-ke-website\/wp-json\/wp\/v2\/media?parent=4132"}],"wp:term":[{"taxonomy":"product_cat","embeddable":true,"href":"https:\/\/ladigi.vn\/thiet-ke-website\/wp-json\/wp\/v2\/product_cat?post=4132"},{"taxonomy":"product_tag","embeddable":true,"href":"https:\/\/ladigi.vn\/thiet-ke-website\/wp-json\/wp\/v2\/product_tag?post=4132"}],"curies":[{"name":"wp","href":"https:\/\/api.w.org\/{rel}","templated":true}]}}