{"id":4134,"date":"2021-05-10T21:01:46","date_gmt":"2021-05-10T14:01:46","guid":{"rendered":"https:\/\/ladigi.vn\/thiet-ke-website\/?post_type=product&#038;p=4134"},"modified":"2025-01-10T22:47:17","modified_gmt":"2025-01-10T15:47:17","slug":"thiet-ke-web-trung-tam-dao-tao-am-nhac-nghe-thuat-nang-khieu","status":"publish","type":"product","link":"https:\/\/ladigi.vn\/thiet-ke-website\/mau-web\/thiet-ke-web-trung-tam-dao-tao-am-nhac-nghe-thuat-nang-khieu\/","title":{"rendered":"Trung T\u00e2m \u0110\u00e0o T\u1ea1o \u00c2m Nh\u1ea1c &#038; Ngh\u1ec7 Thu\u1eadt, N\u0103ng Khi\u1ebfu"},"content":{"rendered":"<p>\n &#8220;`markdown\n<\/p>\n<h1>\n D\u1ecbch V\u1ee5 Thi\u1ebft K\u1ebf Website Trung T\u00e2m \u0110\u00e0o T\u1ea1o \u00c2m Nh\u1ea1c &amp; Ngh\u1ec7 Thu\u1eadt, N\u0103ng Khi\u1ebfu<br \/>\n<\/h1>\n<p>\n Ch\u00e0o m\u1eebng b\u1ea1n \u0111\u1ebfn v\u1edbi d\u1ecbch v\u1ee5 thi\u1ebft k\u1ebf website d\u00e0nh ri\u00eang cho c\u00e1c Trung T\u00e2m \u0110\u00e0o T\u1ea1o \u00c2m Nh\u1ea1c &amp; Ngh\u1ec7 Thu\u1eadt, N\u0103ng Khi\u1ebfu. Ch\u00fang t\u00f4i cam k\u1ebft mang \u0111\u1ebfn cho b\u1ea1n m\u1ed9t giao di\u1ec7n web \u0111\u1eb9p, chuy\u00ean nghi\u1ec7p v\u00e0 d\u1ec5 s\u1eed d\u1ee5ng, gi\u00fap b\u1ea1n thu h\u00fat v\u00e0 t\u01b0\u01a1ng t\u00e1c hi\u1ec7u qu\u1ea3 v\u1edbi h\u1ecdc vi\u00ean.\n<\/p>\n<h2>\n Giao Di\u1ec7n \u0110\u1eb9p v\u00e0 Chuy\u00ean Nghi\u1ec7p<br \/>\n<\/h2>\n<p>\n Website c\u1ee7a b\u1ea1n s\u1ebd \u0111\u01b0\u1ee3c thi\u1ebft k\u1ebf v\u1edbi giao di\u1ec7n sang tr\u1ecdng, h\u00e0i h\u00f2a, gi\u00fap th\u1ec3 hi\u1ec7n \u0111\u1eb3ng c\u1ea5p c\u1ee7a trung t\u00e2m. Ng\u01b0\u1eddi d\u00f9ng s\u1ebd c\u1ea3m th\u1ea5y tho\u1ea3i m\u00e1i khi s\u1eed d\u1ee5ng, t\u1eeb \u0111\u00f3 t\u0103ng kh\u1ea3 n\u0103ng gi\u1eef ch\u00e2n h\u1ecdc vi\u00ean.\n<\/p>\n<h2>\n T\u01b0\u01a1ng Th\u00edch Tr\u00ean M\u1ecdi Thi\u1ebft B\u1ecb<br \/>\n<\/h2>\n<p>\n Ch\u00fang t\u00f4i \u0111\u1ea3m b\u1ea3o r\u1eb1ng website c\u1ee7a b\u1ea1n s\u1ebd ho\u1ea1t \u0111\u1ed9ng t\u1ed1t tr\u00ean m\u1ecdi thi\u1ebft b\u1ecb, t\u1eeb m\u00e1y t\u00ednh \u0111\u1ec3 b\u00e0n cho \u0111\u1ebfn \u0111i\u1ec7n tho\u1ea1i di \u0111\u1ed9ng. \u0110i\u1ec1u n\u00e0y s\u1ebd gi\u00fap ng\u01b0\u1eddi d\u00f9ng d\u1ec5 d\u00e0ng truy c\u1eadp v\u00e0 t\u00ecm hi\u1ec3u v\u1ec1 c\u00e1c kh\u00f3a h\u1ecdc c\u0169ng nh\u01b0 d\u1ecbch v\u1ee5 c\u1ee7a b\u1ea1n m\u1ecdi l\u00fac, m\u1ecdi n\u01a1i.\n<\/p>\n<h2>\n M\u00e3 Ngu\u1ed3n WordPress D\u1ec5 T\u00f9y Bi\u1ebfn<br \/>\n<\/h2>\n<p>\n V\u1edbi m\u00e3 ngu\u1ed3n WordPress v\u00e0 Theme Flatsome, c\u00f9ng v\u1edbi UX Builder, b\u1ea1n c\u00f3 th\u1ec3 d\u1ec5 d\u00e0ng t\u00f9y ch\u1ec9nh c\u00e1c y\u1ebfu t\u1ed1 trong website theo \u00fd mu\u1ed1n. \u0110i\u1ec1u n\u00e0y gi\u00fap b\u1ea1n t\u1ea1o ra m\u1ed9t kh\u00f4ng gian tr\u1ef1c tuy\u1ebfn ho\u00e0n to\u00e0n ph\u00f9 h\u1ee3p v\u1edbi phong c\u00e1ch v\u00e0 nhu c\u1ea7u c\u1ee7a trung t\u00e2m.\n<\/p>\n<h2>\n T\u1ed1c \u0110\u1ed9 T\u1ea3i Trang Nhanh<br \/>\n<\/h2>\n<p>\n S\u1ef1 nhanh ch\u00f3ng trong t\u1ed1c \u0111\u1ed9 t\u1ea3i trang l\u00e0 m\u1ed9t y\u1ebfu t\u1ed1 quan tr\u1ecdng gi\u00fap n\u00e2ng cao tr\u1ea3i nghi\u1ec7m ng\u01b0\u1eddi d\u00f9ng. Ch\u00fang t\u00f4i t\u1ed1i \u01b0u h\u00f3a website c\u1ee7a b\u1ea1n \u0111\u1ec3 \u0111\u1ea3m b\u1ea3o t\u1ed1c \u0111\u1ed9 t\u1ea3i nhanh ch\u00f3ng, gi\u00fap kh\u00e1ch h\u00e0ng kh\u00f4ng ph\u1ea3i ch\u1edd \u0111\u1ee3i v\u00e0 c\u00f3 th\u1ec3 ti\u1ebfp c\u1eadn th\u00f4ng tin ngay l\u1eadp t\u1ee9c.\n<\/p>\n<p>\n N\u1ebfu b\u1ea1n \u0111ang t\u00ecm ki\u1ebfm m\u1ed9t \u0111\u01a1n v\u1ecb thi\u1ebft k\u1ebf website chuy\u00ean nghi\u1ec7p cho Trung T\u00e2m \u0110\u00e0o T\u1ea1o \u00c2m Nh\u1ea1c &amp; Ngh\u1ec7 Thu\u1eadt, N\u0103ng Khi\u1ebfu, h\u00e3y \u0111\u1ec3 LADIGI Agency gi\u00fap b\u1ea1n hi\u1ec7n th\u1ef1c h\u00f3a \u0111i\u1ec1u \u0111\u00f3. Ch\u00fang t\u00f4i t\u1ef1 h\u00e0o mang \u0111\u1ebfn d\u1ecbch v\u1ee5<br \/>\n <strong><br \/>\n  <a href=\"https:\/\/ladigi.vn\/thiet-ke-website\/\"><br \/>\n   Thi\u1ebft k\u1ebf website \u0111\u1ea7y \u0111\u1ee7 t\u00ednh n\u0103ng<br \/>\n  <\/a><br \/>\n <\/strong><br \/>\n v\u1edbi ti\u00eau chu\u1ea9n cao nh\u1ea5t v\u00e0 s\u1ef1 t\u1eadn t\u00e2m trong t\u1eebng s\u1ea3n ph\u1ea9m.<br \/>\n&#8220;`<\/p>\n","protected":false},"excerpt":{"rendered":"<p>D\u1ecbch v\u1ee5 Thi\u1ebft k\u1ebf website Trung T\u00e2m \u0110\u00e0o T\u1ea1o \u00c2m Nh\u1ea1c &#038; Ngh\u1ec7 Thu\u1eadt mang t\u1edbi giao di\u1ec7n \u0111\u1eb9p, chuy\u00ean nghi\u1ec7p v\u00e0 d\u1ec5 s\u1eed d\u1ee5ng. Website t\u01b0\u01a1ng th\u00edch tr\u00ean m\u1ecdi thi\u1ebft b\u1ecb, s\u1eed d\u1ee5ng m\u00e3 ngu\u1ed3n Wordpress v\u1edbi Theme Flatsome v\u00e0 UX Builder t\u00f9y bi\u1ebfn. T\u1ed1c \u0111\u1ed9 t\u1ea3i trang nhanh, c\u1ea3i thi\u1ec7n tr\u1ea3i nghi\u1ec7m ng\u01b0\u1eddi d\u00f9ng.<\/p>\n","protected":false},"featured_media":4135,"comment_status":"open","ping_status":"closed","template":"","meta":[],"product_cat":[16,32,50,36],"product_tag":[24],"class_list":{"0":"post-4134","1":"product","2":"type-product","3":"status-publish","4":"has-post-thumbnail","6":"product_cat-tat-ca","7":"product_cat-giao-duc","8":"product_cat-khoa-hoc","9":"product_cat-trung-tam","10":"product_tag-cong-ty","12":"first","13":"instock","14":"shipping-taxable","15":"purchasable","16":"product-type-simple"},"_links":{"self":[{"href":"https:\/\/ladigi.vn\/thiet-ke-website\/wp-json\/wp\/v2\/product\/4134","targetHints":{"allow":["GET"]}}],"collection":[{"href":"https:\/\/ladigi.vn\/thiet-ke-website\/wp-json\/wp\/v2\/product"}],"about":[{"href":"https:\/\/ladigi.vn\/thiet-ke-website\/wp-json\/wp\/v2\/types\/product"}],"replies":[{"embeddable":true,"href":"https:\/\/ladigi.vn\/thiet-ke-website\/wp-json\/wp\/v2\/comments?post=4134"}],"wp:featuredmedia":[{"embeddable":true,"href":"https:\/\/ladigi.vn\/thiet-ke-website\/wp-json\/wp\/v2\/media\/4135"}],"wp:attachment":[{"href":"https:\/\/ladigi.vn\/thiet-ke-website\/wp-json\/wp\/v2\/media?parent=4134"}],"wp:term":[{"taxonomy":"product_cat","embeddable":true,"href":"https:\/\/ladigi.vn\/thiet-ke-website\/wp-json\/wp\/v2\/product_cat?post=4134"},{"taxonomy":"product_tag","embeddable":true,"href":"https:\/\/ladigi.vn\/thiet-ke-website\/wp-json\/wp\/v2\/product_tag?post=4134"}],"curies":[{"name":"wp","href":"https:\/\/api.w.org\/{rel}","templated":true}]}}