{"id":4138,"date":"2021-05-10T21:06:28","date_gmt":"2021-05-10T14:06:28","guid":{"rendered":"https:\/\/ladigi.vn\/thiet-ke-website\/?post_type=product&#038;p=4138"},"modified":"2025-01-10T22:49:06","modified_gmt":"2025-01-10T15:49:06","slug":"thiet-ke-website-du-lich-viet-hoa-mau-so-2","status":"publish","type":"product","link":"https:\/\/ladigi.vn\/thiet-ke-website\/mau-web\/thiet-ke-website-du-lich-viet-hoa-mau-so-2\/","title":{"rendered":"Du L\u1ecbch M\u1eabu S\u1ed1 2"},"content":{"rendered":"<h1>\n D\u1ecbch v\u1ee5 Thi\u1ebft k\u1ebf website Du L\u1ecbch M\u1eabu S\u1ed1 2<br \/>\n<\/h1>\n<p>\n Ch\u00e0o m\u1eebng b\u1ea1n \u0111\u1ebfn v\u1edbi d\u1ecbch v\u1ee5 thi\u1ebft k\u1ebf website Du L\u1ecbch M\u1eabu S\u1ed1 2 c\u1ee7a ch\u00fang t\u00f4i! V\u1edbi vi\u1ec7c ph\u00e1t tri\u1ec3n m\u1ea1nh m\u1ebd c\u1ee7a ng\u00e0nh du l\u1ecbch, m\u1ed9t trang web chuy\u00ean nghi\u1ec7p l\u00e0 \u0111i\u1ec1u c\u1ea7n thi\u1ebft \u0111\u1ec3 thu h\u00fat kh\u00e1ch h\u00e0ng v\u00e0 n\u00e2ng cao tr\u1ea3i nghi\u1ec7m ng\u01b0\u1eddi d\u00f9ng. Ch\u00fang t\u00f4i t\u1ef1 h\u00e0o gi\u1edbi thi\u1ec7u s\u1ea3n ph\u1ea9m website du l\u1ecbch v\u1edbi c\u00e1c \u0111\u1eb7c \u0111i\u1ec3m n\u1ed5i b\u1eadt sau:\n<\/p>\n<h2>\n Giao di\u1ec7n \u0111\u1eb9p, chuy\u00ean nghi\u1ec7p v\u00e0 d\u1ec5 s\u1eed d\u1ee5ng<br \/>\n<\/h2>\n<p>\n Giao di\u1ec7n c\u1ee7a website \u0111\u01b0\u1ee3c thi\u1ebft k\u1ebf r\u1ea5t b\u1eaft m\u1eaft, mang l\u1ea1i c\u1ea3m gi\u00e1c chuy\u00ean nghi\u1ec7p v\u00e0 th\u00e2n thi\u1ec7n v\u1edbi ng\u01b0\u1eddi d\u00f9ng. C\u00e1c y\u1ebfu t\u1ed1 giao di\u1ec7n \u0111\u01b0\u1ee3c t\u1ed1i \u01b0u h\u00f3a \u0111\u1ec3 gi\u00fap kh\u00e1ch h\u00e0ng d\u1ec5 d\u00e0ng t\u00ecm ki\u1ebfm th\u00f4ng tin c\u1ea7n thi\u1ebft v\u1ec1 c\u00e1c tour du l\u1ecbch, gi\u00e1 c\u1ea3 v\u00e0 d\u1ecbch v\u1ee5.\n<\/p>\n<h2>\n T\u01b0\u01a1ng th\u00edch tr\u00ean m\u1ecdi thi\u1ebft b\u1ecb<br \/>\n<\/h2>\n<p>\n Website c\u1ee7a ch\u00fang t\u00f4i ho\u00e0n to\u00e0n t\u01b0\u01a1ng th\u00edch tr\u00ean m\u1ecdi thi\u1ebft b\u1ecb, t\u1eeb m\u00e1y t\u00ednh \u0111\u1ec3 b\u00e0n, laptop cho \u0111\u1ebfn smartphone v\u00e0 m\u00e1y t\u00ednh b\u1ea3ng. \u0110i\u1ec1u n\u00e0y \u0111\u1ea3m b\u1ea3o r\u1eb1ng kh\u00e1ch h\u00e0ng c\u00f3 th\u1ec3 truy c\u1eadp th\u00f4ng tin m\u1ecdi l\u00fac, m\u1ecdi n\u01a1i m\u00e0 kh\u00f4ng g\u1eb7p ph\u1ea3i tr\u1edf ng\u1ea1i n\u00e0o.\n<\/p>\n<h2>\n M\u00e3 ngu\u1ed3n WordPress v\u1edbi Theme Flatsome v\u00e0 UX Builder d\u1ec5 t\u00f9y bi\u1ebfn<br \/>\n<\/h2>\n<p>\n Ch\u00fang t\u00f4i s\u1eed d\u1ee5ng m\u00e3 ngu\u1ed3n WordPress v\u1edbi Theme Flatsome k\u1ebft h\u1ee3p c\u00f9ng UX Builder. \u0110i\u1ec1u n\u00e0y kh\u00f4ng ch\u1ec9 gi\u00fap b\u1ea1n d\u1ec5 d\u00e0ng t\u00f9y bi\u1ebfn giao di\u1ec7n theo \u00fd mu\u1ed1n m\u00e0 c\u00f2n h\u1ed7 tr\u1ee3 c\u1eadp nh\u1eadt n\u1ed9i dung m\u1ed9t c\u00e1ch nhanh ch\u00f3ng v\u00e0 linh ho\u1ea1t.\n<\/p>\n<h2>\n T\u1ed1c \u0111\u1ed9 t\u1ea3i trang nhanh<br \/>\n<\/h2>\n<p>\n Ch\u00fang t\u00f4i cam k\u1ebft mang \u0111\u1ebfn cho b\u1ea1n m\u1ed9t website v\u1edbi t\u1ed1c \u0111\u1ed9 t\u1ea3i trang nhanh, gi\u00fap n\u00e2ng cao tr\u1ea3i nghi\u1ec7m ng\u01b0\u1eddi d\u00f9ng. T\u1ed1c \u0111\u1ed9 t\u1ea3i trang nhanh kh\u00f4ng ch\u1ec9 l\u00e0m h\u00e0i l\u00f2ng kh\u00e1ch h\u00e0ng m\u00e0 c\u00f2n g\u00f3p ph\u1ea7n v\u00e0o vi\u1ec7c c\u1ea3i thi\u1ec7n x\u1ebfp h\u1ea1ng SEO c\u1ee7a website.\n<\/p>\n<hr\/>\n<p>\n Ch\u00fang t\u00f4i t\u1ef1 h\u00e0o l\u00e0 m\u1ed9t trong nh\u1eefng \u0111\u01a1n v\u1ecb h\u00e0ng \u0111\u1ea7u trong l\u0129nh v\u1ef1c thi\u1ebft k\u1ebf website. N\u1ebfu b\u1ea1n mu\u1ed1n ph\u00e1t tri\u1ec3n trang web c\u1ee7a m\u00ecnh m\u1ed9t c\u00e1ch chuy\u00ean nghi\u1ec7p v\u00e0 hi\u1ec7u qu\u1ea3, h\u00e3y li\u00ean h\u1ec7 v\u1edbi<br \/>\n <a href=\"https:\/\/ladigi.vn\/thiet-ke-website\/\"><br \/>\n  C\u00f4ng ty cung c\u1ea5p d\u1ecbch v\u1ee5 thi\u1ebft k\u1ebf website<br \/>\n <\/a><br \/>\n \u2013 LADIGI Agency ngay h\u00f4m nay!<\/p>\n","protected":false},"excerpt":{"rendered":"<p>D\u1ecbch v\u1ee5 Thi\u1ebft k\u1ebf website Du L\u1ecbch M\u1eabu S\u1ed1 2 mang \u0111\u1ebfn giao di\u1ec7n \u0111\u1eb9p, chuy\u00ean nghi\u1ec7p v\u00e0 d\u1ec5 s\u1eed d\u1ee5ng. Website t\u01b0\u01a1ng th\u00edch m\u1ecdi thi\u1ebft b\u1ecb v\u1edbi m\u00e3 ngu\u1ed3n Wordpress s\u1eed d\u1ee5ng Theme Flatsome v\u00e0 UX Builder, cho ph\u00e9p t\u00f9y bi\u1ebfn linh ho\u1ea1t. T\u1ed1c \u0111\u1ed9 t\u1ea3i trang nhanh, n\u00e2ng cao tr\u1ea3i nghi\u1ec7m ng\u01b0\u1eddi d\u00f9ng.<\/p>\n","protected":false},"featured_media":4139,"comment_status":"open","ping_status":"closed","template":"","meta":[],"product_cat":[16,42,27],"product_tag":[24],"class_list":{"0":"post-4138","1":"product","2":"type-product","3":"status-publish","4":"has-post-thumbnail","6":"product_cat-tat-ca","7":"product_cat-dich-vu","8":"product_cat-du-lich","9":"product_tag-cong-ty","11":"first","12":"instock","13":"shipping-taxable","14":"purchasable","15":"product-type-simple"},"_links":{"self":[{"href":"https:\/\/ladigi.vn\/thiet-ke-website\/wp-json\/wp\/v2\/product\/4138","targetHints":{"allow":["GET"]}}],"collection":[{"href":"https:\/\/ladigi.vn\/thiet-ke-website\/wp-json\/wp\/v2\/product"}],"about":[{"href":"https:\/\/ladigi.vn\/thiet-ke-website\/wp-json\/wp\/v2\/types\/product"}],"replies":[{"embeddable":true,"href":"https:\/\/ladigi.vn\/thiet-ke-website\/wp-json\/wp\/v2\/comments?post=4138"}],"wp:featuredmedia":[{"embeddable":true,"href":"https:\/\/ladigi.vn\/thiet-ke-website\/wp-json\/wp\/v2\/media\/4139"}],"wp:attachment":[{"href":"https:\/\/ladigi.vn\/thiet-ke-website\/wp-json\/wp\/v2\/media?parent=4138"}],"wp:term":[{"taxonomy":"product_cat","embeddable":true,"href":"https:\/\/ladigi.vn\/thiet-ke-website\/wp-json\/wp\/v2\/product_cat?post=4138"},{"taxonomy":"product_tag","embeddable":true,"href":"https:\/\/ladigi.vn\/thiet-ke-website\/wp-json\/wp\/v2\/product_tag?post=4138"}],"curies":[{"name":"wp","href":"https:\/\/api.w.org\/{rel}","templated":true}]}}