{"id":4140,"date":"2021-05-10T21:09:10","date_gmt":"2021-05-10T14:09:10","guid":{"rendered":"https:\/\/ladigi.vn\/thiet-ke-website\/?post_type=product&#038;p=4140"},"modified":"2025-01-10T22:50:01","modified_gmt":"2025-01-10T15:50:01","slug":"thiet-ke-website-gioi-thieu-cong-ty-bao-hiem-nhan-tho","status":"publish","type":"product","link":"https:\/\/ladigi.vn\/thiet-ke-website\/mau-web\/thiet-ke-website-gioi-thieu-cong-ty-bao-hiem-nhan-tho\/","title":{"rendered":"B\u1ea3o Hi\u1ec3m Nh\u00e2n Th\u1ecd"},"content":{"rendered":"<h1>\n D\u1ecbch v\u1ee5 Thi\u1ebft k\u1ebf website B\u1ea3o Hi\u1ec3m Nh\u00e2n Th\u1ecd<br \/>\n<\/h1>\n<p>\n Trong th\u1eddi \u0111\u1ea1i s\u1ed1, vi\u1ec7c s\u1edf h\u1eefu m\u1ed9t website chuy\u00ean nghi\u1ec7p l\u00e0 \u0111i\u1ec1u v\u00f4 c\u00f9ng c\u1ea7n thi\u1ebft, \u0111\u1eb7c bi\u1ec7t l\u00e0 trong l\u0129nh v\u1ef1c b\u1ea3o hi\u1ec3m nh\u00e2n th\u1ecd. Ch\u00fang t\u00f4i cung c\u1ea5p d\u1ecbch v\u1ee5 thi\u1ebft k\u1ebf website b\u1ea3o hi\u1ec3m nh\u00e2n th\u1ecd v\u1edbi nhi\u1ec1u \u01b0u \u0111i\u1ec3m v\u01b0\u1ee3t tr\u1ed9i:\n<\/p>\n<h2>\n Giao di\u1ec7n web \u0111\u1eb9p, chuy\u00ean nghi\u1ec7p v\u00e0 d\u1ec5 s\u1eed d\u1ee5ng<br \/>\n<\/h2>\n<p>\n Giao di\u1ec7n c\u1ee7a website kh\u00f4ng ch\u1ec9 c\u1ea7n \u0111\u1eb9p m\u1eaft m\u00e0 c\u00f2n ph\u1ea3i d\u1ec5 d\u00e0ng s\u1eed d\u1ee5ng. Ch\u00fang t\u00f4i cam k\u1ebft thi\u1ebft k\u1ebf c\u00e1c giao di\u1ec7n hi\u1ec7n \u0111\u1ea1i, th\u00e2n thi\u1ec7n v\u1edbi ng\u01b0\u1eddi d\u00f9ng, gi\u00fap kh\u00e1ch h\u00e0ng d\u1ec5 d\u00e0ng t\u00ecm ki\u1ebfm th\u00f4ng tin v\u00e0 th\u1ef1c hi\u1ec7n c\u00e1c thao t\u00e1c tr\u00ean trang.\n<\/p>\n<h2>\n T\u01b0\u01a1ng th\u00edch tr\u00ean m\u1ecdi thi\u1ebft b\u1ecb<br \/>\n<\/h2>\n<p>\n Website \u0111\u01b0\u1ee3c thi\u1ebft k\u1ebf v\u1edbi ti\u00eau ch\u00ed &#8220;Responsive&#8221; (ph\u1ea3n h\u1ed3i) \u0111\u1ec3 \u0111\u1ea3m b\u1ea3o r\u1eb1ng ng\u01b0\u1eddi d\u00f9ng c\u00f3 th\u1ec3 truy c\u1eadp t\u1eeb b\u1ea5t k\u1ef3 thi\u1ebft b\u1ecb n\u00e0o, bao g\u1ed3m m\u00e1y t\u00ednh \u0111\u1ec3 b\u00e0n, laptop, tablet v\u00e0 smartphone. \u0110i\u1ec1u n\u00e0y gi\u00fap t\u0103ng c\u01b0\u1eddng tr\u1ea3i nghi\u1ec7m ng\u01b0\u1eddi d\u00f9ng v\u00e0 m\u1edf r\u1ed9ng \u0111\u1ed1i t\u01b0\u1ee3ng kh\u00e1ch h\u00e0ng.\n<\/p>\n<h2>\n M\u00e3 ngu\u1ed3n WordPress v\u1edbi Theme Flatsome v\u00e0 UX Builder<br \/>\n<\/h2>\n<p>\n Ch\u00fang t\u00f4i s\u1eed d\u1ee5ng m\u00e3 ngu\u1ed3n WordPress, k\u1ebft h\u1ee3p v\u1edbi Theme Flatsome v\u00e0 c\u00f4ng c\u1ee5 UX Builder, gi\u00fap b\u1ea1n d\u1ec5 d\u00e0ng t\u00f9y ch\u1ec9nh giao di\u1ec7n theo nhu c\u1ea7u v\u00e0 phong c\u00e1ch ri\u00eang c\u1ee7a doanh nghi\u1ec7p. Vi\u1ec7c qu\u1ea3n l\u00fd v\u00e0 c\u1eadp nh\u1eadt n\u1ed9i dung s\u1ebd tr\u1edf n\u00ean \u0111\u01a1n gi\u1ea3n h\u01a1n bao gi\u1edd h\u1ebft.\n<\/p>\n<h2>\n T\u1ed1c \u0111\u1ed9 t\u1ea3i trang nhanh<br \/>\n<\/h2>\n<p>\n T\u1ed1c \u0111\u1ed9 t\u1ea3i trang l\u00e0 y\u1ebfu t\u1ed1 quan tr\u1ecdng \u1ea3nh h\u01b0\u1edfng \u0111\u1ebfn tr\u1ea3i nghi\u1ec7m ng\u01b0\u1eddi d\u00f9ng v\u00e0 SEO. Ch\u00fang t\u00f4i t\u1ed1i \u01b0u h\u00f3a website \u0111\u1ec3 \u0111\u1ea3m b\u1ea3o t\u1ed1c \u0111\u1ed9 t\u1ea3i trang nhanh ch\u00f3ng, gi\u00fap gi\u1eef ch\u00e2n kh\u00e1ch h\u00e0ng v\u00e0 n\u00e2ng cao th\u1ee9 h\u1ea1ng t\u00ecm ki\u1ebfm tr\u00ean c\u00e1c c\u00f4ng c\u1ee5 t\u00ecm ki\u1ebfm.\n<\/p>\n<hr\/>\n<p>\n N\u1ebfu b\u1ea1n \u0111ang t\u00ecm ki\u1ebfm m\u1ed9t \u0111\u01a1n v\u1ecb thi\u1ebft k\u1ebf website chuy\u00ean nghi\u1ec7p, h\u00e3y \u0111\u1ebfn v\u1edbi<br \/>\n <strong><br \/>\n  LADIGI Agency<br \/>\n <\/strong><br \/>\n . Ch\u00fang t\u00f4i t\u1ef1 h\u00e0o cung c\u1ea5p d\u1ecbch v\u1ee5 thi\u1ebft k\u1ebf website v\u1edbi chi ph\u00ed h\u1ee3p l\u00fd v\u00e0 ch\u1ea5t l\u01b0\u1ee3ng d\u1ecbch v\u1ee5 t\u1eadn t\u00e2m. Xem th\u00eam chi ti\u1ebft v\u1ec1 c\u00e1c g\u00f3i d\u1ecbch v\u1ee5 c\u1ee7a ch\u00fang t\u00f4i t\u1ea1i \u0111\u00e2y:<br \/>\n <a href=\"https:\/\/ladigi.vn\/thiet-ke-website\/\"><br \/>\n  G\u00f3i d\u1ecbch v\u1ee5 thi\u1ebft k\u1ebf website gi\u00e1 h\u1ee3p l\u00fd<br \/>\n <\/a><br \/>\n .<\/p>\n","protected":false},"excerpt":{"rendered":"<p>D\u1ecbch v\u1ee5 thi\u1ebft k\u1ebf website B\u1ea3o Hi\u1ec3m Nh\u00e2n Th\u1ecd mang \u0111\u1ebfn giao di\u1ec7n \u0111\u1eb9p, chuy\u00ean nghi\u1ec7p v\u00e0 d\u1ec5 s\u1eed d\u1ee5ng, t\u01b0\u01a1ng th\u00edch tr\u00ean m\u1ecdi thi\u1ebft b\u1ecb. S\u1eed d\u1ee5ng m\u00e3 ngu\u1ed3n Wordpress v\u1edbi Theme Flatsome v\u00e0 UX Builder, website d\u1ec5 d\u00e0ng t\u00f9y bi\u1ebfn. \u0110\u1eb7c bi\u1ec7t, t\u1ed1c \u0111\u1ed9 t\u1ea3i trang nhanh, n\u00e2ng cao tr\u1ea3i nghi\u1ec7m ng\u01b0\u1eddi d\u00f9ng.<\/p>\n","protected":false},"featured_media":4142,"comment_status":"open","ping_status":"closed","template":"","meta":[],"product_cat":[16],"product_tag":[24],"class_list":{"0":"post-4140","1":"product","2":"type-product","3":"status-publish","4":"has-post-thumbnail","6":"product_cat-tat-ca","7":"product_tag-cong-ty","9":"first","10":"instock","11":"shipping-taxable","12":"purchasable","13":"product-type-simple"},"_links":{"self":[{"href":"https:\/\/ladigi.vn\/thiet-ke-website\/wp-json\/wp\/v2\/product\/4140","targetHints":{"allow":["GET"]}}],"collection":[{"href":"https:\/\/ladigi.vn\/thiet-ke-website\/wp-json\/wp\/v2\/product"}],"about":[{"href":"https:\/\/ladigi.vn\/thiet-ke-website\/wp-json\/wp\/v2\/types\/product"}],"replies":[{"embeddable":true,"href":"https:\/\/ladigi.vn\/thiet-ke-website\/wp-json\/wp\/v2\/comments?post=4140"}],"wp:featuredmedia":[{"embeddable":true,"href":"https:\/\/ladigi.vn\/thiet-ke-website\/wp-json\/wp\/v2\/media\/4142"}],"wp:attachment":[{"href":"https:\/\/ladigi.vn\/thiet-ke-website\/wp-json\/wp\/v2\/media?parent=4140"}],"wp:term":[{"taxonomy":"product_cat","embeddable":true,"href":"https:\/\/ladigi.vn\/thiet-ke-website\/wp-json\/wp\/v2\/product_cat?post=4140"},{"taxonomy":"product_tag","embeddable":true,"href":"https:\/\/ladigi.vn\/thiet-ke-website\/wp-json\/wp\/v2\/product_tag?post=4140"}],"curies":[{"name":"wp","href":"https:\/\/api.w.org\/{rel}","templated":true}]}}