{"id":4143,"date":"2021-05-10T21:11:58","date_gmt":"2021-05-10T14:11:58","guid":{"rendered":"https:\/\/ladigi.vn\/thiet-ke-website\/?post_type=product&#038;p=4143"},"modified":"2025-01-10T22:50:56","modified_gmt":"2025-01-10T15:50:56","slug":"thiet-ke-website-gioi-thieu-dich-vu-chuyen-tien-bang-app-momo","status":"publish","type":"product","link":"https:\/\/ladigi.vn\/thiet-ke-website\/mau-web\/thiet-ke-website-gioi-thieu-dich-vu-chuyen-tien-bang-app-momo\/","title":{"rendered":"D\u1ecbch V\u1ee5 Chuy\u1ec3n Ti\u1ec1n App Momo"},"content":{"rendered":"<h1>\n D\u1ecbch V\u1ee5 Thi\u1ebft K\u1ebf Website D\u1ecbch V\u1ee5 Chuy\u1ec3n Ti\u1ec1n App Momo<br \/>\n<\/h1>\n<p>\n Khi n\u00f3i \u0111\u1ebfn d\u1ecbch v\u1ee5 chuy\u1ec3n ti\u1ec1n tr\u1ef1c tuy\u1ebfn, m\u1ed9t trang web \u0111\u01b0\u1ee3c thi\u1ebft k\u1ebf h\u1ea5p d\u1eabn v\u00e0 d\u1ec5 s\u1eed d\u1ee5ng l\u00e0 \u0111i\u1ec1u c\u1ea7n thi\u1ebft \u0111\u1ec3 thu h\u00fat v\u00e0 gi\u1eef ch\u00e2n kh\u00e1ch h\u00e0ng. Ch\u00fang t\u00f4i t\u1ef1 h\u00e0o gi\u1edbi thi\u1ec7u d\u1ecbch v\u1ee5 thi\u1ebft k\u1ebf website cho \u1ee9ng d\u1ee5ng chuy\u1ec3n ti\u1ec1n MoMo v\u1edbi nh\u1eefng \u01b0u \u0111i\u1ec3m n\u1ed5i b\u1eadt sau:\n<\/p>\n<h2>\n Giao Di\u1ec7n \u0110\u1eb9p, Chuy\u00ean Nghi\u1ec7p<br \/>\n<\/h2>\n<p>\n Website c\u1ee7a b\u1ea1n s\u1ebd \u0111\u01b0\u1ee3c thi\u1ebft k\u1ebf v\u1edbi giao di\u1ec7n \u0111\u1eb9p m\u1eaft, chuy\u00ean nghi\u1ec7p, mang l\u1ea1i tr\u1ea3i nghi\u1ec7m ng\u01b0\u1eddi d\u00f9ng tuy\u1ec7t v\u1eddi. Ch\u00fang t\u00f4i ch\u00fa tr\u1ecdng \u0111\u1ebfn vi\u1ec7c t\u1ea1o ra m\u1ed9t kh\u00f4ng gian tr\u1ef1c quan, d\u1ec5 d\u00e0ng trong vi\u1ec7c t\u00ecm ki\u1ebfm th\u00f4ng tin c\u0169ng nh\u01b0 th\u1ef1c hi\u1ec7n c\u00e1c giao d\u1ecbch chuy\u1ec3n ti\u1ec1n.\n<\/p>\n<h2>\n T\u01b0\u01a1ng Th\u00edch Tr\u00ean M\u1ecdi Thi\u1ebft B\u1ecb<br \/>\n<\/h2>\n<p>\n D\u1ecbch v\u1ee5 thi\u1ebft k\u1ebf c\u1ee7a ch\u00fang t\u00f4i cam k\u1ebft t\u1ea1o ra m\u1ed9t trang web t\u01b0\u01a1ng th\u00edch tr\u00ean m\u1ecdi thi\u1ebft b\u1ecb, t\u1eeb m\u00e1y t\u00ednh \u0111\u1ec3 b\u00e0n, laptop \u0111\u1ebfn \u0111i\u1ec7n tho\u1ea1i di \u0111\u1ed9ng v\u00e0 m\u00e1y t\u00ednh b\u1ea3ng. Ng\u01b0\u1eddi d\u00f9ng s\u1ebd c\u00f3 th\u1ec3 truy c\u1eadp d\u1ecbch v\u1ee5 m\u1ecdi l\u00fac, m\u1ecdi n\u01a1i v\u00e0 tr\u00ean b\u1ea5t k\u1ef3 thi\u1ebft b\u1ecb n\u00e0o.\n<\/p>\n<h2>\n M\u00e3 Ngu\u1ed3n WordPress v\u1edbi Theme Flatsome v\u00e0 UX Builder<br \/>\n<\/h2>\n<p>\n Ch\u00fang t\u00f4i s\u1eed d\u1ee5ng m\u00e3 ngu\u1ed3n WordPress m\u1ea1nh m\u1ebd k\u1ebft h\u1ee3p v\u1edbi theme Flatsome v\u00e0 UX Builder, gi\u00fap b\u1ea1n d\u1ec5 d\u00e0ng t\u00f9y bi\u1ebfn giao di\u1ec7n c\u1ee7a website theo nhu c\u1ea7u. Vi\u1ec7c c\u1eadp nh\u1eadt th\u00f4ng tin, s\u1ea3n ph\u1ea9m hay thay \u0111\u1ed5i c\u1ea5u tr\u00fac trang web ch\u01b0a bao gi\u1edd d\u1ec5 d\u00e0ng \u0111\u1ebfn v\u1eady.\n<\/p>\n<h2>\n T\u1ed1c \u0110\u1ed9 T\u1ea3i Trang Nhanh<br \/>\n<\/h2>\n<p>\n V\u1edbi c\u00e1c k\u1ef9 thu\u1eadt t\u1ed1i \u01b0u h\u00f3a hi\u1ec7n \u0111\u1ea1i, t\u1ed1c \u0111\u1ed9 t\u1ea3i trang c\u1ee7a website \u0111\u01b0\u1ee3c c\u1ea3i thi\u1ec7n, \u0111\u1ea3m b\u1ea3o r\u1eb1ng ng\u01b0\u1eddi d\u00f9ng kh\u00f4ng ph\u1ea3i ch\u1edd \u0111\u1ee3i l\u00e2u khi truy c\u1eadp. M\u1ed9t website t\u1ea3i nhanh gi\u00fap t\u0103ng c\u01b0\u1eddng tr\u1ea3i nghi\u1ec7m v\u00e0 gi\u1eef ch\u00e2n kh\u00e1ch h\u00e0ng hi\u1ec7u qu\u1ea3 h\u01a1n.\n<\/p>\n<h2>\n Gi\u1edbi Thi\u1ec7u \u0110\u01a1n V\u1ecb Thi\u1ebft K\u1ebf Website<br \/>\n<\/h2>\n<p>\n LADIGI Agency l\u00e0 \u0111\u01a1n v\u1ecb thi\u1ebft k\u1ebf website chuy\u00ean nghi\u1ec7p, v\u1edbi nhi\u1ec1u n\u0103m kinh nghi\u1ec7m trong ng\u00e0nh. Ch\u00fang t\u00f4i s\u1eb5n s\u00e0ng \u0111\u1ed3ng h\u00e0nh c\u00f9ng b\u1ea1n trong h\u00e0nh tr\u00ecnh x\u00e2y d\u1ef1ng m\u1ed9t trang web kh\u00f4ng ch\u1ec9 \u0111\u1eb9p m\u00e0 c\u00f2n hi\u1ec7u qu\u1ea3 trong vi\u1ec7c chuy\u1ec3n \u0111\u1ed5i kh\u00e1ch h\u00e0ng.\n<\/p>\n<p>\n T\u00ecm hi\u1ec3u th\u00eam v\u1ec1 d\u1ecbch v\u1ee5 c\u1ee7a ch\u00fang t\u00f4i qua li\u00ean k\u1ebft:<br \/>\n <a href=\"https:\/\/ladigi.vn\/thiet-ke-website\/\"><br \/>\n  X\u00e2y d\u1ef1ng website LADIGI<br \/>\n <\/a><\/p>\n","protected":false},"excerpt":{"rendered":"<p>D\u1ecbch v\u1ee5 thi\u1ebft k\u1ebf website D\u1ecbch V\u1ee5 Chuy\u1ec3n Ti\u1ec1n App Momo cung c\u1ea5p giao di\u1ec7n \u0111\u1eb9p, chuy\u00ean nghi\u1ec7p v\u00e0 d\u1ec5 s\u1eed d\u1ee5ng, t\u01b0\u01a1ng th\u00edch tr\u00ean m\u1ecdi thi\u1ebft b\u1ecb. V\u1edbi m\u00e3 ngu\u1ed3n Wordpress, theme Flatsome v\u00e0 UX Builder, ng\u01b0\u1eddi d\u00f9ng d\u1ec5 d\u00e0ng t\u00f9y bi\u1ebfn. T\u1ed1c \u0111\u1ed9 t\u1ea3i trang nhanh, mang l\u1ea1i tr\u1ea3i nghi\u1ec7m m\u01b0\u1ee3t m\u00e0.<\/p>\n","protected":false},"featured_media":4144,"comment_status":"open","ping_status":"closed","template":"","meta":[],"product_cat":[16,42],"product_tag":[24],"class_list":{"0":"post-4143","1":"product","2":"type-product","3":"status-publish","4":"has-post-thumbnail","6":"product_cat-tat-ca","7":"product_cat-dich-vu","8":"product_tag-cong-ty","10":"first","11":"instock","12":"shipping-taxable","13":"purchasable","14":"product-type-simple"},"_links":{"self":[{"href":"https:\/\/ladigi.vn\/thiet-ke-website\/wp-json\/wp\/v2\/product\/4143","targetHints":{"allow":["GET"]}}],"collection":[{"href":"https:\/\/ladigi.vn\/thiet-ke-website\/wp-json\/wp\/v2\/product"}],"about":[{"href":"https:\/\/ladigi.vn\/thiet-ke-website\/wp-json\/wp\/v2\/types\/product"}],"replies":[{"embeddable":true,"href":"https:\/\/ladigi.vn\/thiet-ke-website\/wp-json\/wp\/v2\/comments?post=4143"}],"wp:featuredmedia":[{"embeddable":true,"href":"https:\/\/ladigi.vn\/thiet-ke-website\/wp-json\/wp\/v2\/media\/4144"}],"wp:attachment":[{"href":"https:\/\/ladigi.vn\/thiet-ke-website\/wp-json\/wp\/v2\/media?parent=4143"}],"wp:term":[{"taxonomy":"product_cat","embeddable":true,"href":"https:\/\/ladigi.vn\/thiet-ke-website\/wp-json\/wp\/v2\/product_cat?post=4143"},{"taxonomy":"product_tag","embeddable":true,"href":"https:\/\/ladigi.vn\/thiet-ke-website\/wp-json\/wp\/v2\/product_tag?post=4143"}],"curies":[{"name":"wp","href":"https:\/\/api.w.org\/{rel}","templated":true}]}}