{"id":4163,"date":"2021-05-10T21:35:18","date_gmt":"2021-05-10T14:35:18","guid":{"rendered":"https:\/\/ladigi.vn\/thiet-ke-website\/?post_type=product&#038;p=4163"},"modified":"2025-01-10T23:00:02","modified_gmt":"2025-01-10T16:00:02","slug":"thiet-ke-landing-page-gioi-thieu-khoa-hoc-online","status":"publish","type":"product","link":"https:\/\/ladigi.vn\/thiet-ke-website\/mau-web\/thiet-ke-landing-page-gioi-thieu-khoa-hoc-online\/","title":{"rendered":"Kh\u00f3a H\u1ecdc Online"},"content":{"rendered":"<h1>\n D\u1ecbch V\u1ee5 Thi\u1ebft K\u1ebf Website Kh\u00f3a H\u1ecdc Online<br \/>\n<\/h1>\n<p>\n B\u1ea1n \u0111ang t\u00ecm ki\u1ebfm m\u1ed9t gi\u1ea3i ph\u00e1p thi\u1ebft k\u1ebf website kh\u00f3a h\u1ecdc online chuy\u00ean nghi\u1ec7p? Ch\u00fang t\u00f4i t\u1ef1 h\u00e0o gi\u1edbi thi\u1ec7u d\u1ecbch v\u1ee5 thi\u1ebft k\u1ebf website \u0111\u00e1p \u1ee9ng \u0111\u1ea7y \u0111\u1ee7 c\u00e1c y\u00eau c\u1ea7u c\u1ea7n thi\u1ebft \u0111\u1ec3 mang l\u1ea1i tr\u1ea3i nghi\u1ec7m h\u1ecdc t\u1eadp t\u1ed1t nh\u1ea5t cho b\u1ea1n v\u00e0 h\u1ecdc vi\u00ean.\n<\/p>\n<h2>\n Giao Di\u1ec7n \u0110\u1eb9p, Chuy\u00ean Nghi\u1ec7p v\u00e0 D\u1ec5 S\u1eed D\u1ee5ng<br \/>\n<\/h2>\n<p>\n Website kh\u00f3a h\u1ecdc online c\u1ee7a b\u1ea1n s\u1ebd \u0111\u01b0\u1ee3c thi\u1ebft k\u1ebf v\u1edbi giao di\u1ec7n b\u1eaft m\u1eaft v\u00e0 chuy\u00ean nghi\u1ec7p. M\u1ecdi y\u1ebfu t\u1ed1 tr\u1ef1c quan tr\u00ean trang \u0111\u1ec1u \u0111\u01b0\u1ee3c t\u1ed1i \u01b0u h\u00f3a \u0111\u1ec3 \u0111\u1ea3m b\u1ea3o ng\u01b0\u1eddi d\u00f9ng d\u1ec5 d\u00e0ng thao t\u00e1c v\u00e0 t\u00ecm ki\u1ebfm th\u00f4ng tin. \u0110i\u1ec1u n\u00e0y kh\u00f4ng ch\u1ec9 thu h\u00fat ng\u01b0\u1eddi d\u00f9ng m\u00e0 c\u00f2n gi\u00fap t\u0103ng t\u1ec9 l\u1ec7 gi\u1eef ch\u00e2n h\u1ecdc vi\u00ean.\n<\/p>\n<h2>\n T\u01b0\u01a1ng Th\u00edch Tr\u00ean M\u1ecdi Thi\u1ebft B\u1ecb<br \/>\n<\/h2>\n<p>\n Ch\u00fang t\u00f4i cam k\u1ebft r\u1eb1ng website kh\u00f3a h\u1ecdc online c\u1ee7a b\u1ea1n s\u1ebd ho\u1ea1t \u0111\u1ed9ng m\u01b0\u1ee3t m\u00e0 tr\u00ean t\u1ea5t c\u1ea3 c\u00e1c thi\u1ebft b\u1ecb, t\u1eeb m\u00e1y t\u00ednh \u0111\u1ec3 b\u00e0n, laptop, cho \u0111\u1ebfn \u0111i\u1ec7n tho\u1ea1i di \u0111\u1ed9ng v\u00e0 m\u00e1y t\u00ednh b\u1ea3ng. \u0110i\u1ec1u n\u00e0y gi\u00fap h\u1ecdc vi\u00ean d\u1ec5 d\u00e0ng truy c\u1eadp v\u00e0o kh\u00f3a h\u1ecdc b\u1ea5t c\u1ee9 l\u00fac n\u00e0o v\u00e0 \u1edf \u0111\u00e2u.\n<\/p>\n<h2>\n M\u00e3 Ngu\u1ed3n WordPress V\u1edbi Theme Flatsome v\u00e0 UX Builder<br \/>\n<\/h2>\n<p>\n V\u1edbi m\u00e3 ngu\u1ed3n WordPress, ch\u00fang t\u00f4i s\u1eed d\u1ee5ng Theme Flatsome v\u00e0 UX Builder, gi\u00fap vi\u1ec7c t\u00f9y bi\u1ebfn website tr\u1edf n\u00ean d\u1ec5 d\u00e0ng h\u01a1n bao gi\u1edd h\u1ebft. B\u1ea1n c\u00f3 th\u1ec3 \u0111i\u1ec1u ch\u1ec9nh c\u00e1c y\u1ebfu t\u1ed1 c\u1ee7a trang web theo \u00fd mu\u1ed1n m\u00e0 kh\u00f4ng c\u1ea7n ki\u1ebfn th\u1ee9c l\u1eadp tr\u00ecnh s\u00e2u.\n<\/p>\n<h2>\n T\u1ed1c \u0110\u1ed9 T\u1ea3i Trang Nhanh<br \/>\n<\/h2>\n<p>\n Ch\u00fang t\u00f4i hi\u1ec3u r\u1eb1ng t\u1ed1c \u0111\u1ed9 t\u1ea3i trang \u1ea3nh h\u01b0\u1edfng tr\u1ef1c ti\u1ebfp \u0111\u1ebfn tr\u1ea3i nghi\u1ec7m ng\u01b0\u1eddi d\u00f9ng. V\u00ec v\u1eady, website c\u1ee7a b\u1ea1n s\u1ebd \u0111\u01b0\u1ee3c t\u1ed1i \u01b0u h\u00f3a \u0111\u1ec3 c\u00f3 t\u1ed1c \u0111\u1ed9 t\u1ea3i trang v\u01b0\u1ee3t tr\u1ed9i, gi\u00fap h\u1ecdc vi\u00ean kh\u00f4ng ph\u1ea3i ch\u1edd \u0111\u1ee3i v\u00e0 nhanh ch\u00f3ng ti\u1ebfp c\u1eadn n\u1ed9i dung kh\u00f3a h\u1ecdc.\n<\/p>\n<hr\/>\n<p>\n \u0110\u1ec3 s\u1edf h\u1eefu m\u1ed9t website kh\u00f3a h\u1ecdc online ho\u00e0n h\u1ea3o v\u00e0 \u0111\u00e1p \u1ee9ng t\u1ea5t c\u1ea3 c\u00e1c y\u1ebfu t\u1ed1 tr\u00ean, h\u00e3y li\u00ean h\u1ec7 v\u1edbi<br \/>\n <strong><br \/>\n  LADIGI Agency<br \/>\n <\/strong><br \/>\n . Ch\u00fang t\u00f4i lu\u00f4n s\u1eb5n s\u00e0ng \u0111\u1ed3ng h\u00e0nh c\u00f9ng b\u1ea1n trong vi\u1ec7c x\u00e2y d\u1ef1ng th\u01b0\u01a1ng hi\u1ec7u v\u00e0 ph\u00e1t tri\u1ec3n n\u1ed9i dung gi\u00e1o d\u1ee5c tr\u1ef1c tuy\u1ebfn.\n<\/p>\n<p>\n <a href=\"https:\/\/ladigi.vn\/thiet-ke-website\/\"><br \/>\n  Thi\u1ebft k\u1ebf web chu\u1ea9n responsive LADIGI<br \/>\n <\/a><\/p>\n","protected":false},"excerpt":{"rendered":"<p>D\u1ecbch v\u1ee5 thi\u1ebft k\u1ebf website kh\u00f3a h\u1ecdc online cung c\u1ea5p giao di\u1ec7n \u0111\u1eb9p, chuy\u00ean nghi\u1ec7p v\u00e0 d\u1ec5 s\u1eed d\u1ee5ng. T\u01b0\u01a1ng th\u00edch m\u1ecdi thi\u1ebft b\u1ecb, m\u00e3 ngu\u1ed3n Wordpress v\u1edbi Theme Flatsome v\u00e0 UX Builder cho ph\u00e9p t\u00f9y bi\u1ebfn linh ho\u1ea1t. T\u1ed1c \u0111\u1ed9 t\u1ea3i trang nhanh, mang \u0111\u1ebfn tr\u1ea3i nghi\u1ec7m tuy\u1ec7t v\u1eddi cho ng\u01b0\u1eddi d\u00f9ng.<\/p>\n","protected":false},"featured_media":4164,"comment_status":"open","ping_status":"closed","template":"","meta":[],"product_cat":[16,32,50],"product_tag":[24],"class_list":{"0":"post-4163","1":"product","2":"type-product","3":"status-publish","4":"has-post-thumbnail","6":"product_cat-tat-ca","7":"product_cat-giao-duc","8":"product_cat-khoa-hoc","9":"product_tag-cong-ty","11":"first","12":"instock","13":"shipping-taxable","14":"purchasable","15":"product-type-simple"},"_links":{"self":[{"href":"https:\/\/ladigi.vn\/thiet-ke-website\/wp-json\/wp\/v2\/product\/4163","targetHints":{"allow":["GET"]}}],"collection":[{"href":"https:\/\/ladigi.vn\/thiet-ke-website\/wp-json\/wp\/v2\/product"}],"about":[{"href":"https:\/\/ladigi.vn\/thiet-ke-website\/wp-json\/wp\/v2\/types\/product"}],"replies":[{"embeddable":true,"href":"https:\/\/ladigi.vn\/thiet-ke-website\/wp-json\/wp\/v2\/comments?post=4163"}],"wp:featuredmedia":[{"embeddable":true,"href":"https:\/\/ladigi.vn\/thiet-ke-website\/wp-json\/wp\/v2\/media\/4164"}],"wp:attachment":[{"href":"https:\/\/ladigi.vn\/thiet-ke-website\/wp-json\/wp\/v2\/media?parent=4163"}],"wp:term":[{"taxonomy":"product_cat","embeddable":true,"href":"https:\/\/ladigi.vn\/thiet-ke-website\/wp-json\/wp\/v2\/product_cat?post=4163"},{"taxonomy":"product_tag","embeddable":true,"href":"https:\/\/ladigi.vn\/thiet-ke-website\/wp-json\/wp\/v2\/product_tag?post=4163"}],"curies":[{"name":"wp","href":"https:\/\/api.w.org\/{rel}","templated":true}]}}