{"id":4173,"date":"2021-05-10T21:51:42","date_gmt":"2021-05-10T14:51:42","guid":{"rendered":"https:\/\/ladigi.vn\/thiet-ke-website\/?post_type=product&#038;p=4173"},"modified":"2025-01-10T23:04:33","modified_gmt":"2025-01-10T16:04:33","slug":"theme-wordpress-du-an-bat-dong-san-mau-so-17-safira","status":"publish","type":"product","link":"https:\/\/ladigi.vn\/thiet-ke-website\/mau-web\/theme-wordpress-du-an-bat-dong-san-mau-so-17-safira\/","title":{"rendered":"B\u1ea5t \u0110\u1ed9ng S\u1ea3n M\u1eabu S\u1ed1 17"},"content":{"rendered":"<h1>\n D\u1ecbch V\u1ee5 Thi\u1ebft K\u1ebf Website B\u1ea5t \u0110\u1ed9ng S\u1ea3n M\u1eabu S\u1ed1 17<br \/>\n<\/h1>\n<p>\n Ch\u00e0o m\u1eebng b\u1ea1n \u0111\u1ebfn v\u1edbi d\u1ecbch v\u1ee5 thi\u1ebft k\u1ebf website b\u1ea5t \u0111\u1ed9ng s\u1ea3n m\u1eabu s\u1ed1 17! V\u1edbi s\u1ef1 ch\u00fa tr\u1ecdng v\u00e0o giao di\u1ec7n ng\u01b0\u1eddi d\u00f9ng v\u00e0 tr\u1ea3i nghi\u1ec7m kh\u00e1ch h\u00e0ng, ch\u00fang t\u00f4i mang \u0111\u1ebfn m\u1ed9t s\u1ea3n ph\u1ea9m ho\u00e0n h\u1ea3o cho nhu c\u1ea7u c\u1ee7a b\u1ea1n.\n<\/p>\n<h2>\n Giao Di\u1ec7n \u0110\u1eb9p, Chuy\u00ean Nghi\u1ec7p, D\u1ec5 S\u1eed D\u1ee5ng<br \/>\n<\/h2>\n<p>\n Website b\u1ea5t \u0111\u1ed9ng s\u1ea3n m\u1eabu s\u1ed1 17 \u0111\u01b0\u1ee3c thi\u1ebft k\u1ebf v\u1edbi giao di\u1ec7n \u0111\u1eb9p m\u1eaft v\u00e0 chuy\u00ean nghi\u1ec7p, gi\u00fap thu h\u00fat s\u1ef1 ch\u00fa \u00fd c\u1ee7a kh\u00e1ch h\u00e0ng ngay t\u1eeb l\u1ea7n \u0111\u1ea7u truy c\u1eadp. T\u1eebng chi ti\u1ebft nh\u1ecf \u0111\u1ec1u \u0111\u01b0\u1ee3c ch\u0103m ch\u00fat k\u1ef9 l\u01b0\u1ee1ng, t\u1ea1o n\u00ean m\u1ed9t trang web kh\u00f4ng ch\u1ec9 \u1ea5n t\u01b0\u1ee3ng m\u00e0 c\u00f2n d\u1ec5 s\u1eed d\u1ee5ng cho m\u1ecdi \u0111\u1ed1i t\u01b0\u1ee3ng.\n<\/p>\n<h2>\n T\u01b0\u01a1ng Th\u00edch Tr\u00ean M\u1ecdi Thi\u1ebft B\u1ecb<br \/>\n<\/h2>\n<p>\n Ch\u00fang t\u00f4i \u0111\u1ea3m b\u1ea3o r\u1eb1ng website s\u1ebd ho\u1ea1t \u0111\u1ed9ng m\u01b0\u1ee3t m\u00e0 tr\u00ean m\u1ecdi thi\u1ebft b\u1ecb, t\u1eeb m\u00e1y t\u00ednh \u0111\u1ec3 b\u00e0n \u0111\u1ebfn \u0111i\u1ec7n tho\u1ea1i di \u0111\u1ed9ng. \u0110i\u1ec1u n\u00e0y gi\u00fap b\u1ea1n ti\u1ebfp c\u1eadn kh\u00e1ch h\u00e0ng m\u1ecdi l\u00fac, m\u1ecdi n\u01a1i, kh\u00f4ng b\u1ecb gi\u1edbi h\u1ea1n b\u1edfi thi\u1ebft b\u1ecb s\u1eed d\u1ee5ng.\n<\/p>\n<h2>\n M\u00e3 Ngu\u1ed3n WordPress V\u1edbi Theme Flatsome v\u00e0 UX Builder<br \/>\n<\/h2>\n<p>\n Website s\u1eed d\u1ee5ng m\u00e3 ngu\u1ed3n WordPress c\u00f9ng v\u1edbi theme Flatsome v\u00e0 UX Builder, \u0111em l\u1ea1i kh\u1ea3 n\u0103ng t\u00f9y bi\u1ebfn linh ho\u1ea1t. B\u1ea1n c\u00f3 th\u1ec3 d\u1ec5 d\u00e0ng \u0111i\u1ec1u ch\u1ec9nh h\u00ecnh th\u1ee9c v\u00e0 n\u1ed9i dung c\u1ee7a website theo \u00fd mu\u1ed1n, m\u00e0 kh\u00f4ng c\u1ea7n k\u1ef9 n\u0103ng l\u1eadp tr\u00ecnh cao.\n<\/p>\n<h2>\n T\u1ed1c \u0110\u1ed9 T\u1ea3i Trang Nhanh<br \/>\n<\/h2>\n<p>\n Kh\u00f4ng ai mu\u1ed1n ch\u1edd \u0111\u1ee3i l\u00e2u khi truy c\u1eadp v\u00e0o m\u1ed9t website. V\u1edbi thi\u1ebft k\u1ebf t\u1ed1i \u01b0u v\u1ec1 t\u1ed1c \u0111\u1ed9, website m\u1eabu s\u1ed1 17 c\u1ee7a ch\u00fang t\u00f4i \u0111\u1ea3m b\u1ea3o th\u1eddi gian t\u1ea3i trang nhanh ch\u00f3ng, mang \u0111\u1ebfn tr\u1ea3i nghi\u1ec7m t\u1ed1t nh\u1ea5t cho ng\u01b0\u1eddi d\u00f9ng.\n<\/p>\n<p>\n Kh\u00e1m ph\u00e1 ngay d\u1ecbch v\u1ee5 thi\u1ebft k\u1ebf website b\u1ea5t \u0111\u1ed9ng s\u1ea3n m\u1eabu s\u1ed1 17 v\u00e0 n\u00e2ng t\u1ea7m th\u01b0\u01a1ng hi\u1ec7u c\u1ee7a b\u1ea1n!\n<\/p>\n<h3>\n Gi\u1edbi Thi\u1ec7u \u0110\u01a1n V\u1ecb Thi\u1ebft K\u1ebf Website<br \/>\n<\/h3>\n<p>\n Ch\u00fang t\u00f4i t\u1ef1 h\u00e0o l\u00e0 \u0111\u01a1n v\u1ecb thi\u1ebft k\u1ebf website chuy\u00ean nghi\u1ec7p, v\u1edbi nhi\u1ec1u n\u0103m kinh nghi\u1ec7m trong ng\u00e0nh. H\u00e3y \u0111\u1ec3<br \/>\n <a href=\"https:\/\/ladigi.vn\/thiet-ke-website\/\"><br \/>\n  LADIGI Agency<br \/>\n <\/a><br \/>\n \u0111\u1ed3ng h\u00e0nh c\u00f9ng b\u1ea1n trong vi\u1ec7c x\u00e2y d\u1ef1ng m\u1ed9t website \u1ea5n t\u01b0\u1ee3ng v\u00e0 hi\u1ec7u qu\u1ea3 nh\u1ea5t!<\/p>\n","protected":false},"excerpt":{"rendered":"<p>D\u1ecbch v\u1ee5 Thi\u1ebft k\u1ebf website B\u1ea5t \u0110\u1ed9ng S\u1ea3n M\u1eabu S\u1ed1 17 n\u1ed5i b\u1eadt v\u1edbi giao di\u1ec7n \u0111\u1eb9p, chuy\u00ean nghi\u1ec7p v\u00e0 d\u1ec5 s\u1eed d\u1ee5ng. Website t\u01b0\u01a1ng th\u00edch tr\u00ean m\u1ecdi thi\u1ebft b\u1ecb, \u0111\u01b0\u1ee3c x\u00e2y d\u1ef1ng tr\u00ean m\u00e3 ngu\u1ed3n Wordpress v\u1edbi Theme Flatsome v\u00e0 UX Builder d\u1ec5 t\u00f9y bi\u1ebfn. T\u1ed1c \u0111\u1ed9 t\u1ea3i trang nhanh ch\u00f3ng, mang l\u1ea1i tr\u1ea3i nghi\u1ec7m t\u1ed1t cho ng\u01b0\u1eddi d\u00f9ng.<\/p>\n","protected":false},"featured_media":4174,"comment_status":"open","ping_status":"closed","template":"","meta":[],"product_cat":[16,28],"product_tag":[24],"class_list":{"0":"post-4173","1":"product","2":"type-product","3":"status-publish","4":"has-post-thumbnail","6":"product_cat-tat-ca","7":"product_cat-bat-dong-san","8":"product_tag-cong-ty","10":"first","11":"instock","12":"shipping-taxable","13":"purchasable","14":"product-type-simple"},"_links":{"self":[{"href":"https:\/\/ladigi.vn\/thiet-ke-website\/wp-json\/wp\/v2\/product\/4173","targetHints":{"allow":["GET"]}}],"collection":[{"href":"https:\/\/ladigi.vn\/thiet-ke-website\/wp-json\/wp\/v2\/product"}],"about":[{"href":"https:\/\/ladigi.vn\/thiet-ke-website\/wp-json\/wp\/v2\/types\/product"}],"replies":[{"embeddable":true,"href":"https:\/\/ladigi.vn\/thiet-ke-website\/wp-json\/wp\/v2\/comments?post=4173"}],"wp:featuredmedia":[{"embeddable":true,"href":"https:\/\/ladigi.vn\/thiet-ke-website\/wp-json\/wp\/v2\/media\/4174"}],"wp:attachment":[{"href":"https:\/\/ladigi.vn\/thiet-ke-website\/wp-json\/wp\/v2\/media?parent=4173"}],"wp:term":[{"taxonomy":"product_cat","embeddable":true,"href":"https:\/\/ladigi.vn\/thiet-ke-website\/wp-json\/wp\/v2\/product_cat?post=4173"},{"taxonomy":"product_tag","embeddable":true,"href":"https:\/\/ladigi.vn\/thiet-ke-website\/wp-json\/wp\/v2\/product_tag?post=4173"}],"curies":[{"name":"wp","href":"https:\/\/api.w.org\/{rel}","templated":true}]}}