{"id":4177,"date":"2021-05-10T21:57:05","date_gmt":"2021-05-10T14:57:05","guid":{"rendered":"https:\/\/ladigi.vn\/thiet-ke-website\/?post_type=product&#038;p=4177"},"modified":"2025-01-10T23:06:26","modified_gmt":"2025-01-10T16:06:26","slug":"thiet-ke-website-ban-camera-dien-may-cong-nghe-camera4u","status":"publish","type":"product","link":"https:\/\/ladigi.vn\/thiet-ke-website\/mau-web\/thiet-ke-website-ban-camera-dien-may-cong-nghe-camera4u\/","title":{"rendered":"Camera, \u0110i\u1ec7n M\u00e1y, C\u00f4ng Ngh\u1ec7 Camera4U"},"content":{"rendered":"<h1>\n D\u1ecbch v\u1ee5 Thi\u1ebft k\u1ebf website Camera, \u0110i\u1ec7n M\u00e1y, C\u00f4ng Ngh\u1ec7 t\u1ea1i Camera4U<br \/>\n<\/h1>\n<p>\n Ch\u00fang t\u00f4i t\u1ef1 h\u00e0o gi\u1edbi thi\u1ec7u d\u1ecbch v\u1ee5 thi\u1ebft k\u1ebf website chuy\u00ean nghi\u1ec7p cho c\u00e1c doanh nghi\u1ec7p trong l\u0129nh v\u1ef1c camera, \u0111i\u1ec7n m\u00e1y v\u00e0 c\u00f4ng ngh\u1ec7 t\u1ea1i Camera4U. V\u1edbi kinh nghi\u1ec7m l\u00e2u n\u0103m v\u00e0 \u0111\u1ed9i ng\u0169 thi\u1ebft k\u1ebf s\u00e1ng t\u1ea1o, ch\u00fang t\u00f4i cam k\u1ebft mang \u0111\u1ebfn cho kh\u00e1ch h\u00e0ng nh\u1eefng s\u1ea3n ph\u1ea9m website ch\u1ea5t l\u01b0\u1ee3ng nh\u1ea5t.\n<\/p>\n<h3>\n Giao di\u1ec7n \u0111\u1eb9p, chuy\u00ean nghi\u1ec7p v\u00e0 d\u1ec5 s\u1eed d\u1ee5ng<br \/>\n<\/h3>\n<p>\n Website c\u1ee7a Camera4U \u0111\u01b0\u1ee3c thi\u1ebft k\u1ebf v\u1edbi giao di\u1ec7n hi\u1ec7n \u0111\u1ea1i, sang tr\u1ecdng v\u00e0 chuy\u00ean nghi\u1ec7p. Ch\u00fang t\u00f4i ch\u00fa tr\u1ecdng \u0111\u1ebfn tr\u1ea3i nghi\u1ec7m ng\u01b0\u1eddi d\u00f9ng, gi\u00fap kh\u00e1ch h\u00e0ng d\u1ec5 d\u00e0ng t\u00ecm ki\u1ebfm th\u00f4ng tin v\u00e0 s\u1ea3n ph\u1ea9m m\u1ed9t c\u00e1ch nhanh ch\u00f3ng.\n<\/p>\n<h3>\n T\u01b0\u01a1ng th\u00edch tr\u00ean m\u1ecdi thi\u1ebft b\u1ecb<br \/>\n<\/h3>\n<p>\n Ch\u00fang t\u00f4i hi\u1ec3u r\u1eb1ng vi\u1ec7c ng\u01b0\u1eddi d\u00f9ng truy c\u1eadp website t\u1eeb nhi\u1ec1u thi\u1ebft b\u1ecb kh\u00e1c nhau l\u00e0 r\u1ea5t ph\u1ed5 bi\u1ebfn. V\u00ec v\u1eady, website c\u1ee7a Camera4U \u0111\u01b0\u1ee3c t\u1ed1i \u01b0u h\u00f3a \u0111\u1ec3 ho\u1ea1t \u0111\u1ed9ng ho\u00e0n h\u1ea3o tr\u00ean t\u1ea5t c\u1ea3 c\u00e1c thi\u1ebft b\u1ecb nh\u01b0 m\u00e1y t\u00ednh, laptop, \u0111i\u1ec7n tho\u1ea1i di \u0111\u1ed9ng v\u00e0 m\u00e1y t\u00ednh b\u1ea3ng.\n<\/p>\n<h3>\n M\u00e3 ngu\u1ed3n WordPress v\u1edbi Theme Flatsome v\u00e0 UX Builder<br \/>\n<\/h3>\n<p>\n Website c\u1ee7a ch\u00fang t\u00f4i s\u1eed d\u1ee5ng m\u00e3 ngu\u1ed3n WordPress linh ho\u1ea1t, k\u00e8m theo theme Flatsome v\u00e0 UX Builder gi\u00fap d\u1ec5 d\u00e0ng t\u00f9y bi\u1ebfn. \u0110i\u1ec1u n\u00e0y mang l\u1ea1i cho b\u1ea1n kh\u1ea3 n\u0103ng thay \u0111\u1ed5i giao di\u1ec7n v\u00e0 ch\u1ee9c n\u0103ng m\u00e0 kh\u00f4ng c\u1ea7n c\u00f3 nhi\u1ec1u ki\u1ebfn th\u1ee9c v\u1ec1 l\u1eadp tr\u00ecnh.\n<\/p>\n<h3>\n T\u1ed1c \u0111\u1ed9 t\u1ea3i trang nhanh<br \/>\n<\/h3>\n<p>\n Ch\u00fang t\u00f4i cam k\u1ebft mang \u0111\u1ebfn cho ng\u01b0\u1eddi d\u00f9ng nh\u1eefng tr\u1ea3i nghi\u1ec7m t\u1ed1t nh\u1ea5t v\u1edbi t\u1ed1c \u0111\u1ed9 t\u1ea3i trang nhanh ch\u00f3ng, \u0111\u1ea3m b\u1ea3o r\u1eb1ng kh\u00e1ch h\u00e0ng s\u1ebd kh\u00f4ng ph\u1ea3i ch\u1edd \u0111\u1ee3i l\u00e2u khi truy c\u1eadp v\u00e0o website.\n<\/p>\n<p>\n Cu\u1ed1i c\u00f9ng, \u0111\u1ec3 hi\u1ec7n th\u1ef1c h\u00f3a gi\u1ea5c m\u01a1 s\u1edf h\u1eefu m\u1ed9t website chuy\u00ean nghi\u1ec7p, h\u00e3y li\u00ean h\u1ec7 v\u1edbi<br \/>\n <strong><br \/>\n  LADIGI Agency<br \/>\n <\/strong><br \/>\n , \u0111\u01a1n v\u1ecb thi\u1ebft k\u1ebf website v\u1edbi ti\u00eau ch\u00ed ch\u1ea5t l\u01b0\u1ee3ng h\u00e0ng \u0111\u1ea7u.<br \/>\n <a href=\"https:\/\/ladigi.vn\/thiet-ke-website\/\"><br \/>\n  Thi\u1ebft k\u1ebf website t\u00f9y ch\u1ec9nh theo y\u00eau c\u1ea7u<br \/>\n <\/a><br \/>\n .<\/p>\n","protected":false},"excerpt":{"rendered":"<p>D\u1ecbch v\u1ee5 thi\u1ebft k\u1ebf website Camera4U chuy\u00ean nghi\u1ec7p v\u1edbi giao di\u1ec7n \u0111\u1eb9p, d\u1ec5 s\u1eed d\u1ee5ng v\u00e0 t\u01b0\u01a1ng th\u00edch tr\u00ean m\u1ecdi thi\u1ebft b\u1ecb. S\u1eed d\u1ee5ng m\u00e3 ngu\u1ed3n Wordpress c\u00f9ng Theme Flatsome v\u00e0 UX Builder cho ph\u00e9p t\u00f9y bi\u1ebfn linh ho\u1ea1t. T\u1ed1c \u0111\u1ed9 t\u1ea3i trang nhanh ch\u00f3ng, mang \u0111\u1ebfn tr\u1ea3i nghi\u1ec7m m\u01b0\u1ee3t m\u00e0 cho ng\u01b0\u1eddi d\u00f9ng.<\/p>\n","protected":false},"featured_media":4178,"comment_status":"open","ping_status":"closed","template":"","meta":[],"product_cat":[16,56,27,37,62],"product_tag":[23],"class_list":{"0":"post-4177","1":"product","2":"type-product","3":"status-publish","4":"has-post-thumbnail","6":"product_cat-tat-ca","7":"product_cat-chup-anh","8":"product_cat-du-lich","9":"product_cat-dien-may","10":"product_cat-thiet-bi-dien-tu","11":"product_tag-ban-hang","13":"first","14":"instock","15":"shipping-taxable","16":"purchasable","17":"product-type-simple"},"_links":{"self":[{"href":"https:\/\/ladigi.vn\/thiet-ke-website\/wp-json\/wp\/v2\/product\/4177","targetHints":{"allow":["GET"]}}],"collection":[{"href":"https:\/\/ladigi.vn\/thiet-ke-website\/wp-json\/wp\/v2\/product"}],"about":[{"href":"https:\/\/ladigi.vn\/thiet-ke-website\/wp-json\/wp\/v2\/types\/product"}],"replies":[{"embeddable":true,"href":"https:\/\/ladigi.vn\/thiet-ke-website\/wp-json\/wp\/v2\/comments?post=4177"}],"wp:featuredmedia":[{"embeddable":true,"href":"https:\/\/ladigi.vn\/thiet-ke-website\/wp-json\/wp\/v2\/media\/4178"}],"wp:attachment":[{"href":"https:\/\/ladigi.vn\/thiet-ke-website\/wp-json\/wp\/v2\/media?parent=4177"}],"wp:term":[{"taxonomy":"product_cat","embeddable":true,"href":"https:\/\/ladigi.vn\/thiet-ke-website\/wp-json\/wp\/v2\/product_cat?post=4177"},{"taxonomy":"product_tag","embeddable":true,"href":"https:\/\/ladigi.vn\/thiet-ke-website\/wp-json\/wp\/v2\/product_tag?post=4177"}],"curies":[{"name":"wp","href":"https:\/\/api.w.org\/{rel}","templated":true}]}}