{"id":4183,"date":"2021-05-10T22:04:37","date_gmt":"2021-05-10T15:04:37","guid":{"rendered":"https:\/\/ladigi.vn\/thiet-ke-website\/?post_type=product&#038;p=4183"},"modified":"2025-01-10T23:09:09","modified_gmt":"2025-01-10T16:09:09","slug":"thiet-ke-website-noi-that-mau-so-8-2","status":"publish","type":"product","link":"https:\/\/ladigi.vn\/thiet-ke-website\/mau-web\/thiet-ke-website-noi-that-mau-so-8-2\/","title":{"rendered":"N\u1ed9i Th\u1ea5t M\u1eabu S\u1ed1 8"},"content":{"rendered":"<h1>\n D\u1ecbch v\u1ee5 Thi\u1ebft k\u1ebf website N\u1ed9i Th\u1ea5t M\u1eabu S\u1ed1 8<br \/>\n<\/h1>\n<p>\n Ch\u00fang t\u00f4i t\u1ef1 h\u00e0o gi\u1edbi thi\u1ec7u d\u1ecbch v\u1ee5 thi\u1ebft k\u1ebf website N\u1ed9i Th\u1ea5t M\u1eabu S\u1ed1 8, mang \u0111\u1ebfn cho b\u1ea1n m\u1ed9t giao di\u1ec7n web \u0111\u1eb9p, chuy\u00ean nghi\u1ec7p, v\u00e0 d\u1ec5 s\u1eed d\u1ee5ng. V\u1edbi m\u1ee5c ti\u00eau t\u1ed1i \u01b0u h\u00f3a tr\u1ea3i nghi\u1ec7m ng\u01b0\u1eddi d\u00f9ng, ch\u00fang t\u00f4i \u0111\u00e3 thi\u1ebft k\u1ebf m\u1ed9t website v\u1eeba tinh t\u1ebf l\u1ea1i v\u1eeba hi\u1ec7u qu\u1ea3 trong vi\u1ec7c tr\u01b0ng b\u00e0y s\u1ea3n ph\u1ea9m v\u00e0 d\u1ecbch v\u1ee5 n\u1ed9i th\u1ea5t c\u1ee7a b\u1ea1n.\n<\/p>\n<h2>\n T\u00ednh n\u0103ng n\u1ed5i b\u1eadt<br \/>\n<\/h2>\n<ul>\n<li>\n<p>\n   <strong><br \/>\n    Giao di\u1ec7n \u0111\u1eb9p, chuy\u00ean nghi\u1ec7p<br \/>\n   <\/strong><br \/>\n   : Thi\u1ebft k\u1ebf tr\u1ef1c quan v\u00e0 hi\u1ec7n \u0111\u1ea1i gi\u00fap s\u1ea3n ph\u1ea9m c\u1ee7a b\u1ea1n \u0111\u01b0\u1ee3c n\u1ed5i b\u1eadt, thu h\u00fat kh\u00e1ch h\u00e0ng ngay t\u1eeb c\u00e1i nh\u00ecn \u0111\u1ea7u ti\u00ean.\n  <\/p>\n<\/li>\n<li>\n<p>\n   <strong><br \/>\n    D\u1ec5 s\u1eed d\u1ee5ng<br \/>\n   <\/strong><br \/>\n   : Giao di\u1ec7n th\u00e2n thi\u1ec7n v\u1edbi ng\u01b0\u1eddi d\u00f9ng, gi\u00fap kh\u00e1ch h\u00e0ng d\u1ec5 d\u00e0ng t\u00ecm ki\u1ebfm th\u00f4ng tin v\u00e0 tr\u1ea3i nghi\u1ec7m d\u1ecbch v\u1ee5 c\u1ee7a b\u1ea1n m\u00e0 kh\u00f4ng g\u1eb7p kh\u00f3 kh\u0103n.\n  <\/p>\n<\/li>\n<li>\n<p>\n   <strong><br \/>\n    T\u01b0\u01a1ng th\u00edch tr\u00ean m\u1ecdi thi\u1ebft b\u1ecb<br \/>\n   <\/strong><br \/>\n   : Website \u0111\u01b0\u1ee3c t\u1ed1i \u01b0u \u0111\u1ec3 ho\u1ea1t \u0111\u1ed9ng ho\u00e0n h\u1ea3o tr\u00ean m\u1ecdi lo\u1ea1i thi\u1ebft b\u1ecb, t\u1eeb m\u00e1y t\u00ednh \u0111\u1ec3 b\u00e0n, laptop \u0111\u1ebfn \u0111i\u1ec7n tho\u1ea1i di \u0111\u1ed9ng v\u00e0 m\u00e1y t\u00ednh b\u1ea3ng. \u0110i\u1ec1u n\u00e0y gi\u00fap b\u1ea1n ti\u1ebfp c\u1eadn kh\u00e1ch h\u00e0ng b\u1ea5t k\u1ec3 h\u1ecd \u0111ang s\u1eed d\u1ee5ng thi\u1ebft b\u1ecb n\u00e0o.\n  <\/p>\n<\/li>\n<li>\n<p>\n   <strong><br \/>\n    M\u00e3 ngu\u1ed3n WordPress v\u1edbi Theme Flatsome v\u00e0 UX Builder<br \/>\n   <\/strong><br \/>\n   : S\u1eed d\u1ee5ng n\u1ec1n t\u1ea3ng m\u1ea1nh m\u1ebd WordPress k\u1ebft h\u1ee3p v\u1edbi Theme Flatsome v\u00e0 UX Builder, cho ph\u00e9p b\u1ea1n d\u1ec5 d\u00e0ng t\u00f9y bi\u1ebfn v\u00e0 ch\u1ec9nh s\u1eeda n\u1ed9i dung, giao di\u1ec7n theo \u00fd th\u00edch m\u00e0 kh\u00f4ng c\u1ea7n k\u1ef9 n\u0103ng l\u1eadp tr\u00ecnh ph\u1ee9c t\u1ea1p.\n  <\/p>\n<\/li>\n<li>\n<p>\n   <strong><br \/>\n    T\u1ed1c \u0111\u1ed9 t\u1ea3i trang nhanh<br \/>\n   <\/strong><br \/>\n   : Ch\u00fang t\u00f4i t\u1ed1i \u01b0u h\u00f3a t\u1ed1c \u0111\u1ed9 t\u1ea3i trang \u0111\u1ec3 \u0111\u1ea3m b\u1ea3o ng\u01b0\u1eddi d\u00f9ng s\u1ebd kh\u00f4ng ph\u1ea3i ch\u1edd \u0111\u1ee3i, t\u1eeb \u0111\u00f3 gi\u00fap n\u00e2ng cao tr\u1ea3i nghi\u1ec7m v\u00e0 gi\u1ea3m t\u1ef7 l\u1ec7 tho\u00e1t trang.\n  <\/p>\n<\/li>\n<\/ul>\n<p>\n N\u1ebfu b\u1ea1n \u0111ang t\u00ecm ki\u1ebfm m\u1ed9t \u0111\u01a1n v\u1ecb thi\u1ebft k\u1ebf website chuy\u00ean nghi\u1ec7p cho l\u0129nh v\u1ef1c n\u1ed9i th\u1ea5t, h\u00e3y \u0111\u1ebfn v\u1edbi LADIGI Agency. Ch\u00fang t\u00f4i cam k\u1ebft mang \u0111\u1ebfn cho b\u1ea1n m\u1ed9t s\u1ea3n ph\u1ea9m t\u1ed1t nh\u1ea5t v\u1edbi d\u1ecbch v\u1ee5 chu \u0111\u00e1o v\u00e0 h\u1ed7 tr\u1ee3 t\u1eadn t\u00ecnh.\n<\/p>\n<p>\n T\u00ecm hi\u1ec3u th\u00eam v\u1ec1 d\u1ecbch v\u1ee5 c\u1ee7a ch\u00fang t\u00f4i qua link sau:<br \/>\n <a href=\"https:\/\/ladigi.vn\/thiet-ke-website\/\"><br \/>\n  D\u1ecbch v\u1ee5 thi\u1ebft k\u1ebf website \u0111a n\u1ec1n t\u1ea3ng LADIGI<br \/>\n <\/a><\/p>\n","protected":false},"excerpt":{"rendered":"<p>D\u1ecbch v\u1ee5 Thi\u1ebft k\u1ebf website N\u1ed9i Th\u1ea5t M\u1eabu S\u1ed1 8 mang \u0111\u1ebfn giao di\u1ec7n \u0111\u1eb9p, chuy\u00ean nghi\u1ec7p v\u00e0 d\u1ec5 s\u1eed d\u1ee5ng. Website t\u01b0\u01a1ng th\u00edch m\u1ecdi thi\u1ebft b\u1ecb, s\u1eed d\u1ee5ng m\u00e3 ngu\u1ed3n Wordpress v\u1edbi Theme Flatsome v\u00e0 UX Builder d\u1ec5 t\u00f9y bi\u1ebfn. \u0110\u1eb7c bi\u1ec7t, t\u1ed1c \u0111\u1ed9 t\u1ea3i trang nhanh ch\u00f3ng, c\u1ea3i thi\u1ec7n tr\u1ea3i nghi\u1ec7m ng\u01b0\u1eddi d\u00f9ng.<\/p>\n","protected":false},"featured_media":4184,"comment_status":"open","ping_status":"closed","template":"","meta":[],"product_cat":[16,30],"product_tag":[24],"class_list":{"0":"post-4183","1":"product","2":"type-product","3":"status-publish","4":"has-post-thumbnail","6":"product_cat-tat-ca","7":"product_cat-noi-that","8":"product_tag-cong-ty","10":"first","11":"instock","12":"shipping-taxable","13":"purchasable","14":"product-type-simple"},"_links":{"self":[{"href":"https:\/\/ladigi.vn\/thiet-ke-website\/wp-json\/wp\/v2\/product\/4183","targetHints":{"allow":["GET"]}}],"collection":[{"href":"https:\/\/ladigi.vn\/thiet-ke-website\/wp-json\/wp\/v2\/product"}],"about":[{"href":"https:\/\/ladigi.vn\/thiet-ke-website\/wp-json\/wp\/v2\/types\/product"}],"replies":[{"embeddable":true,"href":"https:\/\/ladigi.vn\/thiet-ke-website\/wp-json\/wp\/v2\/comments?post=4183"}],"wp:featuredmedia":[{"embeddable":true,"href":"https:\/\/ladigi.vn\/thiet-ke-website\/wp-json\/wp\/v2\/media\/4184"}],"wp:attachment":[{"href":"https:\/\/ladigi.vn\/thiet-ke-website\/wp-json\/wp\/v2\/media?parent=4183"}],"wp:term":[{"taxonomy":"product_cat","embeddable":true,"href":"https:\/\/ladigi.vn\/thiet-ke-website\/wp-json\/wp\/v2\/product_cat?post=4183"},{"taxonomy":"product_tag","embeddable":true,"href":"https:\/\/ladigi.vn\/thiet-ke-website\/wp-json\/wp\/v2\/product_tag?post=4183"}],"curies":[{"name":"wp","href":"https:\/\/api.w.org\/{rel}","templated":true}]}}