{"id":4194,"date":"2021-05-11T08:39:36","date_gmt":"2021-05-11T01:39:36","guid":{"rendered":"https:\/\/ladigi.vn\/thiet-ke-website\/?post_type=product&#038;p=4194"},"modified":"2025-01-10T23:13:42","modified_gmt":"2025-01-10T16:13:42","slug":"thiet-ke-website-ban-giay-dep-thoi-trang-mau-so-2","status":"publish","type":"product","link":"https:\/\/ladigi.vn\/thiet-ke-website\/mau-web\/thiet-ke-website-ban-giay-dep-thoi-trang-mau-so-2\/","title":{"rendered":"Gi\u00e0y D\u00e9p Th\u1eddi Trang M\u1eabu S\u1ed1 2"},"content":{"rendered":"<h1>\n D\u1ecbch v\u1ee5 Thi\u1ebft k\u1ebf website Gi\u00e0y D\u00e9p Th\u1eddi Trang M\u1eabu S\u1ed1 2<br \/>\n<\/h1>\n<p>\n Ch\u00e0o m\u1eebng b\u1ea1n \u0111\u1ebfn v\u1edbi d\u1ecbch v\u1ee5 thi\u1ebft k\u1ebf website gi\u00e0y d\u00e9p th\u1eddi trang m\u1eabu s\u1ed1 2 c\u1ee7a ch\u00fang t\u00f4i! N\u1ebfu b\u1ea1n \u0111ang t\u00ecm ki\u1ebfm m\u1ed9t gi\u1ea3i ph\u00e1p \u0111\u1ec3 gi\u1edbi thi\u1ec7u th\u01b0\u01a1ng hi\u1ec7u c\u1ee7a m\u00ecnh m\u1ed9t c\u00e1ch chuy\u00ean nghi\u1ec7p v\u00e0 thu h\u00fat, th\u00ec \u0111\u00e2y ch\u00ednh l\u00e0 l\u1ef1a ch\u1ecdn ho\u00e0n h\u1ea3o cho b\u1ea1n.\n<\/p>\n<h2>\n Giao di\u1ec7n \u0111\u1eb9p, chuy\u00ean nghi\u1ec7p v\u00e0 d\u1ec5 s\u1eed d\u1ee5ng<br \/>\n<\/h2>\n<p>\n Website c\u1ee7a b\u1ea1n s\u1ebd \u0111\u01b0\u1ee3c thi\u1ebft k\u1ebf v\u1edbi giao di\u1ec7n b\u1eaft m\u1eaft, sang tr\u1ecdng nh\u1eb1m thu h\u00fat s\u1ef1 ch\u00fa \u00fd c\u1ee7a kh\u00e1ch h\u00e0ng ngay t\u1eeb l\u1ea7n \u0111\u1ea7u ti\u00ean gh\u00e9 th\u0103m. Ch\u00fang t\u00f4i cam k\u1ebft s\u1ebd cung c\u1ea5p m\u1ed9t tr\u1ea3i nghi\u1ec7m ng\u01b0\u1eddi d\u00f9ng th\u00e2n thi\u1ec7n, d\u1ec5 s\u1eed d\u1ee5ng, gi\u00fap kh\u00e1ch h\u00e0ng d\u1ec5 d\u00e0ng t\u00ecm ki\u1ebfm v\u00e0 l\u1ef1a ch\u1ecdn s\u1ea3n ph\u1ea9m m\u00e0 h\u1ecd y\u00eau th\u00edch.\n<\/p>\n<h2>\n T\u01b0\u01a1ng th\u00edch tr\u00ean m\u1ecdi thi\u1ebft b\u1ecb<br \/>\n<\/h2>\n<p>\n Trong th\u1eddi \u0111\u1ea1i c\u00f4ng ngh\u1ec7 hi\u1ec7n \u0111\u1ea1i, vi\u1ec7c c\u00f3 m\u1ed9t website hi\u1ec7u qu\u1ea3 tr\u00ean m\u1ecdi thi\u1ebft b\u1ecb l\u00e0 r\u1ea5t quan tr\u1ecdng. V\u1edbi thi\u1ebft k\u1ebf responsive, website c\u1ee7a b\u1ea1n s\u1ebd t\u1ef1 \u0111\u1ed9ng \u0111i\u1ec1u ch\u1ec9nh giao di\u1ec7n \u0111\u1ec3 ph\u00f9 h\u1ee3p v\u1edbi k\u00edch th\u01b0\u1edbc m\u00e0n h\u00ecnh c\u1ee7a \u0111i\u1ec7n tho\u1ea1i, m\u00e1y t\u00ednh b\u1ea3ng hay m\u00e1y t\u00ednh \u0111\u1ec3 b\u00e0n, \u0111\u1ea3m b\u1ea3o r\u1eb1ng kh\u00e1ch h\u00e0ng c\u00f3 th\u1ec3 truy c\u1eadp v\u00e0 mua s\u1eafm m\u1ecdi l\u00fac, m\u1ecdi n\u01a1i.\n<\/p>\n<h2>\n M\u00e3 ngu\u1ed3n WordPress v\u1edbi Theme Flatsome v\u00e0 UX Builder d\u1ec5 t\u00f9y bi\u1ebfn<br \/>\n<\/h2>\n<p>\n Ch\u00fang t\u00f4i s\u1eed d\u1ee5ng m\u00e3 ngu\u1ed3n WordPress, n\u1ed5i ti\u1ebfng v\u1edbi s\u1ee9c m\u1ea1nh v\u00e0 s\u1ef1 linh ho\u1ea1t trong vi\u1ec7c qu\u1ea3n l\u00fd n\u1ed9i dung. C\u1ee5 th\u1ec3, theme Flatsome v\u00e0 UX Builder gi\u00fap b\u1ea1n d\u1ec5 d\u00e0ng t\u00f9y ch\u1ec9nh \u0111\u1ec3 th\u00eam c\u00e1c t\u00ednh n\u0103ng m\u1edbi, ch\u1ec9nh s\u1eeda b\u1ed1 c\u1ee5c hay c\u1eadp nh\u1eadt n\u1ed9i dung m\u00e0 kh\u00f4ng c\u1ea7n c\u00f3 k\u1ef9 n\u0103ng l\u1eadp tr\u00ecnh. B\u1ea1n ho\u00e0n to\u00e0n c\u00f3 th\u1ec3 t\u1ea1o ra m\u1ed9t website \u0111\u1ed9c \u0111\u00e1o mang d\u1ea5u \u1ea5n c\u00e1 nh\u00e2n c\u1ee7a m\u00ecnh.\n<\/p>\n<h2>\n T\u1ed1c \u0111\u1ed9 t\u1ea3i trang nhanh<br \/>\n<\/h2>\n<p>\n Kh\u00e1ch h\u00e0ng s\u1ebd kh\u00f4ng ki\u00ean nh\u1eabn ch\u1edd \u0111\u1ee3i khi trang web c\u1ee7a b\u1ea1n t\u1ea3i qu\u00e1 l\u00e2u. Ch\u00fang t\u00f4i \u0111\u1ea3m b\u1ea3o website c\u1ee7a b\u1ea1n c\u00f3 t\u1ed1c \u0111\u1ed9 t\u1ea3i nhanh, gi\u00fap t\u1ed1i \u01b0u h\u00f3a tr\u1ea3i nghi\u1ec7m ng\u01b0\u1eddi d\u00f9ng v\u00e0 t\u1ef7 l\u1ec7 chuy\u1ec3n \u0111\u1ed5i. M\u1ed9t trang web nhanh ch\u00f3ng s\u1ebd gi\u00fap b\u1ea1n gi\u1eef ch\u00e2n kh\u00e1ch h\u00e0ng v\u00e0 n\u00e2ng cao t\u1ef7 l\u1ec7 b\u00e1n h\u00e0ng.\n<\/p>\n<hr\/>\n<h3>\n Gi\u1edbi thi\u1ec7u \u0111\u01a1n v\u1ecb thi\u1ebft k\u1ebf website LADIGI<br \/>\n<\/h3>\n<p>\n Ch\u00fang t\u00f4i t\u1ef1 h\u00e0o l\u00e0 \u0111\u01a1n v\u1ecb thi\u1ebft k\u1ebf website uy t\u00edn v\u1edbi nhi\u1ec1u n\u0103m kinh nghi\u1ec7m trong ng\u00e0nh. H\u00e3y \u0111\u1ec3 LADIGI Agency \u0111\u1ed3ng h\u00e0nh c\u00f9ng b\u1ea1n tr\u00ean con \u0111\u01b0\u1eddng x\u00e2y d\u1ef1ng th\u01b0\u01a1ng hi\u1ec7u tr\u1ef1c tuy\u1ebfn. \u0110\u1ec3 bi\u1ebft th\u00eam chi ti\u1ebft v\u1ec1 d\u1ecbch v\u1ee5 thi\u1ebft k\u1ebf web th\u01b0\u01a1ng m\u1ea1i \u0111i\u1ec7n t\u1eed, xin vui l\u00f2ng tham kh\u1ea3o t\u1ea1i \u0111\u00e2y:<br \/>\n <a href=\"https:\/\/ladigi.vn\/thiet-ke-website\/\"><br \/>\n  Thi\u1ebft k\u1ebf web th\u01b0\u01a1ng m\u1ea1i \u0111i\u1ec7n t\u1eed LADIGI<br \/>\n <\/a><br \/>\n .<\/p>\n","protected":false},"excerpt":{"rendered":"<p>D\u1ecbch v\u1ee5 Thi\u1ebft k\u1ebf website Gi\u00e0y D\u00e9p Th\u1eddi Trang M\u1eabu S\u1ed1 2 cung c\u1ea5p giao di\u1ec7n \u0111\u1eb9p, chuy\u00ean nghi\u1ec7p v\u00e0 d\u1ec5 s\u1eed d\u1ee5ng tr\u00ean m\u1ecdi thi\u1ebft b\u1ecb. S\u1eed d\u1ee5ng m\u00e3 ngu\u1ed3n Wordpress v\u1edbi Theme Flatsome v\u00e0 UX Builder, ng\u01b0\u1eddi d\u00f9ng d\u1ec5 d\u00e0ng t\u00f9y bi\u1ebfn. T\u1ed1c \u0111\u1ed9 t\u1ea3i trang nhanh, mang l\u1ea1i tr\u1ea3i nghi\u1ec7m t\u1ed1t nh\u1ea5t cho kh\u00e1ch h\u00e0ng.<\/p>\n","protected":false},"featured_media":4197,"comment_status":"open","ping_status":"closed","template":"","meta":[],"product_cat":[16,54,34],"product_tag":[23],"class_list":{"0":"post-4194","1":"product","2":"type-product","3":"status-publish","4":"has-post-thumbnail","6":"product_cat-tat-ca","7":"product_cat-giay-dep","8":"product_cat-thoi-trang","9":"product_tag-ban-hang","11":"first","12":"instock","13":"shipping-taxable","14":"purchasable","15":"product-type-simple"},"_links":{"self":[{"href":"https:\/\/ladigi.vn\/thiet-ke-website\/wp-json\/wp\/v2\/product\/4194","targetHints":{"allow":["GET"]}}],"collection":[{"href":"https:\/\/ladigi.vn\/thiet-ke-website\/wp-json\/wp\/v2\/product"}],"about":[{"href":"https:\/\/ladigi.vn\/thiet-ke-website\/wp-json\/wp\/v2\/types\/product"}],"replies":[{"embeddable":true,"href":"https:\/\/ladigi.vn\/thiet-ke-website\/wp-json\/wp\/v2\/comments?post=4194"}],"wp:featuredmedia":[{"embeddable":true,"href":"https:\/\/ladigi.vn\/thiet-ke-website\/wp-json\/wp\/v2\/media\/4197"}],"wp:attachment":[{"href":"https:\/\/ladigi.vn\/thiet-ke-website\/wp-json\/wp\/v2\/media?parent=4194"}],"wp:term":[{"taxonomy":"product_cat","embeddable":true,"href":"https:\/\/ladigi.vn\/thiet-ke-website\/wp-json\/wp\/v2\/product_cat?post=4194"},{"taxonomy":"product_tag","embeddable":true,"href":"https:\/\/ladigi.vn\/thiet-ke-website\/wp-json\/wp\/v2\/product_tag?post=4194"}],"curies":[{"name":"wp","href":"https:\/\/api.w.org\/{rel}","templated":true}]}}