{"id":4208,"date":"2021-05-11T08:47:41","date_gmt":"2021-05-11T01:47:41","guid":{"rendered":"https:\/\/ladigi.vn\/thiet-ke-website\/?post_type=product&#038;p=4208"},"modified":"2025-01-10T23:20:01","modified_gmt":"2025-01-10T16:20:01","slug":"thiet-ke-website-ruou-ngoai-ruou-vang-shopruou","status":"publish","type":"product","link":"https:\/\/ladigi.vn\/thiet-ke-website\/mau-web\/thiet-ke-website-ruou-ngoai-ruou-vang-shopruou\/","title":{"rendered":"Kinh Doanh R\u01b0\u1ee3u Ngo\u1ea1i, R\u01b0\u1ee3u Vang"},"content":{"rendered":"<h1>\n D\u1ecbch v\u1ee5 Thi\u1ebft k\u1ebf website Kinh Doanh R\u01b0\u1ee3u Ngo\u1ea1i, R\u01b0\u1ee3u Vang<br \/>\n<\/h1>\n<p>\n B\u1ea1n \u0111ang t\u00ecm ki\u1ebfm m\u1ed9t gi\u1ea3i ph\u00e1p ho\u00e0n h\u1ea3o \u0111\u1ec3 gi\u1edbi thi\u1ec7u v\u00e0 kinh doanh c\u00e1c lo\u1ea1i r\u01b0\u1ee3u ngo\u1ea1i, r\u01b0\u1ee3u vang? H\u00e3y \u0111\u1ebfn v\u1edbi d\u1ecbch v\u1ee5 thi\u1ebft k\u1ebf website chuy\u00ean nghi\u1ec7p c\u1ee7a ch\u00fang t\u00f4i. Ch\u00fang t\u00f4i mang \u0111\u1ebfn cho b\u1ea1n m\u1ed9t giao di\u1ec7n web \u0111\u1eb9p, chuy\u00ean nghi\u1ec7p v\u00e0 d\u1ec5 s\u1eed d\u1ee5ng, gi\u00fap kh\u00e1ch h\u00e0ng c\u1ee7a b\u1ea1n c\u00f3 nh\u1eefng tr\u1ea3i nghi\u1ec7m t\u1ed1t nh\u1ea5t khi truy c\u1eadp v\u00e0o website.\n<\/p>\n<h2>\n T\u00ednh n\u0103ng n\u1ed5i b\u1eadt c\u1ee7a d\u1ecbch v\u1ee5<br \/>\n<\/h2>\n<ul>\n<li>\n<p>\n   <strong><br \/>\n    Giao di\u1ec7n \u0111\u1eb9p, chuy\u00ean nghi\u1ec7p v\u00e0 d\u1ec5 s\u1eed d\u1ee5ng:<br \/>\n   <\/strong><br \/>\n   V\u1edbi thi\u1ebft k\u1ebf hi\u1ec7n \u0111\u1ea1i, website c\u1ee7a b\u1ea1n s\u1ebd thu h\u00fat \u0111\u01b0\u1ee3c s\u1ef1 ch\u00fa \u00fd c\u1ee7a kh\u00e1ch h\u00e0ng ngay t\u1eeb c\u00e1i nh\u00ecn \u0111\u1ea7u ti\u00ean. T\u1eebng chi ti\u1ebft \u0111\u01b0\u1ee3c ch\u0103m ch\u00fat t\u1ec9 m\u1ec9, mang \u0111\u1ebfn c\u1ea3m gi\u00e1c sang tr\u1ecdng cho th\u01b0\u01a1ng hi\u1ec7u c\u1ee7a b\u1ea1n.\n  <\/p>\n<\/li>\n<li>\n<p>\n   <strong><br \/>\n    T\u01b0\u01a1ng th\u00edch tr\u00ean m\u1ecdi thi\u1ebft b\u1ecb:<br \/>\n   <\/strong><br \/>\n   Ch\u00fang t\u00f4i hi\u1ec3u r\u1eb1ng ng\u01b0\u1eddi d\u00f9ng hi\u1ec7n nay c\u00f3 th\u1ec3 truy c\u1eadp v\u00e0o website t\u1eeb nhi\u1ec1u lo\u1ea1i thi\u1ebft b\u1ecb kh\u00e1c nhau nh\u01b0 m\u00e1y t\u00ednh, tablet hay smartphone. V\u00ec v\u1eady, t\u1ea5t c\u1ea3 c\u00e1c website c\u1ee7a ch\u00fang t\u00f4i \u0111\u1ec1u \u0111\u01b0\u1ee3c t\u1ed1i \u01b0u h\u00f3a \u0111\u1ec3 \u0111\u1ea3m b\u1ea3o hi\u1ec3n th\u1ecb ho\u00e0n h\u1ea3o tr\u00ean m\u1ecdi m\u00e0n h\u00ecnh.\n  <\/p>\n<\/li>\n<li>\n<p>\n   <strong><br \/>\n    M\u00e3 ngu\u1ed3n WordPress v\u1edbi Theme Flatsome v\u00e0 UX Builder:<br \/>\n   <\/strong><br \/>\n   V\u1edbi h\u1ec7 th\u1ed1ng m\u00e3 ngu\u1ed3n WordPress, b\u1ea1n s\u1ebd d\u1ec5 d\u00e0ng qu\u1ea3n l\u00fd n\u1ed9i dung website c\u1ee7a m\u00ecnh. Theme Flatsome v\u00e0 UX Builder cho ph\u00e9p b\u1ea1n t\u00f9y bi\u1ebfn s\u00e2u, t\u1ea1o ra m\u1ed9t website \u0111\u1ed9c \u0111\u00e1o v\u00e0 ph\u00f9 h\u1ee3p v\u1edbi nhu c\u1ea7u kinh doanh ri\u00eang c\u1ee7a b\u1ea1n.\n  <\/p>\n<\/li>\n<li>\n<p>\n   <strong><br \/>\n    T\u1ed1c \u0111\u1ed9 t\u1ea3i trang nhanh:<br \/>\n   <\/strong><br \/>\n   Ch\u00fang t\u00f4i cam k\u1ebft mang \u0111\u1ebfn cho b\u1ea1n m\u1ed9t website c\u00f3 t\u1ed1c \u0111\u1ed9 t\u1ea3i trang nhanh ch\u00f3ng, gi\u00fap n\u00e2ng cao tr\u1ea3i nghi\u1ec7m ng\u01b0\u1eddi d\u00f9ng v\u00e0 c\u1ea3i thi\u1ec7n th\u1ee9 h\u1ea1ng SEO cho website c\u1ee7a b\u1ea1n.\n  <\/p>\n<\/li>\n<\/ul>\n<h3>\n T\u1ea1i sao ch\u1ecdn ch\u00fang t\u00f4i?<br \/>\n<\/h3>\n<p>\n Ch\u00fang t\u00f4i l\u00e0 LADIGI Agency &#8211; \u0111\u01a1n v\u1ecb chuy\u00ean cung c\u1ea5p d\u1ecbch v\u1ee5 thi\u1ebft k\u1ebf website t\u00f9y ch\u1ec9nh theo y\u00eau c\u1ea7u. V\u1edbi \u0111\u1ed9i ng\u0169 thi\u1ebft k\u1ebf gi\u00e0u kinh nghi\u1ec7m v\u00e0 s\u00e1ng t\u1ea1o, ch\u00fang t\u00f4i cam k\u1ebft mang \u0111\u1ebfn cho b\u1ea1n m\u1ed9t s\u1ea3n ph\u1ea9m ch\u1ea5t l\u01b0\u1ee3ng nh\u1ea5t, \u0111\u00e1p \u1ee9ng m\u1ecdi nhu c\u1ea7u c\u1ee7a b\u1ea1n.\n<\/p>\n<p>\n H\u00e3y<br \/>\n <a href=\"https:\/\/ladigi.vn\/thiet-ke-website\/\"><br \/>\n  Thi\u1ebft k\u1ebf website t\u00f9y ch\u1ec9nh theo y\u00eau c\u1ea7u LADIGI<br \/>\n <\/a><br \/>\n ngay h\u00f4m nay \u0111\u1ec3 \u0111\u01b0a th\u01b0\u01a1ng hi\u1ec7u c\u1ee7a b\u1ea1n \u0111\u1ebfn g\u1ea7n h\u01a1n v\u1edbi kh\u00e1ch h\u00e0ng!<\/p>\n","protected":false},"excerpt":{"rendered":"<p>D\u1ecbch v\u1ee5 thi\u1ebft k\u1ebf website kinh doanh r\u01b0\u1ee3u ngo\u1ea1i v\u00e0 r\u01b0\u1ee3u vang mang \u0111\u1ebfn giao di\u1ec7n \u0111\u1eb9p, chuy\u00ean nghi\u1ec7p, d\u1ec5 s\u1eed d\u1ee5ng. T\u01b0\u01a1ng th\u00edch tr\u00ean m\u1ecdi thi\u1ebft b\u1ecb, website \u0111\u01b0\u1ee3c x\u00e2y d\u1ef1ng b\u1eb1ng m\u00e3 ngu\u1ed3n WordPress v\u1edbi theme Flatsome v\u00e0 UX Builder d\u1ec5 t\u00f9y bi\u1ebfn, c\u00f9ng t\u1ed1c \u0111\u1ed9 t\u1ea3i trang nhanh ch\u00f3ng.<\/p>\n","protected":false},"featured_media":4210,"comment_status":"open","ping_status":"closed","template":"","meta":[],"product_cat":[16,47],"product_tag":[23],"class_list":{"0":"post-4208","1":"product","2":"type-product","3":"status-publish","4":"has-post-thumbnail","6":"product_cat-tat-ca","7":"product_cat-do-uong","8":"product_tag-ban-hang","10":"first","11":"instock","12":"shipping-taxable","13":"purchasable","14":"product-type-simple"},"_links":{"self":[{"href":"https:\/\/ladigi.vn\/thiet-ke-website\/wp-json\/wp\/v2\/product\/4208","targetHints":{"allow":["GET"]}}],"collection":[{"href":"https:\/\/ladigi.vn\/thiet-ke-website\/wp-json\/wp\/v2\/product"}],"about":[{"href":"https:\/\/ladigi.vn\/thiet-ke-website\/wp-json\/wp\/v2\/types\/product"}],"replies":[{"embeddable":true,"href":"https:\/\/ladigi.vn\/thiet-ke-website\/wp-json\/wp\/v2\/comments?post=4208"}],"wp:featuredmedia":[{"embeddable":true,"href":"https:\/\/ladigi.vn\/thiet-ke-website\/wp-json\/wp\/v2\/media\/4210"}],"wp:attachment":[{"href":"https:\/\/ladigi.vn\/thiet-ke-website\/wp-json\/wp\/v2\/media?parent=4208"}],"wp:term":[{"taxonomy":"product_cat","embeddable":true,"href":"https:\/\/ladigi.vn\/thiet-ke-website\/wp-json\/wp\/v2\/product_cat?post=4208"},{"taxonomy":"product_tag","embeddable":true,"href":"https:\/\/ladigi.vn\/thiet-ke-website\/wp-json\/wp\/v2\/product_tag?post=4208"}],"curies":[{"name":"wp","href":"https:\/\/api.w.org\/{rel}","templated":true}]}}