{"id":4211,"date":"2021-05-11T08:48:59","date_gmt":"2021-05-11T01:48:59","guid":{"rendered":"https:\/\/ladigi.vn\/thiet-ke-website\/?post_type=product&#038;p=4211"},"modified":"2025-01-10T23:20:55","modified_gmt":"2025-01-10T16:20:55","slug":"thiet-ke-website-gioi-thieu-khach-san-mau-so-2","status":"publish","type":"product","link":"https:\/\/ladigi.vn\/thiet-ke-website\/mau-web\/thiet-ke-website-gioi-thieu-khach-san-mau-so-2\/","title":{"rendered":"Kh\u00e1ch S\u1ea1n M\u1eabu S\u1ed1 2"},"content":{"rendered":"<h1>\n D\u1ecbch v\u1ee5 Thi\u1ebft k\u1ebf website Kh\u00e1ch S\u1ea1n M\u1eabu S\u1ed1 2<br \/>\n<\/h1>\n<p>\n Trong th\u1eddi \u0111\u1ea1i c\u00f4ng ngh\u1ec7 s\u1ed1 hi\u1ec7n nay, vi\u1ec7c s\u1edf h\u1eefu m\u1ed9t website kh\u00e1ch s\u1ea1n \u0111\u1eb9p, chuy\u00ean nghi\u1ec7p l\u00e0 \u0111i\u1ec1u v\u00f4 c\u00f9ng c\u1ea7n thi\u1ebft \u0111\u1ec3 thu h\u00fat kh\u00e1ch h\u00e0ng. D\u1ecbch v\u1ee5 thi\u1ebft k\u1ebf website kh\u00e1ch s\u1ea1n m\u1eabu s\u1ed1 2 c\u1ee7a ch\u00fang t\u00f4i s\u1ebd mang \u0111\u1ebfn cho b\u1ea1n m\u1ed9t gi\u1ea3i ph\u00e1p t\u1ed1i \u01b0u, \u0111\u00e1p \u1ee9ng m\u1ecdi nhu c\u1ea7u c\u1ee7a doanh nghi\u1ec7p.\n<\/p>\n<h2>\n Giao di\u1ec7n \u0111\u1eb9p v\u00e0 chuy\u00ean nghi\u1ec7p<br \/>\n<\/h2>\n<p>\n Website \u0111\u01b0\u1ee3c thi\u1ebft k\u1ebf v\u1edbi giao di\u1ec7n b\u1eaft m\u1eaft, hi\u1ec7n \u0111\u1ea1i v\u00e0 d\u1ec5 d\u00e0ng s\u1eed d\u1ee5ng. M\u00e0u s\u1eafc, ph\u00f4ng ch\u1eef v\u00e0 h\u00ecnh \u1ea3nh \u0111\u01b0\u1ee3c l\u1ef1a ch\u1ecdn k\u1ef9 l\u01b0\u1ee1ng \u0111\u1ec3 t\u1ea1o n\u00ean m\u1ed9t t\u1ed5ng th\u1ec3 h\u00e0i h\u00f2a, thu h\u00fat \u00e1nh nh\u00ecn c\u1ee7a ng\u01b0\u1eddi d\u00f9ng ngay t\u1eeb c\u00e1i nh\u00ecn \u0111\u1ea7u ti\u00ean. Kh\u00e1ch h\u00e0ng s\u1ebd d\u1ec5 d\u00e0ng t\u00ecm th\u1ea5y th\u00f4ng tin m\u00e0 h\u1ecd c\u1ea7n th\u00f4ng qua c\u00e1c thao t\u00e1c \u0111\u01a1n gi\u1ea3n.\n<\/p>\n<h2>\n T\u01b0\u01a1ng th\u00edch tr\u00ean m\u1ecdi thi\u1ebft b\u1ecb<br \/>\n<\/h2>\n<p>\n V\u1edbi thi\u1ebft k\u1ebf responsive, website kh\u00e1ch s\u1ea1n m\u1eabu s\u1ed1 2 ho\u00e0n to\u00e0n t\u01b0\u01a1ng th\u00edch tr\u00ean m\u1ecdi thi\u1ebft b\u1ecb, t\u1eeb m\u00e1y t\u00ednh b\u00e0n, laptop cho \u0111\u1ebfn smartphone v\u00e0 tablet. \u0110i\u1ec1u n\u00e0y \u0111\u1ea3m b\u1ea3o r\u1eb1ng kh\u00e1ch h\u00e0ng c\u1ee7a b\u1ea1n c\u00f3 th\u1ec3 truy c\u1eadp website m\u1ed9t c\u00e1ch thu\u1eadn ti\u1ec7n nh\u1ea5t, b\u1ea5t k\u1ec3 h\u1ecd \u0111ang \u1edf \u0111\u00e2u.\n<\/p>\n<h2>\n M\u00e3 ngu\u1ed3n WordPress v\u1edbi Theme Flatsome v\u00e0 UX Builder<br \/>\n<\/h2>\n<p>\n Ch\u00fang t\u00f4i s\u1eed d\u1ee5ng m\u00e3 ngu\u1ed3n WordPress m\u1ea1nh m\u1ebd c\u00f9ng theme Flatsome, k\u1ebft h\u1ee3p v\u1edbi UX Builder d\u1ec5 t\u00f9y bi\u1ebfn. \u0110i\u1ec1u n\u00e0y kh\u00f4ng ch\u1ec9 gi\u00fap cho website c\u1ee7a b\u1ea1n tr\u1edf n\u00ean chuy\u00ean nghi\u1ec7p m\u00e0 c\u00f2n cho ph\u00e9p b\u1ea1n t\u1ef1 tay ch\u1ec9nh s\u1eeda v\u00e0 t\u1ed1i \u01b0u h\u00f3a n\u1ed9i dung theo \u00fd mu\u1ed1n m\u00e0 kh\u00f4ng c\u1ea7n ph\u1ea3i am hi\u1ec3u v\u1ec1 l\u1eadp tr\u00ecnh.\n<\/p>\n<h2>\n T\u1ed1c \u0111\u1ed9 t\u1ea3i trang nhanh<br \/>\n<\/h2>\n<p>\n Kh\u00f4ng ai mu\u1ed1n ch\u1edd \u0111\u1ee3i m\u1ed9t trang web t\u1ea3i ch\u1eadm. V\u1edbi d\u1ecbch v\u1ee5 thi\u1ebft k\u1ebf website kh\u00e1ch s\u1ea1n m\u1eabu s\u1ed1 2, ch\u00fang t\u00f4i cam k\u1ebft cung c\u1ea5p t\u1ed1c \u0111\u1ed9 t\u1ea3i trang nhanh ch\u00f3ng, gi\u00fap n\u00e2ng cao tr\u1ea3i nghi\u1ec7m ng\u01b0\u1eddi d\u00f9ng v\u00e0 t\u0103ng kh\u1ea3 n\u0103ng chuy\u1ec3n \u0111\u1ed5i c\u1ee7a kh\u00e1ch h\u00e0ng. Kh\u00e1ch h\u00e0ng s\u1ebd kh\u00f4ng c\u00f2n c\u1ea3m th\u1ea5y kh\u00f3 ch\u1ecbu hay m\u1ec7t m\u1ecfi khi ph\u1ea3i ch\u1edd \u0111\u1ee3i trang web hi\u1ec3n th\u1ecb.\n<\/p>\n<hr\/>\n<p>\n N\u1ebfu b\u1ea1n \u0111ang t\u00ecm ki\u1ebfm m\u1ed9t \u0111\u01a1n v\u1ecb thi\u1ebft k\u1ebf website chuy\u00ean nghi\u1ec7p, h\u00e3y \u0111\u1ebfn v\u1edbi LADIGI Agency. Ch\u00fang t\u00f4i t\u1ef1 h\u00e0o mang \u0111\u1ebfn c\u00e1c gi\u1ea3i ph\u00e1p thi\u1ebft k\u1ebf website hi\u1ec7u qu\u1ea3, gi\u00fap doanh nghi\u1ec7p b\u1ea1n ph\u00e1t tri\u1ec3n b\u1ec1n v\u1eefng. \u0110\u1ec3 bi\u1ebft th\u00eam th\u00f4ng tin, h\u00e3y<br \/>\n <a href=\"https:\/\/ladigi.vn\/thiet-ke-website\/\"><br \/>\n  T\u01b0 v\u1ea5n thi\u1ebft k\u1ebf website<br \/>\n <\/a><br \/>\n .<\/p>\n","protected":false},"excerpt":{"rendered":"<p>D\u1ecbch v\u1ee5 Thi\u1ebft k\u1ebf website Kh\u00e1ch S\u1ea1n M\u1eabu S\u1ed1 2 mang \u0111\u1ebfn giao di\u1ec7n \u0111\u1eb9p, chuy\u00ean nghi\u1ec7p v\u00e0 th\u00e2n thi\u1ec7n v\u1edbi ng\u01b0\u1eddi d\u00f9ng. T\u01b0\u01a1ng th\u00edch ho\u00e0n h\u1ea3o tr\u00ean m\u1ecdi thi\u1ebft b\u1ecb, trang s\u1eed d\u1ee5ng m\u00e3 ngu\u1ed3n Wordpress v\u1edbi Theme Flatsome v\u00e0 UX Builder d\u1ec5 t\u00f9y bi\u1ebfn. \u0110\u1eb7c bi\u1ec7t, t\u1ed1c \u0111\u1ed9 t\u1ea3i trang c\u1ef1c nhanh, n\u00e2ng cao tr\u1ea3i nghi\u1ec7m kh\u00e1ch h\u00e0ng.<\/p>\n","protected":false},"featured_media":4213,"comment_status":"open","ping_status":"closed","template":"","meta":[],"product_cat":[16,38],"product_tag":[24],"class_list":{"0":"post-4211","1":"product","2":"type-product","3":"status-publish","4":"has-post-thumbnail","6":"product_cat-tat-ca","7":"product_cat-nha-hang-khach-san","8":"product_tag-cong-ty","10":"first","11":"instock","12":"shipping-taxable","13":"purchasable","14":"product-type-simple"},"_links":{"self":[{"href":"https:\/\/ladigi.vn\/thiet-ke-website\/wp-json\/wp\/v2\/product\/4211","targetHints":{"allow":["GET"]}}],"collection":[{"href":"https:\/\/ladigi.vn\/thiet-ke-website\/wp-json\/wp\/v2\/product"}],"about":[{"href":"https:\/\/ladigi.vn\/thiet-ke-website\/wp-json\/wp\/v2\/types\/product"}],"replies":[{"embeddable":true,"href":"https:\/\/ladigi.vn\/thiet-ke-website\/wp-json\/wp\/v2\/comments?post=4211"}],"wp:featuredmedia":[{"embeddable":true,"href":"https:\/\/ladigi.vn\/thiet-ke-website\/wp-json\/wp\/v2\/media\/4213"}],"wp:attachment":[{"href":"https:\/\/ladigi.vn\/thiet-ke-website\/wp-json\/wp\/v2\/media?parent=4211"}],"wp:term":[{"taxonomy":"product_cat","embeddable":true,"href":"https:\/\/ladigi.vn\/thiet-ke-website\/wp-json\/wp\/v2\/product_cat?post=4211"},{"taxonomy":"product_tag","embeddable":true,"href":"https:\/\/ladigi.vn\/thiet-ke-website\/wp-json\/wp\/v2\/product_tag?post=4211"}],"curies":[{"name":"wp","href":"https:\/\/api.w.org\/{rel}","templated":true}]}}