{"id":4216,"date":"2021-05-11T08:51:52","date_gmt":"2021-05-11T01:51:52","guid":{"rendered":"https:\/\/ladigi.vn\/thiet-ke-website\/?post_type=product&#038;p=4216"},"modified":"2025-01-10T23:23:41","modified_gmt":"2025-01-10T16:23:41","slug":"thiet-ke-website-dich-vu-chup-anh-cuoi","status":"publish","type":"product","link":"https:\/\/ladigi.vn\/thiet-ke-website\/mau-web\/thiet-ke-website-dich-vu-chup-anh-cuoi\/","title":{"rendered":"Ch\u1ee5p \u1ea2nh C\u01b0\u1edbi M\u1eabu S\u1ed1 1"},"content":{"rendered":"<h1>\n D\u1ecbch v\u1ee5 Thi\u1ebft k\u1ebf website Ch\u1ee5p \u1ea2nh C\u01b0\u1edbi M\u1eabu S\u1ed1 1<br \/>\n<\/h1>\n<p>\n Ch\u00e0o m\u1eebng b\u1ea1n \u0111\u1ebfn v\u1edbi d\u1ecbch v\u1ee5 thi\u1ebft k\u1ebf website ch\u1ee5p \u1ea3nh c\u01b0\u1edbi m\u1eabu s\u1ed1 1! Ch\u00fang t\u00f4i t\u1ef1 h\u00e0o cung c\u1ea5p gi\u1ea3i ph\u00e1p thi\u1ebft k\u1ebf trang web v\u1edbi giao di\u1ec7n \u0111\u1eb9p, chuy\u00ean nghi\u1ec7p v\u00e0 d\u1ec5 s\u1eed d\u1ee5ng, gi\u00fap b\u1ea1n n\u1ed5i b\u1eadt trong ng\u00e0nh c\u00f4ng nghi\u1ec7p ch\u1ee5p \u1ea3nh c\u01b0\u1edbi.\n<\/p>\n<h2>\n Giao di\u1ec7n \u0111\u1eb9p v\u00e0 chuy\u00ean nghi\u1ec7p<br \/>\n<\/h2>\n<p>\n Ch\u00fang t\u00f4i hi\u1ec3u r\u1eb1ng h\u00ecnh \u1ea3nh l\u00e0 y\u1ebfu t\u1ed1 quan tr\u1ecdng trong l\u0129nh v\u1ef1c ch\u1ee5p \u1ea3nh c\u01b0\u1edbi. Do \u0111\u00f3, giao di\u1ec7n website \u0111\u01b0\u1ee3c thi\u1ebft k\u1ebf t\u1ec9 m\u1ec9, b\u1eaft m\u1eaft v\u00e0 d\u1ec5 d\u00e0ng thu h\u00fat s\u1ef1 ch\u00fa \u00fd c\u1ee7a kh\u00e1ch h\u00e0ng. V\u1edbi phong c\u00e1ch thi\u1ebft k\u1ebf hi\u1ec7n \u0111\u1ea1i v\u00e0 s\u00e1ng t\u1ea1o, b\u1ea1n s\u1ebd c\u00f3 m\u1ed9t website th\u1ec3 hi\u1ec7n \u0111\u01b0\u1ee3c c\u00e1 t\u00ednh v\u00e0 th\u01b0\u01a1ng hi\u1ec7u c\u1ee7a m\u00ecnh.\n<\/p>\n<h2>\n T\u01b0\u01a1ng th\u00edch tr\u00ean m\u1ecdi thi\u1ebft b\u1ecb<br \/>\n<\/h2>\n<p>\n Trong th\u1eddi \u0111\u1ea1i c\u00f4ng ngh\u1ec7 4.0, vi\u1ec7c s\u1edf h\u1eefu m\u1ed9t website t\u01b0\u01a1ng th\u00edch tr\u00ean c\u00e1c thi\u1ebft b\u1ecb di \u0111\u1ed9ng, m\u00e1y t\u00ednh b\u1ea3ng v\u00e0 m\u00e1y t\u00ednh \u0111\u1ec3 b\u00e0n l\u00e0 \u0111i\u1ec1u c\u1ea7n thi\u1ebft. Ch\u00fang t\u00f4i cam k\u1ebft mang \u0111\u1ebfn cho b\u1ea1n m\u1ed9t website c\u00f3 kh\u1ea3 n\u0103ng hi\u1ec3n th\u1ecb t\u1ed1t tr\u00ean m\u1ecdi n\u1ec1n t\u1ea3ng, \u0111\u1ea3m b\u1ea3o kh\u00e1ch h\u00e0ng c\u1ee7a b\u1ea1n c\u00f3 th\u1ec3 truy c\u1eadp d\u1ec5 d\u00e0ng \u1edf b\u1ea5t k\u1ef3 \u0111\u00e2u.\n<\/p>\n<h2>\n M\u00e3 ngu\u1ed3n WordPress v\u1edbi Theme Flatsome v\u00e0 UX Builder<br \/>\n<\/h2>\n<p>\n Ch\u00fang t\u00f4i s\u1eed d\u1ee5ng m\u00e3 ngu\u1ed3n WordPress v\u1edbi Theme Flatsome \u0111i k\u00e8m UX Builder, gi\u00fap b\u1ea1n d\u1ec5 d\u00e0ng t\u00f9y bi\u1ebfn v\u00e0 qu\u1ea3n l\u00fd n\u1ed9i dung website m\u00e0 kh\u00f4ng c\u1ea7n ph\u1ea3i c\u00f3 ki\u1ebfn th\u1ee9c l\u1eadp tr\u00ecnh ph\u1ee9c t\u1ea1p. B\u1ea1n ho\u00e0n to\u00e0n c\u00f3 th\u1ec3 ch\u1ec9nh s\u1eeda c\u00e1c y\u1ebfu t\u1ed1 nh\u01b0 h\u00ecnh \u1ea3nh, v\u0103n b\u1ea3n v\u00e0 b\u1ed1 c\u1ee5c ch\u1ec9 v\u1edbi v\u00e0i c\u00fa nh\u1ea5p chu\u1ed9t.\n<\/p>\n<h2>\n T\u1ed1c \u0111\u1ed9 t\u1ea3i trang nhanh<br \/>\n<\/h2>\n<p>\n M\u1ed9t \u0111i\u1ec1u quan tr\u1ecdng m\u00e0 ch\u00fang t\u00f4i ch\u00fa tr\u1ecdng l\u00e0 t\u1ed1c \u0111\u1ed9 t\u1ea3i trang. V\u1edbi c\u00e1c k\u1ef9 thu\u1eadt t\u1ed1i \u01b0u h\u00f3a hi\u1ec7n \u0111\u1ea1i, ch\u00fang t\u00f4i \u0111\u1ea3m b\u1ea3o website c\u1ee7a b\u1ea1n s\u1ebd t\u1ea3i nhanh ch\u00f3ng, mang \u0111\u1ebfn tr\u1ea3i nghi\u1ec7m t\u1ed1t nh\u1ea5t cho ng\u01b0\u1eddi d\u00f9ng v\u00e0 c\u1ea3i thi\u1ec7n th\u1ee9 h\u1ea1ng tr\u00ean c\u00e1c c\u00f4ng c\u1ee5 t\u00ecm ki\u1ebfm.\n<\/p>\n<h2>\n Gi\u1edbi thi\u1ec7u LADIGI Agency<br \/>\n<\/h2>\n<p>\n Ch\u00fang t\u00f4i, LADIGI Agency, l\u00e0 \u0111\u01a1n v\u1ecb thi\u1ebft k\u1ebf website h\u00e0ng \u0111\u1ea7u v\u1edbi nhi\u1ec1u n\u0103m kinh nghi\u1ec7m trong l\u0129nh v\u1ef1c ph\u00e1t tri\u1ec3n th\u01b0\u01a1ng hi\u1ec7u tr\u1ef1c tuy\u1ebfn. \u0110\u1ed9i ng\u0169 chuy\u00ean gia c\u1ee7a ch\u00fang t\u00f4i lu\u00f4n s\u1eb5n s\u00e0ng t\u01b0 v\u1ea5n v\u00e0 cung c\u1ea5p nh\u1eefng gi\u1ea3i ph\u00e1p t\u1ed1i \u01b0u nh\u1ea5t cho b\u1ea1n. H\u00e3y li\u00ean h\u1ec7 v\u1edbi ch\u00fang t\u00f4i \u0111\u1ec3 t\u1ea1o ra m\u1ed9t trang web ho\u00e0n h\u1ea3o cho d\u1ecbch v\u1ee5 ch\u1ee5p \u1ea3nh c\u01b0\u1edbi c\u1ee7a b\u1ea1n!\n<\/p>\n<p>\n B\u1ea1n c\u00f3 th\u1ec3 t\u00ecm hi\u1ec3u th\u00eam v\u1ec1 d\u1ecbch v\u1ee5 c\u1ee7a ch\u00fang t\u00f4i t\u1ea1i \u0111\u00e2y:<br \/>\n <a href=\"https:\/\/ladigi.vn\/thiet-ke-website\/\"><br \/>\n  Thi\u1ebft k\u1ebf website responsive<br \/>\n <\/a><\/p>\n","protected":false},"excerpt":{"rendered":"<p>D\u1ecbch v\u1ee5 Thi\u1ebft k\u1ebf website Ch\u1ee5p \u1ea2nh C\u01b0\u1edbi M\u1eabu S\u1ed1 1 mang \u0111\u1ebfn giao di\u1ec7n \u0111\u1eb9p, chuy\u00ean nghi\u1ec7p v\u00e0 d\u1ec5 s\u1eed d\u1ee5ng. Website t\u01b0\u01a1ng th\u00edch tr\u00ean m\u1ecdi thi\u1ebft b\u1ecb, s\u1eed d\u1ee5ng m\u00e3 ngu\u1ed3n Wordpress k\u1ebft h\u1ee3p Theme Flatsome v\u00e0 UX Builder d\u1ec5 t\u00f9y bi\u1ebfn. \u0110\u1eb7c bi\u1ec7t, t\u1ed1c \u0111\u1ed9 t\u1ea3i trang nhanh ch\u00f3ng, t\u1ea1o tr\u1ea3i nghi\u1ec7m tuy\u1ec7t v\u1eddi cho ng\u01b0\u1eddi d\u00f9ng.<\/p>\n","protected":false},"featured_media":4219,"comment_status":"open","ping_status":"closed","template":"","meta":[],"product_cat":[16,56],"product_tag":[24],"class_list":{"0":"post-4216","1":"product","2":"type-product","3":"status-publish","4":"has-post-thumbnail","6":"product_cat-tat-ca","7":"product_cat-chup-anh","8":"product_tag-cong-ty","10":"first","11":"instock","12":"shipping-taxable","13":"purchasable","14":"product-type-simple"},"_links":{"self":[{"href":"https:\/\/ladigi.vn\/thiet-ke-website\/wp-json\/wp\/v2\/product\/4216","targetHints":{"allow":["GET"]}}],"collection":[{"href":"https:\/\/ladigi.vn\/thiet-ke-website\/wp-json\/wp\/v2\/product"}],"about":[{"href":"https:\/\/ladigi.vn\/thiet-ke-website\/wp-json\/wp\/v2\/types\/product"}],"replies":[{"embeddable":true,"href":"https:\/\/ladigi.vn\/thiet-ke-website\/wp-json\/wp\/v2\/comments?post=4216"}],"wp:featuredmedia":[{"embeddable":true,"href":"https:\/\/ladigi.vn\/thiet-ke-website\/wp-json\/wp\/v2\/media\/4219"}],"wp:attachment":[{"href":"https:\/\/ladigi.vn\/thiet-ke-website\/wp-json\/wp\/v2\/media?parent=4216"}],"wp:term":[{"taxonomy":"product_cat","embeddable":true,"href":"https:\/\/ladigi.vn\/thiet-ke-website\/wp-json\/wp\/v2\/product_cat?post=4216"},{"taxonomy":"product_tag","embeddable":true,"href":"https:\/\/ladigi.vn\/thiet-ke-website\/wp-json\/wp\/v2\/product_tag?post=4216"}],"curies":[{"name":"wp","href":"https:\/\/api.w.org\/{rel}","templated":true}]}}