{"id":4218,"date":"2021-05-11T08:53:03","date_gmt":"2021-05-11T01:53:03","guid":{"rendered":"https:\/\/ladigi.vn\/thiet-ke-website\/?post_type=product&#038;p=4218"},"modified":"2025-01-10T23:24:36","modified_gmt":"2025-01-10T16:24:36","slug":"thiet-ke-website-cho-cong-ty-xay-dung-mau-so-6","status":"publish","type":"product","link":"https:\/\/ladigi.vn\/thiet-ke-website\/mau-web\/thiet-ke-website-cho-cong-ty-xay-dung-mau-so-6\/","title":{"rendered":"X\u00e2y D\u1ef1ng M\u1eabu S\u1ed1 6"},"content":{"rendered":"<h1>\n D\u1ecbch v\u1ee5 Thi\u1ebft k\u1ebf website X\u00e2y D\u1ef1ng M\u1eabu S\u1ed1 6<br \/>\n<\/h1>\n<p>\n Ch\u00e0o m\u1eebng b\u1ea1n \u0111\u1ebfn v\u1edbi d\u1ecbch v\u1ee5 Thi\u1ebft k\u1ebf website X\u00e2y D\u1ef1ng M\u1eabu S\u1ed1 6 c\u1ee7a ch\u00fang t\u00f4i! V\u1edbi s\u1ef1 ph\u00e1t tri\u1ec3n m\u1ea1nh m\u1ebd c\u1ee7a c\u00f4ng ngh\u1ec7 th\u00f4ng tin, m\u1ed9t website \u0111\u1eb9p v\u00e0 chuy\u00ean nghi\u1ec7p kh\u00f4ng ch\u1ec9 gi\u00fap doanh nghi\u1ec7p x\u00e2y d\u1ef1ng th\u01b0\u01a1ng hi\u1ec7u m\u00e0 c\u00f2n thu h\u00fat kh\u00e1ch h\u00e0ng hi\u1ec7u qu\u1ea3. Ch\u00fang t\u00f4i t\u1ef1 h\u00e0o gi\u1edbi thi\u1ec7u \u0111\u1ebfn b\u1ea1n nh\u1eefng \u01b0u \u0111i\u1ec3m n\u1ed5i b\u1eadt c\u1ee7a d\u1ecbch v\u1ee5 thi\u1ebft k\u1ebf website n\u00e0y:\n<\/p>\n<h2>\n Giao di\u1ec7n web \u0111\u1eb9p v\u00e0 chuy\u00ean nghi\u1ec7p<br \/>\n<\/h2>\n<p>\n Website c\u1ee7a ch\u00fang t\u00f4i \u0111\u01b0\u1ee3c thi\u1ebft k\u1ebf v\u1edbi giao di\u1ec7n \u0111\u1eb9p m\u1eaft, sang tr\u1ecdng, t\u1ea1o \u1ea5n t\u01b0\u1ee3ng m\u1ea1nh m\u1ebd ngay t\u1eeb c\u00e1i nh\u00ecn \u0111\u1ea7u ti\u00ean. H\u1ec7 th\u1ed1ng \u0111i\u1ec1u h\u01b0\u1edbng d\u1ec5 s\u1eed d\u1ee5ng gi\u00fap ng\u01b0\u1eddi d\u00f9ng d\u1ec5 d\u00e0ng t\u00ecm ki\u1ebfm th\u00f4ng tin c\u1ea7n thi\u1ebft m\u00e0 kh\u00f4ng m\u1ea5t nhi\u1ec1u th\u1eddi gian.\n<\/p>\n<h2>\n T\u01b0\u01a1ng th\u00edch tr\u00ean m\u1ecdi thi\u1ebft b\u1ecb<br \/>\n<\/h2>\n<p>\n Ch\u00fang t\u00f4i cam k\u1ebft r\u1eb1ng website s\u1ebd ho\u1ea1t \u0111\u1ed9ng ho\u00e0n h\u1ea3o tr\u00ean m\u1ecdi thi\u1ebft b\u1ecb, t\u1eeb m\u00e1y t\u00ednh \u0111\u1ec3 b\u00e0n, laptop, cho \u0111\u1ebfn smartphone v\u00e0 tablet. \u0110i\u1ec1u n\u00e0y gi\u00fap \u0111\u1ea3m b\u1ea3o r\u1eb1ng ng\u01b0\u1eddi d\u00f9ng c\u00f3 th\u1ec3 ti\u1ebfp c\u1eadn trang web c\u1ee7a b\u1ea1n m\u1ecdi l\u00fac, m\u1ecdi n\u01a1i.\n<\/p>\n<h2>\n M\u00e3 ngu\u1ed3n WordPress v\u1edbi Theme Flatsome v\u00e0 UX Builder<br \/>\n<\/h2>\n<p>\n Website \u0111\u01b0\u1ee3c x\u00e2y d\u1ef1ng tr\u00ean n\u1ec1n t\u1ea3ng m\u00e3 ngu\u1ed3n WordPress, s\u1eed d\u1ee5ng Theme Flatsome k\u1ebft h\u1ee3p v\u1edbi UX Builder, cho ph\u00e9p b\u1ea1n d\u1ec5 d\u00e0ng t\u00f9y bi\u1ebfn giao di\u1ec7n v\u00e0 c\u1ea5u tr\u00fac n\u1ed9i dung theo \u00fd mu\u1ed1n. \u0110i\u1ec1u n\u00e0y gi\u00fap b\u1ea1n linh ho\u1ea1t trong vi\u1ec7c thay \u0111\u1ed5i v\u00e0 c\u1eadp nh\u1eadt n\u1ed9i dung m\u00e0 kh\u00f4ng c\u1ea7n ki\u1ebfn th\u1ee9c l\u1eadp tr\u00ecnh.\n<\/p>\n<h2>\n T\u1ed1c \u0111\u1ed9 t\u1ea3i trang nhanh<br \/>\n<\/h2>\n<p>\n Ch\u00fang t\u00f4i hi\u1ec3u r\u1eb1ng t\u1ed1c \u0111\u1ed9 t\u1ea3i trang l\u00e0 m\u1ed9t y\u1ebfu t\u1ed1 quan tr\u1ecdng \u1ea3nh h\u01b0\u1edfng \u0111\u1ebfn tr\u1ea3i nghi\u1ec7m ng\u01b0\u1eddi d\u00f9ng. V\u1edbi s\u1ef1 t\u1ed1i \u01b0u h\u00f3a t\u1ed1t nh\u1ea5t, website c\u1ee7a b\u1ea1n s\u1ebd c\u00f3 t\u1ed1c \u0111\u1ed9 t\u1ea3i trang nhanh, gi\u00fap duy tr\u00ec s\u1ef1 h\u00e0i l\u00f2ng c\u1ee7a kh\u00e1ch h\u00e0ng v\u00e0 c\u1ea3i thi\u1ec7n th\u1ee9 h\u1ea1ng tr\u00ean c\u00e1c c\u00f4ng c\u1ee5 t\u00ecm ki\u1ebfm.\n<\/p>\n<h3>\n Gi\u1edbi thi\u1ec7u \u0111\u01a1n v\u1ecb thi\u1ebft k\u1ebf website LADIGI<br \/>\n<\/h3>\n<p>\n N\u1ebfu b\u1ea1n \u0111ang t\u00ecm ki\u1ebfm m\u1ed9t \u0111\u01a1n v\u1ecb thi\u1ebft k\u1ebf website ch\u1ea5t l\u01b0\u1ee3ng v\u1edbi nh\u1eefng ti\u00eau chu\u1ea9n cao nh\u1ea5t, LADIGI Agency ch\u00ednh l\u00e0 l\u1ef1a ch\u1ecdn ho\u00e0n h\u1ea3o. V\u1edbi \u0111\u1ed9i ng\u0169 chuy\u00ean nghi\u1ec7p v\u00e0 kinh nghi\u1ec7m l\u00e2u n\u0103m, ch\u00fang t\u00f4i cam k\u1ebft \u0111em l\u1ea1i gi\u1ea3i ph\u00e1p thi\u1ebft k\u1ebf website th\u00e2n thi\u1ec7n v\u1edbi di \u0111\u1ed9ng v\u00e0 t\u1ed1i \u01b0u nh\u1ea5t cho b\u1ea1n.\n<\/p>\n<p>\n <a href=\"https:\/\/ladigi.vn\/thiet-ke-website\/\"><br \/>\n  Thi\u1ebft k\u1ebf website th\u00e2n thi\u1ec7n v\u1edbi di \u0111\u1ed9ng<br \/>\n <\/a><\/p>\n","protected":false},"excerpt":{"rendered":"<p>D\u1ecbch v\u1ee5 Thi\u1ebft k\u1ebf website M\u1eabu S\u1ed1 6 mang \u0111\u1ebfn giao di\u1ec7n \u0111\u1eb9p v\u00e0 chuy\u00ean nghi\u1ec7p, d\u1ec5 s\u1eed d\u1ee5ng tr\u00ean m\u1ecdi thi\u1ebft b\u1ecb. \u0110\u01b0\u1ee3c x\u00e2y d\u1ef1ng tr\u00ean m\u00e3 ngu\u1ed3n Wordpress v\u1edbi Theme Flatsome v\u00e0 UX Builder, d\u1ec5 d\u00e0ng t\u00f9y bi\u1ebfn. \u0110\u1eb7c bi\u1ec7t, t\u1ed1c \u0111\u1ed9 t\u1ea3i trang nhanh gi\u00fap ng\u01b0\u1eddi d\u00f9ng tr\u1ea3i nghi\u1ec7m m\u01b0\u1ee3t m\u00e0.<\/p>\n","protected":false},"featured_media":4221,"comment_status":"open","ping_status":"closed","template":"","meta":[],"product_cat":[16,30],"product_tag":[24],"class_list":{"0":"post-4218","1":"product","2":"type-product","3":"status-publish","4":"has-post-thumbnail","6":"product_cat-tat-ca","7":"product_cat-noi-that","8":"product_tag-cong-ty","10":"first","11":"instock","12":"shipping-taxable","13":"purchasable","14":"product-type-simple"},"_links":{"self":[{"href":"https:\/\/ladigi.vn\/thiet-ke-website\/wp-json\/wp\/v2\/product\/4218","targetHints":{"allow":["GET"]}}],"collection":[{"href":"https:\/\/ladigi.vn\/thiet-ke-website\/wp-json\/wp\/v2\/product"}],"about":[{"href":"https:\/\/ladigi.vn\/thiet-ke-website\/wp-json\/wp\/v2\/types\/product"}],"replies":[{"embeddable":true,"href":"https:\/\/ladigi.vn\/thiet-ke-website\/wp-json\/wp\/v2\/comments?post=4218"}],"wp:featuredmedia":[{"embeddable":true,"href":"https:\/\/ladigi.vn\/thiet-ke-website\/wp-json\/wp\/v2\/media\/4221"}],"wp:attachment":[{"href":"https:\/\/ladigi.vn\/thiet-ke-website\/wp-json\/wp\/v2\/media?parent=4218"}],"wp:term":[{"taxonomy":"product_cat","embeddable":true,"href":"https:\/\/ladigi.vn\/thiet-ke-website\/wp-json\/wp\/v2\/product_cat?post=4218"},{"taxonomy":"product_tag","embeddable":true,"href":"https:\/\/ladigi.vn\/thiet-ke-website\/wp-json\/wp\/v2\/product_tag?post=4218"}],"curies":[{"name":"wp","href":"https:\/\/api.w.org\/{rel}","templated":true}]}}