{"id":4224,"date":"2021-05-11T08:56:03","date_gmt":"2021-05-11T01:56:03","guid":{"rendered":"https:\/\/ladigi.vn\/thiet-ke-website\/?post_type=product&#038;p=4224"},"modified":"2025-01-10T23:27:35","modified_gmt":"2025-01-10T16:27:35","slug":"thiet-ke-web-ban-camera-hanh-trinh-thiet-bi-ky-thuat-so","status":"publish","type":"product","link":"https:\/\/ladigi.vn\/thiet-ke-website\/mau-web\/thiet-ke-web-ban-camera-hanh-trinh-thiet-bi-ky-thuat-so\/","title":{"rendered":"Camera H\u00e0nh Tr\u00ecnh, Thi\u1ebft B\u1ecb K\u1ef9 Thu\u1eadt S\u1ed1"},"content":{"rendered":"<h1>\n D\u1ecbch V\u1ee5 Thi\u1ebft K\u1ebf Website Camera H\u00e0nh Tr\u00ecnh v\u00e0 Thi\u1ebft B\u1ecb K\u1ef9 Thu\u1eadt S\u1ed1<br \/>\n<\/h1>\n<p>\n B\u1ea1n \u0111ang t\u00ecm ki\u1ebfm m\u1ed9t gi\u1ea3i ph\u00e1p thi\u1ebft k\u1ebf website d\u00e0nh ri\u00eang cho l\u0129nh v\u1ef1c camera h\u00e0nh tr\u00ecnh v\u00e0 thi\u1ebft b\u1ecb k\u1ef9 thu\u1eadt s\u1ed1? Ch\u00fang t\u00f4i t\u1ef1 h\u00e0o gi\u1edbi thi\u1ec7u d\u1ecbch v\u1ee5 thi\u1ebft k\u1ebf website chuy\u00ean nghi\u1ec7p v\u1edbi nh\u1eefng t\u00ednh n\u0103ng n\u1ed5i b\u1eadt l\u00e0m h\u00e0i l\u00f2ng c\u1ea3 nh\u1eefng kh\u00e1ch h\u00e0ng kh\u00f3 t\u00ednh nh\u1ea5t.\n<\/p>\n<h2>\n Giao Di\u1ec7n \u0110\u1eb9p M\u1eaft v\u00e0 D\u1ec5 S\u1eed D\u1ee5ng<br \/>\n<\/h2>\n<p>\n Website c\u1ee7a b\u1ea1n s\u1ebd \u0111\u01b0\u1ee3c thi\u1ebft k\u1ebf v\u1edbi giao di\u1ec7n hi\u1ec7n \u0111\u1ea1i, tinh t\u1ebf v\u00e0 th\u00e2n thi\u1ec7n v\u1edbi ng\u01b0\u1eddi d\u00f9ng. \u0110i\u1ec1u n\u00e0y gi\u00fap kh\u00e1ch h\u00e0ng d\u1ec5 d\u00e0ng t\u01b0\u01a1ng t\u00e1c v\u00e0 t\u00ecm ki\u1ebfm th\u00f4ng tin v\u1ec1 s\u1ea3n ph\u1ea9m m\u00e0 h\u1ecd \u0111ang quan t\u00e2m, t\u1eeb camera h\u00e0nh tr\u00ecnh \u0111\u1ebfn c\u00e1c thi\u1ebft b\u1ecb k\u1ef9 thu\u1eadt s\u1ed1 kh\u00e1c.\n<\/p>\n<h2>\n T\u01b0\u01a1ng Th\u00edch Tr\u00ean M\u1ecdi Thi\u1ebft B\u1ecb<br \/>\n<\/h2>\n<p>\n Ch\u00fang t\u00f4i cam k\u1ebft m\u1ed7i trang web \u0111\u1ec1u s\u1ebd \u0111\u01b0\u1ee3c t\u1ed1i \u01b0u h\u00f3a \u0111\u1ec3 hi\u1ec3n th\u1ecb t\u1ed1t tr\u00ean m\u1ecdi thi\u1ebft b\u1ecb, t\u1eeb m\u00e1y t\u00ednh \u0111\u1ec3 b\u00e0n, laptop, cho \u0111\u1ebfn smartphone v\u00e0 tablet. \u0110i\u1ec1u n\u00e0y kh\u00f4ng ch\u1ec9 n\u00e2ng cao tr\u1ea3i nghi\u1ec7m ng\u01b0\u1eddi d\u00f9ng m\u00e0 c\u00f2n t\u0103ng kh\u1ea3 n\u0103ng ti\u1ebfp c\u1eadn v\u1edbi nhi\u1ec1u \u0111\u1ed1i t\u01b0\u1ee3ng kh\u00e1ch h\u00e0ng h\u01a1n.\n<\/p>\n<h2>\n M\u00e3 Ngu\u1ed3n WordPress D\u1ec5 T\u00f9y Bi\u1ebfn<br \/>\n<\/h2>\n<p>\n Website c\u1ee7a b\u1ea1n s\u1ebd \u0111\u01b0\u1ee3c x\u00e2y d\u1ef1ng d\u1ef1a tr\u00ean n\u1ec1n t\u1ea3ng WordPress v\u1edbi theme Flatsome k\u1ebft h\u1ee3p v\u1edbi UX Builder. \u0110i\u1ec1u n\u00e0y mang l\u1ea1i s\u1ef1 linh ho\u1ea1t t\u1ed1i \u0111a trong vi\u1ec7c t\u00f9y bi\u1ebfn giao di\u1ec7n c\u0169ng nh\u01b0 ch\u1ee9c n\u0103ng ph\u00f9 h\u1ee3p v\u1edbi nhu c\u1ea7u c\u1ee7a b\u1ea1n. Ngay c\u1ea3 khi b\u1ea1n kh\u00f4ng c\u00f3 nhi\u1ec1u kinh nghi\u1ec7m v\u1ec1 l\u1eadp tr\u00ecnh, b\u1ea1n v\u1eabn c\u00f3 th\u1ec3 d\u1ec5 d\u00e0ng qu\u1ea3n l\u00fd v\u00e0 c\u1eadp nh\u1eadt n\u1ed9i dung.\n<\/p>\n<h2>\n T\u1ed1c \u0110\u1ed9 T\u1ea3i Trang Nhanh<br \/>\n<\/h2>\n<p>\n Ch\u00fang t\u00f4i hi\u1ec3u r\u1eb1ng t\u1ed1c \u0111\u1ed9 t\u1ea3i trang l\u00e0 y\u1ebfu t\u1ed1 quan tr\u1ecdng \u1ea3nh h\u01b0\u1edfng \u0111\u1ebfn tr\u1ea3i nghi\u1ec7m ng\u01b0\u1eddi d\u00f9ng v\u00e0 SEO. \u0110\u00f3 l\u00e0 l\u00fd do t\u1ea1i sao ch\u00fang t\u00f4i t\u1ed1i \u01b0u h\u00f3a trang web \u0111\u1ec3 \u0111\u1ea3m b\u1ea3o t\u1ed1c \u0111\u1ed9 t\u1ea3i nhanh, gi\u00fap kh\u00e1ch h\u00e0ng kh\u00f4ng ph\u1ea3i ch\u1edd \u0111\u1ee3i m\u00e0 ngay l\u1eadp t\u1ee9c truy c\u1eadp v\u00e0o th\u00f4ng tin m\u00e0 h\u1ecd c\u1ea7n.\n<\/p>\n<hr\/>\n<p>\n N\u1ebfu b\u1ea1n \u0111ang t\u00ecm ki\u1ebfm d\u1ecbch v\u1ee5 thi\u1ebft k\u1ebf website tr\u1ecdn g\u00f3i ch\u1ea5t l\u01b0\u1ee3ng v\u00e0 uy t\u00edn, h\u00e3y \u0111\u1ec3<br \/>\n <strong><br \/>\n  LADIGI Agency<br \/>\n <\/strong><br \/>\n \u0111\u1ed3ng h\u00e0nh c\u00f9ng b\u1ea1n. Ch\u00fang t\u00f4i s\u1ebd mang \u0111\u1ebfn cho b\u1ea1n m\u1ed9t website kh\u00f4ng ch\u1ec9 \u0111\u1eb9p m\u00e0 c\u00f2n mang l\u1ea1i hi\u1ec7u qu\u1ea3 kinh doanh cao.\n<\/p>\n<p>\n Xem th\u00eam chi ti\u1ebft t\u1ea1i \u0111\u00e2y:<br \/>\n <a href=\"https:\/\/ladigi.vn\/thiet-ke-website\/\"><br \/>\n  D\u1ecbch v\u1ee5 thi\u1ebft k\u1ebf website tr\u1ecdn g\u00f3i<br \/>\n <\/a><\/p>\n","protected":false},"excerpt":{"rendered":"<p>D\u1ecbch v\u1ee5 thi\u1ebft k\u1ebf website cho Camera H\u00e0nh Tr\u00ecnh v\u00e0 Thi\u1ebft B\u1ecb K\u1ef9 Thu\u1eadt S\u1ed1 cung c\u1ea5p giao di\u1ec7n \u0111\u1eb9p, chuy\u00ean nghi\u1ec7p v\u00e0 th\u00e2n thi\u1ec7n v\u1edbi ng\u01b0\u1eddi d\u00f9ng. Website t\u01b0\u01a1ng th\u00edch m\u1ecdi thi\u1ebft b\u1ecb, s\u1eed d\u1ee5ng m\u00e3 ngu\u1ed3n Wordpress v\u1edbi Theme Flatsome v\u00e0 UX Builder d\u1ec5 t\u00f9y bi\u1ebfn, \u0111\u1ea3m b\u1ea3o t\u1ed1c \u0111\u1ed9 t\u1ea3i trang nhanh ch\u00f3ng.<\/p>\n","protected":false},"featured_media":4227,"comment_status":"open","ping_status":"closed","template":"","meta":[],"product_cat":[16,56,37,62],"product_tag":[23],"class_list":{"0":"post-4224","1":"product","2":"type-product","3":"status-publish","4":"has-post-thumbnail","6":"product_cat-tat-ca","7":"product_cat-chup-anh","8":"product_cat-dien-may","9":"product_cat-thiet-bi-dien-tu","10":"product_tag-ban-hang","12":"first","13":"instock","14":"shipping-taxable","15":"purchasable","16":"product-type-simple"},"_links":{"self":[{"href":"https:\/\/ladigi.vn\/thiet-ke-website\/wp-json\/wp\/v2\/product\/4224","targetHints":{"allow":["GET"]}}],"collection":[{"href":"https:\/\/ladigi.vn\/thiet-ke-website\/wp-json\/wp\/v2\/product"}],"about":[{"href":"https:\/\/ladigi.vn\/thiet-ke-website\/wp-json\/wp\/v2\/types\/product"}],"replies":[{"embeddable":true,"href":"https:\/\/ladigi.vn\/thiet-ke-website\/wp-json\/wp\/v2\/comments?post=4224"}],"wp:featuredmedia":[{"embeddable":true,"href":"https:\/\/ladigi.vn\/thiet-ke-website\/wp-json\/wp\/v2\/media\/4227"}],"wp:attachment":[{"href":"https:\/\/ladigi.vn\/thiet-ke-website\/wp-json\/wp\/v2\/media?parent=4224"}],"wp:term":[{"taxonomy":"product_cat","embeddable":true,"href":"https:\/\/ladigi.vn\/thiet-ke-website\/wp-json\/wp\/v2\/product_cat?post=4224"},{"taxonomy":"product_tag","embeddable":true,"href":"https:\/\/ladigi.vn\/thiet-ke-website\/wp-json\/wp\/v2\/product_tag?post=4224"}],"curies":[{"name":"wp","href":"https:\/\/api.w.org\/{rel}","templated":true}]}}