{"id":4231,"date":"2021-05-11T08:59:18","date_gmt":"2021-05-11T01:59:18","guid":{"rendered":"https:\/\/ladigi.vn\/thiet-ke-website\/?post_type=product&#038;p=4231"},"modified":"2025-01-10T23:30:19","modified_gmt":"2025-01-10T16:30:19","slug":"thiet-ke-website-gioi-thieu-cong-ty-giao-hang-chuyen-phat-best-express-q7","status":"publish","type":"product","link":"https:\/\/ladigi.vn\/thiet-ke-website\/mau-web\/thiet-ke-website-gioi-thieu-cong-ty-giao-hang-chuyen-phat-best-express-q7\/","title":{"rendered":"D\u1ecbch V\u1ee5 Giao H\u00e0ng, Chuy\u1ec3n Ph\u00e1t Nhanh"},"content":{"rendered":"<h1>\n D\u1ecbch v\u1ee5 Thi\u1ebft k\u1ebf website D\u1ecbch V\u1ee5 Giao H\u00e0ng, Chuy\u1ec3n Ph\u00e1t Nhanh<br \/>\n<\/h1>\n<p>\n B\u1ea1n \u0111ang t\u00ecm ki\u1ebfm m\u1ed9t gi\u1ea3i ph\u00e1p thi\u1ebft k\u1ebf website cho d\u1ecbch v\u1ee5 giao h\u00e0ng v\u00e0 chuy\u1ec3n ph\u00e1t nhanh? H\u00e3y c\u00f9ng kh\u00e1m ph\u00e1 nh\u1eefng t\u00ednh n\u0103ng n\u1ed5i b\u1eadt c\u1ee7a website m\u00e0 ch\u00fang t\u00f4i cung c\u1ea5p:\n<\/p>\n<h2>\n Giao di\u1ec7n web \u0111\u1eb9p, chuy\u00ean nghi\u1ec7p v\u00e0 d\u1ec5 s\u1eed d\u1ee5ng<br \/>\n<\/h2>\n<p>\n Website c\u1ee7a b\u1ea1n s\u1ebd \u0111\u01b0\u1ee3c thi\u1ebft k\u1ebf v\u1edbi giao di\u1ec7n hi\u1ec7n \u0111\u1ea1i, chuy\u00ean nghi\u1ec7p, mang \u0111\u1ebfn tr\u1ea3i nghi\u1ec7m t\u1ed1t nh\u1ea5t cho ng\u01b0\u1eddi d\u00f9ng. Nh\u1eefng t\u00ednh n\u0103ng \u0111\u01a1n gi\u1ea3n v\u00e0 d\u1ec5 s\u1eed d\u1ee5ng s\u1ebd gi\u00fap kh\u00e1ch h\u00e0ng d\u1ec5 d\u00e0ng t\u00ecm ki\u1ebfm th\u00f4ng tin v\u00e0 \u0111\u1eb7t h\u00e0ng ch\u1ec9 v\u1edbi v\u00e0i c\u00fa click chu\u1ed9t.\n<\/p>\n<h2>\n T\u01b0\u01a1ng th\u00edch tr\u00ean m\u1ecdi thi\u1ebft b\u1ecb<br \/>\n<\/h2>\n<p>\n Ch\u00fang t\u00f4i cam k\u1ebft r\u1eb1ng website s\u1ebd ho\u1ea1t \u0111\u1ed9ng m\u01b0\u1ee3t m\u00e0 tr\u00ean m\u1ecdi thi\u1ebft b\u1ecb, t\u1eeb m\u00e1y t\u00ednh \u0111\u1ebfn \u0111i\u1ec7n tho\u1ea1i di \u0111\u1ed9ng. \u0110i\u1ec1u n\u00e0y gi\u00fap t\u0103ng kh\u1ea3 n\u0103ng ti\u1ebfp c\u1eadn v\u00e0 mang l\u1ea1i s\u1ef1 thu\u1eadn ti\u1ec7n t\u1ed1i \u0111a cho kh\u00e1ch h\u00e0ng c\u1ee7a b\u1ea1n.\n<\/p>\n<h2>\n M\u00e3 ngu\u1ed3n WordPress v\u1edbi Theme Flatsome v\u00e0 UX Builder<br \/>\n<\/h2>\n<p>\n Website \u0111\u01b0\u1ee3c ph\u00e1t tri\u1ec3n d\u1ef1a tr\u00ean m\u00e3 ngu\u1ed3n WordPress, s\u1eed d\u1ee5ng Theme Flatsome k\u1ebft h\u1ee3p v\u1edbi UX Builder. Nh\u1edd \u0111\u00f3, b\u1ea1n c\u00f3 th\u1ec3 d\u1ec5 d\u00e0ng t\u00f9y bi\u1ebfn v\u00e0 ch\u1ec9nh s\u1eeda n\u1ed9i dung theo \u00fd mu\u1ed1n m\u00e0 kh\u00f4ng c\u1ea7n ph\u1ea3i c\u00f3 ki\u1ebfn th\u1ee9c l\u1eadp tr\u00ecnh.\n<\/p>\n<h2>\n T\u1ed1c \u0111\u1ed9 t\u1ea3i trang nhanh<br \/>\n<\/h2>\n<p>\n Ch\u00fang t\u00f4i t\u1ed1i \u01b0u h\u00f3a t\u1ed1c \u0111\u1ed9 t\u1ea3i trang \u0111\u1ec3 \u0111\u1ea3m b\u1ea3o r\u1eb1ng kh\u00e1ch h\u00e0ng kh\u00f4ng ph\u1ea3i ch\u1edd \u0111\u1ee3i l\u00e2u khi truy c\u1eadp v\u00e0o website c\u1ee7a b\u1ea1n. T\u1ed1c \u0111\u1ed9 t\u1ea3i nhanh kh\u00f4ng ch\u1ec9 n\u00e2ng cao tr\u1ea3i nghi\u1ec7m ng\u01b0\u1eddi d\u00f9ng m\u00e0 c\u00f2n \u1ea3nh h\u01b0\u1edfng t\u00edch c\u1ef1c \u0111\u1ebfn th\u1ee9 h\u1ea1ng SEO c\u1ee7a website.\n<\/p>\n<hr\/>\n<p>\n N\u1ebfu b\u1ea1n \u0111ang t\u00ecm ki\u1ebfm m\u1ed9t \u0111\u01a1n v\u1ecb thi\u1ebft k\u1ebf website chuy\u00ean nghi\u1ec7p v\u00e0 uy t\u00edn, h\u00e3y \u0111\u1ebfn v\u1edbi<br \/>\n <strong><br \/>\n  LADIGI Agency<br \/>\n <\/strong><br \/>\n . Ch\u00fang t\u00f4i t\u1ef1 h\u00e0o mang \u0111\u1ebfn d\u1ecbch v\u1ee5 t\u1ed1i \u01b0u website tr\u1ecdn g\u00f3i, gi\u00fap b\u1ea1n x\u00e2y d\u1ef1ng m\u1ed9t n\u1ec1n t\u1ea3ng tr\u1ef1c tuy\u1ebfn m\u1ea1nh m\u1ebd cho d\u1ecbch v\u1ee5 giao h\u00e0ng v\u00e0 chuy\u1ec3n ph\u00e1t nhanh.\n<\/p>\n<p>\n Xem th\u00eam th\u00f4ng tin t\u1ea1i \u0111\u00e2y:<br \/>\n <a href=\"https:\/\/ladigi.vn\/thiet-ke-website\/\"><br \/>\n  D\u1ecbch v\u1ee5 T\u1ed1i \u01b0u website tr\u1ecdn g\u00f3i<br \/>\n <\/a><\/p>\n","protected":false},"excerpt":{"rendered":"<p>Ch\u00fang t\u00f4i cung c\u1ea5p d\u1ecbch v\u1ee5 thi\u1ebft k\u1ebf website cho d\u1ecbch v\u1ee5 giao h\u00e0ng, chuy\u1ec3n ph\u00e1t nhanh v\u1edbi giao di\u1ec7n \u0111\u1eb9p, chuy\u00ean nghi\u1ec7p v\u00e0 d\u1ec5 s\u1eed d\u1ee5ng. Trang web t\u01b0\u01a1ng th\u00edch m\u1ecdi thi\u1ebft b\u1ecb, s\u1eed d\u1ee5ng m\u00e3 ngu\u1ed3n Wordpress v\u1edbi theme Flatsome v\u00e0 UX Builder d\u1ec5 t\u00f9y bi\u1ebfn, \u0111\u1ea3m b\u1ea3o t\u1ed1c \u0111\u1ed9 t\u1ea3i trang nhanh ch\u00f3ng.<\/p>\n","protected":false},"featured_media":4233,"comment_status":"open","ping_status":"closed","template":"","meta":[],"product_cat":[16,51,42],"product_tag":[24],"class_list":{"0":"post-4231","1":"product","2":"type-product","3":"status-publish","4":"has-post-thumbnail","6":"product_cat-tat-ca","7":"product_cat-chuyen-phat","8":"product_cat-dich-vu","9":"product_tag-cong-ty","11":"first","12":"instock","13":"shipping-taxable","14":"purchasable","15":"product-type-simple"},"_links":{"self":[{"href":"https:\/\/ladigi.vn\/thiet-ke-website\/wp-json\/wp\/v2\/product\/4231","targetHints":{"allow":["GET"]}}],"collection":[{"href":"https:\/\/ladigi.vn\/thiet-ke-website\/wp-json\/wp\/v2\/product"}],"about":[{"href":"https:\/\/ladigi.vn\/thiet-ke-website\/wp-json\/wp\/v2\/types\/product"}],"replies":[{"embeddable":true,"href":"https:\/\/ladigi.vn\/thiet-ke-website\/wp-json\/wp\/v2\/comments?post=4231"}],"wp:featuredmedia":[{"embeddable":true,"href":"https:\/\/ladigi.vn\/thiet-ke-website\/wp-json\/wp\/v2\/media\/4233"}],"wp:attachment":[{"href":"https:\/\/ladigi.vn\/thiet-ke-website\/wp-json\/wp\/v2\/media?parent=4231"}],"wp:term":[{"taxonomy":"product_cat","embeddable":true,"href":"https:\/\/ladigi.vn\/thiet-ke-website\/wp-json\/wp\/v2\/product_cat?post=4231"},{"taxonomy":"product_tag","embeddable":true,"href":"https:\/\/ladigi.vn\/thiet-ke-website\/wp-json\/wp\/v2\/product_tag?post=4231"}],"curies":[{"name":"wp","href":"https:\/\/api.w.org\/{rel}","templated":true}]}}