{"id":4236,"date":"2021-05-11T09:02:27","date_gmt":"2021-05-11T02:02:27","guid":{"rendered":"https:\/\/ladigi.vn\/thiet-ke-website\/?post_type=product&#038;p=4236"},"modified":"2025-01-10T23:33:02","modified_gmt":"2025-01-10T16:33:02","slug":"thiet-ke-website-gioi-thieu-trung-tam-dao-tao-ke-toan-giaoduc3","status":"publish","type":"product","link":"https:\/\/ladigi.vn\/thiet-ke-website\/mau-web\/thiet-ke-website-gioi-thieu-trung-tam-dao-tao-ke-toan-giaoduc3\/","title":{"rendered":"Trung T\u00e2m \u0110\u00e0o T\u1ea1o K\u1ebf To\u00e1n Giaoduc3"},"content":{"rendered":"<h1>\n D\u1ecbch v\u1ee5 Thi\u1ebft k\u1ebf website Trung T\u00e2m \u0110\u00e0o T\u1ea1o K\u1ebf To\u00e1n Giaoduc3<br \/>\n<\/h1>\n<p>\n Ch\u00e0o m\u1eebng b\u1ea1n \u0111\u1ebfn v\u1edbi website c\u1ee7a Trung T\u00e2m \u0110\u00e0o T\u1ea1o K\u1ebf To\u00e1n Giaoduc3! Ch\u00fang t\u00f4i t\u1ef1 h\u00e0o gi\u1edbi thi\u1ec7u d\u1ecbch v\u1ee5 thi\u1ebft k\u1ebf website chuy\u00ean nghi\u1ec7p v\u1edbi nh\u1eefng th\u00f4ng tin n\u1ed5i b\u1eadt nh\u01b0 sau:\n<\/p>\n<h2>\n Giao di\u1ec7n \u0111\u1eb9p, chuy\u00ean nghi\u1ec7p v\u00e0 d\u1ec5 s\u1eed d\u1ee5ng<br \/>\n<\/h2>\n<p>\n Website c\u1ee7a ch\u00fang t\u00f4i \u0111\u01b0\u1ee3c thi\u1ebft k\u1ebf v\u1edbi giao di\u1ec7n th\u00e2n thi\u1ec7n, hi\u1ec7n \u0111\u1ea1i v\u00e0 chuy\u00ean nghi\u1ec7p, gi\u00fap ng\u01b0\u1eddi d\u00f9ng d\u1ec5 d\u00e0ng t\u00ecm ki\u1ebfm th\u00f4ng tin v\u00e0 tr\u1ea3i nghi\u1ec7m h\u1ecdc t\u1eadp t\u1ed1t nh\u1ea5t. V\u1edbi s\u1ef1 ch\u00fa tr\u1ecdng v\u00e0o tr\u1ea3i nghi\u1ec7m ng\u01b0\u1eddi d\u00f9ng, m\u1ecdi chi ti\u1ebft \u0111\u1ec1u \u0111\u01b0\u1ee3c ch\u0103m ch\u00fat \u0111\u1ec3 t\u1ea1o n\u00ean m\u1ed9t website ho\u00e0n h\u1ea3o.\n<\/p>\n<h2>\n T\u01b0\u01a1ng th\u00edch tr\u00ean m\u1ecdi thi\u1ebft b\u1ecb<br \/>\n<\/h2>\n<p>\n Ch\u00fang t\u00f4i hi\u1ec3u r\u1eb1ng ng\u01b0\u1eddi d\u00f9ng hi\u1ec7n nay s\u1eed d\u1ee5ng nhi\u1ec1u lo\u1ea1i thi\u1ebft b\u1ecb kh\u00e1c nhau. V\u00ec v\u1eady, website c\u1ee7a Giaoduc3 \u0111\u01b0\u1ee3c t\u1ed1i \u01b0u h\u00f3a \u0111\u1ec3 t\u01b0\u01a1ng th\u00edch tr\u00ean t\u1ea5t c\u1ea3 c\u00e1c thi\u1ebft b\u1ecb, t\u1eeb m\u00e1y t\u00ednh \u0111\u1ec3 b\u00e0n cho \u0111\u1ebfn smartphone v\u00e0 tablet. B\u1ea1n c\u00f3 th\u1ec3 d\u1ec5 d\u00e0ng truy c\u1eadp website m\u1ecdi l\u00fac, m\u1ecdi n\u01a1i.\n<\/p>\n<h2>\n M\u00e3 ngu\u1ed3n WordPress v\u1edbi Theme Flatsome v\u00e0 UX Builder<br \/>\n<\/h2>\n<p>\n Website s\u1eed d\u1ee5ng m\u00e3 ngu\u1ed3n WordPress, v\u1edbi Theme Flatsome v\u00e0 UX Builder d\u1ec5 t\u00f9y bi\u1ebfn, cho ph\u00e9p b\u1ea1n nhanh ch\u00f3ng th\u1ef1c hi\u1ec7n c\u00e1c thay \u0111\u1ed5i m\u00e0 kh\u00f4ng c\u1ea7n ki\u1ebfn th\u1ee9c l\u1eadp tr\u00ecnh chuy\u00ean s\u00e2u. \u0110i\u1ec1u n\u00e0y gi\u00fap b\u1ea1n ch\u1ee7 \u0111\u1ed9ng trong vi\u1ec7c qu\u1ea3n l\u00fd v\u00e0 c\u1eadp nh\u1eadt n\u1ed9i dung m\u1ed9t c\u00e1ch d\u1ec5 d\u00e0ng.\n<\/p>\n<h2>\n T\u1ed1c \u0111\u1ed9 t\u1ea3i trang nhanh<br \/>\n<\/h2>\n<p>\n Ch\u00fang t\u00f4i cam k\u1ebft mang \u0111\u1ebfn tr\u1ea3i nghi\u1ec7m t\u1ed1t nh\u1ea5t cho ng\u01b0\u1eddi d\u00f9ng v\u1edbi t\u1ed1c \u0111\u1ed9 t\u1ea3i trang nhanh ch\u00f3ng. \u0110i\u1ec1u n\u00e0y kh\u00f4ng ch\u1ec9 gi\u00fap c\u1ea3i thi\u1ec7n tr\u1ea3i nghi\u1ec7m c\u1ee7a ng\u01b0\u1eddi d\u00f9ng m\u00e0 c\u00f2n h\u1ed7 tr\u1ee3 t\u1ed1i \u01b0u h\u00f3a SEO cho website.\n<\/p>\n<hr\/>\n<p>\n N\u1ebfu b\u1ea1n \u0111ang t\u00ecm ki\u1ebfm m\u1ed9t \u0111\u01a1n v\u1ecb thi\u1ebft k\u1ebf website uy t\u00edn \u0111\u1ec3 th\u1ef1c hi\u1ec7n d\u1ef1 \u00e1n c\u1ee7a m\u00ecnh, h\u00e3y tham kh\u1ea3o<br \/>\n <a href=\"https:\/\/ladigi.vn\/thiet-ke-website\/\"><br \/>\n  \u0110\u01a1n v\u1ecb thi\u1ebft k\u1ebf website uy t\u00edn<br \/>\n <\/a><br \/>\n &#8211; LADIGI Agency. V\u1edbi \u0111\u1ed9i ng\u0169 chuy\u00ean gia d\u00e0y d\u1ea1n kinh nghi\u1ec7m, ch\u00fang t\u00f4i s\u1ebd mang \u0111\u1ebfn cho b\u1ea1n gi\u1ea3i ph\u00e1p t\u1ed1i \u01b0u nh\u1ea5t cho doanh nghi\u1ec7p c\u1ee7a m\u00ecnh.<\/p>\n","protected":false},"excerpt":{"rendered":"<p>D\u1ecbch v\u1ee5 Thi\u1ebft k\u1ebf website Trung T\u00e2m \u0110\u00e0o T\u1ea1o K\u1ebf To\u00e1n Giaoduc3 cung c\u1ea5p giao di\u1ec7n \u0111\u1eb9p, chuy\u00ean nghi\u1ec7p v\u00e0 d\u1ec5 s\u1eed d\u1ee5ng, t\u01b0\u01a1ng th\u00edch m\u1ecdi thi\u1ebft b\u1ecb. S\u1eed d\u1ee5ng m\u00e3 ngu\u1ed3n Wordpress v\u1edbi Theme Flatsome v\u00e0 UX Builder, d\u1ec5 d\u00e0ng t\u00f9y bi\u1ebfn. T\u1ed1c \u0111\u1ed9 t\u1ea3i trang nhanh, mang l\u1ea1i tr\u1ea3i nghi\u1ec7m tuy\u1ec7t v\u1eddi cho ng\u01b0\u1eddi d\u00f9ng.<\/p>\n","protected":false},"featured_media":4237,"comment_status":"open","ping_status":"closed","template":"","meta":[],"product_cat":[16,32,36],"product_tag":[24],"class_list":{"0":"post-4236","1":"product","2":"type-product","3":"status-publish","4":"has-post-thumbnail","6":"product_cat-tat-ca","7":"product_cat-giao-duc","8":"product_cat-trung-tam","9":"product_tag-cong-ty","11":"first","12":"instock","13":"shipping-taxable","14":"purchasable","15":"product-type-simple"},"_links":{"self":[{"href":"https:\/\/ladigi.vn\/thiet-ke-website\/wp-json\/wp\/v2\/product\/4236","targetHints":{"allow":["GET"]}}],"collection":[{"href":"https:\/\/ladigi.vn\/thiet-ke-website\/wp-json\/wp\/v2\/product"}],"about":[{"href":"https:\/\/ladigi.vn\/thiet-ke-website\/wp-json\/wp\/v2\/types\/product"}],"replies":[{"embeddable":true,"href":"https:\/\/ladigi.vn\/thiet-ke-website\/wp-json\/wp\/v2\/comments?post=4236"}],"wp:featuredmedia":[{"embeddable":true,"href":"https:\/\/ladigi.vn\/thiet-ke-website\/wp-json\/wp\/v2\/media\/4237"}],"wp:attachment":[{"href":"https:\/\/ladigi.vn\/thiet-ke-website\/wp-json\/wp\/v2\/media?parent=4236"}],"wp:term":[{"taxonomy":"product_cat","embeddable":true,"href":"https:\/\/ladigi.vn\/thiet-ke-website\/wp-json\/wp\/v2\/product_cat?post=4236"},{"taxonomy":"product_tag","embeddable":true,"href":"https:\/\/ladigi.vn\/thiet-ke-website\/wp-json\/wp\/v2\/product_tag?post=4236"}],"curies":[{"name":"wp","href":"https:\/\/api.w.org\/{rel}","templated":true}]}}