{"id":4242,"date":"2021-05-11T09:05:25","date_gmt":"2021-05-11T02:05:25","guid":{"rendered":"https:\/\/ladigi.vn\/thiet-ke-website\/?post_type=product&#038;p=4242"},"modified":"2025-01-10T23:35:48","modified_gmt":"2025-01-10T16:35:48","slug":"thiet-ke-websiste-noi-that-mau-so-11","status":"publish","type":"product","link":"https:\/\/ladigi.vn\/thiet-ke-website\/mau-web\/thiet-ke-websiste-noi-that-mau-so-11\/","title":{"rendered":"N\u1ed9i Th\u1ea5t M\u1eabu S\u1ed1 11"},"content":{"rendered":"<h1>\n D\u1ecbch v\u1ee5 Thi\u1ebft k\u1ebf website N\u1ed9i Th\u1ea5t M\u1eabu S\u1ed1 11<br \/>\n<\/h1>\n<p>\n Ch\u00e0o m\u1eebng b\u1ea1n \u0111\u1ebfn v\u1edbi d\u1ecbch v\u1ee5 thi\u1ebft k\u1ebf website n\u1ed9i th\u1ea5t M\u1eabu S\u1ed1 11, n\u01a1i ch\u00fang t\u00f4i mang \u0111\u1ebfn cho b\u1ea1n m\u1ed9t gi\u1ea3i ph\u00e1p tr\u1ef1c tuy\u1ebfn ho\u00e0n h\u1ea3o v\u00e0 chuy\u00ean nghi\u1ec7p. D\u01b0\u1edbi \u0111\u00e2y l\u00e0 nh\u1eefng \u0111i\u1ec3m n\u1ed5i b\u1eadt c\u1ee7a d\u1ecbch v\u1ee5 thi\u1ebft k\u1ebf website m\u00e0 ch\u00fang t\u00f4i cung c\u1ea5p:\n<\/p>\n<h2>\n Giao di\u1ec7n \u0111\u1eb9p, chuy\u00ean nghi\u1ec7p v\u00e0 d\u1ec5 s\u1eed d\u1ee5ng<br \/>\n<\/h2>\n<p>\n Website n\u1ed9i th\u1ea5t M\u1eabu S\u1ed1 11 \u0111\u01b0\u1ee3c thi\u1ebft k\u1ebf v\u1edbi giao di\u1ec7n hi\u1ec7n \u0111\u1ea1i, \u1ea5n t\u01b0\u1ee3ng v\u00e0 chuy\u00ean nghi\u1ec7p. Ch\u00fang t\u00f4i \u0111\u1ea3m b\u1ea3o r\u1eb1ng ng\u01b0\u1eddi d\u00f9ng s\u1ebd c\u00f3 m\u1ed9t tr\u1ea3i nghi\u1ec7m truy c\u1eadp d\u1ec5 d\u00e0ng v\u00e0 thu\u1eadn ti\u1ec7n, nh\u1edd v\u00e0o b\u1ed1 c\u1ee5c h\u1ee3p l\u00fd v\u00e0 thi\u1ebft k\u1ebf th\u00e2n thi\u1ec7n v\u1edbi ng\u01b0\u1eddi d\u00f9ng.\n<\/p>\n<h2>\n T\u01b0\u01a1ng th\u00edch tr\u00ean m\u1ecdi thi\u1ebft b\u1ecb<br \/>\n<\/h2>\n<p>\n Ch\u00fang t\u00f4i hi\u1ec3u r\u1eb1ng nhu c\u1ea7u truy c\u1eadp website t\u1eeb nhi\u1ec1u lo\u1ea1i thi\u1ebft b\u1ecb ng\u00e0y c\u00e0ng gia t\u0103ng. V\u00ec v\u1eady, website n\u1ed9i th\u1ea5t M\u1eabu S\u1ed1 11 \u0111\u01b0\u1ee3c t\u1ed1i \u01b0u h\u00f3a \u0111\u1ec3 t\u01b0\u01a1ng th\u00edch tr\u00ean m\u1ecdi thi\u1ebft b\u1ecb, t\u1eeb m\u00e1y t\u00ednh b\u00e0n, laptop \u0111\u1ebfn \u0111i\u1ec7n tho\u1ea1i di \u0111\u1ed9ng v\u00e0 m\u00e1y t\u00ednh b\u1ea3ng. Kh\u00e1ch h\u00e0ng c\u1ee7a b\u1ea1n s\u1ebd lu\u00f4n c\u00f3 th\u1ec3 truy c\u1eadp th\u00f4ng tin m\u1ed9t c\u00e1ch nhanh ch\u00f3ng v\u00e0 d\u1ec5 d\u00e0ng.\n<\/p>\n<h2>\n M\u00e3 ngu\u1ed3n WordPress v\u1edbi Theme Flatsome v\u00e0 UX Builder<br \/>\n<\/h2>\n<p>\n D\u1ecbch v\u1ee5 c\u1ee7a ch\u00fang t\u00f4i x\u00e2y d\u1ef1ng tr\u00ean n\u1ec1n t\u1ea3ng m\u00e3 ngu\u1ed3n m\u1edf WordPress, s\u1eed d\u1ee5ng Theme Flatsome v\u1edbi UX Builder. \u0110i\u1ec1u n\u00e0y gi\u00fap b\u1ea1n d\u1ec5 d\u00e0ng t\u00f9y bi\u1ebfn, ch\u1ec9nh s\u1eeda v\u00e0 c\u1eadp nh\u1eadt n\u1ed9i dung m\u00e0 kh\u00f4ng c\u1ea7n nhi\u1ec1u ki\u1ebfn th\u1ee9c v\u1ec1 l\u1eadp tr\u00ecnh. Ch\u00fang t\u00f4i cung c\u1ea5p cho b\u1ea1n s\u1ef1 t\u1ef1 do s\u00e1ng t\u1ea1o trong vi\u1ec7c th\u1ec3 hi\u1ec7n th\u01b0\u01a1ng hi\u1ec7u theo c\u00e1ch m\u00e0 b\u1ea1n mu\u1ed1n.\n<\/p>\n<h2>\n T\u1ed1c \u0111\u1ed9 t\u1ea3i trang nhanh<br \/>\n<\/h2>\n<p>\n Ch\u00fang t\u00f4i \u0111\u00e3 t\u1ed1i \u01b0u h\u00f3a website \u0111\u1ec3 \u0111\u1ea1t \u0111\u01b0\u1ee3c t\u1ed1c \u0111\u1ed9 t\u1ea3i trang nhanh ch\u00f3ng, gi\u00fap n\u00e2ng cao tr\u1ea3i nghi\u1ec7m ng\u01b0\u1eddi d\u00f9ng. M\u1ed9t website t\u1ea3i nhanh kh\u00f4ng ch\u1ec9 gi\u00fap gi\u1eef ch\u00e2n kh\u00e1ch h\u00e0ng l\u00e2u h\u01a1n m\u00e0 c\u00f2n c\u1ea3i thi\u1ec7n th\u1ee9 h\u1ea1ng t\u00ecm ki\u1ebfm tr\u00ean c\u00e1c c\u00f4ng c\u1ee5 nh\u01b0 Google.\n<\/p>\n<h3>\n Gi\u1edbi thi\u1ec7u v\u1ec1 LADIGI Agency<br \/>\n<\/h3>\n<p>\n Ch\u00fang t\u00f4i, LADIGI Agency, t\u1ef1 h\u00e0o l\u00e0 \u0111\u01a1n v\u1ecb thi\u1ebft k\u1ebf website h\u00e0ng \u0111\u1ea7u v\u1edbi nhi\u1ec1u n\u0103m kinh nghi\u1ec7m trong vi\u1ec7c cung c\u1ea5p nh\u1eefng gi\u1ea3i ph\u00e1p s\u1ed1 to\u00e0n di\u1ec7n cho c\u00e1c doanh nghi\u1ec7p. \u0110\u1ed9i ng\u0169 chuy\u00ean gia c\u1ee7a ch\u00fang t\u00f4i cam k\u1ebft mang \u0111\u1ebfn d\u1ecbch v\u1ee5 thi\u1ebft k\u1ebf website \u0111\u1ea7y \u0111\u1ee7 t\u00ednh n\u0103ng, \u0111\u00e1p \u1ee9ng m\u1ecdi nhu c\u1ea7u c\u1ee7a b\u1ea1n. \u0110\u1ec3 bi\u1ebft th\u00eam chi ti\u1ebft, vui l\u00f2ng tham kh\u1ea3o<br \/>\n <a href=\"https:\/\/ladigi.vn\/thiet-ke-website\/\"><br \/>\n  Thi\u1ebft k\u1ebf website \u0111\u1ea7y \u0111\u1ee7 t\u00ednh n\u0103ng<br \/>\n <\/a><br \/>\n .<\/p>\n","protected":false},"excerpt":{"rendered":"<p>D\u1ecbch v\u1ee5 Thi\u1ebft k\u1ebf website N\u1ed9i Th\u1ea5t M\u1eabu S\u1ed1 11 mang \u0111\u1ebfn giao di\u1ec7n \u0111\u1eb9p, chuy\u00ean nghi\u1ec7p v\u00e0 d\u1ec5 s\u1eed d\u1ee5ng. T\u01b0\u01a1ng th\u00edch m\u1ecdi thi\u1ebft b\u1ecb, v\u1edbi m\u00e3 ngu\u1ed3n Wordpress s\u1eed d\u1ee5ng Theme Flatsome v\u00e0 UX Builder, gi\u00fap b\u1ea1n d\u1ec5 d\u00e0ng t\u00f9y bi\u1ebfn. T\u1ed1c \u0111\u1ed9 t\u1ea3i trang nhanh ch\u00f3ng, n\u00e2ng cao tr\u1ea3i nghi\u1ec7m ng\u01b0\u1eddi d\u00f9ng.<\/p>\n","protected":false},"featured_media":4243,"comment_status":"open","ping_status":"closed","template":"","meta":[],"product_cat":[16,30],"product_tag":[24],"class_list":{"0":"post-4242","1":"product","2":"type-product","3":"status-publish","4":"has-post-thumbnail","6":"product_cat-tat-ca","7":"product_cat-noi-that","8":"product_tag-cong-ty","10":"first","11":"instock","12":"shipping-taxable","13":"purchasable","14":"product-type-simple"},"_links":{"self":[{"href":"https:\/\/ladigi.vn\/thiet-ke-website\/wp-json\/wp\/v2\/product\/4242","targetHints":{"allow":["GET"]}}],"collection":[{"href":"https:\/\/ladigi.vn\/thiet-ke-website\/wp-json\/wp\/v2\/product"}],"about":[{"href":"https:\/\/ladigi.vn\/thiet-ke-website\/wp-json\/wp\/v2\/types\/product"}],"replies":[{"embeddable":true,"href":"https:\/\/ladigi.vn\/thiet-ke-website\/wp-json\/wp\/v2\/comments?post=4242"}],"wp:featuredmedia":[{"embeddable":true,"href":"https:\/\/ladigi.vn\/thiet-ke-website\/wp-json\/wp\/v2\/media\/4243"}],"wp:attachment":[{"href":"https:\/\/ladigi.vn\/thiet-ke-website\/wp-json\/wp\/v2\/media?parent=4242"}],"wp:term":[{"taxonomy":"product_cat","embeddable":true,"href":"https:\/\/ladigi.vn\/thiet-ke-website\/wp-json\/wp\/v2\/product_cat?post=4242"},{"taxonomy":"product_tag","embeddable":true,"href":"https:\/\/ladigi.vn\/thiet-ke-website\/wp-json\/wp\/v2\/product_tag?post=4242"}],"curies":[{"name":"wp","href":"https:\/\/api.w.org\/{rel}","templated":true}]}}