{"id":4246,"date":"2021-05-11T09:09:12","date_gmt":"2021-05-11T02:09:12","guid":{"rendered":"https:\/\/ladigi.vn\/thiet-ke-website\/?post_type=product&#038;p=4246"},"modified":"2025-01-10T23:37:38","modified_gmt":"2025-01-10T16:37:38","slug":"thiet-ke-website-nha-hang-tuyet-dep-mau-so-3","status":"publish","type":"product","link":"https:\/\/ladigi.vn\/thiet-ke-website\/mau-web\/thiet-ke-website-nha-hang-tuyet-dep-mau-so-3\/","title":{"rendered":"Nh\u00e0 H\u00e0ng M\u1eabu S\u1ed1 3"},"content":{"rendered":"<h1>\n D\u1ecbch V\u1ee5 Thi\u1ebft K\u1ebf Website Nh\u00e0 H\u00e0ng M\u1eabu S\u1ed1 3<br \/>\n<\/h1>\n<p>\n Ch\u00e0o m\u1eebng b\u1ea1n \u0111\u1ebfn v\u1edbi d\u1ecbch v\u1ee5 Thi\u1ebft k\u1ebf website Nh\u00e0 H\u00e0ng M\u1eabu S\u1ed1 3! Ch\u00fang t\u00f4i cung c\u1ea5p gi\u1ea3i ph\u00e1p thi\u1ebft k\u1ebf website chuy\u00ean nghi\u1ec7p, \u0111\u1eb9p m\u1eaft v\u00e0 d\u1ec5 s\u1eed d\u1ee5ng, gi\u00fap n\u00e2ng cao tr\u1ea3i nghi\u1ec7m c\u1ee7a kh\u00e1ch h\u00e0ng khi t\u00ecm ki\u1ebfm th\u00f4ng tin v\u1ec1 nh\u00e0 h\u00e0ng c\u1ee7a b\u1ea1n.\n<\/p>\n<h2>\n Giao Di\u1ec7n Web \u0110\u1eb9p, Chuy\u00ean Nghi\u1ec7p<br \/>\n<\/h2>\n<p>\n Website Nh\u00e0 H\u00e0ng M\u1eabu S\u1ed1 3 \u0111\u01b0\u1ee3c thi\u1ebft k\u1ebf v\u1edbi giao di\u1ec7n hi\u1ec7n \u0111\u1ea1i, h\u1ea5p d\u1eabn v\u00e0 th\u00e2n thi\u1ec7n v\u1edbi ng\u01b0\u1eddi s\u1eed d\u1ee5ng. C\u00e1c y\u1ebfu t\u1ed1 th\u1ecb gi\u00e1c \u0111\u01b0\u1ee3c \u0111\u1ea7u t\u01b0 k\u1ef9 l\u01b0\u1ee1ng, t\u1eeb m\u00e0u s\u1eafc cho \u0111\u1ebfn c\u00e1ch b\u1ed1 tr\u00ed n\u1ed9i dung, nh\u1eb1m t\u1ea1o ra m\u1ed9t kh\u00f4ng gian tr\u1ef1c tuy\u1ebfn ho\u00e0n h\u1ea3o cho th\u01b0\u01a1ng hi\u1ec7u c\u1ee7a b\u1ea1n.\n<\/p>\n<h2>\n T\u01b0\u01a1ng Th\u00edch Tr\u00ean M\u1ecdi Thi\u1ebft B\u1ecb<br \/>\n<\/h2>\n<p>\n Ch\u00fang t\u00f4i cam k\u1ebft r\u1eb1ng website c\u1ee7a b\u1ea1n s\u1ebd hi\u1ec3n th\u1ecb ho\u00e0n h\u1ea3o tr\u00ean t\u1ea5t c\u1ea3 c\u00e1c thi\u1ebft b\u1ecb, t\u1eeb m\u00e1y t\u00ednh \u0111\u1ec3 b\u00e0n \u0111\u1ebfn \u0111i\u1ec7n tho\u1ea1i di \u0111\u1ed9ng. \u0110i\u1ec1u n\u00e0y gi\u00fap \u0111\u1ea3m b\u1ea3o r\u1eb1ng kh\u00e1ch h\u00e0ng c\u00f3 th\u1ec3 d\u1ec5 d\u00e0ng truy c\u1eadp, t\u00ecm hi\u1ec3u v\u00e0 \u0111\u1eb7t ch\u1ed7 t\u1ea1i nh\u00e0 h\u00e0ng b\u1ea5t c\u1ee9 l\u00fac n\u00e0o, \u1edf \u0111\u00e2u.\n<\/p>\n<h2>\n M\u00e3 Ngu\u1ed3n WordPress D\u1ec5 T\u00f9y Bi\u1ebfn<br \/>\n<\/h2>\n<p>\n V\u1edbi m\u00e3 ngu\u1ed3n WordPress s\u1eed d\u1ee5ng Theme Flatsome v\u00e0 UX Builder, ch\u00fang t\u00f4i mang \u0111\u1ebfn cho b\u1ea1n m\u1ed9t c\u00f4ng c\u1ee5 m\u1ea1nh m\u1ebd \u0111\u1ec3 qu\u1ea3n l\u00fd v\u00e0 t\u00f9y bi\u1ebfn n\u1ed9i dung m\u1ed9t c\u00e1ch d\u1ec5 d\u00e0ng. B\u1ea1n c\u00f3 th\u1ec3 t\u1ef1 m\u00ecnh c\u1eadp nh\u1eadt th\u1ef1c \u0111\u01a1n, tin t\u1ee9c s\u1ef1 ki\u1ec7n hay b\u1ea5t k\u1ef3 th\u00f4ng tin n\u00e0o li\u00ean quan \u0111\u1ebfn nh\u00e0 h\u00e0ng m\u00e0 kh\u00f4ng c\u1ea7n b\u1ea5t k\u1ef3 ki\u1ebfn th\u1ee9c l\u1eadp tr\u00ecnh n\u00e0o.\n<\/p>\n<h2>\n T\u1ed1c \u0110\u1ed9 T\u1ea3i Trang Nhanh<br \/>\n<\/h2>\n<p>\n Ch\u00fang t\u00f4i hi\u1ec3u r\u1eb1ng t\u1ed1c \u0111\u1ed9 t\u1ea3i trang l\u00e0 y\u1ebfu t\u1ed1 quan tr\u1ecdng \u1ea3nh h\u01b0\u1edfng \u0111\u1ebfn tr\u1ea3i nghi\u1ec7m ng\u01b0\u1eddi d\u00f9ng. V\u1edbi website Nh\u00e0 H\u00e0ng M\u1eabu S\u1ed1 3, b\u1ea1n s\u1ebd kh\u00f4ng ph\u1ea3i lo l\u1eafng v\u1ec1 t\u1ed1c \u0111\u1ed9 t\u1ea3i trang ch\u1eadm, gi\u00fap gi\u1eef ch\u00e2n kh\u00e1ch h\u00e0ng v\u00e0 gia t\u0103ng kh\u1ea3 n\u0103ng chuy\u1ec3n \u0111\u1ed5i.\n<\/p>\n<hr\/>\n<p>\n <strong><br \/>\n  Gi\u1edbi thi\u1ec7u LADIGI Agency<br \/>\n <\/strong>\n<\/p>\n<p>\n Ch\u00fang t\u00f4i,<br \/>\n <strong><br \/>\n  LADIGI Agency<br \/>\n <\/strong><br \/>\n , chuy\u00ean cung c\u1ea5p d\u1ecbch v\u1ee5 thi\u1ebft k\u1ebf website \u0111\u1eb9p, ch\u1ea5t l\u01b0\u1ee3ng v\u1edbi gi\u00e1 c\u1ea3 h\u1ee3p l\u00fd. H\u00e3y \u0111\u1ec3 ch\u00fang t\u00f4i gi\u00fap b\u1ea1n x\u00e2y d\u1ef1ng m\u1ed9t website \u1ea5n t\u01b0\u1ee3ng v\u00e0 th\u00e2n thi\u1ec7n v\u1edbi ng\u01b0\u1eddi d\u00f9ng. \u0110\u1ec3 t\u00ecm hi\u1ec3u th\u00eam v\u1ec1 d\u1ecbch v\u1ee5 c\u1ee7a ch\u00fang t\u00f4i, h\u00e3y gh\u00e9 th\u0103m trang web t\u1ea1i \u0111\u00e2y:<br \/>\n <a href=\"https:\/\/ladigi.vn\/thiet-ke-website\/\"><br \/>\n  Thi\u1ebft k\u1ebf website th\u00e2n thi\u1ec7n v\u1edbi di \u0111\u1ed9ng LADIGI<br \/>\n <\/a><br \/>\n .<\/p>\n","protected":false},"excerpt":{"rendered":"<p>D\u1ecbch v\u1ee5 Thi\u1ebft k\u1ebf website Nh\u00e0 H\u00e0ng M\u1eabu S\u1ed1 3 mang \u0111\u1ebfn giao di\u1ec7n \u0111\u1eb9p, chuy\u00ean nghi\u1ec7p v\u00e0 d\u1ec5 s\u1eed d\u1ee5ng. Website t\u01b0\u01a1ng th\u00edch ho\u00e0n h\u1ea3o tr\u00ean m\u1ecdi thi\u1ebft b\u1ecb, s\u1eed d\u1ee5ng m\u00e3 ngu\u1ed3n Wordpress v\u1edbi Theme Flatsome v\u00e0 UX Builder d\u1ec5 t\u00f9y bi\u1ebfn, c\u00f9ng t\u1ed1c \u0111\u1ed9 t\u1ea3i trang nhanh ch\u00f3ng, n\u00e2ng cao tr\u1ea3i nghi\u1ec7m kh\u00e1ch h\u00e0ng.<\/p>\n","protected":false},"featured_media":4249,"comment_status":"open","ping_status":"closed","template":"","meta":[],"product_cat":[16,42,27,38],"product_tag":[24],"class_list":{"0":"post-4246","1":"product","2":"type-product","3":"status-publish","4":"has-post-thumbnail","6":"product_cat-tat-ca","7":"product_cat-dich-vu","8":"product_cat-du-lich","9":"product_cat-nha-hang-khach-san","10":"product_tag-cong-ty","12":"first","13":"instock","14":"shipping-taxable","15":"purchasable","16":"product-type-simple"},"_links":{"self":[{"href":"https:\/\/ladigi.vn\/thiet-ke-website\/wp-json\/wp\/v2\/product\/4246","targetHints":{"allow":["GET"]}}],"collection":[{"href":"https:\/\/ladigi.vn\/thiet-ke-website\/wp-json\/wp\/v2\/product"}],"about":[{"href":"https:\/\/ladigi.vn\/thiet-ke-website\/wp-json\/wp\/v2\/types\/product"}],"replies":[{"embeddable":true,"href":"https:\/\/ladigi.vn\/thiet-ke-website\/wp-json\/wp\/v2\/comments?post=4246"}],"wp:featuredmedia":[{"embeddable":true,"href":"https:\/\/ladigi.vn\/thiet-ke-website\/wp-json\/wp\/v2\/media\/4249"}],"wp:attachment":[{"href":"https:\/\/ladigi.vn\/thiet-ke-website\/wp-json\/wp\/v2\/media?parent=4246"}],"wp:term":[{"taxonomy":"product_cat","embeddable":true,"href":"https:\/\/ladigi.vn\/thiet-ke-website\/wp-json\/wp\/v2\/product_cat?post=4246"},{"taxonomy":"product_tag","embeddable":true,"href":"https:\/\/ladigi.vn\/thiet-ke-website\/wp-json\/wp\/v2\/product_tag?post=4246"}],"curies":[{"name":"wp","href":"https:\/\/api.w.org\/{rel}","templated":true}]}}