{"id":4258,"date":"2021-05-11T09:14:51","date_gmt":"2021-05-11T02:14:51","guid":{"rendered":"https:\/\/ladigi.vn\/thiet-ke-website\/?post_type=product&#038;p=4258"},"modified":"2025-01-10T23:43:12","modified_gmt":"2025-01-10T16:43:12","slug":"thiet-ke-web-ban-ruou-vang-ruou-ngoai-dep-arise","status":"publish","type":"product","link":"https:\/\/ladigi.vn\/thiet-ke-website\/mau-web\/thiet-ke-web-ban-ruou-vang-ruou-ngoai-dep-arise\/","title":{"rendered":"R\u01b0\u1ee3u Vang R\u01b0\u1ee3u Ngo\u1ea1i Arise"},"content":{"rendered":"<h1>\n D\u1ecbch v\u1ee5 Thi\u1ebft k\u1ebf website R\u01b0\u1ee3u Vang R\u01b0\u1ee3u Ngo\u1ea1i Arise<br \/>\n<\/h1>\n<p>\n Trong th\u1ebf gi\u1edbi c\u1ea1nh tranh hi\u1ec7n nay, vi\u1ec7c s\u1edf h\u1eefu m\u1ed9t website chuy\u00ean nghi\u1ec7p l\u00e0 \u0111i\u1ec1u c\u1ea7n thi\u1ebft \u0111\u1ec3 kh\u1eb3ng \u0111\u1ecbnh v\u1ecb th\u1ebf c\u1ee7a b\u1ea1n trong ng\u00e0nh r\u01b0\u1ee3u vang v\u00e0 r\u01b0\u1ee3u ngo\u1ea1i. D\u1ecbch v\u1ee5 Thi\u1ebft k\u1ebf Website R\u01b0\u1ee3u Vang R\u01b0\u1ee3u Ngo\u1ea1i Arise cung c\u1ea5p m\u1ed9t giao di\u1ec7n web \u0111\u1eb9p m\u1eaft, sang tr\u1ecdng v\u00e0 chuy\u00ean nghi\u1ec7p, \u0111\u1ea3m b\u1ea3o s\u1ebd thu h\u00fat s\u1ef1 ch\u00fa \u00fd c\u1ee7a kh\u00e1ch h\u00e0ng ngay t\u1eeb c\u00e1i nh\u00ecn \u0111\u1ea7u ti\u00ean.\n<\/p>\n<h2>\n Giao di\u1ec7n \u0110\u1eb9p, D\u1ec5 S\u1eed D\u1ee5ng<br \/>\n<\/h2>\n<p>\n Website c\u1ee7a Arise \u0111\u01b0\u1ee3c thi\u1ebft k\u1ebf v\u1edbi m\u1ed9t giao di\u1ec7n th\u00e2n thi\u1ec7n, d\u1ec5 d\u00e0ng \u0111i\u1ec1u h\u01b0\u1edbng. B\u1ea1n v\u00e0 kh\u00e1ch h\u00e0ng s\u1ebd kh\u00f4ng g\u1eb7p kh\u00f3 kh\u0103n khi t\u00ecm ki\u1ebfm th\u00f4ng tin v\u1ec1 c\u00e1c s\u1ea3n ph\u1ea9m, d\u1ecbch v\u1ee5 c\u0169ng nh\u01b0 ch\u01b0\u01a1ng tr\u00ecnh khuy\u1ebfn m\u00e3i. \u0110i\u1ec1u n\u00e0y kh\u00f4ng ch\u1ec9 gi\u00fap n\u00e2ng cao tr\u1ea3i nghi\u1ec7m ng\u01b0\u1eddi d\u00f9ng m\u00e0 c\u00f2n t\u1ea1o \u1ea5n t\u01b0\u1ee3ng t\u1ed1t trong l\u00f2ng kh\u00e1ch h\u00e0ng.\n<\/p>\n<h2>\n T\u01b0\u01a1ng Th\u00edch Tr\u00ean M\u1ecdi Thi\u1ebft B\u1ecb<br \/>\n<\/h2>\n<p>\n Kh\u00e1ch h\u00e0ng c\u1ee7a b\u1ea1n \u0111ang s\u1eed d\u1ee5ng m\u00e1y t\u00ednh, tablet hay smartphone? Kh\u00f4ng c\u00f3 v\u1ea5n \u0111\u1ec1 g\u00ec! Website R\u01b0\u1ee3u Vang R\u01b0\u1ee3u Ngo\u1ea1i Arise ho\u00e0n to\u00e0n t\u01b0\u01a1ng th\u00edch tr\u00ean m\u1ecdi thi\u1ebft b\u1ecb. \u0110i\u1ec1u n\u00e0y gi\u00fap b\u1ea1n m\u1edf r\u1ed9ng ph\u1ea1m vi ti\u1ebfp c\u1eadn, \u0111\u01b0a s\u1ea3n ph\u1ea9m c\u1ee7a m\u00ecnh \u0111\u1ebfn g\u1ea7n h\u01a1n v\u1edbi ng\u01b0\u1eddi ti\u00eau d\u00f9ng \u1edf m\u1ecdi n\u01a1i v\u00e0 m\u1ecdi l\u00fac.\n<\/p>\n<h2>\n M\u00e3 Ngu\u1ed3n WordPress v\u1edbi Theme Flatsome v\u00e0 UX Builder<br \/>\n<\/h2>\n<p>\n Website \u0111\u01b0\u1ee3c x\u00e2y d\u1ef1ng tr\u00ean n\u1ec1n t\u1ea3ng WordPress, s\u1eed d\u1ee5ng Theme Flatsome v\u00e0 UX Builder, gi\u00fap b\u1ea1n d\u1ec5 d\u00e0ng t\u00f9y bi\u1ebfn theo nhu c\u1ea7u ri\u00eang c\u1ee7a m\u00ecnh. B\u1ea1n c\u00f3 th\u1ec3 t\u1ef1 do thay \u0111\u1ed5i giao di\u1ec7n, th\u00eam b\u1edbt ch\u1ee9c n\u0103ng m\u00e0 kh\u00f4ng c\u1ea7n ki\u1ebfn th\u1ee9c l\u1eadp tr\u00ecnh s\u00e2u. \u0110i\u1ec1u n\u00e0y gi\u00fap b\u1ea1n ti\u1ebft ki\u1ec7m th\u1eddi gian v\u00e0 chi ph\u00ed \u0111\u00e1ng k\u1ec3 cho vi\u1ec7c duy tr\u00ec v\u00e0 n\u00e2ng c\u1ea5p website.\n<\/p>\n<h2>\n T\u1ed1c \u0110\u1ed9 T\u1ea3i Trang Nhanh<br \/>\n<\/h2>\n<p>\n Kh\u00f4ng ai mu\u1ed1n ch\u1edd \u0111\u1ee3i qu\u00e1 l\u00e2u \u0111\u1ec3 truy c\u1eadp m\u1ed9t trang web. V\u1edbi d\u1ecbch v\u1ee5 thi\u1ebft k\u1ebf website c\u1ee7a Arise, b\u1ea1n s\u1ebd \u0111\u01b0\u1ee3c tr\u1ea3i nghi\u1ec7m t\u1ed1c \u0111\u1ed9 t\u1ea3i trang nhanh ch\u00f3ng, gi\u00fap gi\u1eef ch\u00e2n kh\u00e1ch h\u00e0ng v\u00e0 n\u00e2ng cao t\u1ec9 l\u1ec7 chuy\u1ec3n \u0111\u1ed5i. T\u1ed1i \u01b0u h\u00f3a t\u1ed1c \u0111\u1ed9 t\u1ea3i trang l\u00e0 y\u1ebfu t\u1ed1 quan tr\u1ecdng \u0111\u1ec3 t\u1ea1o ra m\u1ed9t trang web th\u00e0nh c\u00f4ng.\n<\/p>\n<hr\/>\n<p>\n LADIGI Agency l\u00e0 \u0111\u01a1n v\u1ecb thi\u1ebft k\u1ebf website chuy\u00ean nghi\u1ec7p, cam k\u1ebft mang \u0111\u1ebfn cho kh\u00e1ch h\u00e0ng nh\u1eefng gi\u1ea3i ph\u00e1p thi\u1ebft k\u1ebf t\u1ed1i \u01b0u v\u00e0 hi\u1ec7u qu\u1ea3 nh\u1ea5t. N\u1ebfu b\u1ea1n \u0111ang t\u00ecm ki\u1ebfm m\u1ed9t \u0111\u1ed9i ng\u0169 s\u00e1ng t\u1ea1o v\u00e0 chuy\u00ean nghi\u1ec7p \u0111\u1ec3 x\u00e2y d\u1ef1ng website cho doanh nghi\u1ec7p c\u1ee7a m\u00ecnh, h\u00e3y tham kh\u1ea3o<br \/>\n <a href=\"https:\/\/ladigi.vn\/thiet-ke-website\/\"><br \/>\n  D\u1ecbch v\u1ee5 thi\u1ebft k\u1ebf website chuy\u00ean nghi\u1ec7p<br \/>\n <\/a><br \/>\n c\u1ee7a ch\u00fang t\u00f4i!<\/p>\n","protected":false},"excerpt":{"rendered":"<p>D\u1ecbch v\u1ee5 Thi\u1ebft k\u1ebf website R\u01b0\u1ee3u Vang R\u01b0\u1ee3u Ngo\u1ea1i Arise mang l\u1ea1i giao di\u1ec7n \u0111\u1eb9p, chuy\u00ean nghi\u1ec7p v\u00e0 d\u1ec5 s\u1eed d\u1ee5ng. Website t\u01b0\u01a1ng th\u00edch tr\u00ean m\u1ecdi thi\u1ebft b\u1ecb, s\u1eed d\u1ee5ng m\u00e3 ngu\u1ed3n Wordpress v\u1edbi Theme Flatsome v\u00e0 UX Builder d\u1ec5 t\u00f9y bi\u1ebfn, c\u00f9ng t\u1ed1c \u0111\u1ed9 t\u1ea3i trang nhanh ch\u00f3ng, \u0111\u00e1p \u1ee9ng m\u1ecdi nhu c\u1ea7u c\u1ee7a kh\u00e1ch h\u00e0ng.<\/p>\n","protected":false},"featured_media":4260,"comment_status":"open","ping_status":"closed","template":"","meta":[],"product_cat":[16,47],"product_tag":[23],"class_list":{"0":"post-4258","1":"product","2":"type-product","3":"status-publish","4":"has-post-thumbnail","6":"product_cat-tat-ca","7":"product_cat-do-uong","8":"product_tag-ban-hang","10":"first","11":"instock","12":"shipping-taxable","13":"purchasable","14":"product-type-simple"},"_links":{"self":[{"href":"https:\/\/ladigi.vn\/thiet-ke-website\/wp-json\/wp\/v2\/product\/4258","targetHints":{"allow":["GET"]}}],"collection":[{"href":"https:\/\/ladigi.vn\/thiet-ke-website\/wp-json\/wp\/v2\/product"}],"about":[{"href":"https:\/\/ladigi.vn\/thiet-ke-website\/wp-json\/wp\/v2\/types\/product"}],"replies":[{"embeddable":true,"href":"https:\/\/ladigi.vn\/thiet-ke-website\/wp-json\/wp\/v2\/comments?post=4258"}],"wp:featuredmedia":[{"embeddable":true,"href":"https:\/\/ladigi.vn\/thiet-ke-website\/wp-json\/wp\/v2\/media\/4260"}],"wp:attachment":[{"href":"https:\/\/ladigi.vn\/thiet-ke-website\/wp-json\/wp\/v2\/media?parent=4258"}],"wp:term":[{"taxonomy":"product_cat","embeddable":true,"href":"https:\/\/ladigi.vn\/thiet-ke-website\/wp-json\/wp\/v2\/product_cat?post=4258"},{"taxonomy":"product_tag","embeddable":true,"href":"https:\/\/ladigi.vn\/thiet-ke-website\/wp-json\/wp\/v2\/product_tag?post=4258"}],"curies":[{"name":"wp","href":"https:\/\/api.w.org\/{rel}","templated":true}]}}