{"id":4264,"date":"2021-05-11T09:17:34","date_gmt":"2021-05-11T02:17:34","guid":{"rendered":"https:\/\/ladigi.vn\/thiet-ke-website\/?post_type=product&#038;p=4264"},"modified":"2025-01-10T23:45:54","modified_gmt":"2025-01-10T16:45:54","slug":"thiet-ke-web-ban-xe-tai-isuzu-dep-tuyet-voi","status":"publish","type":"product","link":"https:\/\/ladigi.vn\/thiet-ke-website\/mau-web\/thiet-ke-web-ban-xe-tai-isuzu-dep-tuyet-voi\/","title":{"rendered":"\u0110\u1ea1i L\u00fd Xe T\u1ea3i Isuzu"},"content":{"rendered":"<h1>\n D\u1ecbch v\u1ee5 Thi\u1ebft k\u1ebf website \u0110\u1ea1i L\u00fd Xe T\u1ea3i Isuzu<br \/>\n<\/h1>\n<p>\n Ch\u00fang t\u00f4i t\u1ef1 h\u00e0o gi\u1edbi thi\u1ec7u d\u1ecbch v\u1ee5 thi\u1ebft k\u1ebf website d\u00e0nh ri\u00eang cho c\u00e1c \u0110\u1ea1i L\u00fd Xe T\u1ea3i Isuzu, mang \u0111\u1ebfn cho b\u1ea1n m\u1ed9t giao di\u1ec7n website \u0111\u1eb9p m\u1eaft, chuy\u00ean nghi\u1ec7p v\u00e0 d\u1ec5 s\u1eed d\u1ee5ng. V\u1edbi m\u1ee5c ti\u00eau \u0111\u00e1p \u1ee9ng nhu c\u1ea7u c\u1ee7a kh\u00e1ch h\u00e0ng, ch\u00fang t\u00f4i cam k\u1ebft t\u1ea1o ra nh\u1eefng tr\u1ea3i nghi\u1ec7m tr\u1ef1c tuy\u1ebfn tuy\u1ec7t v\u1eddi cho ng\u01b0\u1eddi d\u00f9ng.\n<\/p>\n<h2>\n \u0110\u1eb7c \u0111i\u1ec3m n\u1ed5i b\u1eadt c\u1ee7a d\u1ecbch v\u1ee5 thi\u1ebft k\u1ebf website:<br \/>\n<\/h2>\n<ul>\n<li>\n<p>\n   <strong><br \/>\n    Giao di\u1ec7n web \u0111\u1eb9p, chuy\u00ean nghi\u1ec7p<br \/>\n   <\/strong><br \/>\n   : Website s\u1ebd \u0111\u01b0\u1ee3c thi\u1ebft k\u1ebf v\u1edbi phong c\u00e1ch hi\u1ec7n \u0111\u1ea1i, gi\u00fap t\u0103ng t\u00ednh h\u1ea5p d\u1eabn v\u00e0 uy t\u00edn cho th\u01b0\u01a1ng hi\u1ec7u c\u1ee7a b\u1ea1n.\n  <\/p>\n<\/li>\n<li>\n<p>\n   <strong><br \/>\n    D\u1ec5 s\u1eed d\u1ee5ng<br \/>\n   <\/strong><br \/>\n   : Giao di\u1ec7n ng\u01b0\u1eddi d\u00f9ng th\u00e2n thi\u1ec7n, cho ph\u00e9p kh\u00e1ch h\u00e0ng d\u1ec5 d\u00e0ng t\u00ecm ki\u1ebfm th\u00f4ng tin v\u00e0 s\u1eed d\u1ee5ng c\u00e1c ch\u1ee9c n\u0103ng tr\u00ean website.\n  <\/p>\n<\/li>\n<li>\n<p>\n   <strong><br \/>\n    T\u01b0\u01a1ng th\u00edch tr\u00ean m\u1ecdi thi\u1ebft b\u1ecb<br \/>\n   <\/strong><br \/>\n   : Website c\u1ee7a b\u1ea1n s\u1ebd \u0111\u01b0\u1ee3c t\u1ed1i \u01b0u h\u00f3a \u0111\u1ec3 ho\u1ea1t \u0111\u1ed9ng ho\u00e0n h\u1ea3o tr\u00ean m\u1ecdi thi\u1ebft b\u1ecb, t\u1eeb m\u00e1y t\u00ednh \u0111\u1ec3 b\u00e0n \u0111\u1ebfn \u0111i\u1ec7n tho\u1ea1i di \u0111\u1ed9ng, gi\u00fap m\u1edf r\u1ed9ng ph\u1ea1m vi ti\u1ebfp c\u1eadn kh\u00e1ch h\u00e0ng.\n  <\/p>\n<\/li>\n<li>\n<p>\n   <strong><br \/>\n    M\u00e3 ngu\u1ed3n WordPress v\u1edbi Theme Flatsome v\u00e0 UX Builder<br \/>\n   <\/strong><br \/>\n   : Ch\u00fang t\u00f4i s\u1eed d\u1ee5ng m\u00e3 ngu\u1ed3n WordPress, ho\u00e0n to\u00e0n d\u1ec5 t\u00f9y bi\u1ebfn v\u1edbi Theme Flatsome. \u0110i\u1ec1u n\u00e0y cho ph\u00e9p b\u1ea1n linh ho\u1ea1t \u0111i\u1ec1u ch\u1ec9nh n\u1ed9i dung v\u00e0 h\u00ecnh \u1ea3nh theo nhu c\u1ea7u c\u1ee7a m\u00ecnh.\n  <\/p>\n<\/li>\n<li>\n<p>\n   <strong><br \/>\n    T\u1ed1c \u0111\u1ed9 t\u1ea3i trang nhanh<br \/>\n   <\/strong><br \/>\n   : \u0110\u1ea3m b\u1ea3o r\u1eb1ng ng\u01b0\u1eddi d\u00f9ng s\u1ebd kh\u00f4ng ph\u1ea3i ch\u1edd \u0111\u1ee3i l\u00e2u khi truy c\u1eadp v\u00e0o website, gi\u00fap n\u00e2ng cao tr\u1ea3i nghi\u1ec7m v\u00e0 gi\u1eef ch\u00e2n kh\u00e1ch h\u00e0ng.\n  <\/p>\n<\/li>\n<\/ul>\n<p>\n N\u1ebfu b\u1ea1n \u0111ang t\u00ecm ki\u1ebfm m\u1ed9t \u0111\u01a1n v\u1ecb thi\u1ebft k\u1ebf website chuy\u00ean nghi\u1ec7p, h\u00e3y \u0111\u1ebfn v\u1edbi<br \/>\n <strong><br \/>\n  LADIGI Agency<br \/>\n <\/strong><br \/>\n . Ch\u00fang t\u00f4i cam k\u1ebft mang \u0111\u1ebfn cho b\u1ea1n nh\u1eefng gi\u1ea3i ph\u00e1p t\u1ed1i \u01b0u nh\u1ea5t cho website c\u1ee7a m\u00ecnh.\n<\/p>\n<p>\n T\u00ecm hi\u1ec3u th\u00eam v\u1ec1 ch\u00fang t\u00f4i qua link sau:<br \/>\n <a href=\"https:\/\/ladigi.vn\/thiet-ke-website\/\"><br \/>\n  D\u1ecbch v\u1ee5 thi\u1ebft k\u1ebf web t\u1ed5ng th\u1ec3 LADIGI<br \/>\n <\/a><\/p>\n","protected":false},"excerpt":{"rendered":"<p>D\u1ecbch v\u1ee5 thi\u1ebft k\u1ebf website \u0110\u1ea1i L\u00fd Xe T\u1ea3i Isuzu \u0111em \u0111\u1ebfn giao di\u1ec7n \u0111\u1eb9p, chuy\u00ean nghi\u1ec7p v\u00e0 d\u1ec5 s\u1eed d\u1ee5ng. Website t\u01b0\u01a1ng th\u00edch tr\u00ean m\u1ecdi thi\u1ebft b\u1ecb, s\u1eed d\u1ee5ng m\u00e3 ngu\u1ed3n Wordpress v\u1edbi Theme Flatsome v\u00e0 UX Builder, cho ph\u00e9p t\u00f9y bi\u1ebfn linh ho\u1ea1t. \u0110\u1eb7c bi\u1ec7t, t\u1ed1c \u0111\u1ed9 t\u1ea3i trang nhanh ch\u00f3ng, n\u00e2ng cao tr\u1ea3i nghi\u1ec7m ng\u01b0\u1eddi d\u00f9ng.<\/p>\n","protected":false},"featured_media":4266,"comment_status":"open","ping_status":"closed","template":"","meta":[],"product_cat":[16,33],"product_tag":[24],"class_list":{"0":"post-4264","1":"product","2":"type-product","3":"status-publish","4":"has-post-thumbnail","6":"product_cat-tat-ca","7":"product_cat-o-to","8":"product_tag-cong-ty","10":"first","11":"instock","12":"shipping-taxable","13":"purchasable","14":"product-type-simple"},"_links":{"self":[{"href":"https:\/\/ladigi.vn\/thiet-ke-website\/wp-json\/wp\/v2\/product\/4264","targetHints":{"allow":["GET"]}}],"collection":[{"href":"https:\/\/ladigi.vn\/thiet-ke-website\/wp-json\/wp\/v2\/product"}],"about":[{"href":"https:\/\/ladigi.vn\/thiet-ke-website\/wp-json\/wp\/v2\/types\/product"}],"replies":[{"embeddable":true,"href":"https:\/\/ladigi.vn\/thiet-ke-website\/wp-json\/wp\/v2\/comments?post=4264"}],"wp:featuredmedia":[{"embeddable":true,"href":"https:\/\/ladigi.vn\/thiet-ke-website\/wp-json\/wp\/v2\/media\/4266"}],"wp:attachment":[{"href":"https:\/\/ladigi.vn\/thiet-ke-website\/wp-json\/wp\/v2\/media?parent=4264"}],"wp:term":[{"taxonomy":"product_cat","embeddable":true,"href":"https:\/\/ladigi.vn\/thiet-ke-website\/wp-json\/wp\/v2\/product_cat?post=4264"},{"taxonomy":"product_tag","embeddable":true,"href":"https:\/\/ladigi.vn\/thiet-ke-website\/wp-json\/wp\/v2\/product_tag?post=4264"}],"curies":[{"name":"wp","href":"https:\/\/api.w.org\/{rel}","templated":true}]}}