{"id":4267,"date":"2021-05-11T09:19:55","date_gmt":"2021-05-11T02:19:55","guid":{"rendered":"https:\/\/ladigi.vn\/thiet-ke-website\/?post_type=product&#038;p=4267"},"modified":"2025-01-10T23:46:49","modified_gmt":"2025-01-10T16:46:49","slug":"thiet-ke-website-gioi-thieu-phan-mem-ban-hang-mau-so-2","status":"publish","type":"product","link":"https:\/\/ladigi.vn\/thiet-ke-website\/mau-web\/thiet-ke-website-gioi-thieu-phan-mem-ban-hang-mau-so-2\/","title":{"rendered":"Ph\u1ea7n M\u1ec1m B\u00e1n H\u00e0ng M\u1eabu S\u1ed1 2"},"content":{"rendered":"<h1>\n D\u1ecbch v\u1ee5 Thi\u1ebft k\u1ebf website Ph\u1ea7n M\u1ec1m B\u00e1n H\u00e0ng M\u1eabu S\u1ed1 2<br \/>\n<\/h1>\n<p>\n B\u1ea1n \u0111ang t\u00ecm ki\u1ebfm m\u1ed9t gi\u1ea3i ph\u00e1p website chuy\u00ean nghi\u1ec7p cho doanh nghi\u1ec7p c\u1ee7a m\u00ecnh? D\u1ecbch v\u1ee5 Thi\u1ebft k\u1ebf website Ph\u1ea7n M\u1ec1m B\u00e1n H\u00e0ng M\u1eabu S\u1ed1 2 l\u00e0 l\u1ef1a ch\u1ecdn tuy\u1ec7t v\u1eddi d\u00e0nh cho b\u1ea1n. V\u1edbi giao di\u1ec7n \u0111\u1eb9p m\u1eaft, ch\u00fang t\u00f4i cam k\u1ebft mang \u0111\u1ebfn tr\u1ea3i nghi\u1ec7m ng\u01b0\u1eddi d\u00f9ng t\u1ed1i \u01b0u nh\u1ea5t.\n<\/p>\n<h2>\n Giao di\u1ec7n web \u0111\u1eb9p v\u00e0 chuy\u00ean nghi\u1ec7p<br \/>\n<\/h2>\n<p>\n Giao di\u1ec7n c\u1ee7a website \u0111\u01b0\u1ee3c thi\u1ebft k\u1ebf v\u1edbi t\u00ednh th\u1ea9m m\u1ef9 cao, d\u1ec5 d\u00e0ng t\u1ea1o \u1ea5n t\u01b0\u1ee3ng v\u1edbi kh\u00e1ch h\u00e0ng. Ch\u00fang t\u00f4i ch\u00fa tr\u1ecdng c\u1ea3 v\u1ec1 m\u1eb7t thi\u1ebft k\u1ebf v\u00e0 s\u1ef1 th\u00e2n thi\u1ec7n v\u1edbi ng\u01b0\u1eddi d\u00f9ng, gi\u00fap m\u1ecdi ng\u01b0\u1eddi d\u1ec5 d\u00e0ng t\u00ecm ki\u1ebfm th\u00f4ng tin v\u00e0 s\u1ea3n ph\u1ea9m.\n<\/p>\n<h2>\n T\u01b0\u01a1ng th\u00edch tr\u00ean m\u1ecdi thi\u1ebft b\u1ecb<br \/>\n<\/h2>\n<p>\n Kh\u00f4ng ch\u1ec9 \u0111\u1eb9p, website c\u00f2n t\u01b0\u01a1ng th\u00edch ho\u00e0n h\u1ea3o tr\u00ean m\u1ecdi thi\u1ebft b\u1ecb t\u1eeb m\u00e1y t\u00ednh \u0111\u1ec3 b\u00e0n, laptop \u0111\u1ebfn \u0111i\u1ec7n tho\u1ea1i di \u0111\u1ed9ng v\u00e0 m\u00e1y t\u00ednh b\u1ea3ng. \u0110i\u1ec1u n\u00e0y gi\u00fap kh\u00e1ch h\u00e0ng c\u00f3 th\u1ec3 truy c\u1eadp v\u00e0 mua s\u1eafm m\u1ecdi l\u00fac, m\u1ecdi n\u01a1i.\n<\/p>\n<h2>\n M\u00e3 ngu\u1ed3n WordPress v\u1edbi Theme Flatsome v\u00e0 UX Builder<br \/>\n<\/h2>\n<p>\n Ch\u00fang t\u00f4i s\u1eed d\u1ee5ng m\u00e3 ngu\u1ed3n WordPress, k\u1ebft h\u1ee3p v\u1edbi Theme Flatsome v\u00e0 UX Builder m\u1ea1nh m\u1ebd, gi\u00fap vi\u1ec7c t\u00f9y bi\u1ebfn trang web tr\u1edf n\u00ean d\u1ec5 d\u00e0ng h\u01a1n bao gi\u1edd h\u1ebft. B\u1ea1n c\u00f3 th\u1ec3 ch\u1ec9nh s\u1eeda n\u1ed9i dung, b\u1ed1 c\u1ee5c v\u00e0 phong c\u00e1ch theo \u00fd mu\u1ed1n ch\u1ec9 trong v\u00e0i c\u00fa click chu\u1ed9t.\n<\/p>\n<h2>\n T\u1ed1c \u0111\u1ed9 t\u1ea3i trang nhanh<br \/>\n<\/h2>\n<p>\n M\u1ed9t website nhanh ch\u00f3ng s\u1ebd gi\u1eef ch\u00e2n kh\u00e1ch h\u00e0ng t\u1ed1t h\u01a1n. \u0110\u1ea3m b\u1ea3o t\u1ed1c \u0111\u1ed9 t\u1ea3i trang nhanh ch\u00f3ng s\u1ebd gi\u00fap doanh nghi\u1ec7p c\u1ee7a b\u1ea1n n\u00e2ng cao tr\u1ea3i nghi\u1ec7m ng\u01b0\u1eddi d\u00f9ng v\u00e0 c\u1ea3i thi\u1ec7n v\u1ecb tr\u00ed tr\u00ean c\u00e1c c\u00f4ng c\u1ee5 t\u00ecm ki\u1ebfm.\n<\/p>\n<hr\/>\n<p>\n Ch\u00fang t\u00f4i, LADIGI Agency, t\u1ef1 h\u00e0o mang \u0111\u1ebfn cho b\u1ea1n gi\u1ea3i ph\u00e1p thi\u1ebft k\u1ebf website t\u1ed1i \u01b0u nh\u1ea5t. H\u00e3y \u0111\u1ebfn v\u1edbi ch\u00fang t\u00f4i \u0111\u1ec3 tr\u1ea3i nghi\u1ec7m d\u1ecbch v\u1ee5 t\u1eadn t\u00e2m v\u00e0 chuy\u00ean nghi\u1ec7p.\n<\/p>\n<p>\n <a href=\"https:\/\/ladigi.vn\/thiet-ke-website\/\"><br \/>\n  \u0110\u01a1n v\u1ecb cung c\u1ea5p gi\u1ea3i ph\u00e1p website<br \/>\n <\/a><\/p>\n","protected":false},"excerpt":{"rendered":"<p>D\u1ecbch v\u1ee5 Thi\u1ebft k\u1ebf website Ph\u1ea7n M\u1ec1m B\u00e1n H\u00e0ng M\u1eabu S\u1ed1 2 mang \u0111\u1ebfn giao di\u1ec7n \u0111\u1eb9p, chuy\u00ean nghi\u1ec7p v\u00e0 d\u1ec5 s\u1eed d\u1ee5ng, t\u01b0\u01a1ng th\u00edch tr\u00ean m\u1ecdi thi\u1ebft b\u1ecb. S\u1eed d\u1ee5ng m\u00e3 ngu\u1ed3n Wordpress v\u1edbi Theme Flatsome v\u00e0 UX Builder cho ph\u00e9p t\u00f9y bi\u1ebfn linh ho\u1ea1t. T\u1ed1c \u0111\u1ed9 t\u1ea3i trang nhanh, n\u00e2ng cao tr\u1ea3i nghi\u1ec7m ng\u01b0\u1eddi d\u00f9ng.<\/p>\n","protected":false},"featured_media":4271,"comment_status":"open","ping_status":"closed","template":"","meta":[],"product_cat":[16,37],"product_tag":[],"class_list":{"0":"post-4267","1":"product","2":"type-product","3":"status-publish","4":"has-post-thumbnail","6":"product_cat-tat-ca","7":"product_cat-dien-may","9":"first","10":"instock","11":"shipping-taxable","12":"purchasable","13":"product-type-simple"},"_links":{"self":[{"href":"https:\/\/ladigi.vn\/thiet-ke-website\/wp-json\/wp\/v2\/product\/4267","targetHints":{"allow":["GET"]}}],"collection":[{"href":"https:\/\/ladigi.vn\/thiet-ke-website\/wp-json\/wp\/v2\/product"}],"about":[{"href":"https:\/\/ladigi.vn\/thiet-ke-website\/wp-json\/wp\/v2\/types\/product"}],"replies":[{"embeddable":true,"href":"https:\/\/ladigi.vn\/thiet-ke-website\/wp-json\/wp\/v2\/comments?post=4267"}],"wp:featuredmedia":[{"embeddable":true,"href":"https:\/\/ladigi.vn\/thiet-ke-website\/wp-json\/wp\/v2\/media\/4271"}],"wp:attachment":[{"href":"https:\/\/ladigi.vn\/thiet-ke-website\/wp-json\/wp\/v2\/media?parent=4267"}],"wp:term":[{"taxonomy":"product_cat","embeddable":true,"href":"https:\/\/ladigi.vn\/thiet-ke-website\/wp-json\/wp\/v2\/product_cat?post=4267"},{"taxonomy":"product_tag","embeddable":true,"href":"https:\/\/ladigi.vn\/thiet-ke-website\/wp-json\/wp\/v2\/product_tag?post=4267"}],"curies":[{"name":"wp","href":"https:\/\/api.w.org\/{rel}","templated":true}]}}