{"id":4272,"date":"2021-05-11T09:21:49","date_gmt":"2021-05-11T02:21:49","guid":{"rendered":"https:\/\/ladigi.vn\/thiet-ke-website\/?post_type=product&#038;p=4272"},"modified":"2025-01-10T23:49:34","modified_gmt":"2025-01-10T16:49:34","slug":"thiet-ke-web-ve-tin-tuc-blog-mau-so-2","status":"publish","type":"product","link":"https:\/\/ladigi.vn\/thiet-ke-website\/mau-web\/thiet-ke-web-ve-tin-tuc-blog-mau-so-2\/","title":{"rendered":"Tin T\u1ee9c, Blog M\u1eabu S\u1ed1 2"},"content":{"rendered":"<h1>\n D\u1ecbch v\u1ee5 Thi\u1ebft k\u1ebf website Tin T\u1ee9c, Blog M\u1eabu S\u1ed1 2<br \/>\n<\/h1>\n<p>\n Ch\u00e0o m\u1eebng b\u1ea1n \u0111\u1ebfn v\u1edbi d\u1ecbch v\u1ee5 thi\u1ebft k\u1ebf website Tin T\u1ee9c v\u00e0 Blog c\u1ee7a ch\u00fang t\u00f4i. S\u1ea3n ph\u1ea9m c\u1ee7a ch\u00fang t\u00f4i n\u1ed5i b\u1eadt v\u1edbi nh\u1eefng t\u00ednh n\u0103ng v\u01b0\u1ee3t tr\u1ed9i, gi\u00fap b\u1ea1n d\u1ec5 d\u00e0ng chia s\u1ebb th\u00f4ng tin v\u00e0 thu h\u00fat \u0111\u1ed9c gi\u1ea3.\n<\/p>\n<h2>\n Giao di\u1ec7n \u1ea5n t\u01b0\u1ee3ng<br \/>\n<\/h2>\n<p>\n Website c\u1ee7a b\u1ea1n s\u1ebd c\u00f3 giao di\u1ec7n \u0111\u01b0\u1ee3c thi\u1ebft k\u1ebf \u0111\u1eb9p m\u1eaft, chuy\u00ean nghi\u1ec7p v\u00e0 d\u1ec5 s\u1eed d\u1ee5ng. Ch\u00fang t\u00f4i cam k\u1ebft mang \u0111\u1ebfn cho b\u1ea1n m\u1ed9t kh\u00f4ng gian tr\u1ef1c tuy\u1ebfn thu h\u00fat, gi\u00fap b\u1ea1n d\u1ec5 d\u00e0ng qu\u1ea3n l\u00fd v\u00e0 chia s\u1ebb n\u1ed9i dung \u0111\u1ebfn v\u1edbi ng\u01b0\u1eddi \u0111\u1ecdc.\n<\/p>\n<h2>\n T\u01b0\u01a1ng th\u00edch tr\u00ean m\u1ecdi thi\u1ebft b\u1ecb<br \/>\n<\/h2>\n<p>\n D\u1ecbch v\u1ee5 thi\u1ebft k\u1ebf website c\u1ee7a ch\u00fang t\u00f4i \u0111\u1ea3m b\u1ea3o t\u01b0\u01a1ng th\u00edch ho\u00e0n h\u1ea3o tr\u00ean t\u1ea5t c\u1ea3 c\u00e1c thi\u1ebft b\u1ecb, t\u1eeb m\u00e1y t\u00ednh \u0111\u1ec3 b\u00e0n \u0111\u1ebfn \u0111i\u1ec7n tho\u1ea1i di \u0111\u1ed9ng. \u0110i\u1ec1u n\u00e0y gi\u00fap ng\u01b0\u1eddi d\u00f9ng c\u00f3 th\u1ec3 truy c\u1eadp v\u00e0 tr\u1ea3i nghi\u1ec7m n\u1ed9i dung c\u1ee7a b\u1ea1n m\u1ecdi l\u00fac, m\u1ecdi n\u01a1i.\n<\/p>\n<h2>\n M\u00e3 ngu\u1ed3n WordPress v\u1edbi Theme Flatsome<br \/>\n<\/h2>\n<p>\n Ch\u00fang t\u00f4i s\u1eed d\u1ee5ng m\u00e3 ngu\u1ed3n WordPress m\u1ea1nh m\u1ebd, k\u1ebft h\u1ee3p v\u1edbi Theme Flatsome v\u00e0 UX Builder, d\u1ec5 d\u00e0ng t\u00f9y bi\u1ebfn theo nhu c\u1ea7u ri\u00eang c\u1ee7a b\u1ea1n. B\u1ea1n c\u00f3 th\u1ec3 thay \u0111\u1ed5i b\u1ed1 c\u1ee5c, m\u00e0u s\u1eafc, v\u00e0 c\u00e1c th\u00e0nh ph\u1ea7n kh\u00e1c m\u00e0 kh\u00f4ng c\u1ea7n ki\u1ebfn th\u1ee9c l\u1eadp tr\u00ecnh s\u00e2u.\n<\/p>\n<h2>\n T\u1ed1c \u0111\u1ed9 t\u1ea3i trang nhanh<br \/>\n<\/h2>\n<p>\n M\u1ed9t trong nh\u1eefng y\u1ebfu t\u1ed1 quan tr\u1ecdng \u0111\u1ea3m b\u1ea3o s\u1ef1 h\u00e0i l\u00f2ng c\u1ee7a ng\u01b0\u1eddi d\u00f9ng ch\u00ednh l\u00e0 t\u1ed1c \u0111\u1ed9 t\u1ea3i trang. Website c\u1ee7a ch\u00fang t\u00f4i \u0111\u01b0\u1ee3c t\u1ed1i \u01b0u h\u00f3a \u0111\u1ec3 c\u00f3 t\u1ed1c \u0111\u1ed9 t\u1ea3i nhanh ch\u00f3ng, gi\u00fap b\u1ea1n gi\u1eef ch\u00e2n ng\u01b0\u1eddi \u0111\u1ecdc l\u00e2u h\u01a1n v\u00e0 c\u1ea3i thi\u1ec7n th\u1ee9 h\u1ea1ng t\u00ecm ki\u1ebfm.\n<\/p>\n<hr\/>\n<p>\n H\u00e3y \u0111\u1ec3 LADIGI (LADIGI Agency) gi\u00fap b\u1ea1n x\u00e2y d\u1ef1ng m\u1ed9t website Tin T\u1ee9c v\u00e0 Blog ch\u1ea5t l\u01b0\u1ee3ng, chuy\u00ean nghi\u1ec7p. \u0110\u1ec3 bi\u1ebft th\u00eam th\u00f4ng tin, vui l\u00f2ng tham kh\u1ea3o<br \/>\n <a href=\"https:\/\/ladigi.vn\/thiet-ke-website\/\"><br \/>\n  Thi\u1ebft k\u1ebf website chuy\u00ean nghi\u1ec7p tr\u1ecdn g\u00f3i<br \/>\n <\/a><br \/>\n .<\/p>\n","protected":false},"excerpt":{"rendered":"<p>D\u1ecbch v\u1ee5 Thi\u1ebft k\u1ebf website Tin T\u1ee9c, Blog M\u1eabu S\u1ed1 2 mang \u0111\u1ebfn giao di\u1ec7n \u0111\u1eb9p, chuy\u00ean nghi\u1ec7p v\u00e0 d\u1ec5 s\u1eed d\u1ee5ng. T\u01b0\u01a1ng th\u00edch m\u1ecdi thi\u1ebft b\u1ecb, website s\u1eed d\u1ee5ng m\u00e3 ngu\u1ed3n Wordpress v\u1edbi Theme Flatsome v\u00e0 UX Builder d\u1ec5 t\u00f9y bi\u1ebfn, \u0111\u1ed3ng th\u1eddi \u0111\u1ea3m b\u1ea3o t\u1ed1c \u0111\u1ed9 t\u1ea3i trang nhanh ch\u00f3ng cho ng\u01b0\u1eddi d\u00f9ng.<\/p>\n","protected":false},"featured_media":4275,"comment_status":"open","ping_status":"closed","template":"","meta":[],"product_cat":[16,46],"product_tag":[24],"class_list":{"0":"post-4272","1":"product","2":"type-product","3":"status-publish","4":"has-post-thumbnail","6":"product_cat-tat-ca","7":"product_cat-tin-tuc","8":"product_tag-cong-ty","10":"first","11":"instock","12":"shipping-taxable","13":"purchasable","14":"product-type-simple"},"_links":{"self":[{"href":"https:\/\/ladigi.vn\/thiet-ke-website\/wp-json\/wp\/v2\/product\/4272","targetHints":{"allow":["GET"]}}],"collection":[{"href":"https:\/\/ladigi.vn\/thiet-ke-website\/wp-json\/wp\/v2\/product"}],"about":[{"href":"https:\/\/ladigi.vn\/thiet-ke-website\/wp-json\/wp\/v2\/types\/product"}],"replies":[{"embeddable":true,"href":"https:\/\/ladigi.vn\/thiet-ke-website\/wp-json\/wp\/v2\/comments?post=4272"}],"wp:featuredmedia":[{"embeddable":true,"href":"https:\/\/ladigi.vn\/thiet-ke-website\/wp-json\/wp\/v2\/media\/4275"}],"wp:attachment":[{"href":"https:\/\/ladigi.vn\/thiet-ke-website\/wp-json\/wp\/v2\/media?parent=4272"}],"wp:term":[{"taxonomy":"product_cat","embeddable":true,"href":"https:\/\/ladigi.vn\/thiet-ke-website\/wp-json\/wp\/v2\/product_cat?post=4272"},{"taxonomy":"product_tag","embeddable":true,"href":"https:\/\/ladigi.vn\/thiet-ke-website\/wp-json\/wp\/v2\/product_tag?post=4272"}],"curies":[{"name":"wp","href":"https:\/\/api.w.org\/{rel}","templated":true}]}}