{"id":4278,"date":"2021-05-11T09:25:05","date_gmt":"2021-05-11T02:25:05","guid":{"rendered":"https:\/\/ladigi.vn\/thiet-ke-website\/?post_type=product&#038;p=4278"},"modified":"2025-01-10T23:52:27","modified_gmt":"2025-01-10T16:52:27","slug":"thiet-ke-web-ban-son-vat-lieu-xay-dung-mau-so-2-2","status":"publish","type":"product","link":"https:\/\/ladigi.vn\/thiet-ke-website\/mau-web\/thiet-ke-web-ban-son-vat-lieu-xay-dung-mau-so-2-2\/","title":{"rendered":"S\u01a1n, V\u1eadt Li\u1ec7u X\u00e2y D\u1ef1ng M\u1eabu S\u1ed1 2"},"content":{"rendered":"<h1>\n D\u1ecbch v\u1ee5 Thi\u1ebft k\u1ebf website S\u01a1n, V\u1eadt Li\u1ec7u X\u00e2y D\u1ef1ng M\u1eabu S\u1ed1 2<br \/>\n<\/h1>\n<p>\n \u0110\u1ec3 t\u1ea1o d\u1ef1ng m\u1ed9t th\u01b0\u01a1ng hi\u1ec7u m\u1ea1nh m\u1ebd v\u00e0 thu h\u00fat s\u1ef1 ch\u00fa \u00fd c\u1ee7a kh\u00e1ch h\u00e0ng, vi\u1ec7c s\u1edf h\u1eefu m\u1ed9t website chuy\u00ean nghi\u1ec7p l\u00e0 r\u1ea5t quan tr\u1ecdng. D\u1ecbch v\u1ee5 thi\u1ebft k\u1ebf website S\u01a1n, V\u1eadt Li\u1ec7u X\u00e2y D\u1ef1ng M\u1eabu S\u1ed1 2 c\u1ee7a ch\u00fang t\u00f4i cam k\u1ebft mang \u0111\u1ebfn cho b\u1ea1n m\u1ed9t giao di\u1ec7n web \u0111\u1eb9p m\u1eaft, chuy\u00ean nghi\u1ec7p v\u00e0 d\u1ec5 s\u1eed d\u1ee5ng.\n<\/p>\n<h2>\n Giao di\u1ec7n web \u0111\u1eb9p, chuy\u00ean nghi\u1ec7p, d\u1ec5 s\u1eed d\u1ee5ng<br \/>\n<\/h2>\n<p>\n Ch\u00fang t\u00f4i hi\u1ec3u r\u1eb1ng m\u1ed9t website kh\u00f4ng ch\u1ec9 l\u00e0 n\u01a1i cung c\u1ea5p th\u00f4ng tin m\u00e0 c\u00f2n l\u00e0 b\u1ed9 m\u1eb7t c\u1ee7a doanh nghi\u1ec7p. V\u00ec v\u1eady, giao di\u1ec7n c\u1ee7a website \u0111\u01b0\u1ee3c thi\u1ebft k\u1ebf v\u1edbi t\u00ednh th\u1ea9m m\u1ef9 cao, gi\u00fap thu h\u00fat ng\u01b0\u1eddi d\u00f9ng ngay t\u1eeb c\u00e1i nh\u00ecn \u0111\u1ea7u ti\u00ean. B\u00ean c\u1ea1nh \u0111\u00f3, ch\u00fang t\u00f4i c\u0169ng ch\u00fa tr\u1ecdng \u0111\u1ebfn kh\u1ea3 n\u0103ng s\u1eed d\u1ee5ng c\u1ee7a website, \u0111\u1ea3m b\u1ea3o r\u1eb1ng m\u1ecdi kh\u00e1ch h\u00e0ng \u0111\u1ec1u c\u00f3 th\u1ec3 d\u1ec5 d\u00e0ng t\u00ecm ki\u1ebfm th\u00f4ng tin.\n<\/p>\n<h2>\n T\u01b0\u01a1ng th\u00edch tr\u00ean m\u1ecdi thi\u1ebft b\u1ecb<br \/>\n<\/h2>\n<p>\n Trong th\u1eddi \u0111\u1ea1i c\u00f4ng ngh\u1ec7 s\u1ed1 hi\u1ec7n nay, vi\u1ec7c m\u1ed9t website ph\u1ea3i t\u01b0\u01a1ng th\u00edch v\u1edbi nhi\u1ec1u lo\u1ea1i thi\u1ebft b\u1ecb l\u00e0 y\u1ebfu t\u1ed1 kh\u00f4ng th\u1ec3 thi\u1ebfu. V\u1edbi thi\u1ebft k\u1ebf responsive, website c\u1ee7a b\u1ea1n s\u1ebd hi\u1ec3n th\u1ecb ho\u00e0n h\u1ea3o tr\u00ean t\u1ea5t c\u1ea3 c\u00e1c lo\u1ea1i m\u00e0n h\u00ecnh \u2013 t\u1eeb m\u00e1y t\u00ednh, laptop cho \u0111\u1ebfn \u0111i\u1ec7n tho\u1ea1i di \u0111\u1ed9ng, gi\u00fap n\u00e2ng cao tr\u1ea3i nghi\u1ec7m ng\u01b0\u1eddi d\u00f9ng t\u1ed1i \u01b0u.\n<\/p>\n<h2>\n M\u00e3 ngu\u1ed3n WordPress v\u1edbi Theme Flatsome v\u00e0 UX Builder d\u1ec5 t\u00f9y bi\u1ebfn<br \/>\n<\/h2>\n<p>\n Ch\u00fang t\u00f4i s\u1eed d\u1ee5ng m\u00e3 ngu\u1ed3n WordPress, m\u1ed9t n\u1ec1n t\u1ea3ng qu\u1ea3n tr\u1ecb n\u1ed9i dung ph\u1ed5 bi\u1ebfn nh\u1ea5t hi\u1ec7n nay, gi\u00fap b\u1ea1n d\u1ec5 d\u00e0ng c\u1eadp nh\u1eadt, ch\u1ec9nh s\u1eeda th\u00f4ng tin tr\u00ean website c\u1ee7a m\u00ecnh. Theme Flatsome \u0111\u01b0\u1ee3c l\u1ef1a ch\u1ecdn v\u00ec t\u00ednh n\u0103ng t\u00f9y bi\u1ebfn cao, cho ph\u00e9p b\u1ea1n t\u1ea1o ra m\u1ed9t trang web ch\u00ednh x\u00e1c theo \u00fd t\u01b0\u1edfng v\u00e0 nhu c\u1ea7u kinh doanh c\u1ee7a m\u00ecnh. UX Builder d\u1ec5 s\u1eed d\u1ee5ng s\u1ebd h\u1ed7 tr\u1ee3 b\u1ea1n trong vi\u1ec7c thi\u1ebft k\u1ebf m\u00e0 kh\u00f4ng c\u1ea7n ph\u1ea3i c\u00f3 k\u1ef9 n\u0103ng l\u1eadp tr\u00ecnh ph\u1ee9c t\u1ea1p.\n<\/p>\n<h2>\n T\u1ed1c \u0111\u1ed9 t\u1ea3i trang nhanh<br \/>\n<\/h2>\n<p>\n M\u1ed9t y\u1ebfu t\u1ed1 quan tr\u1ecdng kh\u00f4ng th\u1ec3 thi\u1ebfu trong d\u1ecbch v\u1ee5 thi\u1ebft k\u1ebf website c\u1ee7a ch\u00fang t\u00f4i l\u00e0 t\u1ed1c \u0111\u1ed9 t\u1ea3i trang. Ch\u00fang t\u00f4i t\u1ed1i \u01b0u h\u00f3a m\u1ecdi kh\u00eda c\u1ea1nh c\u1ee7a website \u0111\u1ec3 \u0111\u1ea3m b\u1ea3o r\u1eb1ng kh\u00e1ch h\u00e0ng c\u1ee7a b\u1ea1n c\u00f3 th\u1ec3 truy c\u1eadp th\u00f4ng tin m\u1ed9t c\u00e1ch nhanh ch\u00f3ng v\u00e0 hi\u1ec7u qu\u1ea3 nh\u1ea5t. T\u1ed1c \u0111\u1ed9 t\u1ea3i trang nhanh kh\u00f4ng ch\u1ec9 gi\u00fap c\u1ea3i thi\u1ec7n tr\u1ea3i nghi\u1ec7m ng\u01b0\u1eddi d\u00f9ng m\u00e0 c\u00f2n \u1ea3nh h\u01b0\u1edfng t\u00edch c\u1ef1c \u0111\u1ebfn th\u1ee9 h\u1ea1ng SEO c\u1ee7a b\u1ea1n.\n<\/p>\n<p>\n Ngo\u00e0i nh\u1eefng t\u00ednh n\u0103ng tr\u00ean, n\u1ebfu b\u1ea1n \u0111ang t\u00ecm ki\u1ebfm m\u1ed9t \u0111\u01a1n v\u1ecb thi\u1ebft k\u1ebf website uy t\u00edn v\u00e0 chuy\u00ean nghi\u1ec7p, h\u00e3y \u0111\u1ebfn v\u1edbi<br \/>\n <strong><br \/>\n  LADIGI Agency<br \/>\n <\/strong><br \/>\n . Ch\u00fang t\u00f4i s\u1ebd \u0111\u1ed3ng h\u00e0nh c\u00f9ng b\u1ea1n trong vi\u1ec7c t\u1ea1o ra m\u1ed9t website kh\u00f4ng ch\u1ec9 \u0111\u1eb9p m\u00e0 c\u00f2n hi\u1ec7u qu\u1ea3 trong kinh doanh.\n<\/p>\n<p>\n <a href=\"https:\/\/ladigi.vn\/thiet-ke-website\/\"><br \/>\n  <strong><br \/>\n   T\u01b0 v\u1ea5n thi\u1ebft k\u1ebf website LADIGI<br \/>\n  <\/strong><br \/>\n <\/a><\/p>\n","protected":false},"excerpt":{"rendered":"<p>D\u1ecbch v\u1ee5 Thi\u1ebft k\u1ebf website S\u01a1n, V\u1eadt Li\u1ec7u X\u00e2y D\u1ef1ng M\u1eabu S\u1ed1 2 cung c\u1ea5p giao di\u1ec7n \u0111\u1eb9p, chuy\u00ean nghi\u1ec7p v\u00e0 d\u1ec5 s\u1eed d\u1ee5ng, t\u01b0\u01a1ng th\u00edch tr\u00ean m\u1ecdi thi\u1ebft b\u1ecb. V\u1edbi m\u00e3 ngu\u1ed3n Wordpress s\u1eed d\u1ee5ng Theme Flatsome v\u00e0 UX Builder d\u1ec5 t\u00f9y bi\u1ebfn, trang web \u0111\u1ea3m b\u1ea3o t\u1ed1c \u0111\u1ed9 t\u1ea3i nhanh ch\u00f3ng.<\/p>\n","protected":false},"featured_media":4280,"comment_status":"open","ping_status":"closed","template":"","meta":[],"product_cat":[16,30],"product_tag":[24],"class_list":{"0":"post-4278","1":"product","2":"type-product","3":"status-publish","4":"has-post-thumbnail","6":"product_cat-tat-ca","7":"product_cat-noi-that","8":"product_tag-cong-ty","10":"first","11":"instock","12":"shipping-taxable","13":"purchasable","14":"product-type-simple"},"_links":{"self":[{"href":"https:\/\/ladigi.vn\/thiet-ke-website\/wp-json\/wp\/v2\/product\/4278","targetHints":{"allow":["GET"]}}],"collection":[{"href":"https:\/\/ladigi.vn\/thiet-ke-website\/wp-json\/wp\/v2\/product"}],"about":[{"href":"https:\/\/ladigi.vn\/thiet-ke-website\/wp-json\/wp\/v2\/types\/product"}],"replies":[{"embeddable":true,"href":"https:\/\/ladigi.vn\/thiet-ke-website\/wp-json\/wp\/v2\/comments?post=4278"}],"wp:featuredmedia":[{"embeddable":true,"href":"https:\/\/ladigi.vn\/thiet-ke-website\/wp-json\/wp\/v2\/media\/4280"}],"wp:attachment":[{"href":"https:\/\/ladigi.vn\/thiet-ke-website\/wp-json\/wp\/v2\/media?parent=4278"}],"wp:term":[{"taxonomy":"product_cat","embeddable":true,"href":"https:\/\/ladigi.vn\/thiet-ke-website\/wp-json\/wp\/v2\/product_cat?post=4278"},{"taxonomy":"product_tag","embeddable":true,"href":"https:\/\/ladigi.vn\/thiet-ke-website\/wp-json\/wp\/v2\/product_tag?post=4278"}],"curies":[{"name":"wp","href":"https:\/\/api.w.org\/{rel}","templated":true}]}}