{"id":4289,"date":"2021-05-11T09:31:51","date_gmt":"2021-05-11T02:31:51","guid":{"rendered":"https:\/\/ladigi.vn\/thiet-ke-website\/?post_type=product&#038;p=4289"},"modified":"2025-01-10T23:56:58","modified_gmt":"2025-01-10T16:56:58","slug":"thiet-ke-website-bat-dong-san-mau-so-21","status":"publish","type":"product","link":"https:\/\/ladigi.vn\/thiet-ke-website\/mau-web\/thiet-ke-website-bat-dong-san-mau-so-21\/","title":{"rendered":"B\u1ea5t \u0110\u1ed9ng S\u1ea3n M\u1eabu S\u1ed1 21"},"content":{"rendered":"<h1>\n D\u1ecbch v\u1ee5 Thi\u1ebft k\u1ebf website B\u1ea5t \u0110\u1ed9ng S\u1ea3n M\u1eabu S\u1ed1 21<br \/>\n<\/h1>\n<p>\n Ch\u00e0o m\u1eebng b\u1ea1n \u0111\u1ebfn v\u1edbi d\u1ecbch v\u1ee5 thi\u1ebft k\u1ebf website B\u1ea5t \u0110\u1ed9ng S\u1ea3n M\u1eabu S\u1ed1 21! Ch\u00fang t\u00f4i t\u1ef1 h\u00e0o mang \u0111\u1ebfn cho b\u1ea1n m\u1ed9t gi\u1ea3i ph\u00e1p ho\u00e0n h\u1ea3o \u0111\u1ec3 gi\u1edbi thi\u1ec7u v\u00e0 ti\u1ebfp th\u1ecb b\u1ea5t \u0111\u1ed9ng s\u1ea3n c\u1ee7a b\u1ea1n.\n<\/p>\n<h2>\n Giao di\u1ec7n \u0111\u1eb9p, chuy\u00ean nghi\u1ec7p, d\u1ec5 s\u1eed d\u1ee5ng<br \/>\n<\/h2>\n<p>\n Website c\u1ee7a ch\u00fang t\u00f4i \u0111\u01b0\u1ee3c thi\u1ebft k\u1ebf v\u1edbi giao di\u1ec7n \u0111\u1eb9p m\u1eaft, chuy\u00ean nghi\u1ec7p. Ch\u00fang t\u00f4i hi\u1ec3u r\u1eb1ng \u1ea5n t\u01b0\u1ee3ng \u0111\u1ea7u ti\u00ean r\u1ea5t quan tr\u1ecdng, v\u00ec v\u1eady ch\u00fang t\u00f4i \u0111\u00e3 t\u1ea1o ra m\u1ed9t giao di\u1ec7n thu h\u00fat v\u00e0 d\u1ec5 d\u00e0ng h\u01b0\u1edbng ng\u01b0\u1eddi d\u00f9ng \u0111\u1ebfn th\u00f4ng tin h\u1ecd c\u1ea7n. Kh\u00e1ch h\u00e0ng c\u1ee7a b\u1ea1n s\u1ebd c\u00f3 tr\u1ea3i nghi\u1ec7m t\u1ed1t nh\u1ea5t khi t\u00ecm hi\u1ec3u v\u1ec1 c\u00e1c d\u1ef1 \u00e1n b\u1ea5t \u0111\u1ed9ng s\u1ea3n.\n<\/p>\n<h2>\n T\u01b0\u01a1ng th\u00edch tr\u00ean m\u1ecdi thi\u1ebft b\u1ecb<br \/>\n<\/h2>\n<p>\n Trong th\u1eddi \u0111\u1ea1i c\u00f4ng ngh\u1ec7 s\u1ed1, vi\u1ec7c thi\u1ebft k\u1ebf website t\u01b0\u01a1ng th\u00edch tr\u00ean m\u1ecdi thi\u1ebft b\u1ecb l\u00e0 v\u00f4 c\u00f9ng c\u1ea7n thi\u1ebft. Website B\u1ea5t \u0110\u1ed9ng S\u1ea3n M\u1eabu S\u1ed1 21 c\u1ee7a ch\u00fang t\u00f4i s\u1ebd ho\u1ea1t \u0111\u1ed9ng ho\u00e0n h\u1ea3o tr\u00ean c\u1ea3 m\u00e1y t\u00ednh \u0111\u1ec3 b\u00e0n, laptop, tablet v\u00e0 \u0111i\u1ec7n tho\u1ea1i di \u0111\u1ed9ng. \u0110i\u1ec1u n\u00e0y \u0111\u1ea3m b\u1ea3o r\u1eb1ng kh\u00e1ch h\u00e0ng c\u1ee7a b\u1ea1n c\u00f3 th\u1ec3 truy c\u1eadp th\u00f4ng tin m\u1ecdi l\u00fac, m\u1ecdi n\u01a1i.\n<\/p>\n<h2>\n M\u00e3 ngu\u1ed3n WordPress v\u1edbi Theme Flatsome v\u00e0 UX Builder d\u1ec5 t\u00f9y bi\u1ebfn<br \/>\n<\/h2>\n<p>\n Ch\u00fang t\u00f4i s\u1eed d\u1ee5ng m\u00e3 ngu\u1ed3n WordPress v\u1edbi Theme Flatsome v\u00e0 UX Builder, gi\u00fap b\u1ea1n d\u1ec5 d\u00e0ng t\u00f9y bi\u1ebfn v\u00e0 qu\u1ea3n l\u00fd n\u1ed9i dung website c\u1ee7a m\u00ecnh. B\u1ea1n c\u00f3 th\u1ec3 d\u1ec5 d\u00e0ng c\u1eadp nh\u1eadt th\u00f4ng tin, h\u00ecnh \u1ea3nh v\u00e0 s\u1ea3n ph\u1ea9m m\u00e0 kh\u00f4ng c\u1ea7n ph\u1ea3i c\u00f3 ki\u1ebfn th\u1ee9c l\u1eadp tr\u00ecnh ph\u1ee9c t\u1ea1p.\n<\/p>\n<h2>\n T\u1ed1c \u0111\u1ed9 t\u1ea3i trang nhanh<br \/>\n<\/h2>\n<p>\n Kh\u00f4ng ai mu\u1ed1n ch\u1edd \u0111\u1ee3i m\u1ed9t website t\u1ea3i l\u00e2u! Website c\u1ee7a ch\u00fang t\u00f4i \u0111\u01b0\u1ee3c t\u1ed1i \u01b0u h\u00f3a v\u1edbi t\u1ed1c \u0111\u1ed9 t\u1ea3i trang nhanh ch\u00f3ng. \u0110i\u1ec1u n\u00e0y kh\u00f4ng ch\u1ec9 gi\u00fap c\u1ea3i thi\u1ec7n tr\u1ea3i nghi\u1ec7m ng\u01b0\u1eddi d\u00f9ng m\u00e0 c\u00f2n h\u1ed7 tr\u1ee3 trong vi\u1ec7c t\u1ed1i \u01b0u h\u00f3a SEO, gi\u00fap website c\u1ee7a b\u1ea1n n\u1ed5i b\u1eadt h\u01a1n tr\u00ean c\u00e1c c\u00f4ng c\u1ee5 t\u00ecm ki\u1ebfm.\n<\/p>\n<hr\/>\n<p>\n Ch\u00fang t\u00f4i \u2013 \u0111\u01a1n v\u1ecb thi\u1ebft k\u1ebf website LADIGI (LADIGI Agency) \u2013 cam k\u1ebft mang \u0111\u1ebfn cho b\u1ea1n gi\u1ea3i ph\u00e1p thi\u1ebft k\u1ebf website t\u1ed1t nh\u1ea5t v\u00e0 d\u1ecbch v\u1ee5 h\u1ed7 tr\u1ee3 t\u1eadn t\u00ecnh. \u0110\u1ec3 t\u00ecm hi\u1ec3u th\u00eam v\u1ec1 c\u00e1c d\u1ecbch v\u1ee5 c\u1ee7a ch\u00fang t\u00f4i, h\u00e3y tham kh\u1ea3o<br \/>\n <a href=\"https:\/\/ladigi.vn\/thiet-ke-website\/\"><br \/>\n  Thi\u1ebft k\u1ebf web b\u00e1n h\u00e0ng LADIGI<br \/>\n <\/a><br \/>\n .\n<\/p>\n<p>\n H\u00e3y \u0111\u1ec3 ch\u00fang t\u00f4i \u0111\u1ed3ng h\u00e0nh c\u00f9ng b\u1ea1n trong h\u00e0nh tr\u00ecnh x\u00e2y d\u1ef1ng th\u01b0\u01a1ng hi\u1ec7u b\u1ea5t \u0111\u1ed9ng s\u1ea3n m\u1ea1nh m\u1ebd!<\/p>\n","protected":false},"excerpt":{"rendered":"<p>D\u1ecbch v\u1ee5 Thi\u1ebft k\u1ebf website B\u1ea5t \u0110\u1ed9ng S\u1ea3n M\u1eabu S\u1ed1 21 mang \u0111\u1ebfn giao di\u1ec7n \u0111\u1eb9p, chuy\u00ean nghi\u1ec7p v\u00e0 d\u1ec5 s\u1eed d\u1ee5ng. T\u01b0\u01a1ng th\u00edch tr\u00ean m\u1ecdi thi\u1ebft b\u1ecb, website \u0111\u01b0\u1ee3c x\u00e2y d\u1ef1ng tr\u00ean m\u00e3 ngu\u1ed3n Wordpress v\u1edbi Theme Flatsome v\u00e0 UX Builder d\u1ec5 d\u00e0ng t\u00f9y bi\u1ebfn. T\u1ed1c \u0111\u1ed9 t\u1ea3i trang nhanh ch\u00f3ng, n\u00e2ng cao tr\u1ea3i nghi\u1ec7m ng\u01b0\u1eddi d\u00f9ng.<\/p>\n","protected":false},"featured_media":4290,"comment_status":"open","ping_status":"closed","template":"","meta":[],"product_cat":[16,28],"product_tag":[24],"class_list":{"0":"post-4289","1":"product","2":"type-product","3":"status-publish","4":"has-post-thumbnail","6":"product_cat-tat-ca","7":"product_cat-bat-dong-san","8":"product_tag-cong-ty","10":"first","11":"instock","12":"shipping-taxable","13":"purchasable","14":"product-type-simple"},"_links":{"self":[{"href":"https:\/\/ladigi.vn\/thiet-ke-website\/wp-json\/wp\/v2\/product\/4289","targetHints":{"allow":["GET"]}}],"collection":[{"href":"https:\/\/ladigi.vn\/thiet-ke-website\/wp-json\/wp\/v2\/product"}],"about":[{"href":"https:\/\/ladigi.vn\/thiet-ke-website\/wp-json\/wp\/v2\/types\/product"}],"replies":[{"embeddable":true,"href":"https:\/\/ladigi.vn\/thiet-ke-website\/wp-json\/wp\/v2\/comments?post=4289"}],"wp:featuredmedia":[{"embeddable":true,"href":"https:\/\/ladigi.vn\/thiet-ke-website\/wp-json\/wp\/v2\/media\/4290"}],"wp:attachment":[{"href":"https:\/\/ladigi.vn\/thiet-ke-website\/wp-json\/wp\/v2\/media?parent=4289"}],"wp:term":[{"taxonomy":"product_cat","embeddable":true,"href":"https:\/\/ladigi.vn\/thiet-ke-website\/wp-json\/wp\/v2\/product_cat?post=4289"},{"taxonomy":"product_tag","embeddable":true,"href":"https:\/\/ladigi.vn\/thiet-ke-website\/wp-json\/wp\/v2\/product_tag?post=4289"}],"curies":[{"name":"wp","href":"https:\/\/api.w.org\/{rel}","templated":true}]}}