{"id":4308,"date":"2021-05-11T09:42:39","date_gmt":"2021-05-11T02:42:39","guid":{"rendered":"https:\/\/ladigi.vn\/thiet-ke-website\/?post_type=product&#038;p=4308"},"modified":"2025-01-11T00:05:07","modified_gmt":"2025-01-10T17:05:07","slug":"thiet-ke-landing-page-bat-dong-san-mau-icon-city","status":"publish","type":"product","link":"https:\/\/ladigi.vn\/thiet-ke-website\/mau-web\/thiet-ke-landing-page-bat-dong-san-mau-icon-city\/","title":{"rendered":"B\u1ea5t \u0110\u1ed9ng S\u1ea3n M\u1eabu Icon City"},"content":{"rendered":"<h1>\n D\u1ecbch v\u1ee5 Thi\u1ebft k\u1ebf website B\u1ea5t \u0110\u1ed9ng S\u1ea3n M\u1eabu Icon City<br \/>\n<\/h1>\n<p>\n Ch\u00e0o m\u1eebng b\u1ea1n \u0111\u1ebfn v\u1edbi d\u1ecbch v\u1ee5 thi\u1ebft k\u1ebf website b\u1ea5t \u0111\u1ed9ng s\u1ea3n m\u1eabu Icon City! Ch\u00fang t\u00f4i t\u1ef1 h\u00e0o mang \u0111\u1ebfn cho b\u1ea1n m\u1ed9t gi\u1ea3i ph\u00e1p t\u1ed1i \u01b0u \u0111\u1ec3 qu\u1ea3ng b\u00e1 v\u00e0 ph\u00e1t tri\u1ec3n doanh nghi\u1ec7p b\u1ea5t \u0111\u1ed9ng s\u1ea3n c\u1ee7a m\u00ecnh th\u00f4ng qua m\u1ed9t trang web \u0111\u01b0\u1ee3c thi\u1ebft k\u1ebf \u0111\u1eb9p, chuy\u00ean nghi\u1ec7p v\u00e0 d\u1ec5 s\u1eed d\u1ee5ng.\n<\/p>\n<h2>\n Giao di\u1ec7n web sang tr\u1ecdng v\u00e0 b\u1eaft m\u1eaft<br \/>\n<\/h2>\n<p>\n M\u1eabu website Icon City s\u1edf h\u1eefu giao di\u1ec7n \u0111\u1ed9c \u0111\u00e1o, hi\u1ec7n \u0111\u1ea1i, gi\u00fap thu h\u00fat s\u1ef1 ch\u00fa \u00fd c\u1ee7a kh\u00e1ch h\u00e0ng ngay t\u1eeb l\u1ea7n \u0111\u1ea7u ti\u00ean truy c\u1eadp. T\u1eebng chi ti\u1ebft tr\u00ean trang \u0111\u1ec1u \u0111\u01b0\u1ee3c ch\u0103m ch\u00fat k\u1ef9 l\u01b0\u1ee1ng, t\u1ea1o n\u00ean m\u1ed9t kh\u00f4ng gian tr\u1ef1c tuy\u1ebfn h\u1ea5p d\u1eabn v\u00e0 th\u00e2n thi\u1ec7n.\n<\/p>\n<h2>\n T\u01b0\u01a1ng th\u00edch tr\u00ean m\u1ecdi thi\u1ebft b\u1ecb<br \/>\n<\/h2>\n<p>\n V\u1edbi thi\u1ebft k\u1ebf Responsive, website Icon City s\u1ebd t\u1ef1 \u0111\u1ed9ng \u0111i\u1ec1u ch\u1ec9nh k\u00edch th\u01b0\u1edbc hi\u1ec3n th\u1ecb ph\u00f9 h\u1ee3p v\u1edbi m\u1ecdi lo\u1ea1i thi\u1ebft b\u1ecb nh\u01b0 m\u00e1y t\u00ednh, m\u00e1y t\u00ednh b\u1ea3ng v\u00e0 \u0111i\u1ec7n tho\u1ea1i di \u0111\u1ed9ng. \u0110i\u1ec1u n\u00e0y gi\u00fap kh\u00e1ch h\u00e0ng d\u1ec5 d\u00e0ng truy c\u1eadp v\u00e0 t\u00ecm ki\u1ebfm th\u00f4ng tin m\u1ecdi l\u00fac, m\u1ecdi n\u01a1i.\n<\/p>\n<h2>\n D\u1ec5 d\u00e0ng t\u00f9y bi\u1ebfn v\u1edbi m\u00e3 ngu\u1ed3n WordPress<br \/>\n<\/h2>\n<p>\n Website s\u1eed d\u1ee5ng m\u00e3 ngu\u1ed3n WordPress k\u1ebft h\u1ee3p v\u1edbi Theme Flatsome v\u00e0 UX Builder, gi\u00fap b\u1ea1n d\u1ec5 d\u00e0ng t\u00f9y bi\u1ebfn giao di\u1ec7n v\u00e0 b\u1ed1 c\u1ee5c trang theo nhu c\u1ea7u v\u00e0 phong c\u00e1ch c\u1ee7a ri\u00eang b\u1ea1n. Kh\u00f4ng c\u1ea7n b\u1ea5t k\u1ef3 k\u1ef9 n\u0103ng l\u1eadp tr\u00ecnh ph\u1ee9c t\u1ea1p n\u00e0o, b\u1ea1n v\u1eabn c\u00f3 th\u1ec3 t\u1ea1o ra m\u1ed9t website \u0111\u1ed9c \u0111\u00e1o v\u00e0 \u1ea5n t\u01b0\u1ee3ng.\n<\/p>\n<h2>\n T\u1ed1c \u0111\u1ed9 t\u1ea3i trang nhanh<br \/>\n<\/h2>\n<p>\n Ch\u00fang t\u00f4i hi\u1ec3u r\u1eb1ng tr\u1ea3i nghi\u1ec7m ng\u01b0\u1eddi d\u00f9ng l\u00e0 y\u1ebfu t\u1ed1 quy\u1ebft \u0111\u1ecbnh s\u1ef1 th\u00e0nh c\u00f4ng c\u1ee7a website. Ch\u00ednh v\u00ec th\u1ebf, website B\u1ea5t \u0110\u1ed9ng S\u1ea3n Icon City \u0111\u01b0\u1ee3c t\u1ed1i \u01b0u h\u00f3a \u0111\u1ec3 \u0111\u1ea3m b\u1ea3o t\u1ed1c \u0111\u1ed9 t\u1ea3i trang nhanh, gi\u1eef ch\u00e2n kh\u00e1ch h\u00e0ng v\u00e0 n\u00e2ng cao t\u1ef7 l\u1ec7 chuy\u1ec3n \u0111\u1ed5i.\n<\/p>\n<hr\/>\n<p>\n \u0110\u1ec3 c\u00f3 \u0111\u01b0\u1ee3c m\u1ed9t website b\u1ea5t \u0111\u1ed9ng s\u1ea3n ho\u00e0n h\u1ea3o, h\u00e3y \u0111\u1ebfn v\u1edbi<br \/>\n <a href=\"https:\/\/ladigi.vn\/thiet-ke-website\/\"><br \/>\n  C\u00f4ng ty thi\u1ebft k\u1ebf website<br \/>\n <\/a><br \/>\n LADIGI. Ch\u00fang t\u00f4i cam k\u1ebft mang \u0111\u1ebfn nh\u1eefng gi\u1ea3i ph\u00e1p thi\u1ebft k\u1ebf t\u1ed1t nh\u1ea5t, gi\u00fap b\u1ea1n ph\u00e1t tri\u1ec3n th\u01b0\u01a1ng hi\u1ec7u v\u00e0 m\u1edf r\u1ed9ng kinh doanh hi\u1ec7u qu\u1ea3!<\/p>\n","protected":false},"excerpt":{"rendered":"<p>D\u1ecbch v\u1ee5 Thi\u1ebft k\u1ebf website B\u1ea5t \u0110\u1ed9ng S\u1ea3n M\u1eabu Icon City mang \u0111\u1ebfn giao di\u1ec7n \u0111\u1eb9p, chuy\u00ean nghi\u1ec7p v\u00e0 d\u1ec5 s\u1eed d\u1ee5ng, t\u01b0\u01a1ng th\u00edch tr\u00ean m\u1ecdi thi\u1ebft b\u1ecb. V\u1edbi m\u00e3 ngu\u1ed3n Wordpress, k\u00e8m Theme Flatsome v\u00e0 UX Builder, ng\u01b0\u1eddi d\u00f9ng d\u1ec5 d\u00e0ng t\u00f9y bi\u1ebfn. \u0110\u1eb7c bi\u1ec7t, t\u1ed1c \u0111\u1ed9 t\u1ea3i trang nhanh ch\u00f3ng gi\u00fap n\u00e2ng cao tr\u1ea3i nghi\u1ec7m ng\u01b0\u1eddi d\u00f9ng.<\/p>\n","protected":false},"featured_media":4310,"comment_status":"open","ping_status":"closed","template":"","meta":[],"product_cat":[16,30],"product_tag":[24],"class_list":{"0":"post-4308","1":"product","2":"type-product","3":"status-publish","4":"has-post-thumbnail","6":"product_cat-tat-ca","7":"product_cat-noi-that","8":"product_tag-cong-ty","10":"first","11":"instock","12":"shipping-taxable","13":"purchasable","14":"product-type-simple"},"_links":{"self":[{"href":"https:\/\/ladigi.vn\/thiet-ke-website\/wp-json\/wp\/v2\/product\/4308","targetHints":{"allow":["GET"]}}],"collection":[{"href":"https:\/\/ladigi.vn\/thiet-ke-website\/wp-json\/wp\/v2\/product"}],"about":[{"href":"https:\/\/ladigi.vn\/thiet-ke-website\/wp-json\/wp\/v2\/types\/product"}],"replies":[{"embeddable":true,"href":"https:\/\/ladigi.vn\/thiet-ke-website\/wp-json\/wp\/v2\/comments?post=4308"}],"wp:featuredmedia":[{"embeddable":true,"href":"https:\/\/ladigi.vn\/thiet-ke-website\/wp-json\/wp\/v2\/media\/4310"}],"wp:attachment":[{"href":"https:\/\/ladigi.vn\/thiet-ke-website\/wp-json\/wp\/v2\/media?parent=4308"}],"wp:term":[{"taxonomy":"product_cat","embeddable":true,"href":"https:\/\/ladigi.vn\/thiet-ke-website\/wp-json\/wp\/v2\/product_cat?post=4308"},{"taxonomy":"product_tag","embeddable":true,"href":"https:\/\/ladigi.vn\/thiet-ke-website\/wp-json\/wp\/v2\/product_tag?post=4308"}],"curies":[{"name":"wp","href":"https:\/\/api.w.org\/{rel}","templated":true}]}}