{"id":4311,"date":"2021-05-11T09:45:30","date_gmt":"2021-05-11T02:45:30","guid":{"rendered":"https:\/\/ladigi.vn\/thiet-ke-website\/?post_type=product&#038;p=4311"},"modified":"2025-01-11T00:06:02","modified_gmt":"2025-01-10T17:06:02","slug":"thiet-ke-website-ban-hang-my-pham-mau-so-16","status":"publish","type":"product","link":"https:\/\/ladigi.vn\/thiet-ke-website\/mau-web\/thiet-ke-website-ban-hang-my-pham-mau-so-16\/","title":{"rendered":"H\u00e0ng M\u1ef9 Ph\u1ea9m M\u1eabu S\u1ed1 16"},"content":{"rendered":"<h1>\n D\u1ecbch v\u1ee5 Thi\u1ebft k\u1ebf website H\u00e0ng M\u1ef9 Ph\u1ea9m M\u1eabu S\u1ed1 16<br \/>\n<\/h1>\n<p>\n Ch\u00e0o b\u1ea1n, n\u1ebfu b\u1ea1n \u0111ang t\u00ecm ki\u1ebfm m\u1ed9t gi\u1ea3i ph\u00e1p ho\u00e0n h\u1ea3o cho vi\u1ec7c kinh doanh m\u1ef9 ph\u1ea9m tr\u1ef1c tuy\u1ebfn, d\u1ecbch v\u1ee5 thi\u1ebft k\u1ebf website h\u00e0ng m\u1ef9 ph\u1ea9m M\u1eabu S\u1ed1 16 ch\u00ednh l\u00e0 l\u1ef1a ch\u1ecdn l\u00fd t\u01b0\u1edfng cho b\u1ea1n. V\u1edbi nhi\u1ec1u t\u00ednh n\u0103ng n\u1ed5i b\u1eadt, website c\u1ee7a b\u1ea1n s\u1ebd tr\u1edf th\u00e0nh m\u1ed9t c\u00f4ng c\u1ee5 marketing hi\u1ec7u qu\u1ea3 v\u00e0 t\u0103ng c\u01b0\u1eddng s\u1ef1 hi\u1ec7n di\u1ec7n tr\u1ef1c tuy\u1ebfn.\n<\/p>\n<h2>\n Giao di\u1ec7n \u0111\u1eb9p, chuy\u00ean nghi\u1ec7p v\u00e0 d\u1ec5 s\u1eed d\u1ee5ng<br \/>\n<\/h2>\n<p>\n M\u1ed9t trong nh\u1eefng \u0111i\u1ec3m m\u1ea1nh c\u1ee7a m\u1eabu website n\u00e0y ch\u00ednh l\u00e0 giao di\u1ec7n \u0111\u01b0\u1ee3c thi\u1ebft k\u1ebf \u0111\u1eb9p, hi\u1ec7n \u0111\u1ea1i v\u00e0 chuy\u00ean nghi\u1ec7p. Giao di\u1ec7n tr\u1ef1c quan gi\u00fap kh\u00e1ch h\u00e0ng d\u1ec5 d\u00e0ng t\u00ecm ki\u1ebfm s\u1ea3n ph\u1ea9m v\u00e0 t\u1ed1i \u01b0u h\u00f3a tr\u1ea3i nghi\u1ec7m mua s\u1eafm c\u1ee7a h\u1ecd. D\u1ec5 s\u1eed d\u1ee5ng kh\u00f4ng ch\u1ec9 gi\u00fap t\u0103ng t\u1ef7 l\u1ec7 chuy\u1ec3n \u0111\u1ed5i m\u00e0 c\u00f2n \u0111\u1ec3 l\u1ea1i \u1ea5n t\u01b0\u1ee3ng t\u1ed1t cho kh\u00e1ch h\u00e0ng khi truy c\u1eadp v\u00e0o trang web c\u1ee7a b\u1ea1n.\n<\/p>\n<h2>\n T\u01b0\u01a1ng th\u00edch tr\u00ean m\u1ecdi thi\u1ebft b\u1ecb<br \/>\n<\/h2>\n<p>\n M\u1eabu website H\u00e0ng M\u1ef9 Ph\u1ea9m M\u1eabu S\u1ed1 16 \u0111\u01b0\u1ee3c t\u1ed1i \u01b0u h\u00f3a \u0111\u1ec3 hi\u1ec3n th\u1ecb t\u1ed1t tr\u00ean m\u1ecdi thi\u1ebft b\u1ecb, bao g\u1ed3m m\u00e1y t\u00ednh \u0111\u1ec3 b\u00e0n, laptop, tablet v\u00e0 \u0111i\u1ec7n tho\u1ea1i di \u0111\u1ed9ng. \u0110i\u1ec1u n\u00e0y \u0111\u1ea3m b\u1ea3o r\u1eb1ng kh\u00e1ch h\u00e0ng c\u1ee7a b\u1ea1n c\u00f3 th\u1ec3 tr\u1ea3i nghi\u1ec7m c\u1eeda h\u00e0ng tr\u1ef1c tuy\u1ebfn m\u1ecdi l\u00fac, m\u1ecdi n\u01a1i, t\u1ed1i \u01b0u h\u00f3a doanh s\u1ed1 b\u00e1n h\u00e0ng.\n<\/p>\n<h2>\n M\u00e3 ngu\u1ed3n WordPress v\u1edbi Theme Flatsome v\u00e0 UX Builder<br \/>\n<\/h2>\n<p>\n \u0110\u01b0\u1ee3c x\u00e2y d\u1ef1ng tr\u00ean n\u1ec1n t\u1ea3ng m\u00e3 ngu\u1ed3n WordPress, c\u00f9ng v\u1edbi Theme Flatsome v\u00e0 UX Builder, m\u1eabu website n\u00e0y r\u1ea5t d\u1ec5 t\u00f9y bi\u1ebfn. B\u1ea1n c\u00f3 th\u1ec3 linh ho\u1ea1t thay \u0111\u1ed5i n\u1ed9i dung, h\u00ecnh \u1ea3nh v\u00e0 c\u00e1c y\u1ebfu t\u1ed1 thi\u1ebft k\u1ebf m\u00e0 kh\u00f4ng c\u1ea7n k\u1ef9 n\u0103ng l\u1eadp tr\u00ecnh. \u0110i\u1ec1u n\u00e0y gi\u00fap b\u1ea1n ti\u1ebft ki\u1ec7m th\u1eddi gian v\u00e0 chi ph\u00ed qu\u1ea3n l\u00fd website.\n<\/p>\n<h2>\n T\u1ed1c \u0111\u1ed9 t\u1ea3i trang nhanh<br \/>\n<\/h2>\n<p>\n T\u1ed1c \u0111\u1ed9 t\u1ea3i trang nhanh l\u00e0 m\u1ed9t y\u1ebfu t\u1ed1 quan tr\u1ecdng trong tr\u1ea3i nghi\u1ec7m ng\u01b0\u1eddi d\u00f9ng. M\u1eabu website n\u00e0y \u0111\u01b0\u1ee3c t\u1ed1i \u01b0u \u0111\u1ec3 gi\u1ea3m thi\u1ec3u th\u1eddi gian t\u1ea3i trang, gi\u00fap kh\u00e1ch h\u00e0ng kh\u00f4ng ph\u1ea3i ch\u1edd \u0111\u1ee3i qu\u00e1 l\u00e2u khi truy c\u1eadp. \u0110i\u1ec1u n\u00e0y kh\u00f4ng ch\u1ec9 c\u1ea3i thi\u1ec7n tr\u1ea3i nghi\u1ec7m kh\u00e1ch h\u00e0ng m\u00e0 c\u00f2n g\u00f3p ph\u1ea7n n\u00e2ng cao hi\u1ec7u qu\u1ea3 SEO.\n<\/p>\n<p>\n \u0110\u1ec3 c\u00f3 m\u1ed9t website ch\u1ea5t l\u01b0\u1ee3ng v\u00e0 chuy\u00ean nghi\u1ec7p cho ng\u00e0nh h\u00e0ng m\u1ef9 ph\u1ea9m, h\u00e3y \u0111\u1ebfn v\u1edbi LADIGI Agency. Ch\u00fang t\u00f4i cam k\u1ebft mang \u0111\u1ebfn cho b\u1ea1n d\u1ecbch v\u1ee5 thi\u1ebft k\u1ebf website chu\u1ea9n responsive, \u0111\u00e1p \u1ee9ng \u0111\u1ea7y \u0111\u1ee7 nhu c\u1ea7u c\u1ee7a b\u1ea1n.\n<\/p>\n<p>\n <a href=\"https:\/\/ladigi.vn\/thiet-ke-website\/\"><br \/>\n  Thi\u1ebft k\u1ebf web chu\u1ea9n responsive<br \/>\n <\/a><br \/>\n c\u00f9ng ch\u00fang t\u00f4i ngay h\u00f4m nay!<\/p>\n","protected":false},"excerpt":{"rendered":"<p>D\u1ecbch v\u1ee5 Thi\u1ebft k\u1ebf website H\u00e0ng M\u1ef9 Ph\u1ea9m M\u1eabu S\u1ed1 16 mang \u0111\u1ebfn giao di\u1ec7n \u0111\u1eb9p m\u1eaft, chuy\u00ean nghi\u1ec7p c\u00f9ng kh\u1ea3 n\u0103ng s\u1eed d\u1ee5ng d\u1ec5 d\u00e0ng. Website ho\u00e0n to\u00e0n t\u01b0\u01a1ng th\u00edch tr\u00ean m\u1ecdi thi\u1ebft b\u1ecb, s\u1eed d\u1ee5ng m\u00e3 ngu\u1ed3n Wordpress v\u1edbi Theme Flatsome v\u00e0 UX Builder t\u00f9y bi\u1ebfn linh ho\u1ea1t, t\u1ed1c \u0111\u1ed9 t\u1ea3i trang nhanh ch\u00f3ng.<\/p>\n","protected":false},"featured_media":4312,"comment_status":"open","ping_status":"closed","template":"","meta":[],"product_cat":[16,44,35],"product_tag":[23],"class_list":{"0":"post-4311","1":"product","2":"type-product","3":"status-publish","4":"has-post-thumbnail","6":"product_cat-tat-ca","7":"product_cat-lam-dep","8":"product_cat-my-pham","9":"product_tag-ban-hang","11":"first","12":"instock","13":"shipping-taxable","14":"purchasable","15":"product-type-simple"},"_links":{"self":[{"href":"https:\/\/ladigi.vn\/thiet-ke-website\/wp-json\/wp\/v2\/product\/4311","targetHints":{"allow":["GET"]}}],"collection":[{"href":"https:\/\/ladigi.vn\/thiet-ke-website\/wp-json\/wp\/v2\/product"}],"about":[{"href":"https:\/\/ladigi.vn\/thiet-ke-website\/wp-json\/wp\/v2\/types\/product"}],"replies":[{"embeddable":true,"href":"https:\/\/ladigi.vn\/thiet-ke-website\/wp-json\/wp\/v2\/comments?post=4311"}],"wp:featuredmedia":[{"embeddable":true,"href":"https:\/\/ladigi.vn\/thiet-ke-website\/wp-json\/wp\/v2\/media\/4312"}],"wp:attachment":[{"href":"https:\/\/ladigi.vn\/thiet-ke-website\/wp-json\/wp\/v2\/media?parent=4311"}],"wp:term":[{"taxonomy":"product_cat","embeddable":true,"href":"https:\/\/ladigi.vn\/thiet-ke-website\/wp-json\/wp\/v2\/product_cat?post=4311"},{"taxonomy":"product_tag","embeddable":true,"href":"https:\/\/ladigi.vn\/thiet-ke-website\/wp-json\/wp\/v2\/product_tag?post=4311"}],"curies":[{"name":"wp","href":"https:\/\/api.w.org\/{rel}","templated":true}]}}