{"id":4322,"date":"2021-05-11T09:51:30","date_gmt":"2021-05-11T02:51:30","guid":{"rendered":"https:\/\/ladigi.vn\/thiet-ke-website\/?post_type=product&#038;p=4322"},"modified":"2025-01-11T00:10:33","modified_gmt":"2025-01-10T17:10:33","slug":"thiet-ke-website-gioi-thieu-cong-ty-dich-vu-ke-toan-so-2","status":"publish","type":"product","link":"https:\/\/ladigi.vn\/thiet-ke-website\/mau-web\/thiet-ke-website-gioi-thieu-cong-ty-dich-vu-ke-toan-so-2\/","title":{"rendered":"D\u1ecbch V\u1ee5 K\u1ebf To\u00e1n"},"content":{"rendered":"<h1>\n D\u1ecbch V\u1ee5 Thi\u1ebft K\u1ebf Website D\u1ecbch V\u1ee5 K\u1ebf To\u00e1n<br \/>\n<\/h1>\n<p>\n B\u1ea1n \u0111ang t\u00ecm ki\u1ebfm m\u1ed9t gi\u1ea3i ph\u00e1p thi\u1ebft k\u1ebf website cho d\u1ecbch v\u1ee5 k\u1ebf to\u00e1n c\u1ee7a m\u00ecnh? Kh\u00f4ng ch\u1ec9 c\u1ea7n m\u1ed9t giao di\u1ec7n \u0111\u1eb9p m\u00e0 c\u00f2n ph\u1ea3i chuy\u00ean nghi\u1ec7p v\u00e0 d\u1ec5 s\u1eed d\u1ee5ng. Ch\u00fang t\u00f4i h\u00e2n h\u1ea1nh gi\u1edbi thi\u1ec7u d\u1ecbch v\u1ee5 thi\u1ebft k\u1ebf website chuy\u00ean bi\u1ec7t cho l\u0129nh v\u1ef1c k\u1ebf to\u00e1n, v\u1edbi nh\u1eefng \u01b0u \u0111i\u1ec3m n\u1ed5i b\u1eadt sau:\n<\/p>\n<ul>\n<li>\n<p>\n   <strong><br \/>\n    Giao di\u1ec7n \u0111\u1eb9p, chuy\u00ean nghi\u1ec7p, d\u1ec5 s\u1eed d\u1ee5ng<br \/>\n   <\/strong><br \/>\n   : Ch\u00fang t\u00f4i thi\u1ebft k\u1ebf website v\u1edbi giao di\u1ec7n th\u00e2n thi\u1ec7n, gi\u00fap kh\u00e1ch h\u00e0ng d\u1ec5 d\u00e0ng t\u00ecm ki\u1ebfm th\u00f4ng tin v\u00e0 t\u01b0\u01a1ng t\u00e1c v\u1edbi d\u1ecbch v\u1ee5 c\u1ee7a b\u1ea1n m\u00e0 kh\u00f4ng g\u1eb7p kh\u00f3 kh\u0103n n\u00e0o.\n  <\/p>\n<\/li>\n<li>\n<p>\n   <strong><br \/>\n    T\u01b0\u01a1ng th\u00edch tr\u00ean m\u1ecdi thi\u1ebft b\u1ecb<br \/>\n   <\/strong><br \/>\n   : V\u1edbi xu h\u01b0\u1edbng s\u1eed d\u1ee5ng thi\u1ebft b\u1ecb di \u0111\u1ed9ng ng\u00e0y c\u00e0ng t\u0103ng, website c\u1ee7a b\u1ea1n s\u1ebd \u0111\u01b0\u1ee3c t\u1ed1i \u01b0u h\u00f3a hi\u1ec3n th\u1ecb ho\u00e0n h\u1ea3o tr\u00ean t\u1ea5t c\u1ea3 c\u00e1c thi\u1ebft b\u1ecb, t\u1eeb m\u00e1y t\u00ednh b\u00e0n \u0111\u1ebfn \u0111i\u1ec7n tho\u1ea1i di \u0111\u1ed9ng.\n  <\/p>\n<\/li>\n<li>\n<p>\n   <strong><br \/>\n    M\u00e3 ngu\u1ed3n WordPress v\u1edbi Theme Flatsome v\u00e0 UX Builder<br \/>\n   <\/strong><br \/>\n   : Ch\u00fang t\u00f4i s\u1eed d\u1ee5ng m\u00e3 ngu\u1ed3n WordPress m\u1ea1nh m\u1ebd, k\u1ebft h\u1ee3p v\u1edbi theme Flatsome v\u00e0 UX Builder, gi\u00fap b\u1ea1n d\u1ec5 d\u00e0ng t\u00f9y bi\u1ebfn website theo nhu c\u1ea7u ri\u00eang c\u1ee7a doanh nghi\u1ec7p m\u00e0 kh\u00f4ng c\u1ea7n nhi\u1ec1u ki\u1ebfn th\u1ee9c v\u1ec1 l\u1eadp tr\u00ecnh.\n  <\/p>\n<\/li>\n<li>\n<p>\n   <strong><br \/>\n    T\u1ed1c \u0111\u1ed9 t\u1ea3i trang nhanh<br \/>\n   <\/strong><br \/>\n   : V\u1edbi c\u00e1c ti\u00eau chu\u1ea9n t\u1ed1i \u01b0u h\u00f3a t\u1ed1c \u0111\u1ed9, website c\u1ee7a b\u1ea1n s\u1ebd t\u1ea3i nhanh ch\u00f3ng, mang l\u1ea1i tr\u1ea3i nghi\u1ec7m m\u01b0\u1ee3t m\u00e0 cho ng\u01b0\u1eddi d\u00f9ng v\u00e0 n\u00e2ng cao th\u1ee9 h\u1ea1ng SEO.\n  <\/p>\n<\/li>\n<\/ul>\n<p>\n N\u1ebfu b\u1ea1n \u0111ang t\u00ecm ki\u1ebfm m\u1ed9t \u0111\u01a1n v\u1ecb thi\u1ebft k\u1ebf website uy t\u00edn v\u1edbi nhi\u1ec1u n\u0103m kinh nghi\u1ec7m, h\u00e3y \u0111\u1ec3 LADIGI (LADIGI Agency) \u0111\u1ed3ng h\u00e0nh c\u00f9ng b\u1ea1n trong vi\u1ec7c t\u1ea1o ra m\u1ed9t website \u1ea5n t\u01b0\u1ee3ng cho d\u1ecbch v\u1ee5 k\u1ebf to\u00e1n c\u1ee7a b\u1ea1n.\n<\/p>\n<p>\n T\u00ecm hi\u1ec3u th\u00eam v\u1ec1 ch\u00fang t\u00f4i qua li\u00ean k\u1ebft sau:<br \/>\n <a href=\"https:\/\/ladigi.vn\/thiet-ke-website\/\"><br \/>\n  C\u00f4ng ty thi\u1ebft k\u1ebf web chu\u1ea9n SEO<br \/>\n <\/a><\/p>\n","protected":false},"excerpt":{"rendered":"<p>D\u1ecbch v\u1ee5 thi\u1ebft k\u1ebf website D\u1ecbch V\u1ee5 K\u1ebf To\u00e1n mang \u0111\u1ebfn giao di\u1ec7n \u0111\u1eb9p, chuy\u00ean nghi\u1ec7p v\u00e0 d\u1ec5 s\u1eed d\u1ee5ng. \u0110\u01b0\u1ee3c ph\u00e1t tri\u1ec3n tr\u00ean m\u00e3 ngu\u1ed3n Wordpress v\u1edbi theme Flatsome v\u00e0 UX Builder d\u1ec5 d\u00e0ng t\u00f9y bi\u1ebfn, website t\u01b0\u01a1ng th\u00edch m\u1ecdi thi\u1ebft b\u1ecb v\u00e0 c\u00f3 t\u1ed1c \u0111\u1ed9 t\u1ea3i trang nhanh ch\u00f3ng.<\/p>\n","protected":false},"featured_media":4324,"comment_status":"open","ping_status":"closed","template":"","meta":[],"product_cat":[16,42],"product_tag":[24],"class_list":{"0":"post-4322","1":"product","2":"type-product","3":"status-publish","4":"has-post-thumbnail","6":"product_cat-tat-ca","7":"product_cat-dich-vu","8":"product_tag-cong-ty","10":"first","11":"instock","12":"shipping-taxable","13":"purchasable","14":"product-type-simple"},"_links":{"self":[{"href":"https:\/\/ladigi.vn\/thiet-ke-website\/wp-json\/wp\/v2\/product\/4322","targetHints":{"allow":["GET"]}}],"collection":[{"href":"https:\/\/ladigi.vn\/thiet-ke-website\/wp-json\/wp\/v2\/product"}],"about":[{"href":"https:\/\/ladigi.vn\/thiet-ke-website\/wp-json\/wp\/v2\/types\/product"}],"replies":[{"embeddable":true,"href":"https:\/\/ladigi.vn\/thiet-ke-website\/wp-json\/wp\/v2\/comments?post=4322"}],"wp:featuredmedia":[{"embeddable":true,"href":"https:\/\/ladigi.vn\/thiet-ke-website\/wp-json\/wp\/v2\/media\/4324"}],"wp:attachment":[{"href":"https:\/\/ladigi.vn\/thiet-ke-website\/wp-json\/wp\/v2\/media?parent=4322"}],"wp:term":[{"taxonomy":"product_cat","embeddable":true,"href":"https:\/\/ladigi.vn\/thiet-ke-website\/wp-json\/wp\/v2\/product_cat?post=4322"},{"taxonomy":"product_tag","embeddable":true,"href":"https:\/\/ladigi.vn\/thiet-ke-website\/wp-json\/wp\/v2\/product_tag?post=4322"}],"curies":[{"name":"wp","href":"https:\/\/api.w.org\/{rel}","templated":true}]}}