{"id":4331,"date":"2021-05-11T09:56:50","date_gmt":"2021-05-11T02:56:50","guid":{"rendered":"https:\/\/ladigi.vn\/thiet-ke-website\/?post_type=product&#038;p=4331"},"modified":"2025-01-11T00:14:07","modified_gmt":"2025-01-10T17:14:07","slug":"thiet-ke-website-shop-phong-thuy-mau-so-3","status":"publish","type":"product","link":"https:\/\/ladigi.vn\/thiet-ke-website\/mau-web\/thiet-ke-website-shop-phong-thuy-mau-so-3\/","title":{"rendered":"Shop \u0110\u00e1 Qu\u00fd Phong Th\u1ee7y"},"content":{"rendered":"<h2>\n D\u1ecbch v\u1ee5 Thi\u1ebft k\u1ebf website Shop \u0110\u00e1 Qu\u00fd Phong Th\u1ee7y<br \/>\n<\/h2>\n<p>\n Ch\u00e0o m\u1eebng b\u1ea1n \u0111\u1ebfn v\u1edbi d\u1ecbch v\u1ee5 Thi\u1ebft k\u1ebf website Shop \u0110\u00e1 Qu\u00fd Phong Th\u1ee7y! Ch\u00fang t\u00f4i t\u1ef1 h\u00e0o mang \u0111\u1ebfn cho b\u1ea1n m\u1ed9t gi\u1ea3i ph\u00e1p ho\u00e0n h\u1ea3o \u0111\u1ec3 kinh doanh \u0111\u00e1 qu\u00fd phong th\u1ee7y tr\u1ef1c tuy\u1ebfn.\n<\/p>\n<h3>\n Giao di\u1ec7n \u0110\u1eb9p, Chuy\u00ean Nghi\u1ec7p v\u00e0 D\u1ec5 S\u1eed D\u1ee5ng<br \/>\n<\/h3>\n<p>\n Website c\u1ee7a b\u1ea1n s\u1ebd \u0111\u01b0\u1ee3c thi\u1ebft k\u1ebf v\u1edbi giao di\u1ec7n h\u1ea5p d\u1eabn, ph\u00f9 h\u1ee3p v\u1edbi ng\u00e0nh h\u00e0ng \u0111\u00e1 qu\u00fd phong th\u1ee7y. Ch\u00fang t\u00f4i \u0111\u1ea3m b\u1ea3o giao di\u1ec7n kh\u00f4ng ch\u1ec9 \u0111\u1eb9p m\u1eaft m\u00e0 c\u00f2n tr\u1ef1c quan, gi\u00fap ng\u01b0\u1eddi d\u00f9ng d\u1ec5 d\u00e0ng t\u00ecm ki\u1ebfm v\u00e0 \u0111\u1eb7t h\u00e0ng s\u1ea3n ph\u1ea9m.\n<\/p>\n<h3>\n T\u01b0\u01a1ng Th\u00edch Tr\u00ean M\u1ecdi Thi\u1ebft B\u1ecb<br \/>\n<\/h3>\n<p>\n V\u1edbi xu h\u01b0\u1edbng mua s\u1eafm tr\u1ef1c tuy\u1ebfn ng\u00e0y c\u00e0ng t\u0103ng, vi\u1ec7c c\u00f3 m\u1ed9t website t\u01b0\u01a1ng th\u00edch tr\u00ean m\u1ecdi thi\u1ebft b\u1ecb l\u00e0 r\u1ea5t quan tr\u1ecdng. Ch\u00fang t\u00f4i s\u1ebd t\u1ed1i \u01b0u h\u00f3a thi\u1ebft k\u1ebf c\u1ee7a b\u1ea1n \u0111\u1ec3 c\u00f3 th\u1ec3 hi\u1ec3n th\u1ecb ho\u00e0n h\u1ea3o tr\u00ean c\u1ea3 m\u00e1y t\u00ednh \u0111\u1ec3 b\u00e0n, laptop, tablet v\u00e0 \u0111i\u1ec7n tho\u1ea1i di \u0111\u1ed9ng.\n<\/p>\n<h3>\n M\u00e3 Ngu\u1ed3n WordPress D\u1ec5 T\u00f9y Bi\u1ebfn<br \/>\n<\/h3>\n<p>\n Ch\u00fang t\u00f4i s\u1eed d\u1ee5ng m\u00e3 ngu\u1ed3n WordPress m\u1ea1nh m\u1ebd v\u1edbi Theme Flatsome v\u00e0 UX Builder, cho ph\u00e9p b\u1ea1n d\u1ec5 d\u00e0ng t\u00f9y bi\u1ebfn n\u1ed9i dung, b\u1ed1 c\u1ee5c v\u00e0 h\u00ecnh \u1ea3nh theo \u00fd mu\u1ed1n m\u00e0 kh\u00f4ng c\u1ea7n c\u00f3 ki\u1ebfn th\u1ee9c l\u1eadp tr\u00ecnh ph\u1ee9c t\u1ea1p.\n<\/p>\n<h3>\n T\u1ed1c \u0110\u1ed9 T\u1ea3i Trang Nhanh<br \/>\n<\/h3>\n<p>\n M\u1ed9t website t\u1ea3i nhanh s\u1ebd n\u00e2ng cao tr\u1ea3i nghi\u1ec7m ng\u01b0\u1eddi d\u00f9ng v\u00e0 c\u1ea3i thi\u1ec7n v\u1ecb tr\u00ed SEO. Ch\u00fang t\u00f4i cam k\u1ebft t\u1ed1i \u01b0u t\u1ed1c \u0111\u1ed9 t\u1ea3i trang \u0111\u1ec3 kh\u00e1ch h\u00e0ng c\u00f3 th\u1ec3 truy c\u1eadp v\u00e0o c\u1eeda h\u00e0ng tr\u1ef1c tuy\u1ebfn c\u1ee7a b\u1ea1n m\u01b0\u1ee3t m\u00e0 nh\u1ea5t.\n<\/p>\n<hr\/>\n<p>\n N\u1ebfu b\u1ea1n \u0111ang t\u00ecm ki\u1ebfm d\u1ecbch v\u1ee5 thi\u1ebft k\u1ebf website chuy\u00ean nghi\u1ec7p v\u1edbi gi\u00e1 c\u1ea3 h\u1ee3p l\u00fd, h\u00e3y li\u00ean h\u1ec7 v\u1edbi<br \/>\n <strong><br \/>\n  LADIGI Agency<br \/>\n <\/strong><br \/>\n . Ch\u00fang t\u00f4i t\u1ef1 h\u00e0o mang \u0111\u1ebfn cho b\u1ea1n d\u1ecbch v\u1ee5<br \/>\n <strong><br \/>\n  <a href=\"https:\/\/ladigi.vn\/thiet-ke-website\/\"><br \/>\n   thi\u1ebft k\u1ebf website tr\u1ecdn g\u00f3i<br \/>\n  <\/a><br \/>\n <\/strong><br \/>\n , gi\u00fap b\u1ea1n ph\u00e1t tri\u1ec3n kinh doanh \u0111\u00e1 qu\u00fd phong th\u1ee7y m\u1ed9t c\u00e1ch hi\u1ec7u qu\u1ea3 nh\u1ea5t!<\/p>\n","protected":false},"excerpt":{"rendered":"<p>D\u1ecbch v\u1ee5 Thi\u1ebft k\u1ebf website Shop \u0110\u00e1 Qu\u00fd Phong Th\u1ee7y cung c\u1ea5p giao di\u1ec7n \u0111\u1eb9p, chuy\u00ean nghi\u1ec7p v\u00e0 d\u1ec5 s\u1eed d\u1ee5ng. Website t\u01b0\u01a1ng th\u00edch m\u1ecdi thi\u1ebft b\u1ecb, s\u1eed d\u1ee5ng m\u00e3 ngu\u1ed3n Wordpress v\u1edbi Theme Flatsome v\u00e0 UX Builder d\u1ec5 t\u00f9y bi\u1ebfn. \u0110\u1eb7c bi\u1ec7t, t\u1ed1c \u0111\u1ed9 t\u1ea3i trang nhanh, mang l\u1ea1i tr\u1ea3i nghi\u1ec7m t\u1ed1t nh\u1ea5t cho kh\u00e1ch h\u00e0ng.<\/p>\n","protected":false},"featured_media":4334,"comment_status":"open","ping_status":"closed","template":"","meta":[],"product_cat":[16,39],"product_tag":[23],"class_list":{"0":"post-4331","1":"product","2":"type-product","3":"status-publish","4":"has-post-thumbnail","6":"product_cat-tat-ca","7":"product_cat-phong-thuy","8":"product_tag-ban-hang","10":"first","11":"instock","12":"shipping-taxable","13":"purchasable","14":"product-type-simple"},"_links":{"self":[{"href":"https:\/\/ladigi.vn\/thiet-ke-website\/wp-json\/wp\/v2\/product\/4331","targetHints":{"allow":["GET"]}}],"collection":[{"href":"https:\/\/ladigi.vn\/thiet-ke-website\/wp-json\/wp\/v2\/product"}],"about":[{"href":"https:\/\/ladigi.vn\/thiet-ke-website\/wp-json\/wp\/v2\/types\/product"}],"replies":[{"embeddable":true,"href":"https:\/\/ladigi.vn\/thiet-ke-website\/wp-json\/wp\/v2\/comments?post=4331"}],"wp:featuredmedia":[{"embeddable":true,"href":"https:\/\/ladigi.vn\/thiet-ke-website\/wp-json\/wp\/v2\/media\/4334"}],"wp:attachment":[{"href":"https:\/\/ladigi.vn\/thiet-ke-website\/wp-json\/wp\/v2\/media?parent=4331"}],"wp:term":[{"taxonomy":"product_cat","embeddable":true,"href":"https:\/\/ladigi.vn\/thiet-ke-website\/wp-json\/wp\/v2\/product_cat?post=4331"},{"taxonomy":"product_tag","embeddable":true,"href":"https:\/\/ladigi.vn\/thiet-ke-website\/wp-json\/wp\/v2\/product_tag?post=4331"}],"curies":[{"name":"wp","href":"https:\/\/api.w.org\/{rel}","templated":true}]}}