{"id":4340,"date":"2021-05-11T10:00:10","date_gmt":"2021-05-11T03:00:10","guid":{"rendered":"https:\/\/ladigi.vn\/thiet-ke-website\/?post_type=product&#038;p=4340"},"modified":"2025-01-11T00:17:47","modified_gmt":"2025-01-10T17:17:47","slug":"thiet-ke-web-ban-rem-cua-giay-dan-tuong","status":"publish","type":"product","link":"https:\/\/ladigi.vn\/thiet-ke-website\/mau-web\/thiet-ke-web-ban-rem-cua-giay-dan-tuong\/","title":{"rendered":"B\u00e1n R\u00e8m C\u1eeda, Gi\u1ea5y D\u00e1n T\u01b0\u1eddng"},"content":{"rendered":"<h1>\n D\u1ecbch v\u1ee5 Thi\u1ebft k\u1ebf website B\u00e1n R\u00e8m C\u1eeda, Gi\u1ea5y D\u00e1n T\u01b0\u1eddng<br \/>\n<\/h1>\n<p>\n Ch\u00e0o m\u1eebng b\u1ea1n \u0111\u1ebfn v\u1edbi d\u1ecbch v\u1ee5 thi\u1ebft k\u1ebf website chuy\u00ean bi\u1ec7t cho ng\u00e0nh b\u00e1n r\u00e8m c\u1eeda v\u00e0 gi\u1ea5y d\u00e1n t\u01b0\u1eddng! V\u1edbi nh\u1eefng ti\u00eau ch\u00ed thi\u1ebft k\u1ebf hi\u1ec7n \u0111\u1ea1i v\u00e0 chuy\u00ean nghi\u1ec7p, ch\u00fang t\u00f4i cam k\u1ebft mang \u0111\u1ebfn cho b\u1ea1n m\u1ed9t giao di\u1ec7n website \u0111\u1eb9p, d\u1ec5 s\u1eed d\u1ee5ng v\u00e0 thu h\u00fat kh\u00e1ch h\u00e0ng.\n<\/p>\n<h2>\n Giao di\u1ec7n web \u0111\u1eb9p, chuy\u00ean nghi\u1ec7p<br \/>\n<\/h2>\n<p>\n Ch\u00fang t\u00f4i hi\u1ec3u r\u1eb1ng giao di\u1ec7n \u1ea5n t\u01b0\u1ee3ng l\u00e0 y\u1ebfu t\u1ed1 then ch\u1ed1t \u0111\u1ec3 thu h\u00fat kh\u00e1ch h\u00e0ng. C\u00e1c website \u0111\u01b0\u1ee3c thi\u1ebft k\u1ebf v\u1edbi giao di\u1ec7n s\u1eafc n\u00e9t, m\u00e0u s\u1eafc h\u00e0i h\u00f2a v\u00e0 b\u1ed1 c\u1ee5c h\u1ee3p l\u00fd, gi\u00fap ng\u01b0\u1eddi d\u00f9ng d\u1ec5 d\u00e0ng t\u00ecm ki\u1ebfm th\u00f4ng tin v\u00e0 s\u1ea3n ph\u1ea9m.\n<\/p>\n<h2>\n T\u01b0\u01a1ng th\u00edch tr\u00ean m\u1ecdi thi\u1ebft b\u1ecb<br \/>\n<\/h2>\n<p>\n Nh\u1eb1m \u0111\u00e1p \u1ee9ng nhu c\u1ea7u ng\u00e0y c\u00e0ng cao c\u1ee7a ng\u01b0\u1eddi ti\u00eau d\u00f9ng, website c\u1ee7a b\u1ea1n s\u1ebd t\u01b0\u01a1ng th\u00edch ho\u00e0n h\u1ea3o tr\u00ean m\u1ecdi thi\u1ebft b\u1ecb, t\u1eeb m\u00e1y t\u00ednh \u0111\u1ec3 b\u00e0n cho \u0111\u1ebfn \u0111i\u1ec7n tho\u1ea1i di \u0111\u1ed9ng. Nh\u1edd \u0111\u00f3, kh\u00e1ch h\u00e0ng c\u00f3 th\u1ec3 truy c\u1eadp v\u00e0 mua s\u1eafm m\u1ecdi l\u00fac, m\u1ecdi n\u01a1i m\u00e0 kh\u00f4ng g\u1eb7p b\u1ea5t k\u1ef3 tr\u1edf ng\u1ea1i n\u00e0o.\n<\/p>\n<h2>\n M\u00e3 ngu\u1ed3n WordPress v\u1edbi Theme Flatsome v\u00e0 UX Builder<br \/>\n<\/h2>\n<p>\n Ch\u00fang t\u00f4i s\u1eed d\u1ee5ng m\u00e3 ngu\u1ed3n WordPress ho\u00e0n ch\u1ec9nh v\u1edbi Theme Flatsome v\u00e0 UX Builder, gi\u00fap b\u1ea1n d\u1ec5 d\u00e0ng t\u00f9y ch\u1ec9nh v\u00e0 c\u1eadp nh\u1eadt n\u1ed9i dung website m\u1ed9t c\u00e1ch nhanh ch\u00f3ng v\u00e0 thu\u1eadn ti\u1ec7n. B\u1ea1n s\u1ebd kh\u00f4ng c\u1ea7n ph\u1ea3i l\u00e0 m\u1ed9t l\u1eadp tr\u00ecnh vi\u00ean v\u1eabn c\u00f3 th\u1ec3 t\u1ef1 t\u1ea1o ra nh\u1eefng thay \u0111\u1ed5i ph\u00f9 h\u1ee3p v\u1edbi nhu c\u1ea7u c\u1ee7a m\u00ecnh.\n<\/p>\n<h2>\n T\u1ed1c \u0111\u1ed9 t\u1ea3i trang nhanh<br \/>\n<\/h2>\n<p>\n M\u1ed9t website nhanh ch\u00f3ng v\u00e0 m\u01b0\u1ee3t m\u00e0 s\u1ebd t\u1ea1o tr\u1ea3i nghi\u1ec7m t\u1ed1t nh\u1ea5t cho ng\u01b0\u1eddi d\u00f9ng. V\u1edbi s\u1ef1 t\u1ed1i \u01b0u v\u1ec1 t\u1ed1c \u0111\u1ed9 t\u1ea3i trang, ch\u00fang t\u00f4i \u0111\u1ea3m b\u1ea3o r\u1eb1ng kh\u00e1ch h\u00e0ng c\u1ee7a b\u1ea1n s\u1ebd kh\u00f4ng ph\u1ea3i ch\u1edd \u0111\u1ee3i l\u00e2u v\u00e0 ti\u1ebfp t\u1ee5c g\u1eafn b\u00f3 v\u1edbi trang web c\u1ee7a b\u1ea1n.\n<\/p>\n<hr\/>\n<p>\n \u0110\u1ec3 hi\u1ec7n th\u1ef1c h\u00f3a gi\u1ea5c m\u01a1 s\u1edf h\u1eefu m\u1ed9t website b\u00e1n r\u00e8m c\u1eeda v\u00e0 gi\u1ea5y d\u00e1n t\u01b0\u1eddng chuy\u00ean nghi\u1ec7p, h\u00e3y \u0111\u1ebfn v\u1edbi d\u1ecbch v\u1ee5 thi\u1ebft k\u1ebf website c\u1ee7a ch\u00fang t\u00f4i t\u1ea1i<br \/>\n <a href=\"https:\/\/ladigi.vn\/thiet-ke-website\/\"><br \/>\n  D\u1ecbch v\u1ee5 Thi\u1ebft k\u1ebf giao di\u1ec7n website tr\u1ecdn g\u00f3i<br \/>\n <\/a><br \/>\n . Ch\u00fang t\u00f4i l\u00e0 \u0111\u01a1n v\u1ecb thi\u1ebft k\u1ebf website LADIGI (LADIGI Agency) &#8211; n\u01a1i bi\u1ebfn \u00fd t\u01b0\u1edfng c\u1ee7a b\u1ea1n th\u00e0nh hi\u1ec7n th\u1ef1c!<\/p>\n","protected":false},"excerpt":{"rendered":"<p>D\u1ecbch v\u1ee5 thi\u1ebft k\u1ebf website b\u00e1n r\u00e8m c\u1eeda v\u00e0 gi\u1ea5y d\u00e1n t\u01b0\u1eddng chuy\u00ean nghi\u1ec7p, mang giao di\u1ec7n \u0111\u1eb9p, d\u1ec5 s\u1eed d\u1ee5ng v\u00e0 t\u01b0\u01a1ng th\u00edch m\u1ecdi thi\u1ebft b\u1ecb. S\u1eed d\u1ee5ng m\u00e3 ngu\u1ed3n Wordpress v\u1edbi Theme Flatsome v\u00e0 UX Builder, gi\u00fap b\u1ea1n t\u00f9y bi\u1ebfn linh ho\u1ea1t. T\u1ed1c \u0111\u1ed9 t\u1ea3i trang nhanh ch\u00f3ng \u0111\u1ea3m b\u1ea3o tr\u1ea3i nghi\u1ec7m t\u1ed1t nh\u1ea5t.<\/p>\n","protected":false},"featured_media":4342,"comment_status":"open","ping_status":"closed","template":"","meta":[],"product_cat":[16,30],"product_tag":[23],"class_list":{"0":"post-4340","1":"product","2":"type-product","3":"status-publish","4":"has-post-thumbnail","6":"product_cat-tat-ca","7":"product_cat-noi-that","8":"product_tag-ban-hang","10":"first","11":"instock","12":"shipping-taxable","13":"purchasable","14":"product-type-simple"},"_links":{"self":[{"href":"https:\/\/ladigi.vn\/thiet-ke-website\/wp-json\/wp\/v2\/product\/4340","targetHints":{"allow":["GET"]}}],"collection":[{"href":"https:\/\/ladigi.vn\/thiet-ke-website\/wp-json\/wp\/v2\/product"}],"about":[{"href":"https:\/\/ladigi.vn\/thiet-ke-website\/wp-json\/wp\/v2\/types\/product"}],"replies":[{"embeddable":true,"href":"https:\/\/ladigi.vn\/thiet-ke-website\/wp-json\/wp\/v2\/comments?post=4340"}],"wp:featuredmedia":[{"embeddable":true,"href":"https:\/\/ladigi.vn\/thiet-ke-website\/wp-json\/wp\/v2\/media\/4342"}],"wp:attachment":[{"href":"https:\/\/ladigi.vn\/thiet-ke-website\/wp-json\/wp\/v2\/media?parent=4340"}],"wp:term":[{"taxonomy":"product_cat","embeddable":true,"href":"https:\/\/ladigi.vn\/thiet-ke-website\/wp-json\/wp\/v2\/product_cat?post=4340"},{"taxonomy":"product_tag","embeddable":true,"href":"https:\/\/ladigi.vn\/thiet-ke-website\/wp-json\/wp\/v2\/product_tag?post=4340"}],"curies":[{"name":"wp","href":"https:\/\/api.w.org\/{rel}","templated":true}]}}