{"id":4349,"date":"2021-05-11T10:05:26","date_gmt":"2021-05-11T03:05:26","guid":{"rendered":"https:\/\/ladigi.vn\/thiet-ke-website\/?post_type=product&#038;p=4349"},"modified":"2025-01-11T00:22:16","modified_gmt":"2025-01-10T17:22:16","slug":"thiet-ke-website-gioi-thieu-phong-kham-nha-khoa-nha-sy","status":"publish","type":"product","link":"https:\/\/ladigi.vn\/thiet-ke-website\/mau-web\/thiet-ke-website-gioi-thieu-phong-kham-nha-khoa-nha-sy\/","title":{"rendered":"Ph\u00f2ng Kh\u00e1m Nha Khoa, Nha S\u1ef9"},"content":{"rendered":"<h1>\n D\u1ecbch V\u1ee5 Thi\u1ebft K\u1ebf Website Ph\u00f2ng Kh\u00e1m Nha Khoa, Nha S\u1ef9<br \/>\n<\/h1>\n<p>\n Trong th\u1eddi \u0111\u1ea1i c\u00f4ng ngh\u1ec7 4.0, vi\u1ec7c x\u00e2y d\u1ef1ng m\u1ed9t website chuy\u00ean nghi\u1ec7p cho ph\u00f2ng kh\u00e1m nha khoa, nha s\u0129 l\u00e0 \u0111i\u1ec1u v\u00f4 c\u00f9ng c\u1ea7n thi\u1ebft. M\u1ed9t website kh\u00f4ng ch\u1ec9 gi\u00fap b\u1ea1n gi\u1edbi thi\u1ec7u d\u1ecbch v\u1ee5 m\u00e0 c\u00f2n t\u1ea1o \u1ea5n t\u01b0\u1ee3ng m\u1ea1nh m\u1ebd v\u1edbi kh\u00e1ch h\u00e0ng. Ch\u00fang t\u00f4i t\u1ef1 h\u00e0o mang \u0111\u1ebfn d\u1ecbch v\u1ee5<br \/>\n <strong><br \/>\n  Thi\u1ebft k\u1ebf website Ph\u00f2ng Kh\u00e1m Nha Khoa<br \/>\n <\/strong><br \/>\n ch\u1ea5t l\u01b0\u1ee3ng h\u00e0ng \u0111\u1ea7u v\u1edbi c\u00e1c \u0111\u1eb7c \u0111i\u1ec3m n\u1ed5i b\u1eadt sau:\n<\/p>\n<h2>\n Giao Di\u1ec7n \u0110\u1eb9p, Chuy\u00ean Nghi\u1ec7p, D\u1ec5 S\u1eed D\u1ee5ng<br \/>\n<\/h2>\n<p>\n Website c\u1ee7a b\u1ea1n s\u1ebd \u0111\u01b0\u1ee3c thi\u1ebft k\u1ebf v\u1edbi giao di\u1ec7n hi\u1ec7n \u0111\u1ea1i, \u0111\u1eb9p m\u1eaft v\u00e0 chuy\u00ean nghi\u1ec7p. Ch\u00fang t\u00f4i ch\u00fa tr\u1ecdng \u0111\u1ebfn tr\u1ea3i nghi\u1ec7m ng\u01b0\u1eddi d\u00f9ng, gi\u00fap kh\u00e1ch h\u00e0ng d\u1ec5 d\u00e0ng t\u00ecm th\u1ea5y th\u00f4ng tin c\u1ea7n thi\u1ebft m\u00e0 kh\u00f4ng g\u1eb7p kh\u00f3 kh\u0103n.\n<\/p>\n<h2>\n T\u01b0\u01a1ng Th\u00edch Tr\u00ean M\u1ecdi Thi\u1ebft B\u1ecb<br \/>\n<\/h2>\n<p>\n Ch\u00fang t\u00f4i \u0111\u1ea3m b\u1ea3o r\u1eb1ng website s\u1ebd ho\u1ea1t \u0111\u1ed9ng t\u1ed1t tr\u00ean m\u1ecdi thi\u1ebft b\u1ecb, t\u1eeb m\u00e1y t\u00ednh \u0111\u1ec3 b\u00e0n \u0111\u1ebfn smartphone. \u0110i\u1ec1u n\u00e0y gi\u00fap t\u0103ng kh\u1ea3 n\u0103ng ti\u1ebfp c\u1eadn kh\u00e1ch h\u00e0ng, kh\u00f4ng gi\u1edbi h\u1ea1n b\u1edfi thi\u1ebft b\u1ecb h\u1ecd \u0111ang s\u1eed d\u1ee5ng.\n<\/p>\n<h2>\n M\u00e3 Ngu\u1ed3n WordPress V\u1edbi Theme Flatsome<br \/>\n<\/h2>\n<p>\n Website \u0111\u01b0\u1ee3c x\u00e2y d\u1ef1ng tr\u00ean n\u1ec1n t\u1ea3ng WordPress, s\u1eed d\u1ee5ng theme Flatsome v\u00e0 UX Builder, gi\u00fap b\u1ea1n d\u1ec5 d\u00e0ng t\u00f9y bi\u1ebfn theo \u00fd mu\u1ed1n c\u1ee7a m\u00ecnh m\u00e0 kh\u00f4ng c\u1ea7n c\u00f3 ki\u1ebfn th\u1ee9c l\u1eadp tr\u00ecnh ph\u1ee9c t\u1ea1p. B\u1ea1n ho\u00e0n to\u00e0n c\u00f3 th\u1ec3 c\u1eadp nh\u1eadt n\u1ed9i dung, thay \u0111\u1ed5i giao di\u1ec7n m\u1ed9t c\u00e1ch nhanh ch\u00f3ng v\u00e0 \u0111\u01a1n gi\u1ea3n.\n<\/p>\n<h2>\n T\u1ed1c \u0110\u1ed9 T\u1ea3i Trang Nhanh<br \/>\n<\/h2>\n<p>\n Ch\u00fang t\u00f4i cam k\u1ebft c\u1ea3i thi\u1ec7n t\u1ed1c \u0111\u1ed9 t\u1ea3i trang c\u1ee7a website, gi\u00fap t\u0103ng tr\u1ea3i nghi\u1ec7m ng\u01b0\u1eddi d\u00f9ng v\u00e0 t\u1ed1i \u01b0u h\u00f3a SEO. M\u1ed9t website t\u1ea3i nhanh kh\u00f4ng ch\u1ec9 gi\u00fap gi\u1eef ch\u00e2n kh\u00e1ch h\u00e0ng m\u00e0 c\u00f2n n\u00e2ng cao th\u1ee9 h\u1ea1ng t\u00ecm ki\u1ebfm tr\u00ean google.\n<\/p>\n<h3>\n Gi\u1edbi Thi\u1ec7u \u0110\u01a1n V\u1ecb Thi\u1ebft K\u1ebf Website LADIGI<br \/>\n<\/h3>\n<p>\n V\u1edbi \u0111\u1ed9i ng\u0169 thi\u1ebft k\u1ebf gi\u00e0u kinh nghi\u1ec7m v\u00e0 t\u1eadn t\u00e2m,<br \/>\n <strong><br \/>\n  LADIGI Agency<br \/>\n <\/strong><br \/>\n t\u1ef1 tin mang \u0111\u1ebfn cho b\u1ea1n m\u1ed9t website ph\u00f2ng kh\u00e1m nha khoa ho\u00e0n h\u1ea3o. \u0110\u1eebng ng\u1ea7n ng\u1ea1i li\u00ean h\u1ec7 v\u1edbi ch\u00fang t\u00f4i \u0111\u1ec3 \u0111\u01b0\u1ee3c t\u01b0 v\u1ea5n v\u00e0 h\u1ed7 tr\u1ee3.\n<\/p>\n<p>\n <a href=\"https:\/\/ladigi.vn\/thiet-ke-website\/\"><br \/>\n  Thi\u1ebft k\u1ebf website b\u00e1n h\u00e0ng tr\u1ecdn g\u00f3i<br \/>\n <\/a><\/p>\n","protected":false},"excerpt":{"rendered":"<p>D\u1ecbch v\u1ee5 thi\u1ebft k\u1ebf website cho ph\u00f2ng kh\u00e1m nha khoa \u0111\u1ea3m b\u1ea3o giao di\u1ec7n \u0111\u1eb9p, chuy\u00ean nghi\u1ec7p v\u00e0 d\u1ec5 s\u1eed d\u1ee5ng. Website ho\u00e0n to\u00e0n t\u01b0\u01a1ng th\u00edch v\u1edbi m\u1ecdi thi\u1ebft b\u1ecb, s\u1eed d\u1ee5ng m\u00e3 ngu\u1ed3n Wordpress v\u1edbi theme Flatsome v\u00e0 UX Builder d\u1ec5 t\u00f9y bi\u1ebfn. \u0110\u1eb7c bi\u1ec7t, t\u1ed1c \u0111\u1ed9 t\u1ea3i trang nhanh ch\u00f3ng, n\u00e2ng cao tr\u1ea3i nghi\u1ec7m ng\u01b0\u1eddi d\u00f9ng.<\/p>\n","protected":false},"featured_media":4352,"comment_status":"open","ping_status":"closed","template":"","meta":[],"product_cat":[16,26],"product_tag":[24],"class_list":{"0":"post-4349","1":"product","2":"type-product","3":"status-publish","4":"has-post-thumbnail","6":"product_cat-tat-ca","7":"product_cat-phong-kham","8":"product_tag-cong-ty","10":"first","11":"instock","12":"shipping-taxable","13":"purchasable","14":"product-type-simple"},"_links":{"self":[{"href":"https:\/\/ladigi.vn\/thiet-ke-website\/wp-json\/wp\/v2\/product\/4349","targetHints":{"allow":["GET"]}}],"collection":[{"href":"https:\/\/ladigi.vn\/thiet-ke-website\/wp-json\/wp\/v2\/product"}],"about":[{"href":"https:\/\/ladigi.vn\/thiet-ke-website\/wp-json\/wp\/v2\/types\/product"}],"replies":[{"embeddable":true,"href":"https:\/\/ladigi.vn\/thiet-ke-website\/wp-json\/wp\/v2\/comments?post=4349"}],"wp:featuredmedia":[{"embeddable":true,"href":"https:\/\/ladigi.vn\/thiet-ke-website\/wp-json\/wp\/v2\/media\/4352"}],"wp:attachment":[{"href":"https:\/\/ladigi.vn\/thiet-ke-website\/wp-json\/wp\/v2\/media?parent=4349"}],"wp:term":[{"taxonomy":"product_cat","embeddable":true,"href":"https:\/\/ladigi.vn\/thiet-ke-website\/wp-json\/wp\/v2\/product_cat?post=4349"},{"taxonomy":"product_tag","embeddable":true,"href":"https:\/\/ladigi.vn\/thiet-ke-website\/wp-json\/wp\/v2\/product_tag?post=4349"}],"curies":[{"name":"wp","href":"https:\/\/api.w.org\/{rel}","templated":true}]}}