{"id":4355,"date":"2021-05-11T10:07:46","date_gmt":"2021-05-11T03:07:46","guid":{"rendered":"https:\/\/ladigi.vn\/thiet-ke-website\/?post_type=product&#038;p=4355"},"modified":"2025-01-11T00:25:00","modified_gmt":"2025-01-10T17:25:00","slug":"thiet-ke-website-dien-may-ghe-massage-dung-cu-the-thao-so-6","status":"publish","type":"product","link":"https:\/\/ladigi.vn\/thiet-ke-website\/mau-web\/thiet-ke-website-dien-may-ghe-massage-dung-cu-the-thao-so-6\/","title":{"rendered":"\u0110i\u1ec7n M\u00e1y, Gh\u1ebf Massage, D\u1ee5ng C\u1ee5 Th\u1ec3 Thao"},"content":{"rendered":"<h1>\n D\u1ecbch v\u1ee5 Thi\u1ebft k\u1ebf website \u0110i\u1ec7n M\u00e1y, Gh\u1ebf Massage, D\u1ee5ng C\u1ee5 Th\u1ec3 Thao<br \/>\n<\/h1>\n<p>\n Trong k\u1ef7 nguy\u00ean s\u1ed1 hi\u1ec7n nay, vi\u1ec7c s\u1edf h\u1eefu m\u1ed9t website chuy\u00ean nghi\u1ec7p v\u00e0 \u0111\u1eb9p m\u1eaft l\u00e0 \u0111i\u1ec1u c\u1ea7n thi\u1ebft \u0111\u1ec3 m\u1ed7i doanh nghi\u1ec7p c\u00f3 th\u1ec3 ph\u00e1t tri\u1ec3n m\u1ea1nh m\u1ebd, \u0111\u1eb7c bi\u1ec7t l\u00e0 trong l\u0129nh v\u1ef1c \u0110i\u1ec7n M\u00e1y, Gh\u1ebf Massage v\u00e0 D\u1ee5ng C\u1ee5 Th\u1ec3 Thao. Ch\u00fang t\u00f4i cung c\u1ea5p d\u1ecbch v\u1ee5 thi\u1ebft k\u1ebf website uy t\u00edn, v\u1edbi nhi\u1ec1u \u01b0u \u0111i\u1ec3m n\u1ed5i b\u1eadt:\n<\/p>\n<h2>\n Giao di\u1ec7n \u0111\u1eb9p v\u00e0 chuy\u00ean nghi\u1ec7p<br \/>\n<\/h2>\n<p>\n Ch\u00fang t\u00f4i cam k\u1ebft mang \u0111\u1ebfn cho b\u1ea1n m\u1ed9t giao di\u1ec7n website \u0111\u01b0\u1ee3c thi\u1ebft k\u1ebf \u0111\u1eb9p m\u1eaft, chuy\u00ean nghi\u1ec7p v\u00e0 d\u1ec5 s\u1eed d\u1ee5ng. C\u00e1c y\u1ebfu t\u1ed1 thi\u1ebft k\u1ebf nh\u01b0 m\u00e0u s\u1eafc, h\u00ecnh \u1ea3nh v\u00e0 c\u1ea5u tr\u00fac b\u1ed1 c\u1ee5c \u0111\u1ec1u \u0111\u01b0\u1ee3c t\u1ed1i \u01b0u h\u00f3a \u0111\u1ec3 thu h\u00fat kh\u00e1ch h\u00e0ng v\u00e0 t\u1ea1o \u1ea5n t\u01b0\u1ee3ng t\u1ed1t ngay t\u1eeb c\u00e1i nh\u00ecn \u0111\u1ea7u ti\u00ean.\n<\/p>\n<h2>\n T\u01b0\u01a1ng th\u00edch tr\u00ean m\u1ecdi thi\u1ebft b\u1ecb<br \/>\n<\/h2>\n<p>\n Website m\u00e0 ch\u00fang t\u00f4i thi\u1ebft k\u1ebf ho\u00e0n to\u00e0n t\u01b0\u01a1ng th\u00edch v\u1edbi t\u1ea5t c\u1ea3 c\u00e1c thi\u1ebft b\u1ecb, t\u1eeb m\u00e1y t\u00ednh \u0111\u1ec3 b\u00e0n \u0111\u1ebfn smartphone v\u00e0 tablet. \u0110i\u1ec1u n\u00e0y \u0111\u1ea3m b\u1ea3o r\u1eb1ng kh\u00e1ch h\u00e0ng c\u1ee7a b\u1ea1n c\u00f3 th\u1ec3 truy c\u1eadp v\u00e0 tr\u1ea3i nghi\u1ec7m website m\u1ecdi l\u00fac, m\u1ecdi n\u01a1i m\u00e0 kh\u00f4ng g\u1eb7p ph\u1ea3i b\u1ea5t k\u1ef3 tr\u1edf ng\u1ea1i n\u00e0o.\n<\/p>\n<h2>\n M\u00e3 ngu\u1ed3n WordPress v\u1edbi Theme Flatsome v\u00e0 UX Builder<br \/>\n<\/h2>\n<p>\n Ch\u00fang t\u00f4i s\u1eed d\u1ee5ng m\u00e3 ngu\u1ed3n WordPress v\u1edbi Theme Flatsome v\u00e0 UX Builder, gi\u00fap b\u1ea1n d\u1ec5 d\u00e0ng t\u00f9y bi\u1ebfn v\u00e0 qu\u1ea3n l\u00fd n\u1ed9i dung website c\u1ee7a m\u00ecnh. B\u1ea1n c\u00f3 th\u1ec3 t\u1ef1 m\u00ecnh ch\u1ec9nh s\u1eeda, c\u1eadp nh\u1eadt th\u00f4ng tin ho\u1eb7c thay \u0111\u1ed5i giao di\u1ec7n m\u00e0 kh\u00f4ng c\u1ea7n ph\u1ea3i c\u00f3 ki\u1ebfn th\u1ee9c l\u1eadp tr\u00ecnh ph\u1ee9c t\u1ea1p.\n<\/p>\n<h2>\n T\u1ed1c \u0111\u1ed9 t\u1ea3i trang nhanh<br \/>\n<\/h2>\n<p>\n M\u1ed9t trong nh\u1eefng y\u1ebfu t\u1ed1 quan tr\u1ecdng quy\u1ebft \u0111\u1ecbnh tr\u1ea3i nghi\u1ec7m ng\u01b0\u1eddi d\u00f9ng l\u00e0 t\u1ed1c \u0111\u1ed9 t\u1ea3i trang. Ch\u00fang t\u00f4i t\u1ed1i \u01b0u h\u00f3a website \u0111\u1ec3 c\u00f3 t\u1ed1c \u0111\u1ed9 t\u1ea3i nhanh nh\u1ea5t, gi\u00fap b\u1ea1n gi\u1eef ch\u00e2n kh\u00e1ch h\u00e0ng l\u00e2u h\u01a1n v\u00e0 n\u00e2ng cao kh\u1ea3 n\u0103ng chuy\u1ec3n \u0111\u1ed5i.\n<\/p>\n<hr\/>\n<p>\n V\u1edbi nhi\u1ec1u n\u0103m kinh nghi\u1ec7m trong l\u0129nh v\u1ef1c thi\u1ebft k\u1ebf website, ch\u00fang t\u00f4i,<br \/>\n <strong><br \/>\n  LADIGI<br \/>\n <\/strong><br \/>\n , t\u1ef1 h\u00e0o l\u00e0 m\u1ed9t trong nh\u1eefng \u0111\u01a1n v\u1ecb h\u00e0ng \u0111\u1ea7u cung c\u1ea5p d\u1ecbch v\u1ee5 thi\u1ebft k\u1ebf website chuy\u00ean nghi\u1ec7p. H\u00e3y li\u00ean h\u1ec7 v\u1edbi ch\u00fang t\u00f4i \u0111\u1ec3 \u0111\u01b0\u1ee3c t\u01b0 v\u1ea5n v\u00e0 h\u1ed7 tr\u1ee3 t\u1ed1t nh\u1ea5t cho d\u1ef1 \u00e1n c\u1ee7a b\u1ea1n.\n<\/p>\n<p>\n <a href=\"https:\/\/ladigi.vn\/thiet-ke-website\/\"><br \/>\n  <strong><br \/>\n   C\u00f4ng ty cung c\u1ea5p d\u1ecbch v\u1ee5 thi\u1ebft k\u1ebf website<br \/>\n  <\/strong><br \/>\n <\/a><\/p>\n","protected":false},"excerpt":{"rendered":"<p>D\u1ecbch v\u1ee5 Thi\u1ebft k\u1ebf website cho ng\u00e0nh \u0110i\u1ec7n M\u00e1y, Gh\u1ebf Massage v\u00e0 D\u1ee5ng C\u1ee5 Th\u1ec3 Thao mang \u0111\u1ebfn giao di\u1ec7n \u0111\u1eb9p, chuy\u00ean nghi\u1ec7p v\u00e0 d\u1ec5 s\u1eed d\u1ee5ng. Website t\u01b0\u01a1ng th\u00edch tr\u00ean m\u1ecdi thi\u1ebft b\u1ecb, s\u1eed d\u1ee5ng m\u00e3 ngu\u1ed3n Wordpress v\u1edbi Theme Flatsome v\u00e0 UX Builder d\u1ec5 t\u00f9y bi\u1ebfn, c\u00f9ng t\u1ed1c \u0111\u1ed9 t\u1ea3i trang nhanh ch\u00f3ng.<\/p>\n","protected":false},"featured_media":4358,"comment_status":"open","ping_status":"closed","template":"","meta":[],"product_cat":[16,37],"product_tag":[23],"class_list":{"0":"post-4355","1":"product","2":"type-product","3":"status-publish","4":"has-post-thumbnail","6":"product_cat-tat-ca","7":"product_cat-dien-may","8":"product_tag-ban-hang","10":"first","11":"instock","12":"shipping-taxable","13":"purchasable","14":"product-type-simple"},"_links":{"self":[{"href":"https:\/\/ladigi.vn\/thiet-ke-website\/wp-json\/wp\/v2\/product\/4355","targetHints":{"allow":["GET"]}}],"collection":[{"href":"https:\/\/ladigi.vn\/thiet-ke-website\/wp-json\/wp\/v2\/product"}],"about":[{"href":"https:\/\/ladigi.vn\/thiet-ke-website\/wp-json\/wp\/v2\/types\/product"}],"replies":[{"embeddable":true,"href":"https:\/\/ladigi.vn\/thiet-ke-website\/wp-json\/wp\/v2\/comments?post=4355"}],"wp:featuredmedia":[{"embeddable":true,"href":"https:\/\/ladigi.vn\/thiet-ke-website\/wp-json\/wp\/v2\/media\/4358"}],"wp:attachment":[{"href":"https:\/\/ladigi.vn\/thiet-ke-website\/wp-json\/wp\/v2\/media?parent=4355"}],"wp:term":[{"taxonomy":"product_cat","embeddable":true,"href":"https:\/\/ladigi.vn\/thiet-ke-website\/wp-json\/wp\/v2\/product_cat?post=4355"},{"taxonomy":"product_tag","embeddable":true,"href":"https:\/\/ladigi.vn\/thiet-ke-website\/wp-json\/wp\/v2\/product_tag?post=4355"}],"curies":[{"name":"wp","href":"https:\/\/api.w.org\/{rel}","templated":true}]}}