{"id":4362,"date":"2021-05-11T10:10:52","date_gmt":"2021-05-11T03:10:52","guid":{"rendered":"https:\/\/ladigi.vn\/thiet-ke-website\/?post_type=product&#038;p=4362"},"modified":"2025-01-11T00:27:42","modified_gmt":"2025-01-10T17:27:42","slug":"thiet-ke-website-cho-cong-ty-truyen-thong-marketing-thuong-hieu","status":"publish","type":"product","link":"https:\/\/ladigi.vn\/thiet-ke-website\/mau-web\/thiet-ke-website-cho-cong-ty-truyen-thong-marketing-thuong-hieu\/","title":{"rendered":"D\u1ecbch V\u1ee5 Truy\u1ec1n Th\u00f4ng, Marketing"},"content":{"rendered":"<h1>\n D\u1ecbch V\u1ee5 Thi\u1ebft K\u1ebf Website &#8211; D\u1ecbch V\u1ee5 Truy\u1ec1n Th\u00f4ng v\u00e0 Marketing<br \/>\n<\/h1>\n<p>\n B\u1ea1n \u0111ang t\u00ecm ki\u1ebfm m\u1ed9t gi\u1ea3i ph\u00e1p thi\u1ebft k\u1ebf website chuy\u00ean nghi\u1ec7p, \u0111\u1eb9p m\u1eaft v\u00e0 d\u1ec5 d\u00e0ng s\u1eed d\u1ee5ng? Ch\u00fang t\u00f4i t\u1ef1 h\u00e0o gi\u1edbi thi\u1ec7u d\u1ecbch v\u1ee5 thi\u1ebft k\u1ebf website c\u1ee7a m\u00ecnh, t\u1eadp trung v\u00e0o vi\u1ec7c mang l\u1ea1i tr\u1ea3i nghi\u1ec7m t\u1ed1t nh\u1ea5t cho ng\u01b0\u1eddi d\u00f9ng.\n<\/p>\n<h2>\n Giao Di\u1ec7n \u0110\u1eb9p v\u00e0 Chuy\u00ean Nghi\u1ec7p<br \/>\n<\/h2>\n<p>\n Ch\u00fang t\u00f4i cam k\u1ebft mang \u0111\u1ebfn cho kh\u00e1ch h\u00e0ng nh\u1eefng giao di\u1ec7n website kh\u00f4ng ch\u1ec9 \u0111\u1eb9p m\u1eaft m\u00e0 c\u00f2n chuy\u00ean nghi\u1ec7p. H\u1ec7 th\u1ed1ng thi\u1ebft k\u1ebf c\u1ee7a ch\u00fang t\u00f4i \u0111\u1ea3m b\u1ea3o r\u1eb1ng website c\u1ee7a b\u1ea1n s\u1ebd thu h\u00fat ng\u01b0\u1eddi xem ngay t\u1eeb c\u00e1i nh\u00ecn \u0111\u1ea7u ti\u00ean.\n<\/p>\n<h2>\n T\u01b0\u01a1ng Th\u00edch Tr\u00ean M\u1ecdi Thi\u1ebft B\u1ecb<br \/>\n<\/h2>\n<p>\n Trong th\u1eddi \u0111\u1ea1i c\u00f4ng ngh\u1ec7 hi\u1ec7n nay, t\u00ednh t\u01b0\u01a1ng th\u00edch c\u1ee7a website tr\u00ean c\u00e1c thi\u1ebft b\u1ecb kh\u00e1c nhau l\u00e0 v\u00f4 c\u00f9ng quan tr\u1ecdng. D\u1ecbch v\u1ee5 c\u1ee7a ch\u00fang t\u00f4i \u0111\u1ea3m b\u1ea3o r\u1eb1ng website c\u1ee7a b\u1ea1n s\u1ebd ho\u1ea1t \u0111\u1ed9ng \u1ed5n \u0111\u1ecbnh v\u00e0 hi\u1ec3n th\u1ecb tuy\u1ec7t v\u1eddi tr\u00ean m\u1ecdi thi\u1ebft b\u1ecb, t\u1eeb m\u00e1y t\u00ednh \u0111\u1ec3 b\u00e0n \u0111\u1ebfn \u0111i\u1ec7n tho\u1ea1i di \u0111\u1ed9ng.\n<\/p>\n<h2>\n M\u00e3 Ngu\u1ed3n WordPress D\u1ec5 T\u00f9y Bi\u1ebfn<br \/>\n<\/h2>\n<p>\n Ch\u00fang t\u00f4i s\u1eed d\u1ee5ng m\u00e3 ngu\u1ed3n WordPress v\u1edbi Theme Flatsome v\u00e0 UX Builder, cho ph\u00e9p b\u1ea1n d\u1ec5 d\u00e0ng t\u00f9y bi\u1ebfn theo nhu c\u1ea7u c\u1ee7a m\u00ecnh. B\u1ea1n c\u00f3 th\u1ec3 th\u00eam, b\u1edbt ho\u1eb7c ch\u1ec9nh s\u1eeda c\u00e1c th\u00e0nh ph\u1ea7n tr\u00ean website m\u1ed9t c\u00e1ch \u0111\u01a1n gi\u1ea3n, gi\u00fap duy tr\u00ec n\u1ed9i dung lu\u00f4n m\u1edbi m\u1ebb v\u00e0 ph\u00f9 h\u1ee3p v\u1edbi xu h\u01b0\u1edbng.\n<\/p>\n<h2>\n T\u1ed1c \u0110\u1ed9 T\u1ea3i Trang Nhanh<br \/>\n<\/h2>\n<p>\n T\u1ed1c \u0111\u1ed9 t\u1ea3i trang l\u00e0 y\u1ebfu t\u1ed1 quan tr\u1ecdng \u1ea3nh h\u01b0\u1edfng \u0111\u1ebfn tr\u1ea3i nghi\u1ec7m ng\u01b0\u1eddi d\u00f9ng v\u00e0 SEO. V\u1edbi d\u1ecbch v\u1ee5 thi\u1ebft k\u1ebf c\u1ee7a ch\u00fang t\u00f4i, b\u1ea1n s\u1ebd \u0111\u01b0\u1ee3c \u0111\u1ea3m b\u1ea3o r\u1eb1ng website c\u1ee7a m\u00ecnh t\u1ea3i nhanh ch\u00f3ng, gi\u00fap gi\u1eef ch\u00e2n ng\u01b0\u1eddi truy c\u1eadp v\u00e0 n\u00e2ng cao th\u1ee9 h\u1ea1ng t\u00ecm ki\u1ebfm c\u1ee7a b\u1ea1n.\n<\/p>\n<p>\n B\u1ea1n \u0111ang t\u00ecm ki\u1ebfm m\u1ed9t \u0111\u01a1n v\u1ecb thi\u1ebft k\u1ebf website uy t\u00edn? H\u00e3y \u0111\u1ebfn v\u1edbi<br \/>\n <strong><br \/>\n  LADIGI Agency<br \/>\n <\/strong><br \/>\n . Ch\u00fang t\u00f4i lu\u00f4n s\u1eb5n s\u00e0ng \u0111\u1ed3ng h\u00e0nh c\u00f9ng b\u1ea1n trong h\u00e0nh tr\u00ecnh x\u00e2y d\u1ef1ng th\u01b0\u01a1ng hi\u1ec7u tr\u1ef1c tuy\u1ebfn v\u00e0 ph\u00e1t tri\u1ec3n kinh doanh b\u1ec1n v\u1eefng.\n<\/p>\n<p>\n H\u00e3y t\u00ecm hi\u1ec3u th\u00eam v\u1ec1 c\u00e1c d\u1ecbch v\u1ee5 c\u1ee7a ch\u00fang t\u00f4i t\u1ea1i:<br \/>\n <a href=\"https:\/\/ladigi.vn\/thiet-ke-website\/\"><br \/>\n  C\u00f4ng ty cung c\u1ea5p d\u1ecbch v\u1ee5 thi\u1ebft k\u1ebf website LADIGI<br \/>\n <\/a><\/p>\n","protected":false},"excerpt":{"rendered":"<p>D\u1ecbch v\u1ee5 Thi\u1ebft k\u1ebf website D\u1ecbch V\u1ee5 Truy\u1ec1n Th\u00f4ng, Marketing cung c\u1ea5p giao di\u1ec7n \u0111\u1eb9p, chuy\u00ean nghi\u1ec7p v\u00e0 d\u1ec5 s\u1eed d\u1ee5ng. Website t\u01b0\u01a1ng th\u00edch tr\u00ean m\u1ecdi thi\u1ebft b\u1ecb, s\u1eed d\u1ee5ng m\u00e3 ngu\u1ed3n Wordpress v\u1edbi Theme Flatsome v\u00e0 UX Builder d\u1ec5 t\u00f9y bi\u1ebfn, \u0111\u1ea3m b\u1ea3o t\u1ed1c \u0111\u1ed9 t\u1ea3i trang nhanh ch\u00f3ng, t\u1ed1i \u01b0u h\u00f3a tr\u1ea3i nghi\u1ec7m ng\u01b0\u1eddi d\u00f9ng.<\/p>\n","protected":false},"featured_media":4364,"comment_status":"open","ping_status":"closed","template":"","meta":[],"product_cat":[16,42,41],"product_tag":[24],"class_list":{"0":"post-4362","1":"product","2":"type-product","3":"status-publish","4":"has-post-thumbnail","6":"product_cat-tat-ca","7":"product_cat-dich-vu","8":"product_cat-marketing","9":"product_tag-cong-ty","11":"first","12":"instock","13":"shipping-taxable","14":"purchasable","15":"product-type-simple"},"_links":{"self":[{"href":"https:\/\/ladigi.vn\/thiet-ke-website\/wp-json\/wp\/v2\/product\/4362","targetHints":{"allow":["GET"]}}],"collection":[{"href":"https:\/\/ladigi.vn\/thiet-ke-website\/wp-json\/wp\/v2\/product"}],"about":[{"href":"https:\/\/ladigi.vn\/thiet-ke-website\/wp-json\/wp\/v2\/types\/product"}],"replies":[{"embeddable":true,"href":"https:\/\/ladigi.vn\/thiet-ke-website\/wp-json\/wp\/v2\/comments?post=4362"}],"wp:featuredmedia":[{"embeddable":true,"href":"https:\/\/ladigi.vn\/thiet-ke-website\/wp-json\/wp\/v2\/media\/4364"}],"wp:attachment":[{"href":"https:\/\/ladigi.vn\/thiet-ke-website\/wp-json\/wp\/v2\/media?parent=4362"}],"wp:term":[{"taxonomy":"product_cat","embeddable":true,"href":"https:\/\/ladigi.vn\/thiet-ke-website\/wp-json\/wp\/v2\/product_cat?post=4362"},{"taxonomy":"product_tag","embeddable":true,"href":"https:\/\/ladigi.vn\/thiet-ke-website\/wp-json\/wp\/v2\/product_tag?post=4362"}],"curies":[{"name":"wp","href":"https:\/\/api.w.org\/{rel}","templated":true}]}}